{"id":60454,"date":"2023-08-19T07:24:19","date_gmt":"2023-08-19T11:24:19","guid":{"rendered":"https:\/\/localhost:10096\/?page_id=60454"},"modified":"2023-08-19T08:16:16","modified_gmt":"2023-08-19T12:16:16","slug":"educational-materials","status":"publish","type":"page","link":"https:\/\/upstateinternational.org\/de\/educational-materials\/","title":{"rendered":"Lehrmaterialien"},"content":{"rendered":"<div data-elementor-type=\"wp-page\" data-elementor-id=\"60454\" class=\"elementor elementor-60454\" data-elementor-post-type=\"page\">\n\t\t\t\t<div class=\"elementor-element elementor-element-7ce3eec1 e-flex e-con-boxed e-con e-parent\" data-id=\"7ce3eec1\" data-element_type=\"container\" data-e-type=\"container\" data-settings=\"{&quot;background_background&quot;:&quot;classic&quot;}\">\n\t\t\t\t\t<div class=\"e-con-inner\">\n\t\t<div class=\"elementor-element elementor-element-6ecf38d1 e-con-full e-flex e-con e-parent\" data-id=\"6ecf38d1\" data-element_type=\"container\" data-e-type=\"container\">\n\t\t\t\t<div class=\"elementor-element elementor-element-20744d5b elementor-widget elementor-widget-heading\" data-id=\"20744d5b\" data-element_type=\"widget\" data-e-type=\"widget\" data-widget_type=\"heading.default\">\n\t\t\t\t<div class=\"elementor-widget-container\">\n\t\t\t\t\t<h2 class=\"elementor-heading-title elementor-size-default\">Erfahren Sie, wie Sie mehr lernen k\u00f6nnen<\/h2>\t\t\t\t<\/div>\n\t\t\t\t<\/div>\n\t\t\t\t<\/div>\n\t\t\t\t\t<\/div>\n\t\t\t\t<\/div>\n\t\t<div class=\"elementor-element elementor-element-8d52bb2 e-flex e-con-boxed e-con e-parent\" data-id=\"8d52bb2\" data-element_type=\"container\" data-e-type=\"container\">\n\t\t\t\t\t<div class=\"e-con-inner\">\n\t\t<div class=\"elementor-element elementor-element-90d5da7 e-con-full e-flex e-con e-parent\" data-id=\"90d5da7\" data-element_type=\"container\" data-e-type=\"container\">\n\t\t\t\t<div class=\"elementor-element elementor-element-c9205ba elementor-widget elementor-widget-image\" data-id=\"c9205ba\" data-element_type=\"widget\" data-e-type=\"widget\" data-widget_type=\"image.default\">\n\t\t\t\t<div class=\"elementor-widget-container\">\n\t\t\t\t\t\t\t\t\t\t\t\t\t\t\t<img fetchpriority=\"high\" decoding=\"async\" width=\"800\" height=\"533\" src=\"https:\/\/upstateinternational.org\/wp-content\/uploads\/2023\/08\/brooke-cagle-g1Kr4Ozfoac-unsplash-scaled-1-1024x682.jpg\" class=\"attachment-large size-large wp-image-60496\" alt=\"\" srcset=\"https:\/\/upstateinternational.org\/wp-content\/uploads\/2023\/08\/brooke-cagle-g1Kr4Ozfoac-unsplash-scaled-1-1024x682.jpg 1024w, https:\/\/upstateinternational.org\/wp-content\/uploads\/2023\/08\/brooke-cagle-g1Kr4Ozfoac-unsplash-scaled-1-600x400.jpg 600w, https:\/\/upstateinternational.org\/wp-content\/uploads\/2023\/08\/brooke-cagle-g1Kr4Ozfoac-unsplash-scaled-1-300x200.jpg 300w, https:\/\/upstateinternational.org\/wp-content\/uploads\/2023\/08\/brooke-cagle-g1Kr4Ozfoac-unsplash-scaled-1-768x512.jpg 768w, https:\/\/upstateinternational.org\/wp-content\/uploads\/2023\/08\/brooke-cagle-g1Kr4Ozfoac-unsplash-scaled-1-1536x1024.jpg 1536w, https:\/\/upstateinternational.org\/wp-content\/uploads\/2023\/08\/brooke-cagle-g1Kr4Ozfoac-unsplash-scaled-1.jpg 2000w\" sizes=\"(max-width: 800px) 100vw, 800px\" \/>\t\t\t\t\t\t\t\t\t\t\t\t\t\t\t<\/div>\n\t\t\t\t<\/div>\n\t\t\t\t<\/div>\n\t\t<div class=\"elementor-element elementor-element-811761b e-con-full e-flex e-con e-parent\" data-id=\"811761b\" data-element_type=\"container\" data-e-type=\"container\">\n\t\t\t\t<div class=\"elementor-element elementor-element-7591027 elementor-widget elementor-widget-heading\" data-id=\"7591027\" data-element_type=\"widget\" data-e-type=\"widget\" data-widget_type=\"heading.default\">\n\t\t\t\t<div class=\"elementor-widget-container\">\n\t\t\t\t\t<h3 class=\"elementor-heading-title elementor-size-default\">Wertvolle Ressourcen f\u00fcr Bildung und Wachstum<\/h3>\t\t\t\t<\/div>\n\t\t\t\t<\/div>\n\t\t\t\t<div class=\"elementor-element elementor-element-fd8a0c1 elementor-widget elementor-widget-heading\" data-id=\"fd8a0c1\" data-element_type=\"widget\" data-e-type=\"widget\" data-widget_type=\"heading.default\">\n\t\t\t\t<div class=\"elementor-widget-container\">\n\t\t\t\t\t<h3 class=\"elementor-heading-title elementor-size-default\">Andere und uns selbst \u00fcber verschiedene L\u00e4nder und Kulturen aufzukl\u00e4ren, bleibt eines der Kernziele von Upstate International.<\/h3>\t\t\t\t<\/div>\n\t\t\t\t<\/div>\n\t\t\t\t<div class=\"elementor-element elementor-element-f9fe94e elementor-widget elementor-widget-text-editor\" data-id=\"f9fe94e\" data-element_type=\"widget\" data-e-type=\"widget\" data-widget_type=\"text-editor.default\">\n\t\t\t\t<div class=\"elementor-widget-container\">\n\t\t\t\t\t\t\t\t\t<p>Nachfolgend finden Sie eine Liste mit wertvollen Ressourcen, Referenzen und Lehrmaterialien zur F\u00f6rderung des multikulturellen Lernens.<\/p><p>Sie k\u00f6nnen die folgenden Informationen gerne durchst\u00f6bern, herunterladen oder weitergeben.<\/p>\t\t\t\t\t\t\t\t<\/div>\n\t\t\t\t<\/div>\n\t\t\t\t<\/div>\n\t\t\t\t\t<\/div>\n\t\t\t\t<\/div>\n\t\t<div class=\"elementor-element elementor-element-7ace50a e-flex e-con-boxed e-con e-parent\" data-id=\"7ace50a\" data-element_type=\"container\" data-e-type=\"container\">\n\t\t\t\t\t<div class=\"e-con-inner\">\n\t\t\t\t<div class=\"elementor-element elementor-element-8c20649 elementor-widget elementor-widget-html\" data-id=\"8c20649\" data-element_type=\"widget\" data-e-type=\"widget\" data-widget_type=\"html.default\">\n\t\t\t\t<div class=\"elementor-widget-container\">\n\t\t\t\t\t<script>\n\/* Automatically close the mobile accordion from the tabs element on mobile *\/\nwindow.addEventListener('load', function() {\nsetTimeout(function(){\n    if (window.innerWidth < 768) return;\n\nlet tabsElems = document.querySelectorAll('.e-n-tabs')\ntabsElems.forEach(e => {\nlet activeTitles = e.querySelectorAll('.e-n-tab-title.e-active');\nlet activeContent = e.querySelector('.e-con.e-active')\nactiveContent.style.display = 'none';\nactiveTitles.forEach(activeTitle => activeTitle.classList.remove('e-active'));\nactiveContent.classList.remove('e-active');\nactiveContent.setAttribute('hidden', 'hidden');\nactiveTitles.forEach(activeTitle => activeTitle.setAttribute('aria-expanded', false));\nactiveTitles.forEach(activeTitle => activeTitle.setAttribute('aria-selected', false));\nactiveTitles.forEach(activeTitle => activeTitle.setAttribute('tabindex', -1));\nactiveTitles.forEach(activeTitle => {\nactiveTitle.addEventListener('click', function () {\nactiveTitles.forEach(activeTitle => activeTitle.classList.add('e-active'));\nactiveContent.classList.add('e-active');\nactiveContent.removeAttribute('hidden');\nactiveTitles.forEach(activeTitle => activeTitle.setAttribute('aria-expanded', true));\nactiveTitles.forEach(activeTitle => activeTitle.setAttribute('aria-selected', true));\nactiveTitles.forEach(activeTitle => activeTitle.setAttribute('tabindex', 0));\nactiveContent.style.display = 'flex';\n}, { once: true })\n});\n});\n},300);\n});\n\n<\/script>\n\t\t\t\t<\/div>\n\t\t\t\t<\/div>\n\t\t\t\t<div class=\"elementor-element elementor-element-082e6ca e-n-tabs-mobile elementor-widget elementor-widget-n-tabs\" data-id=\"082e6ca\" data-element_type=\"widget\" data-e-type=\"widget\" data-widget_type=\"nested-tabs.default\">\n\t\t\t\t<div class=\"elementor-widget-container\">\n\t\t\t\t\t\t\t<div class=\"e-n-tabs\" data-widget-number=\"8578762\" aria-label=\"Sarkainn\u00e4pp\u00e4imet. Avaa kohteita Enterill\u00e4 tai v\u00e4lily\u00f6nnill\u00e4, sulje Esc-n\u00e4pp\u00e4imell\u00e4 ja siirry nuolin\u00e4pp\u00e4imill\u00e4.\" data-no-translation-aria-label=\"\">\n\t\t\t<div class=\"e-n-tabs-heading\" role=\"tablist\">\n\t\t\t\t\t<button id=\"e-n-tab-title-85787621\" data-tab-title-id=\"e-n-tab-title-85787621\" class=\"e-n-tab-title\" aria-selected=\"true\" data-tab-index=\"1\" role=\"tab\" tabindex=\"0\" aria-controls=\"e-n-tab-content-85787621\" style=\"--n-tabs-title-order: 1;\">\n\t\t\t\t\t\t<span class=\"e-n-tab-title-text\">\n\t\t\t\tGemeinsame Buchlesungen\t\t\t<\/span>\n\t\t<\/button>\n\t\t\t\t<button id=\"e-n-tab-title-85787622\" data-tab-title-id=\"e-n-tab-title-85787622\" class=\"e-n-tab-title\" aria-selected=\"false\" data-tab-index=\"2\" role=\"tab\" tabindex=\"-1\" aria-controls=\"e-n-tab-content-85787622\" style=\"--n-tabs-title-order: 2;\">\n\t\t\t\t\t\t<span class=\"e-n-tab-title-text\">\n\t\t\t\tRegionaler Kunstwettbewerb f\u00fcr die Klassenstufen K-12\t\t\t<\/span>\n\t\t<\/button>\n\t\t\t\t<button id=\"e-n-tab-title-85787623\" data-tab-title-id=\"e-n-tab-title-85787623\" class=\"e-n-tab-title\" aria-selected=\"false\" data-tab-index=\"3\" role=\"tab\" tabindex=\"-1\" aria-controls=\"e-n-tab-content-85787623\" style=\"--n-tabs-title-order: 3;\">\n\t\t\t\t\t\t<span class=\"e-n-tab-title-text\">\n\t\t\t\tNationale Fremdsprachenwoche\t\t\t<\/span>\n\t\t<\/button>\n\t\t\t\t<button id=\"e-n-tab-title-85787624\" data-tab-title-id=\"e-n-tab-title-85787624\" class=\"e-n-tab-title\" aria-selected=\"false\" data-tab-index=\"4\" role=\"tab\" tabindex=\"-1\" aria-controls=\"e-n-tab-content-85787624\" style=\"--n-tabs-title-order: 4;\">\n\t\t\t\t\t\t<span class=\"e-n-tab-title-text\">\n\t\t\t\tFoto-Essay-Wettbewerb\t\t\t<\/span>\n\t\t<\/button>\n\t\t\t\t<button id=\"e-n-tab-title-85787625\" data-tab-title-id=\"e-n-tab-title-85787625\" class=\"e-n-tab-title\" aria-selected=\"false\" data-tab-index=\"5\" role=\"tab\" tabindex=\"-1\" aria-controls=\"e-n-tab-content-85787625\" style=\"--n-tabs-title-order: 5;\">\n\t\t\t\t\t\t<span class=\"e-n-tab-title-text\">\n\t\t\t\tKostenloses Online-Lernen\t\t\t<\/span>\n\t\t<\/button>\n\t\t\t\t\t<\/div>\n\t\t\t<div class=\"e-n-tabs-content\">\n\t\t\t\t<div id=\"e-n-tab-content-85787621\" role=\"tabpanel\" aria-labelledby=\"e-n-tab-title-85787621\" data-tab-index=\"1\" style=\"--n-tabs-title-order: 1;\" class=\"e-active elementor-element elementor-element-3989c49 e-con-full e-flex e-con e-parent\" data-id=\"3989c49\" data-element_type=\"container\" data-e-type=\"container\">\n\t\t\t\t<div class=\"elementor-element elementor-element-ef6313b elementor-widget elementor-widget-heading\" data-id=\"ef6313b\" data-element_type=\"widget\" data-e-type=\"widget\" data-widget_type=\"heading.default\">\n\t\t\t\t<div class=\"elementor-widget-container\">\n\t\t\t\t\t<div class=\"elementor-heading-title elementor-size-default\">Jedes Jahr im M\u00e4rz: \u201cLerne eine Fremdsprache; gewinne eine neue Perspektive!\u201d<\/div>\t\t\t\t<\/div>\n\t\t\t\t<\/div>\n\t\t\t\t<div class=\"elementor-element elementor-element-3dafe5d elementor-widget elementor-widget-text-editor\" data-id=\"3dafe5d\" data-element_type=\"widget\" data-e-type=\"widget\" data-widget_type=\"text-editor.default\">\n\t\t\t\t<div class=\"elementor-widget-container\">\n\t\t\t\t\t\t\t\t\t<ul><li>Veranstalten Sie Ihren eigenen Videocast-Wettbewerb f\u00fcr Ihre Sch\u00fcler! F\u00f6rdern Sie den Fremdsprachenunterricht an Grundschulen in Ihrem Schulbezirk.<\/li><li>Erstelle einen Facebook- oder Twitter-Account f\u00fcr deinen Fremdsprachenclub.<\/li><li>Erstelle eine fremdsprachige Webseite, die die Aktivit\u00e4ten der Woche zusammenfasst; ver\u00f6ffentliche sie auf der Webseite deines Schulbezirks.<\/li><li>Fordern Sie Ihre Sch\u00fcler heraus, die\u00a0<a href=\"http:\/\/www.actfl.org\/\" target=\"_blank\" rel=\"noopener noreferrer\">\u201cSind Sie schlauer als ein Sprachlehrer?\u201d<\/a>\u00a0Quiz, verf\u00fcgbar auf der ACTFL-Website.<\/li><li>Nehmen Sie Sch\u00fcler in die von AATF, AATSP, AATI und AATG gef\u00f6rderten Fremdsprachen-Ehrenvereinigungen auf und machen Sie die Veranstaltung in Ihrer Lokalzeitung bekannt.<\/li><li>Laden Sie die Schulleitung in Ihren Unterricht ein, um ihr aktuelle Sch\u00fclerprojekte und -aktivit\u00e4ten zu zeigen.<\/li><li>Administratoren sollen die Aktivit\u00e4ten im Bereich Fremdsprachen bewerten.<\/li><li>Organisieren Sie ein fremdsprachiges Filmfestival f\u00fcr Ihre Schule und\/oder Gemeinde.<\/li><li>Laden Sie die Eltern Ihrer Sch\u00fcler mit Migrationshintergrund ein, Ihren Unterricht zu besuchen, um ihre Erfahrungen mitzuteilen und die Sch\u00fcler anzuerkennen.<\/li><li>Ermutigen Sie die Sch\u00fcler, Autoaufkleber, T-Shirts, Slogans, Buttons usw. zu gestalten und diese w\u00e4hrend der Fremdsprachenwoche zu verwenden.<\/li><li>Erstelle eine Online-Schnitzeljagd f\u00fcr deine Sch\u00fcler.<\/li><li>Spielen Sie w\u00e4hrend der t\u00e4glichen Durchsagen internationale Musik und lassen Sie Sch\u00fcler und Mitarbeiter diese identifizieren.<\/li><li>Bringen Sie Sch\u00fcler zu einer Sitzung des Schulvorstands und lassen Sie sie \u00fcber die Bedeutung des Zweitsprachenerwerbs sprechen.<\/li><li>Bitten Sie den Schulvorstand, eine Proklamation zur Fremdsprachenwoche zu verabschieden.<\/li><li>Lassen Sie Ihre Sch\u00fcler Poster erstellen, um ihre Fremdsprachenkenntnisse zu f\u00f6rdern.\u00a0<a href=\"http:\/\/www.glogster.com\/\" target=\"_blank\" rel=\"noopener noreferrer\">www.glogster.com<\/a><\/li><li>Die Sch\u00fcler sollen ihre Muttersprache auf gro\u00dfen Wandtafeln oder Handabdr\u00fccken erkennen und Botschaften in ihrer Herkunftssprache schreiben.<\/li><li>Organisieren Sie einen Idol-Wettbewerb mit internationaler Musik und Liedern.<\/li><li>Pr\u00e4sentieren Sie wichtige Informationen aus den t\u00e4glichen Bekanntmachungen in mehreren Sprachen. Laden Sie Muttersprachler ein, eine authentische Kindheitsgeschichte aus der Zielkultur in der Zielkultur vorzulesen und anschlie\u00dfend in der Zielsprache zu besprechen.<\/li><li>Organisieren Sie eine internationale Karrieremesse und laden Sie Gemeindemitglieder und Gesch\u00e4ftspartner zur Teilnahme ein.<\/li><li>Senden Sie eine Pressemitteilung, in der Sie alle Aktivit\u00e4ten Ihrer Fremdsprachenwoche hervorheben, an lokale Fernseh-, Radio- und Zeitungssender.<\/li><li>Befragen Sie die Mitarbeiter zu gelernten\/gesprochenen Sprachen, Austauscherfahrungen, Reiseerfahrungen und kulturellem Erbe und ver\u00f6ffentlichen Sie die Ergebnisse.<\/li><li>Veranstalten Sie ein \u201cMenschen, die inspirieren\u201d-Event, um die Leistungen mehrsprachiger\/multikultureller Mitglieder Ihrer Gemeinde hervorzuheben.<\/li><li>Organisieren oder veranstalten Sie ein internationales Abendessen\/Festival\/Konzert.<\/li><li>F\u00fchren Sie eine Live-Videokonferenz mit einer Schule in der Zielkultur zu einem Studienthema durch.<\/li><li>Laden Sie professionelle T\u00e4nzer\/Musiker ein, um f\u00fcr die Sch\u00fcler aufzutreten.<\/li><li><a href=\"http:\/\/www.actfl.org\/advocacy\" target=\"_blank\" rel=\"noopener noreferrer\">ACTFL-Fremdsprachenf\u00f6rderung<\/a>. Tipps, wie Sie sich in Ihrer Gemeinde f\u00fcr Fremdsprachen einsetzen k\u00f6nnen.<\/li><li><a href=\"http:\/\/www.nysaflt.org\/advocacy\/documents.shtml\" target=\"_blank\" rel=\"noopener noreferrer\">New Yorker Verband der Fremdsprachenlehrer<\/a>. Eine Sammlung von Materialien zur Interessenvertretung, darunter Argumentationshilfen, Vorteile des Zweitsprachenerwerbs, Muster-Unterst\u00fctzungsschreiben, Artikel zu Wirtschaft, Arbeitsmarkt, Landesverteidigung und anderen Themen.<\/li><li><a href=\"http:\/\/clta.net\/advocacy\/\" target=\"_blank\" rel=\"noopener noreferrer\">Kalifornischer Verband der Fremdsprachenlehrer<\/a>. Links zu einer Vielzahl von Materialien, darunter Anleitungen zur Bewerbung Ihrer Veranstaltungen und Muster-Pressemitteilungen \u2013<\/li><li><a href=\"http:\/\/www.flageorgia.org\/advocacy.htm\" target=\"_blank\" rel=\"noopener noreferrer\">Fremdsprachenvereinigung Georgiens<\/a>.<\/li><li><a href=\"http:\/\/calper.la.psu.edu\/resources.php?page=langadv\" target=\"_blank\" rel=\"noopener noreferrer\">Zentrum f\u00fcr fortgeschrittene Sprachkompetenz in Ausbildung und Forschung an der Pennsylvania State University (CALPER)<\/a>. Dokumente, Meinungsbeitr\u00e4ge und Nachrichtenartikel.<\/li><\/ul>\t\t\t\t\t\t\t\t<\/div>\n\t\t\t\t<\/div>\n\t\t\t\t<\/div>\n\t\t<div id=\"e-n-tab-content-85787622\" role=\"tabpanel\" aria-labelledby=\"e-n-tab-title-85787622\" data-tab-index=\"2\" style=\"--n-tabs-title-order: 2;\" class=\"elementor-element elementor-element-3fb9d9d e-con-full e-flex e-con e-parent\" data-id=\"3fb9d9d\" data-element_type=\"container\" data-e-type=\"container\">\n\t\t\t\t<div class=\"elementor-element elementor-element-3b679de elementor-widget elementor-widget-heading\" data-id=\"3b679de\" data-element_type=\"widget\" data-e-type=\"widget\" data-widget_type=\"heading.default\">\n\t\t\t\t<div class=\"elementor-widget-container\">\n\t\t\t\t\t<div class=\"elementor-heading-title elementor-size-default\">\u201cDie Welt ist nur eine Leinwand f\u00fcr unsere Fantasie\u201d lautet das Motto des Upstate International K12 Art Contest 2018.<\/div>\t\t\t\t<\/div>\n\t\t\t\t<\/div>\n\t\t\t\t<div class=\"elementor-element elementor-element-bc249b7 elementor-widget elementor-widget-text-editor\" data-id=\"bc249b7\" data-element_type=\"widget\" data-e-type=\"widget\" data-widget_type=\"text-editor.default\">\n\t\t\t\t<div class=\"elementor-widget-container\">\n\t\t\t\t\t\t\t\t\t<p>Schulen im gesamten Upstate-Gebiet sind eingeladen, an diesem Upstate-Kunstwettbewerb f\u00fcr Grund-, Mittel- und Oberschulen teilzunehmen. Die Erst-, Zweit- und Drittplatzierten jeder Kategorie k\u00f6nnen Geldpreise gewinnen. Zus\u00e4tzlich kann auch das Kunstprogramm jeder Schule, die einen Gewinner hervorbringt, einen Geldpreis erhalten. Weitere Informationen und Regeln zum Wettbewerb finden Sie hier:, <a href=\"http:\/\/files.constantcontact.com\/fdaea5d5101\/9763018d-20da-4fff-8012-2d33bcff1d8d.pdf?ver=1495818168000\">klicken Sie hier.<\/a><\/p>\t\t\t\t\t\t\t\t<\/div>\n\t\t\t\t<\/div>\n\t\t\t\t<\/div>\n\t\t<div id=\"e-n-tab-content-85787623\" role=\"tabpanel\" aria-labelledby=\"e-n-tab-title-85787623\" data-tab-index=\"3\" style=\"--n-tabs-title-order: 3;\" class=\"elementor-element elementor-element-212c214 e-con-full e-flex e-con e-parent\" data-id=\"212c214\" data-element_type=\"container\" data-e-type=\"container\">\n\t\t\t\t<div class=\"elementor-element elementor-element-4e46d9a elementor-widget elementor-widget-text-editor\" data-id=\"4e46d9a\" data-element_type=\"widget\" data-e-type=\"widget\" data-widget_type=\"text-editor.default\">\n\t\t\t\t<div class=\"elementor-widget-container\">\n\t\t\t\t\t\t\t\t\t<ul><li>Veranstalten Sie ein international ausgerichtetes Treffen mit einem Referenten, einer DVD und\/oder Musik.<\/li><li>Richten Sie eine Ausstellung ein, die einen anderen Teil der Welt pr\u00e4sentiert.<\/li><li>Lassen Sie jemanden aus einem anderen Land \u00fcber \u00e4hnliche Programme berichten.<\/li><li>Lassen Sie Mitarbeiter\/Kunden der ersten Generation \u00fcber die Gemeinsamkeiten und Unterschiede in den Organisationen und Gepflogenheiten in ihrem Heimatland sprechen.<\/li><\/ul>\t\t\t\t\t\t\t\t<\/div>\n\t\t\t\t<\/div>\n\t\t\t\t<\/div>\n\t\t<div id=\"e-n-tab-content-85787624\" role=\"tabpanel\" aria-labelledby=\"e-n-tab-title-85787624\" data-tab-index=\"4\" style=\"--n-tabs-title-order: 4;\" class=\"elementor-element elementor-element-7e61ca2 e-con-full e-flex e-con e-parent\" data-id=\"7e61ca2\" data-element_type=\"container\" data-e-type=\"container\">\n\t\t\t\t<div class=\"elementor-element elementor-element-7eeb789 elementor-widget elementor-widget-text-editor\" data-id=\"7eeb789\" data-element_type=\"widget\" data-e-type=\"widget\" data-widget_type=\"text-editor.default\">\n\t\t\t\t<div class=\"elementor-widget-container\">\n\t\t\t\t\t\t\t\t\t<ul><li>Am Samstag, dem 1. M\u00e4rz, um 12 Uhr mittags, sollen 100 Glocken gel\u00e4utet werden. Wenn m\u00f6glich, l\u00e4uten Sie, wo immer Sie sich im Upstate befinden, 100 Mal die Glocken f\u00fcr internationalen Frieden und V\u00f6lkerverst\u00e4ndigung. (In Bergamo, Italien, werden jeden Abend um 22 Uhr 100 Glocken gel\u00e4utet, um einer Tradition zu gedenken, die mit der Schlie\u00dfung der oberen Stadttore Bergamos verbunden ist. Dies gab den Menschen Zeit, die Stadt zu betreten oder zu verlassen.)<\/li><li>Organisieren Sie eine Veranstaltung, die andere Religionen einbezieht, um ein neues Verst\u00e4ndnis zu schaffen; laden Sie einen Redner aus dieser Religion ein, zeigen Sie ein Video, lesen Sie ein Buch vor.<\/li><li>Pr\u00e4sentieren Sie Ihr Missionsprogramm oder laden Sie einen Missionar ein und zeigen Sie einen Film \u00fcber seine Arbeit.<\/li><li>Veranstalten Sie eine Gebetsstunde f\u00fcr internationalen Frieden und V\u00f6lkerverst\u00e4ndigung.<\/li><li>Mitglieder, die als erste Generation aus einem anderen Land stammen, sollen \u00fcber die Gemeinsamkeiten und Unterschiede in den religi\u00f6sen Praktiken ihres Heimatlandes sprechen.<\/li><\/ul>\t\t\t\t\t\t\t\t<\/div>\n\t\t\t\t<\/div>\n\t\t\t\t<\/div>\n\t\t<div id=\"e-n-tab-content-85787625\" role=\"tabpanel\" aria-labelledby=\"e-n-tab-title-85787625\" data-tab-index=\"5\" style=\"--n-tabs-title-order: 5;\" class=\"elementor-element elementor-element-eb9389b e-con-full e-flex e-con e-parent\" data-id=\"eb9389b\" data-element_type=\"container\" data-e-type=\"container\">\n\t\t\t\t<div class=\"elementor-element elementor-element-9ba3c3a elementor-widget elementor-widget-text-editor\" data-id=\"9ba3c3a\" data-element_type=\"widget\" data-e-type=\"widget\" data-widget_type=\"text-editor.default\">\n\t\t\t\t<div class=\"elementor-widget-container\">\n\t\t\t\t\t\t\t\t\t<ul><li>Am Samstag, dem 1. M\u00e4rz, um 12 Uhr mittags, sollen 100 Glocken gel\u00e4utet werden. Wenn m\u00f6glich, l\u00e4uten Sie, wo immer Sie sich im Upstate befinden, 100 Mal die Glocken f\u00fcr internationalen Frieden und V\u00f6lkerverst\u00e4ndigung. (In Bergamo, Italien, werden jeden Abend um 22 Uhr 100 Glocken gel\u00e4utet, um einer Tradition zu gedenken, die mit der Schlie\u00dfung der oberen Stadttore Bergamos verbunden ist. Dies gab den Menschen Zeit, die Stadt zu betreten oder zu verlassen.)<\/li><li>Organisieren Sie eine Veranstaltung, die andere Religionen einbezieht, um ein neues Verst\u00e4ndnis zu schaffen; laden Sie einen Redner aus dieser Religion ein, zeigen Sie ein Video, lesen Sie ein Buch vor.<\/li><li>Pr\u00e4sentieren Sie Ihr Missionsprogramm oder laden Sie einen Missionar ein und zeigen Sie einen Film \u00fcber seine Arbeit.<\/li><li>Veranstalten Sie eine Gebetsstunde f\u00fcr internationalen Frieden und V\u00f6lkerverst\u00e4ndigung.<\/li><li>Mitglieder, die als erste Generation aus einem anderen Land stammen, sollen \u00fcber die Gemeinsamkeiten und Unterschiede in den religi\u00f6sen Praktiken ihres Heimatlandes sprechen.<\/li><\/ul>\t\t\t\t\t\t\t\t<\/div>\n\t\t\t\t<\/div>\n\t\t\t\t<\/div>\n\t\t\t\t\t<\/div>\n\t\t<\/div>\n\t\t\t\t\t\t<\/div>\n\t\t\t\t<\/div>\n\t\t\t\t\t<\/div>\n\t\t\t\t<\/div>\n\t\t\t\t<\/div>","protected":false},"excerpt":{"rendered":"","protected":false},"author":1,"featured_media":60494,"parent":0,"menu_order":0,"comment_status":"closed","ping_status":"closed","template":"","meta":{"_acf_changed":false,"_mo_disable_npp":"","footnotes":""},"class_list":["post-60454","page","type-page","status-publish","has-post-thumbnail","hentry"],"acf":[],"_links":{"self":[{"href":"https:\/\/upstateinternational.org\/de\/wp-json\/wp\/v2\/pages\/60454","targetHints":{"allow":["GET"]}}],"collection":[{"href":"https:\/\/upstateinternational.org\/de\/wp-json\/wp\/v2\/pages"}],"about":[{"href":"https:\/\/upstateinternational.org\/de\/wp-json\/wp\/v2\/types\/page"}],"author":[{"embeddable":true,"href":"https:\/\/upstateinternational.org\/de\/wp-json\/wp\/v2\/users\/1"}],"replies":[{"embeddable":true,"href":"https:\/\/upstateinternational.org\/de\/wp-json\/wp\/v2\/comments?post=60454"}],"version-history":[{"count":0,"href":"https:\/\/upstateinternational.org\/de\/wp-json\/wp\/v2\/pages\/60454\/revisions"}],"wp:featuredmedia":[{"embeddable":true,"href":"https:\/\/upstateinternational.org\/de\/wp-json\/wp\/v2\/media\/60494"}],"wp:attachment":[{"href":"https:\/\/upstateinternational.org\/de\/wp-json\/wp\/v2\/media?parent=60454"}],"curies":[{"name":"wp","href":"https:\/\/api.w.org\/{rel}","templated":true}]}}