{"id":61143,"date":"2023-08-24T16:03:46","date_gmt":"2023-08-24T20:03:46","guid":{"rendered":"https:\/\/localhost:10096\/?page_id=61143"},"modified":"2026-01-07T14:46:27","modified_gmt":"2026-01-07T19:46:27","slug":"submit-event","status":"publish","type":"page","link":"https:\/\/upstateinternational.org\/de\/submit-event\/","title":{"rendered":"Veranstaltung einreichen"},"content":{"rendered":"<div data-elementor-type=\"wp-page\" data-elementor-id=\"61143\" class=\"elementor elementor-61143\" data-elementor-post-type=\"page\">\n\t\t\t\t<div class=\"elementor-element elementor-element-444614f e-flex e-con-boxed e-con e-parent\" data-id=\"444614f\" data-element_type=\"container\" data-e-type=\"container\" data-settings=\"{&quot;background_background&quot;:&quot;classic&quot;}\">\n\t\t\t\t\t<div class=\"e-con-inner\">\n\t\t<div class=\"elementor-element elementor-element-ff29137 e-con-full e-flex e-con e-child\" data-id=\"ff29137\" data-element_type=\"container\" data-e-type=\"container\">\n\t\t\t\t<div class=\"elementor-element elementor-element-5dd2fdc elementor-widget elementor-widget-heading\" data-id=\"5dd2fdc\" data-element_type=\"widget\" data-e-type=\"widget\" data-widget_type=\"heading.default\">\n\t\t\t\t<div class=\"elementor-widget-container\">\n\t\t\t\t\t<h1 class=\"elementor-heading-title elementor-size-default\">Veranstaltung einreichen<\/h1>\t\t\t\t<\/div>\n\t\t\t\t<\/div>\n\t\t\t\t<div class=\"elementor-element elementor-element-253a9f0 elementor-widget elementor-widget-heading\" data-id=\"253a9f0\" data-element_type=\"widget\" data-e-type=\"widget\" data-widget_type=\"heading.default\">\n\t\t\t\t<div class=\"elementor-widget-container\">\n\t\t\t\t\t<span class=\"elementor-heading-title elementor-size-default\">Teilen Sie Ihre Veranstaltung mit unserem Publikum<\/span>\t\t\t\t<\/div>\n\t\t\t\t<\/div>\n\t\t\t\t<\/div>\n\t\t\t\t\t<\/div>\n\t\t\t\t<\/div>\n\t\t<div class=\"elementor-element elementor-element-2db7bfa e-flex e-con-boxed e-con e-parent\" data-id=\"2db7bfa\" data-element_type=\"container\" data-e-type=\"container\">\n\t\t\t\t\t<div class=\"e-con-inner\">\n\t\t<div class=\"elementor-element elementor-element-a1ac153 e-con-full e-flex e-con e-child\" data-id=\"a1ac153\" data-element_type=\"container\" data-e-type=\"container\">\n\t\t\t\t<div class=\"elementor-element elementor-element-6b81b64 elementor-widget elementor-widget-heading\" data-id=\"6b81b64\" data-element_type=\"widget\" data-e-type=\"widget\" data-widget_type=\"heading.default\">\n\t\t\t\t<div class=\"elementor-widget-container\">\n\t\t\t\t\t<h3 class=\"elementor-heading-title elementor-size-default\">Sie planen eine Veranstaltung, die Kultur, Vielfalt oder internationalen Austausch feiert?<\/h3>\t\t\t\t<\/div>\n\t\t\t\t<\/div>\n\t\t\t\t<div class=\"elementor-element elementor-element-aef3fcc elementor-widget elementor-widget-heading\" data-id=\"aef3fcc\" data-element_type=\"widget\" data-e-type=\"widget\" data-widget_type=\"heading.default\">\n\t\t\t\t<div class=\"elementor-widget-container\">\n\t\t\t\t\t<h3 class=\"elementor-heading-title elementor-size-default\">Nutzen Sie das Formular, um Ihre Veranstaltung zur Aufnahme in den Upstate International-Kalender einzureichen.\n<\/h3>\t\t\t\t<\/div>\n\t\t\t\t<\/div>\n\t\t\t\t<div class=\"elementor-element elementor-element-6011154 elementor-widget elementor-widget-text-editor\" data-id=\"6011154\" data-element_type=\"widget\" data-e-type=\"widget\" data-widget_type=\"text-editor.default\">\n\t\t\t\t<div class=\"elementor-widget-container\">\n\t\t\t\t\t\t\t\t\t<p>Wir begr\u00fc\u00dfen Veranstaltungsvorschl\u00e4ge, die mit unserer Mission, interkulturelles Verst\u00e4ndnis und globales Engagement zu f\u00f6rdern, \u00fcbereinstimmen. Dazu geh\u00f6ren:<\/p><ul><li>Kulturfeste oder Feiertage<\/li><li>Bildungsworkshops oder Vortr\u00e4ge<\/li><li>Sprach- oder Kochkurse<\/li><li>Kunst-, Musik- oder Auff\u00fchrungsveranstaltungen<\/li><li>Internationale Vernetzung oder B\u00fcrgerversammlungen<\/li><\/ul>\t\t\t\t\t\t\t\t<\/div>\n\t\t\t\t<\/div>\n\t\t\t\t<div class=\"elementor-element elementor-element-ae915e4 elementor-widget elementor-widget-text-editor\" data-id=\"ae915e4\" data-element_type=\"widget\" data-e-type=\"widget\" data-widget_type=\"text-editor.default\">\n\t\t\t\t<div class=\"elementor-widget-container\">\n\t\t\t\t\t\t\t\t\t<p><strong>Die Veranstaltungen m\u00fcssen \u00f6ffentlich zug\u00e4nglich sein und in oder in der N\u00e4he der Upstate-Region von South Carolina stattfinden.<\/strong><\/p><p>Reichen Sie Ihre Veranstaltung mindestens zwei Wochen im Voraus ein, um die besten Chancen auf Sichtbarkeit zu gew\u00e4hrleisten. Geben Sie so viele Details wie m\u00f6glich an und laden Sie einen Flyer oder ein Bild (am besten im Querformat!) hoch, damit wir Ihre Veranstaltung visuell bewerben k\u00f6nnen.<\/p>\t\t\t\t\t\t\t\t<\/div>\n\t\t\t\t<\/div>\n\t\t<div class=\"elementor-element elementor-element-047aed5 e-con-full e-flex e-con e-child\" data-id=\"047aed5\" data-element_type=\"container\" data-e-type=\"container\" data-settings=\"{&quot;background_background&quot;:&quot;gradient&quot;}\">\n\t\t\t\t<div class=\"elementor-element elementor-element-5ae3513 elementor-widget elementor-widget-heading\" data-id=\"5ae3513\" data-element_type=\"widget\" data-e-type=\"widget\" data-widget_type=\"heading.default\">\n\t\t\t\t<div class=\"elementor-widget-container\">\n\t\t\t\t\t<h4 class=\"elementor-heading-title elementor-size-default\">Bitte beachten Sie:<\/h4>\t\t\t\t<\/div>\n\t\t\t\t<\/div>\n\t\t\t\t<div class=\"elementor-element elementor-element-9c3c3f3 elementor-widget elementor-widget-text-editor\" data-id=\"9c3c3f3\" data-element_type=\"widget\" data-e-type=\"widget\" data-widget_type=\"text-editor.default\">\n\t\t\t\t<div class=\"elementor-widget-container\">\n\t\t\t\t\t\t\t\t\t<ul><li>Pr\u00fcfung &amp; Genehmigung: Eingereichte Unterlagen werden von unserem Team innerhalb von 3\u20135 Werktagen gepr\u00fcft.<\/li><li>Bearbeitungshinweise: Wir behalten uns vor, Einsendungen aus Gr\u00fcnden der Klarheit, der Formatierung oder zur Anpassung an das Kalenderlayout zu bearbeiten.<\/li><\/ul>\t\t\t\t\t\t\t\t<\/div>\n\t\t\t\t<\/div>\n\t\t\t\t<\/div>\n\t\t\t\t<\/div>\n\t\t<div class=\"elementor-element elementor-element-420c555 e-con-full e-flex e-con e-child\" data-id=\"420c555\" data-element_type=\"container\" data-e-type=\"container\">\n\t\t\t\t<div class=\"elementor-element elementor-element-40ee047 elementor-widget elementor-widget-shortcode\" data-id=\"40ee047\" data-element_type=\"widget\" data-e-type=\"widget\" data-widget_type=\"shortcode.default\">\n\t\t\t\t<div class=\"elementor-widget-container\">\n\t\t\t\t\t\t\t<div class=\"elementor-shortcode\"><div id=\"ui-event-form\" class=\"ui-event-form-root\"><\/div><\/div>\n\t\t\t\t\t\t<\/div>\n\t\t\t\t<\/div>\n\t\t\t\t<\/div>\n\t\t\t\t\t<\/div>\n\t\t\t\t<\/div>\n\t\t\t\t<\/div>","protected":false},"excerpt":{"rendered":"","protected":false},"author":1,"featured_media":0,"parent":0,"menu_order":0,"comment_status":"closed","ping_status":"closed","template":"","meta":{"_acf_changed":false,"_mo_disable_npp":"","footnotes":""},"class_list":["post-61143","page","type-page","status-publish","hentry"],"acf":[],"_links":{"self":[{"href":"https:\/\/upstateinternational.org\/de\/wp-json\/wp\/v2\/pages\/61143","targetHints":{"allow":["GET"]}}],"collection":[{"href":"https:\/\/upstateinternational.org\/de\/wp-json\/wp\/v2\/pages"}],"about":[{"href":"https:\/\/upstateinternational.org\/de\/wp-json\/wp\/v2\/types\/page"}],"author":[{"embeddable":true,"href":"https:\/\/upstateinternational.org\/de\/wp-json\/wp\/v2\/users\/1"}],"replies":[{"embeddable":true,"href":"https:\/\/upstateinternational.org\/de\/wp-json\/wp\/v2\/comments?post=61143"}],"version-history":[{"count":0,"href":"https:\/\/upstateinternational.org\/de\/wp-json\/wp\/v2\/pages\/61143\/revisions"}],"wp:attachment":[{"href":"https:\/\/upstateinternational.org\/de\/wp-json\/wp\/v2\/media?parent=61143"}],"curies":[{"name":"wp","href":"https:\/\/api.w.org\/{rel}","templated":true}]}}