{"id":88102,"date":"2025-10-11T04:45:10","date_gmt":"2025-10-11T08:45:10","guid":{"rendered":"https:\/\/ui-hybrid.local\/?page_id=88102"},"modified":"2025-11-25T04:26:58","modified_gmt":"2025-11-25T09:26:58","slug":"community-resources","status":"publish","type":"page","link":"https:\/\/upstateinternational.org\/de\/community-resources\/","title":{"rendered":"Gemeinschaftsressourcen"},"content":{"rendered":"<div data-elementor-type=\"wp-page\" data-elementor-id=\"88102\" class=\"elementor elementor-88102\" data-elementor-post-type=\"page\">\n\t\t\t\t<div class=\"elementor-element elementor-element-22ac5bd e-flex e-con-boxed e-con e-parent\" data-id=\"22ac5bd\" data-element_type=\"container\" data-e-type=\"container\" data-settings=\"{&quot;background_background&quot;:&quot;classic&quot;}\">\n\t\t\t\t\t<div class=\"e-con-inner\">\n\t\t<div class=\"elementor-element elementor-element-d8d6ae0 e-con-full e-flex e-con e-child\" data-id=\"d8d6ae0\" data-element_type=\"container\" data-e-type=\"container\">\n\t\t\t\t<div class=\"elementor-element elementor-element-9fa382c elementor-widget elementor-widget-heading\" data-id=\"9fa382c\" data-element_type=\"widget\" data-e-type=\"widget\" data-widget_type=\"heading.default\">\n\t\t\t\t<div class=\"elementor-widget-container\">\n\t\t\t\t\t<h1 class=\"elementor-heading-title elementor-size-default\">Gemeinschaftsressourcen<\/h1>\t\t\t\t<\/div>\n\t\t\t\t<\/div>\n\t\t\t\t<div class=\"elementor-element elementor-element-de96e53 elementor-widget elementor-widget-heading\" data-id=\"de96e53\" data-element_type=\"widget\" data-e-type=\"widget\" data-widget_type=\"heading.default\">\n\t\t\t\t<div class=\"elementor-widget-container\">\n\t\t\t\t\t<span class=\"elementor-heading-title elementor-size-default\">Ihr Leitfaden f\u00fcr das Leben in Greenville \u2013 egal ob Sie gerade erst angekommen sind oder schon seit Jahren hier leben.<\/span>\t\t\t\t<\/div>\n\t\t\t\t<\/div>\n\t\t\t\t<\/div>\n\t\t\t\t\t<\/div>\n\t\t\t\t<\/div>\n\t\t<div class=\"elementor-element elementor-element-06a451e e-flex e-con-boxed e-con e-parent\" data-id=\"06a451e\" data-element_type=\"container\" data-e-type=\"container\">\n\t\t\t\t\t<div class=\"e-con-inner\">\n\t\t<div class=\"elementor-element elementor-element-cdd445c e-con-full e-flex e-con e-child\" data-id=\"cdd445c\" data-element_type=\"container\" data-e-type=\"container\">\n\t\t\t\t<div class=\"elementor-element elementor-element-8cb91e8 elementor-widget elementor-widget-heading\" data-id=\"8cb91e8\" data-element_type=\"widget\" data-e-type=\"widget\" data-widget_type=\"heading.default\">\n\t\t\t\t<div class=\"elementor-widget-container\">\n\t\t\t\t\t<h3 class=\"elementor-heading-title elementor-size-default\">Willkommen in der Upstate-Gemeinde<\/h3>\t\t\t\t<\/div>\n\t\t\t\t<\/div>\n\t\t\t\t<div class=\"elementor-element elementor-element-9955edb elementor-widget elementor-widget-text-editor\" data-id=\"9955edb\" data-element_type=\"widget\" data-e-type=\"widget\" data-widget_type=\"text-editor.default\">\n\t\t\t\t<div class=\"elementor-widget-container\">\n\t\t\t\t\t\t\t\t\t<p>Ob Sie sich zum ersten Mal im Upstate niederlassen oder schon seit Jahrzehnten hier leben: Die richtigen Ressourcen zu finden \u2013 von Wohnraum und Gesundheitsversorgung bis hin zu kulturellen Veranstaltungen und Sprachf\u00f6rderung \u2013 kann den entscheidenden Unterschied machen. Upstate International hilft Ihnen dabei, sich zurechtzufinden, Kontakte zu kn\u00fcpfen und sich wie zu Hause zu f\u00fchlen.<\/p><p>Unser Ressourcenverzeichnis ist eine Sammlung lokaler Organisationen, Dienstleistungen und Ansprechpartner, die unserer vielf\u00e4ltigen Gemeinschaft dienen. Es soll Neuank\u00f6mmlingen helfen, sich im Upstate einzuleben, und langj\u00e4hrige Einwohner dabei unterst\u00fctzen, neue Wege der globalen und lokalen Teilhabe zu entdecken.\u00a0<\/p>\t\t\t\t\t\t\t\t<\/div>\n\t\t\t\t<\/div>\n\t\t<div class=\"elementor-element elementor-element-609d86e e-con-full e-flex e-con e-child\" data-id=\"609d86e\" data-element_type=\"container\" data-e-type=\"container\" data-settings=\"{&quot;background_background&quot;:&quot;gradient&quot;}\">\n\t\t\t\t<div class=\"elementor-element elementor-element-20b027b elementor-widget elementor-widget-text-editor\" data-id=\"20b027b\" data-element_type=\"widget\" data-e-type=\"widget\" data-widget_type=\"text-editor.default\">\n\t\t\t\t<div class=\"elementor-widget-container\">\n\t\t\t\t\t\t\t\t\t<p><strong>BITTE BEACHTEN SIE:<\/strong> Upstate International empfiehlt keines der hier aufgef\u00fchrten Unternehmen und \u00fcbernimmt keine Haftung f\u00fcr Probleme, die aus privaten Transaktionen entstehen. Jeder sollte die Seriosit\u00e4t der hier aufgef\u00fchrten Kontakte eigenverantwortlich pr\u00fcfen.<\/p><p>Wenn Sie m\u00f6chten, dass Ihr Unternehmen unten aufgef\u00fchrt wird, beachten Sie bitte Folgendes: <a href=\"https:\/\/upstateinternational.org\/de\/contact\/\">Kontaktieren Sie uns.<\/a><\/p>\t\t\t\t\t\t\t\t<\/div>\n\t\t\t\t<\/div>\n\t\t\t\t<\/div>\n\t\t\t\t<\/div>\n\t\t<div class=\"elementor-element elementor-element-cf08db1 e-con-full e-flex e-con e-child\" data-id=\"cf08db1\" data-element_type=\"container\" data-e-type=\"container\">\n\t\t\t\t<div class=\"elementor-element elementor-element-be172aa elementor-widget elementor-widget-image\" data-id=\"be172aa\" data-element_type=\"widget\" data-e-type=\"widget\" data-widget_type=\"image.default\">\n\t\t\t\t<div class=\"elementor-widget-container\">\n\t\t\t\t\t\t\t\t\t\t\t\t\t\t\t<img fetchpriority=\"high\" decoding=\"async\" width=\"650\" height=\"400\" src=\"https:\/\/upstateinternational.org\/wp-content\/uploads\/2024\/01\/upstate-international-greenville.webp\" class=\"attachment-large size-large wp-image-69587\" alt=\"\" srcset=\"https:\/\/upstateinternational.org\/wp-content\/uploads\/2024\/01\/upstate-international-greenville.webp 650w, https:\/\/upstateinternational.org\/wp-content\/uploads\/2024\/01\/upstate-international-greenville-300x185.webp 300w, https:\/\/upstateinternational.org\/wp-content\/uploads\/2024\/01\/upstate-international-greenville-600x369.webp 600w\" sizes=\"(max-width: 650px) 100vw, 650px\" \/>\t\t\t\t\t\t\t\t\t\t\t\t\t\t\t<\/div>\n\t\t\t\t<\/div>\n\t\t\t\t<\/div>\n\t\t<div class=\"elementor-element elementor-element-9c1c1f4 e-con-full e-flex e-con e-child\" data-id=\"9c1c1f4\" data-element_type=\"container\" data-e-type=\"container\">\n\t\t\t\t<div class=\"elementor-element elementor-element-ae59670 elementor-widget elementor-widget-heading\" data-id=\"ae59670\" data-element_type=\"widget\" data-e-type=\"widget\" data-widget_type=\"heading.default\">\n\t\t\t\t<div class=\"elementor-widget-container\">\n\t\t\t\t\t<h3 class=\"elementor-heading-title elementor-size-default\">Was Sie im Inneren finden<\/h3>\t\t\t\t<\/div>\n\t\t\t\t<\/div>\n\t\t\t\t<div class=\"elementor-element elementor-element-c14afbe elementor-widget elementor-widget-text-editor\" data-id=\"c14afbe\" data-element_type=\"widget\" data-e-type=\"widget\" data-widget_type=\"text-editor.default\">\n\t\t\t\t<div class=\"elementor-widget-container\">\n\t\t\t\t\t\t\t\t\t<p>Das Verzeichnis umfasst wesentliche Aspekte des Lebens im Upstate, darunter:<\/p><ul><li><strong>Wohnungs- und Umzugsdienstleistungen<\/strong> \u2013 Finde deinen Platz in der Gemeinschaft<\/li><li><strong>Gesundheit &amp; Wohlbefinden<\/strong> \u2013 Zugang zu medizinischer Versorgung, psychologischer Unterst\u00fctzung und Ressourcen des \u00f6ffentlichen Gesundheitswesens<\/li><li><strong>Sprache und Bildung<\/strong> \u2013 ESL-Programme, \u00dcbersetzungsdienste und Schulen<\/li><li><strong>Rechts- und Einwanderungsberatung<\/strong> \u2013 Vertrauensw\u00fcrdige Ansprechpartner f\u00fcr die Navigation durch Rechtssysteme<\/li><li><strong>Besch\u00e4ftigungs- und Karriereressourcen<\/strong> \u2013 Berufsausbildung, Networking und berufliche Weiterentwicklung<\/li><li><strong>Kultur- und Gemeinschaftsorganisationen<\/strong> \u2013 Vernetzen Sie sich mit Gruppen, die globale Perspektiven sch\u00e4tzen.<\/li><li><strong>Glaubensgemeinschaften<\/strong> \u2013 Erkunden Sie Gottesh\u00e4user verschiedener Traditionen<\/li><\/ul>\t\t\t\t\t\t\t\t<\/div>\n\t\t\t\t<\/div>\n\t\t\t\t<\/div>\n\t\t<div class=\"elementor-element elementor-element-276d50a e-con-full e-flex e-con e-child\" data-id=\"276d50a\" data-element_type=\"container\" data-e-type=\"container\" data-settings=\"{&quot;background_background&quot;:&quot;gradient&quot;}\">\n\t\t\t\t<div class=\"elementor-element elementor-element-7289f31 elementor-widget elementor-widget-spacer\" data-id=\"7289f31\" data-element_type=\"widget\" data-e-type=\"widget\" data-widget_type=\"spacer.default\">\n\t\t\t\t<div class=\"elementor-widget-container\">\n\t\t\t\t\t\t\t<div class=\"elementor-spacer\">\n\t\t\t<div class=\"elementor-spacer-inner\"><\/div>\n\t\t<\/div>\n\t\t\t\t\t\t<\/div>\n\t\t\t\t<\/div>\n\t\t\t\t<div class=\"elementor-element elementor-element-89bf8a2 elementor-widget elementor-widget-heading\" data-id=\"89bf8a2\" data-element_type=\"widget\" data-e-type=\"widget\" data-widget_type=\"heading.default\">\n\t\t\t\t<div class=\"elementor-widget-container\">\n\t\t\t\t\t<h2 class=\"elementor-heading-title elementor-size-default\">Entschuldigen Sie unseren Fortschritt.<\/h2>\t\t\t\t<\/div>\n\t\t\t\t<\/div>\n\t\t\t\t<div class=\"elementor-element elementor-element-0d4491f elementor-widget elementor-widget-heading\" data-id=\"0d4491f\" data-element_type=\"widget\" data-e-type=\"widget\" data-widget_type=\"heading.default\">\n\t\t\t\t<div class=\"elementor-widget-container\">\n\t\t\t\t\t<span class=\"elementor-heading-title elementor-size-default\">Ressourcen-PDF folgt in K\u00fcrze!<\/span>\t\t\t\t<\/div>\n\t\t\t\t<\/div>\n\t\t\t\t<div class=\"elementor-element elementor-element-a8bf865 elementor-widget elementor-widget-spacer\" data-id=\"a8bf865\" data-element_type=\"widget\" data-e-type=\"widget\" data-widget_type=\"spacer.default\">\n\t\t\t\t<div class=\"elementor-widget-container\">\n\t\t\t\t\t\t\t<div class=\"elementor-spacer\">\n\t\t\t<div class=\"elementor-spacer-inner\"><\/div>\n\t\t<\/div>\n\t\t\t\t\t\t<\/div>\n\t\t\t\t<\/div>\n\t\t\t\t<\/div>\n\t\t<div class=\"elementor-element elementor-element-a5f6434 e-con-full e-flex e-con e-child\" data-id=\"a5f6434\" data-element_type=\"container\" data-e-type=\"container\">\n\t\t<div class=\"elementor-element elementor-element-9dd3e8d e-con-full e-flex e-con e-child\" data-id=\"9dd3e8d\" data-element_type=\"container\" data-e-type=\"container\" data-settings=\"{&quot;background_background&quot;:&quot;gradient&quot;}\">\n\t\t\t\t<div class=\"elementor-element elementor-element-f37db99 elementor-widget elementor-widget-heading\" data-id=\"f37db99\" data-element_type=\"widget\" data-e-type=\"widget\" data-widget_type=\"heading.default\">\n\t\t\t\t<div class=\"elementor-widget-container\">\n\t\t\t\t\t<h3 class=\"elementor-heading-title elementor-size-default\">Ben\u00f6tigen Sie noch Hilfe? <\/h3>\t\t\t\t<\/div>\n\t\t\t\t<\/div>\n\t\t\t\t<div class=\"elementor-element elementor-element-92fa051 elementor-widget elementor-widget-text-editor\" data-id=\"92fa051\" data-element_type=\"widget\" data-e-type=\"widget\" data-widget_type=\"text-editor.default\">\n\t\t\t\t<div class=\"elementor-widget-container\">\n\t\t\t\t\t\t\t\t\t<p>Bitte <a href=\"https:\/\/upstateinternational.org\/de\/contact\/\">Kontaktieren Sie uns<\/a> Unser Team hilft Ihnen gerne weiter!<\/p>\t\t\t\t\t\t\t\t<\/div>\n\t\t\t\t<\/div>\n\t\t\t\t<div class=\"elementor-element elementor-element-c9bbd4a elementor-widget elementor-widget-button\" data-id=\"c9bbd4a\" data-element_type=\"widget\" data-e-type=\"widget\" data-widget_type=\"button.default\">\n\t\t\t\t<div class=\"elementor-widget-container\">\n\t\t\t\t\t\t\t\t\t<div class=\"elementor-button-wrapper\">\n\t\t\t\t\t<a class=\"elementor-button elementor-button-link elementor-size-sm\" href=\"https:\/\/upstateinternational.org\/de\/contact\/\">\n\t\t\t\t\t\t<span class=\"elementor-button-content-wrapper\">\n\t\t\t\t\t\t\t\t\t<span class=\"elementor-button-text\">Kontaktformular<\/span>\n\t\t\t\t\t<\/span>\n\t\t\t\t\t<\/a>\n\t\t\t\t<\/div>\n\t\t\t\t\t\t\t\t<\/div>\n\t\t\t\t<\/div>\n\t\t\t\t<\/div>\n\t\t\t\t<\/div>\n\t\t\t\t\t<\/div>\n\t\t\t\t<\/div>\n\t\t\t\t<\/div>","protected":false},"excerpt":{"rendered":"","protected":false},"author":1,"featured_media":0,"parent":0,"menu_order":0,"comment_status":"closed","ping_status":"closed","template":"","meta":{"_acf_changed":false,"_mo_disable_npp":"","footnotes":""},"class_list":["post-88102","page","type-page","status-publish","hentry"],"acf":[],"_links":{"self":[{"href":"https:\/\/upstateinternational.org\/de\/wp-json\/wp\/v2\/pages\/88102","targetHints":{"allow":["GET"]}}],"collection":[{"href":"https:\/\/upstateinternational.org\/de\/wp-json\/wp\/v2\/pages"}],"about":[{"href":"https:\/\/upstateinternational.org\/de\/wp-json\/wp\/v2\/types\/page"}],"author":[{"embeddable":true,"href":"https:\/\/upstateinternational.org\/de\/wp-json\/wp\/v2\/users\/1"}],"replies":[{"embeddable":true,"href":"https:\/\/upstateinternational.org\/de\/wp-json\/wp\/v2\/comments?post=88102"}],"version-history":[{"count":0,"href":"https:\/\/upstateinternational.org\/de\/wp-json\/wp\/v2\/pages\/88102\/revisions"}],"wp:attachment":[{"href":"https:\/\/upstateinternational.org\/de\/wp-json\/wp\/v2\/media?parent=88102"}],"curies":[{"name":"wp","href":"https:\/\/api.w.org\/{rel}","templated":true}]}}