{"id":88395,"date":"2025-10-11T10:37:04","date_gmt":"2025-10-11T14:37:04","guid":{"rendered":"https:\/\/ui-hybrid.local\/accessibility-statement\/"},"modified":"2025-10-11T10:37:04","modified_gmt":"2025-10-11T14:37:04","slug":"accessibility-statement","status":"publish","type":"page","link":"https:\/\/upstateinternational.org\/de\/accessibility-statement\/","title":{"rendered":"Accessibility statement"},"content":{"rendered":"<h6 class=\"wp-block-heading has-text-align-center\">Barrierefreiheitserkl\u00e4rung f\u00fcr https:\/\/upstateinternational.org<\/h6>\n\n\n<p><strong>Upstate International<\/strong> Wir setzen uns f\u00fcr digitale Barrierefreiheit f\u00fcr Menschen mit Behinderungen ein. Wir verbessern kontinuierlich die Benutzerfreundlichkeit f\u00fcr alle und wenden die relevanten Barrierefreiheitsstandards an.<\/p>\n\n\n<h6 class=\"wp-block-heading\">Konformit\u00e4tsstatus<\/h6>\n\n\n<p>Die Richtlinien f\u00fcr barrierefreie Webinhalte (WCAG) definieren Anforderungen f\u00fcr Designer und Entwickler, um die Barrierefreiheit f\u00fcr Menschen mit Behinderungen zu verbessern. Sie definieren drei Konformit\u00e4tsstufen: Stufe A, Stufe AA und Stufe AAA.<\/p>\n\n\n<p><strong>Upstate International<\/strong> ist st\u00e4ndig bestrebt, die Zug\u00e4nglichkeit seiner Website und Dienste zu verbessern, in der \u00dcberzeugung, dass es unsere gemeinsame moralische Verpflichtung ist, Menschen mit Behinderungen eine reibungslose, barrierefreie und ungehinderte Nutzung zu erm\u00f6glichen.<\/p>\n\n\n<p>Wir streben danach, alle Seiten und Inhalte auf <strong>https:\/\/upstateinternational.org<\/strong> Die Inhalte sind zwar zug\u00e4nglich, erf\u00fcllen aber m\u00f6glicherweise noch nicht vollst\u00e4ndig die h\u00f6chsten Barrierefreiheitsstandards. Dies k\u00f6nnte an Schwierigkeiten bei der Auswahl der geeignetsten technischen L\u00f6sung liegen.<\/p>\n\n\n<p>Wir k\u00f6nnen diese Erkl\u00e4rung regelm\u00e4\u00dfig \u00fcberarbeiten, um Verbesserungen oder \u00c4nderungen unserer Zug\u00e4nglichkeitspraktiken widerzuspiegeln.<\/p>\n\n\n<h6 class=\"wp-block-heading\">R\u00fcckmeldung<\/h6>\n\n\n<p>Wir freuen uns \u00fcber Ihr Feedback zur Barrierefreiheit von <strong>Upstate International<\/strong> Website. Bitte teilen Sie uns mit, wenn Sie auf unserer Website auf Barrieren sto\u00dfen:<\/p>\n\n\n<p>E-Mail: <strong>info@upstateinternational.org<\/strong><\/p>\n\n\n<p>Wir bem\u00fchen uns, innerhalb von 3\u20135 Werktagen auf Feedback zu antworten.<\/p>\n\n\n<p>Diese Erkl\u00e4rung wurde am 10.11.2025 erstellt. <\/p>","protected":false},"excerpt":{"rendered":"","protected":false},"author":1,"featured_media":0,"parent":0,"menu_order":0,"comment_status":"closed","ping_status":"closed","template":"","meta":{"_acf_changed":false,"_mo_disable_npp":"","footnotes":""},"class_list":["post-88395","page","type-page","status-publish","hentry"],"acf":[],"_links":{"self":[{"href":"https:\/\/upstateinternational.org\/de\/wp-json\/wp\/v2\/pages\/88395","targetHints":{"allow":["GET"]}}],"collection":[{"href":"https:\/\/upstateinternational.org\/de\/wp-json\/wp\/v2\/pages"}],"about":[{"href":"https:\/\/upstateinternational.org\/de\/wp-json\/wp\/v2\/types\/page"}],"author":[{"embeddable":true,"href":"https:\/\/upstateinternational.org\/de\/wp-json\/wp\/v2\/users\/1"}],"replies":[{"embeddable":true,"href":"https:\/\/upstateinternational.org\/de\/wp-json\/wp\/v2\/comments?post=88395"}],"version-history":[{"count":0,"href":"https:\/\/upstateinternational.org\/de\/wp-json\/wp\/v2\/pages\/88395\/revisions"}],"wp:attachment":[{"href":"https:\/\/upstateinternational.org\/de\/wp-json\/wp\/v2\/media?parent=88395"}],"curies":[{"name":"wp","href":"https:\/\/api.w.org\/{rel}","templated":true}]}}