{"id":84683,"date":"2025-05-06T13:26:41","date_gmt":"2025-05-06T17:26:41","guid":{"rendered":"https:\/\/ui-hybrid.local\/?post_type=product&#038;p=84683"},"modified":"2025-10-31T08:35:12","modified_gmt":"2025-10-31T12:35:12","slug":"spanish-b2-therapeutic-autobiographical-writing-workshop","status":"publish","type":"product","link":"https:\/\/upstateinternational.org\/de\/produkt\/spanish-b2-therapeutic-autobiographical-writing-workshop\/","title":{"rendered":"Spanisch B2+ Workshop f\u00fcr therapeutisches Schreiben: Montags"},"content":{"rendered":"<p>Dieser Kurs ist ein therapeutischer Workshop f\u00fcr autobiografisches Schreiben \u2013 eine praxisorientierte und erfahrungsorientierte Reise. In den Sitzungen bearbeiten wir Schreib\u00fcbungen, die Ihnen helfen, Ihre pers\u00f6nlichen Erlebnisse zu erz\u00e4hlen und ihnen neue Bedeutung zu verleihen. Gleichzeitig haben Sie die M\u00f6glichkeit, Ihre Spanischkenntnisse im Schreiben zu verbessern, Ihren Wortschatz zu erweitern und Ihre Ausdrucksf\u00e4higkeit zu steigern. Es ist eine einzigartige Erfahrung, die Sie einl\u00e4dt, Ihre eigenen Geschichten und Lebenserfahrungen zu entdecken \u2013 und die sich zweifellos lohnt.<br \/>\nWir freuen uns darauf, Sie zu sehen!<\/p>\n<p>&nbsp;<\/p>\n<table>\n<tbody>\n<tr>\n<td>Objektiv:<\/td>\n<td>\n<ul>\n<li style=\"font-weight: 400;\" aria-level=\"1\"><span style=\"font-weight: 400;\">Die Teilnehmer werden darin geschult, autobiografisches Schreiben als therapeutisches Mittel zu nutzen, um wichtige Momente oder Lebensabschnitte zu erz\u00e4hlen, zu erforschen und neu zu interpretieren.<\/span><\/li>\n<\/ul>\n<\/td>\n<\/tr>\n<tr>\n<td>Erfordernis:<\/td>\n<td>\n<ul>\n<li style=\"font-weight: 400;\" aria-level=\"1\"><span style=\"font-weight: 400;\">Spanischkenntnisse auf B2-Niveau oder h\u00f6her<\/span><\/li>\n<\/ul>\n<\/td>\n<\/tr>\n<tr>\n<td>Lehrplanbeschreibung:<\/td>\n<td>\n<ul>\n<li style=\"font-weight: 400;\" aria-level=\"1\">\u00a0Kurze theoretische Einf\u00fchrung: <span style=\"font-weight: 400;\">Schl\u00fcsselkonzepte zur Kontextualisierung jedes Themas.<\/span><\/li>\n<\/ul>\n<ul>\n<li style=\"font-weight: 400;\" aria-level=\"1\">Gef\u00fchrte Schreib\u00fcbungen: <span style=\"font-weight: 400;\">Aktivit\u00e4ten zur Erforschung von Emotionen, Erfahrungen und deren Umdeutung.<\/span><\/li>\n<\/ul>\n<ul>\n<li style=\"font-weight: 400;\" aria-level=\"1\">Dynamik der Introspektion: <span style=\"font-weight: 400;\">Techniken wie gef\u00fchrte Meditationen und Visualisierungen, um eine Verbindung zu pers\u00f6nlichen Erfahrungen herzustellen.<\/span><\/li>\n<\/ul>\n<ul>\n<li style=\"font-weight: 400;\" aria-level=\"1\">Schreib- und Reflexionskreise: <span style=\"font-weight: 400;\">Gruppenr\u00e4ume, in denen die Teilnehmer ihre Texte teilen und Feedback sowie aktives Zuh\u00f6ren erhalten k\u00f6nnen.<\/span><\/li>\n<\/ul>\n<\/td>\n<\/tr>\n<tr>\n<td>Thematischer Inhalt:<\/td>\n<td>\n<ol>\n<li style=\"font-weight: 400;\" aria-level=\"1\">Einf\u00fchrung in das therapeutische Schreiben\n<ul>\n<li style=\"font-weight: 400;\" aria-level=\"2\"><span style=\"font-weight: 400;\">Was ist therapeutisches Schreiben und welche emotionalen Vorteile bietet es?<\/span><\/li>\n<li style=\"font-weight: 400;\" aria-level=\"2\"><span style=\"font-weight: 400;\">Der Unterschied zwischen dem Schreiben, um zu erz\u00e4hlen, und dem Schreiben, um zu heilen.<\/span><\/li>\n<li style=\"font-weight: 400;\" aria-level=\"2\"><span style=\"font-weight: 400;\">Erste \u00dcbungen: Emotionaler Ausdruck durch Worte.<\/span><\/li>\n<\/ul>\n<\/li>\n<\/ol>\n<ol>\n<li style=\"font-weight: 400;\" aria-level=\"1\">Techniken des autobiografischen Schreibens\n<ul>\n<li style=\"font-weight: 400;\" aria-level=\"2\"><span style=\"font-weight: 400;\">Wie man eine pers\u00f6nliche Erz\u00e4hlung strukturiert: Anfang, Verlauf und Schluss.<\/span><\/li>\n<li style=\"font-weight: 400;\" aria-level=\"2\"><span style=\"font-weight: 400;\">Die Bedeutung von Ehrlichkeit und Verletzlichkeit beim Schreiben.<\/span><\/li>\n<li style=\"font-weight: 400;\" aria-level=\"2\"><span style=\"font-weight: 400;\">Metaphern und Symbole verwenden, um tiefe Gef\u00fchle auszudr\u00fccken.<\/span><\/li>\n<li style=\"font-weight: 400;\" aria-level=\"2\">Praktische \u00dcbung:<span style=\"font-weight: 400;\"> \u201cDie Karte meiner Geschichte\u201d (Visualisierung und Erstellung einer Lebenszeitleiste).<\/span><\/li>\n<\/ul>\n<\/li>\n<\/ol>\n<ol>\n<li style=\"font-weight: 400;\" aria-level=\"1\">Erkundung pers\u00f6nlicher Erfahrungen\n<ul>\n<li style=\"font-weight: 400;\" aria-level=\"2\"><span style=\"font-weight: 400;\">Identifizierung von Schl\u00fcsselmomenten: Mutterschaft, Elternschaft oder Transformationsphasen.<\/span><\/li>\n<li style=\"font-weight: 400;\" aria-level=\"2\"><span style=\"font-weight: 400;\">Die mit diesen Erfahrungen verbundenen Emotionen reflektieren.<\/span><\/li>\n<li style=\"font-weight: 400;\" aria-level=\"2\">Praktische \u00dcbung:<span style=\"font-weight: 400;\"> \u201cBriefe an mein fr\u00fcheres Ich\u201d oder \u201cBriefe an mein Kind\u201d.\u201d<\/span><\/li>\n<\/ul>\n<\/li>\n<\/ol>\n<ol>\n<li style=\"font-weight: 400;\" aria-level=\"1\">Die eigene Geschichte neu gestalten\n<ul>\n<li style=\"font-weight: 400;\" aria-level=\"2\"><span style=\"font-weight: 400;\">Wie man herausfordernden Erfahrungen eine neue Bedeutung geben kann.<\/span><\/li>\n<li style=\"font-weight: 400;\" aria-level=\"2\"><span style=\"font-weight: 400;\">Erkenntnisse, Weiterentwicklung und St\u00e4rken identifizieren.<\/span><\/li>\n<li style=\"font-weight: 400;\" aria-level=\"2\">Praktische \u00dcbung:<span style=\"font-weight: 400;\"> \u201cVorher und Nachher\u201d (eine Erfahrung aus einer neuen Perspektive betrachten).<\/span><\/li>\n<\/ul>\n<\/li>\n<\/ol>\n<ol>\n<li style=\"font-weight: 400;\" aria-level=\"1\">Die Erz\u00e4hlung teilen: Vom \u2018Ich\u2019 zum \u2018Wir\u2019\n<ul>\n<li style=\"font-weight: 400;\" aria-level=\"2\"><span style=\"font-weight: 400;\">Die Vorteile des Teilens pers\u00f6nlicher Geschichten in einem gesch\u00fctzten Raum.<\/span><\/li>\n<li style=\"font-weight: 400;\" aria-level=\"2\"><span style=\"font-weight: 400;\">Gemeinschaft durch Worte schaffen.<\/span><\/li>\n<li style=\"font-weight: 400;\" aria-level=\"2\"><span style=\"font-weight: 400;\">Praktische \u00dcbung: Freiwilliges Lesen von Texten und respektvolles Feedback.<\/span><\/li>\n<\/ul>\n<\/li>\n<\/ol>\n<\/td>\n<\/tr>\n<\/tbody>\n<\/table>","protected":false},"excerpt":{"rendered":"","protected":false},"featured_media":0,"template":"","meta":{"_acf_changed":false,"_mo_disable_npp":"","wds_primary_product_brand":0,"wds_primary_product_cat":132},"product_brand":[],"product_cat":[146,132],"product_tag":[134],"class_list":{"0":"post-84683","1":"product","2":"type-product","3":"status-publish","5":"product_cat-events","6":"product_cat-language-class","7":"product_tag-spanish","9":"first","10":"instock","11":"downloadable","12":"virtual","13":"sold-individually","14":"taxable","15":"purchasable","16":"product-type-simple"},"acf":[],"_links":{"self":[{"href":"https:\/\/upstateinternational.org\/de\/wp-json\/wp\/v2\/product\/84683","targetHints":{"allow":["GET"]}}],"collection":[{"href":"https:\/\/upstateinternational.org\/de\/wp-json\/wp\/v2\/product"}],"about":[{"href":"https:\/\/upstateinternational.org\/de\/wp-json\/wp\/v2\/types\/product"}],"version-history":[{"count":0,"href":"https:\/\/upstateinternational.org\/de\/wp-json\/wp\/v2\/product\/84683\/revisions"}],"wp:attachment":[{"href":"https:\/\/upstateinternational.org\/de\/wp-json\/wp\/v2\/media?parent=84683"}],"wp:term":[{"taxonomy":"product_brand","embeddable":true,"href":"https:\/\/upstateinternational.org\/de\/wp-json\/wp\/v2\/product_brand?post=84683"},{"taxonomy":"product_cat","embeddable":true,"href":"https:\/\/upstateinternational.org\/de\/wp-json\/wp\/v2\/product_cat?post=84683"},{"taxonomy":"product_tag","embeddable":true,"href":"https:\/\/upstateinternational.org\/de\/wp-json\/wp\/v2\/product_tag?post=84683"}],"curies":[{"name":"wp","href":"https:\/\/api.w.org\/{rel}","templated":true}]}}