{"id":88446,"date":"2025-10-07T11:59:21","date_gmt":"2025-10-07T15:59:21","guid":{"rendered":"https:\/\/ui-hybrid.local\/?post_type=product&#038;p=88446"},"modified":"2025-11-17T11:36:04","modified_gmt":"2025-11-17T16:36:04","slug":"flip-the-seasons-craft-your-own-reversible-holiday-sign","status":"publish","type":"product","link":"https:\/\/upstateinternational.org\/de\/produkt\/flip-the-seasons-craft-your-own-reversible-holiday-sign\/","title":{"rendered":"UIWG-Weihnachtsbastelworkshop \u2013 Basteln und Mitnehmen"},"content":{"rendered":"<h4 class=\"product_title entry-title\">Die Jahreszeiten wechseln! Gestalte dein eigenes wendbares Weihnachtsschild<\/h4>\n<p data-start=\"233\" data-end=\"535\">Dieser Workshop mit Maria Brady bietet mehr als nur Basteln: Er ist eine Gelegenheit, zur Ruhe zu kommen, mit anderen in Kontakt zu treten und die festliche Stimmung zu genie\u00dfen. Sie erlernen einfache, aber lohnende DIY-Techniken und gestalten ein charmantes, beidseitig verwendbares Holzschild \u2013 perfekt f\u00fcr Ihr Zuhause oder als liebevolles Geschenk.<\/p>\n<p data-start=\"537\" data-end=\"885\">Die Teilnehmer erwartet ein entspanntes, praxisorientiertes Erlebnis. Alle Materialien werden gestellt, sodass sie sich ganz auf ihre Kreativit\u00e4t konzentrieren k\u00f6nnen. Sie nehmen nicht nur eine einzigartige saisonale Dekoration mit nach Hause, sondern erleben auch die Freude, etwas Sinnvolles selbst zu gestalten, und kn\u00fcpfen Kontakte zu anderen Bastelbegeisterten.<\/p>\n<p data-start=\"887\" data-end=\"974\">Da die Pl\u00e4tze begrenzt sind, um ein optimales Erlebnis zu gew\u00e4hrleisten, wird eine fr\u00fchzeitige Anmeldung empfohlen.<\/p>","protected":false},"excerpt":{"rendered":"","protected":false},"featured_media":89681,"template":"","meta":{"_acf_changed":false,"_mo_disable_npp":"","wds_primary_product_brand":0,"wds_primary_product_cat":0},"product_brand":[],"product_cat":[146],"product_tag":[],"class_list":{"0":"post-88446","1":"product","2":"type-product","3":"status-publish","4":"has-post-thumbnail","6":"product_cat-events","8":"first","9":"instock","10":"taxable","11":"shipping-taxable","12":"purchasable","13":"product-type-variable"},"acf":[],"_links":{"self":[{"href":"https:\/\/upstateinternational.org\/de\/wp-json\/wp\/v2\/product\/88446","targetHints":{"allow":["GET"]}}],"collection":[{"href":"https:\/\/upstateinternational.org\/de\/wp-json\/wp\/v2\/product"}],"about":[{"href":"https:\/\/upstateinternational.org\/de\/wp-json\/wp\/v2\/types\/product"}],"version-history":[{"count":0,"href":"https:\/\/upstateinternational.org\/de\/wp-json\/wp\/v2\/product\/88446\/revisions"}],"wp:featuredmedia":[{"embeddable":true,"href":"https:\/\/upstateinternational.org\/de\/wp-json\/wp\/v2\/media\/89681"}],"wp:attachment":[{"href":"https:\/\/upstateinternational.org\/de\/wp-json\/wp\/v2\/media?parent=88446"}],"wp:term":[{"taxonomy":"product_brand","embeddable":true,"href":"https:\/\/upstateinternational.org\/de\/wp-json\/wp\/v2\/product_brand?post=88446"},{"taxonomy":"product_cat","embeddable":true,"href":"https:\/\/upstateinternational.org\/de\/wp-json\/wp\/v2\/product_cat?post=88446"},{"taxonomy":"product_tag","embeddable":true,"href":"https:\/\/upstateinternational.org\/de\/wp-json\/wp\/v2\/product_tag?post=88446"}],"curies":[{"name":"wp","href":"https:\/\/api.w.org\/{rel}","templated":true}]}}