{"id":89880,"date":"2025-11-09T07:09:41","date_gmt":"2025-11-09T12:09:41","guid":{"rendered":"https:\/\/ui-hybrid.local\/?post_type=product&#038;p=89880"},"modified":"2025-11-25T15:49:59","modified_gmt":"2025-11-25T20:49:59","slug":"gateway-member","status":"publish","type":"product","link":"https:\/\/upstateinternational.org\/de\/produkt\/gateway-member\/","title":{"rendered":"Gateway-Mitglied"},"content":{"rendered":"<h3>Werden Sie Gateway-Mitglied und kn\u00fcpfen Sie Kontakte.<\/h3>\n<p>Diese Mitgliedschaftsstufe ist speziell f\u00fcr Neumitglieder konzipiert und bietet Ihnen vollen Zugang zu geselligen Veranstaltungen, Kulturprogrammen und erm\u00e4\u00dfigten Preisen f\u00fcr unsere beliebten Sprachkurse. Sie erhalten au\u00dferdem unseren monatlichen Mitglieder-Newsletter mit aktuellen Informationen, Highlights und M\u00f6glichkeiten zur aktiven Teilnahme.<\/p>\n<p><strong>Beginnen Sie Ihre Reise in einer einladenden Gemeinschaft weltoffener Einheimischer.<\/strong><\/p>\n<ul>\n<li>Zugang zu gesellschaftlichen Veranstaltungen, Treffen und kulturellen Programmen<\/li>\n<li>Mitgliederrabatt auf Sprachkurse<\/li>\n<li>Mitgliederrabatt auf bestimmte kulturelle Bildungsprogramme<\/li>\n<li>Mitglieder-Newsletter<\/li>\n<li>+$25 pro zus\u00e4tzlichem Familienmitglied<\/li>\n<li>Erm\u00e4\u00dfigte Mitgliedschaften sind einkommensabh\u00e4ngig erh\u00e4ltlich.*<\/li>\n<\/ul>\n<p><em>* $0 f\u00fcr Personen, deren Einkommen unterhalb der Armutsgrenze liegt, $25 f\u00fcr Personen, deren Einkommen zwischen 100% und 200% der Armutsgrenze liegt.<\/em><\/p>\n<p><a href=\"https:\/\/upstateinternational.org\/de\/scholarship\/\">Stipendium beantragen<\/a><\/p>","protected":false},"excerpt":{"rendered":"","protected":false},"featured_media":89881,"template":"","meta":{"_acf_changed":false,"_mo_disable_npp":"","wds_primary_product_brand":0,"wds_primary_product_cat":0},"product_brand":[],"product_cat":[127],"product_tag":[],"class_list":{"0":"post-89880","1":"product","2":"type-product","3":"status-publish","4":"has-post-thumbnail","6":"product_cat-memberships","8":"first","9":"instock","10":"virtual","11":"sold-individually","12":"taxable","13":"purchasable","14":"product-type-simple"},"acf":[],"_links":{"self":[{"href":"https:\/\/upstateinternational.org\/de\/wp-json\/wp\/v2\/product\/89880","targetHints":{"allow":["GET"]}}],"collection":[{"href":"https:\/\/upstateinternational.org\/de\/wp-json\/wp\/v2\/product"}],"about":[{"href":"https:\/\/upstateinternational.org\/de\/wp-json\/wp\/v2\/types\/product"}],"version-history":[{"count":0,"href":"https:\/\/upstateinternational.org\/de\/wp-json\/wp\/v2\/product\/89880\/revisions"}],"wp:featuredmedia":[{"embeddable":true,"href":"https:\/\/upstateinternational.org\/de\/wp-json\/wp\/v2\/media\/89881"}],"wp:attachment":[{"href":"https:\/\/upstateinternational.org\/de\/wp-json\/wp\/v2\/media?parent=89880"}],"wp:term":[{"taxonomy":"product_brand","embeddable":true,"href":"https:\/\/upstateinternational.org\/de\/wp-json\/wp\/v2\/product_brand?post=89880"},{"taxonomy":"product_cat","embeddable":true,"href":"https:\/\/upstateinternational.org\/de\/wp-json\/wp\/v2\/product_cat?post=89880"},{"taxonomy":"product_tag","embeddable":true,"href":"https:\/\/upstateinternational.org\/de\/wp-json\/wp\/v2\/product_tag?post=89880"}],"curies":[{"name":"wp","href":"https:\/\/api.w.org\/{rel}","templated":true}]}}