{"id":89885,"date":"2025-11-09T07:14:59","date_gmt":"2025-11-09T12:14:59","guid":{"rendered":"https:\/\/ui-hybrid.local\/?post_type=product&#038;p=89885"},"modified":"2025-11-25T15:49:47","modified_gmt":"2025-11-25T20:49:47","slug":"crossroads-collective","status":"publish","type":"product","link":"https:\/\/upstateinternational.org\/de\/produkt\/crossroads-collective\/","title":{"rendered":"Crossroads Collective"},"content":{"rendered":"<p><strong>Werde Mitglied, verschenke eine Mitgliedschaft.<\/strong><\/p>\n<p>Diese Stufe ist ideal f\u00fcr Mitglieder, die ihr Engagement f\u00fcr unsere Mission vertiefen m\u00f6chten. Zus\u00e4tzlich zu allen \u00fcblichen Mitgliedervorteilen erhalten Mitglieder des Crossroads Collective freien Eintritt zu zwei kulturellen Workshops oder Veranstaltungen der University of Iowa, einen Rabatt auf Tickets f\u00fcr unsere wichtigsten Spendenaktionen und werden in unserem Jahresbericht namentlich erw\u00e4hnt.<\/p>\n<p><strong>Damit m\u00f6chten wir uns f\u00fcr Ihre Hilfe beim Wachstum bedanken.<\/strong><\/p>\n<ul>\n<li>Hol dir eins, gib eins weiter \u2013 finanziert eine verg\u00fcnstigte Mitgliedschaft f\u00fcr eine inklusive Gemeinschaft<\/li>\n<li>Zugang zu gesellschaftlichen Veranstaltungen, Treffen und kulturellen Programmen<\/li>\n<li>Mitgliederrabatt auf Sprachkurse<\/li>\n<li>Mitgliederrabatt auf bestimmte kulturelle Bildungsprogramme<\/li>\n<li>+$25 pro zus\u00e4tzlichem Familienmitglied<\/li>\n<li>Kostenloses spezielles Kulturprogramm<\/li>\n<li>Anerkennung im Jahresbericht<\/li>\n<\/ul>","protected":false},"excerpt":{"rendered":"","protected":false},"featured_media":89883,"template":"","meta":{"_acf_changed":false,"_mo_disable_npp":"","wds_primary_product_brand":0,"wds_primary_product_cat":0},"product_brand":[],"product_cat":[127],"product_tag":[],"class_list":{"0":"post-89885","1":"product","2":"type-product","3":"status-publish","4":"has-post-thumbnail","6":"product_cat-memberships","8":"first","9":"instock","10":"virtual","11":"sold-individually","12":"taxable","13":"purchasable","14":"product-type-simple"},"acf":[],"_links":{"self":[{"href":"https:\/\/upstateinternational.org\/de\/wp-json\/wp\/v2\/product\/89885","targetHints":{"allow":["GET"]}}],"collection":[{"href":"https:\/\/upstateinternational.org\/de\/wp-json\/wp\/v2\/product"}],"about":[{"href":"https:\/\/upstateinternational.org\/de\/wp-json\/wp\/v2\/types\/product"}],"version-history":[{"count":0,"href":"https:\/\/upstateinternational.org\/de\/wp-json\/wp\/v2\/product\/89885\/revisions"}],"wp:featuredmedia":[{"embeddable":true,"href":"https:\/\/upstateinternational.org\/de\/wp-json\/wp\/v2\/media\/89883"}],"wp:attachment":[{"href":"https:\/\/upstateinternational.org\/de\/wp-json\/wp\/v2\/media?parent=89885"}],"wp:term":[{"taxonomy":"product_brand","embeddable":true,"href":"https:\/\/upstateinternational.org\/de\/wp-json\/wp\/v2\/product_brand?post=89885"},{"taxonomy":"product_cat","embeddable":true,"href":"https:\/\/upstateinternational.org\/de\/wp-json\/wp\/v2\/product_cat?post=89885"},{"taxonomy":"product_tag","embeddable":true,"href":"https:\/\/upstateinternational.org\/de\/wp-json\/wp\/v2\/product_tag?post=89885"}],"curies":[{"name":"wp","href":"https:\/\/api.w.org\/{rel}","templated":true}]}}