{"id":89887,"date":"2025-11-09T07:16:11","date_gmt":"2025-11-09T12:16:11","guid":{"rendered":"https:\/\/ui-hybrid.local\/?post_type=product&#038;p=89887"},"modified":"2025-11-25T15:50:04","modified_gmt":"2025-11-25T20:50:04","slug":"world-horizon-patron","status":"publish","type":"product","link":"https:\/\/upstateinternational.org\/de\/produkt\/world-horizon-patron\/","title":{"rendered":"Schirmherr von World Horizon"},"content":{"rendered":"<h3>Werden Sie F\u00f6rderer von World Horizon und verst\u00e4rken Sie Ihre Wirkung.<\/h3>\n<p>Diese Stufe richtet sich an Unternehmen und Privatpersonen, die unsere internationale Gemeinschaft aktiv unterst\u00fctzen m\u00f6chten. F\u00f6rderer erhalten alle Vorteile einer Mitgliedschaft \u2013 darunter ein kostenloser Sprachkurs pro Jahr f\u00fcr ein Teammitglied oder einen Gast, freier Eintritt zu allen Kulturworkshops und -veranstaltungen sowie \u00f6ffentliche Nennung in unserem Jahresbericht, Newsletter und bei unserer wichtigsten Spendenaktion.<\/p>\n<p><strong>Mit Ihrem Beitrag helfen Sie auch dabei, die Mitgliedschaft f\u00fcr bed\u00fcrftige Gemeindemitglieder zu subventionieren.<\/strong><\/p>\n<ul>\n<li>Zugang zu gesellschaftlichen Veranstaltungen, Treffen und kulturellen Programmen<\/li>\n<li>Mitgliederrabatt auf Sprachkurse<\/li>\n<li>Mitgliederrabatt auf bestimmte kulturelle Bildungsprogramme<\/li>\n<li>Mitglieder-Newsletter<\/li>\n<li>+$25 pro zus\u00e4tzlichem Familienmitglied<\/li>\n<li>Kostenloses spezielles Kulturprogramm<\/li>\n<li>Anerkennung im Jahresbericht<\/li>\n<li>Ein kostenloser Sprachkurs pro Person im laufenden Mitgliedschaftsjahr<\/li>\n<li>Anerkennung im Rahmen eines kostenlosen kulturellen Sonderprogramms<\/li>\n<li>Exklusive Veranstaltung f\u00fcr F\u00f6rderer mit Vorstandsmitgliedern<\/li>\n<li>Anerkennung auf der Website<\/li>\n<\/ul>","protected":false},"excerpt":{"rendered":"","protected":false},"featured_media":89882,"template":"","meta":{"_acf_changed":false,"_mo_disable_npp":"","wds_primary_product_brand":0,"wds_primary_product_cat":0},"product_brand":[],"product_cat":[127],"product_tag":[],"class_list":{"0":"post-89887","1":"product","2":"type-product","3":"status-publish","4":"has-post-thumbnail","6":"product_cat-memberships","8":"first","9":"instock","10":"virtual","11":"sold-individually","12":"taxable","13":"purchasable","14":"product-type-simple"},"acf":[],"_links":{"self":[{"href":"https:\/\/upstateinternational.org\/de\/wp-json\/wp\/v2\/product\/89887","targetHints":{"allow":["GET"]}}],"collection":[{"href":"https:\/\/upstateinternational.org\/de\/wp-json\/wp\/v2\/product"}],"about":[{"href":"https:\/\/upstateinternational.org\/de\/wp-json\/wp\/v2\/types\/product"}],"version-history":[{"count":0,"href":"https:\/\/upstateinternational.org\/de\/wp-json\/wp\/v2\/product\/89887\/revisions"}],"wp:featuredmedia":[{"embeddable":true,"href":"https:\/\/upstateinternational.org\/de\/wp-json\/wp\/v2\/media\/89882"}],"wp:attachment":[{"href":"https:\/\/upstateinternational.org\/de\/wp-json\/wp\/v2\/media?parent=89887"}],"wp:term":[{"taxonomy":"product_brand","embeddable":true,"href":"https:\/\/upstateinternational.org\/de\/wp-json\/wp\/v2\/product_brand?post=89887"},{"taxonomy":"product_cat","embeddable":true,"href":"https:\/\/upstateinternational.org\/de\/wp-json\/wp\/v2\/product_cat?post=89887"},{"taxonomy":"product_tag","embeddable":true,"href":"https:\/\/upstateinternational.org\/de\/wp-json\/wp\/v2\/product_tag?post=89887"}],"curies":[{"name":"wp","href":"https:\/\/api.w.org\/{rel}","templated":true}]}}