{"id":90344,"date":"2023-12-11T06:18:32","date_gmt":"2023-12-11T11:18:32","guid":{"rendered":"https:\/\/ui-hybrid.local\/product\/membership-2\/"},"modified":"2025-11-24T09:02:49","modified_gmt":"2025-11-24T14:02:49","slug":"membership-2","status":"publish","type":"product","link":"https:\/\/upstateinternational.org\/de\/produkt\/membership-2\/","title":{"rendered":"Mitgliedschaft"},"content":{"rendered":"<h3 style=\"color: #68c5d3;\"><strong>Die Unterst\u00fctzung durch die Mitgliedschaft bietet eine zentrale Anlaufstelle f\u00fcr Ressourcen und Kontakte, die unserer Region zu Wachstum und Erfolg verhilft.<\/strong><\/h3>\n<p>Unterst\u00fctzung der wirtschaftlichen Entwicklung und beruflicher Qualifikationen (Global Fluency Training, Sprachkurse, Ressourcenlisten f\u00fcr neu zugezogene Unternehmen)<\/p>\n<p>Bildung (Aufkl\u00e4rung benachteiligter Sch\u00fcler \u00fcber globale Karrierewege und Unterst\u00fctzung von Universit\u00e4ten bei der Vorbereitung ihrer Studenten auf Visuminterviews, Vortr\u00e4ge an Universit\u00e4ten)<\/p>\n<p>eine Mission der Vielfalt und Inklusion leben (Barrieren f\u00fcr die Programmgestaltung beseitigen, kulturelle Vielfalt feiern, interkulturelle Schulungen, Dolmetsch- und \u00dcbersetzungsunterst\u00fctzung anbieten, sicherstellen, dass unser UI-Vorstand die Vielfalt von Alter, Geschlecht, Rasse, Religion, Wirtschaft und Kultur widerspiegelt)<\/p>\n<p>Unterst\u00fctzung der Bem\u00fchungen anderer gemeinn\u00fctziger Organisationen durch kostenloses Marketing und Werbung f\u00fcr alle international relevanten Veranstaltungen und Initiativen im Upstate.<\/p>","protected":false},"excerpt":{"rendered":"","protected":false},"featured_media":58734,"template":"","meta":{"_acf_changed":false,"_mo_disable_npp":"","wds_primary_product_brand":0,"wds_primary_product_cat":0},"product_brand":[],"product_cat":[127],"product_tag":[],"class_list":{"0":"post-90344","1":"product","2":"type-product","3":"status-publish","4":"has-post-thumbnail","6":"product_cat-memberships","8":"first","9":"instock","10":"featured","11":"taxable","12":"shipping-taxable","13":"product-type-simple"},"acf":[],"_links":{"self":[{"href":"https:\/\/upstateinternational.org\/de\/wp-json\/wp\/v2\/product\/90344","targetHints":{"allow":["GET"]}}],"collection":[{"href":"https:\/\/upstateinternational.org\/de\/wp-json\/wp\/v2\/product"}],"about":[{"href":"https:\/\/upstateinternational.org\/de\/wp-json\/wp\/v2\/types\/product"}],"version-history":[{"count":0,"href":"https:\/\/upstateinternational.org\/de\/wp-json\/wp\/v2\/product\/90344\/revisions"}],"wp:featuredmedia":[{"embeddable":true,"href":"https:\/\/upstateinternational.org\/de\/wp-json\/wp\/v2\/media\/58734"}],"wp:attachment":[{"href":"https:\/\/upstateinternational.org\/de\/wp-json\/wp\/v2\/media?parent=90344"}],"wp:term":[{"taxonomy":"product_brand","embeddable":true,"href":"https:\/\/upstateinternational.org\/de\/wp-json\/wp\/v2\/product_brand?post=90344"},{"taxonomy":"product_cat","embeddable":true,"href":"https:\/\/upstateinternational.org\/de\/wp-json\/wp\/v2\/product_cat?post=90344"},{"taxonomy":"product_tag","embeddable":true,"href":"https:\/\/upstateinternational.org\/de\/wp-json\/wp\/v2\/product_tag?post=90344"}],"curies":[{"name":"wp","href":"https:\/\/api.w.org\/{rel}","templated":true}]}}