{"id":90353,"date":"2024-09-11T15:59:30","date_gmt":"2024-09-11T19:59:30","guid":{"rendered":"https:\/\/ui-hybrid.local\/product\/french-a1-regular-wednesdays-2-2\/"},"modified":"2025-11-24T09:02:51","modified_gmt":"2025-11-24T14:02:51","slug":"french-a1-regular-wednesdays-2-2","status":"publish","type":"product","link":"https:\/\/upstateinternational.org\/de\/produkt\/french-a1-regular-wednesdays-2-2\/","title":{"rendered":"Franz\u00f6sisch A1 Regelm\u00e4\u00dfig: Mittwochs"},"content":{"rendered":"<p><span data-sheets-root=\"1\" data-sheets-value=\"{&quot;1&quot;:2,&quot;2&quot;:&quot;Stimulate your brain by learning a new language or building on your current foreign language skills at Upstate International! Learning a new language is a known way to enhance your ability to multitask, improve memory and communication skills, and upgrade your professional skills. It is also a way to enhance your travel experiences, broaden your global perspective, and open doors to you all around the world \u2013 globalization, right? Join UI on this journey! nnRegular classes meet once a week for a total of 75 minutes. Intensive classes meet twice a week for a total of 90 minutes. Students MUST BE members of UI in order to take a language class. Classes are online and in-person. Scroll down to see the start and end dates for your class, and location. Fees are NON-REFUNDABLE unless cancelled by UI.&quot;}\" data-sheets-userformat=\"{&quot;2&quot;:6529,&quot;3&quot;:{&quot;1&quot;:0,&quot;3&quot;:1},&quot;10&quot;:0,&quot;11&quot;:4,&quot;14&quot;:{&quot;1&quot;:3,&quot;3&quot;:1},&quot;15&quot;:&quot;Arial&quot;}\">F\u00f6rdern Sie Ihre geistige Fitness, indem Sie bei Upstate International eine neue Sprache lernen oder Ihre bestehenden Fremdsprachenkenntnisse vertiefen! Sprachenlernen ist ein bew\u00e4hrtes Mittel, um Multitasking-F\u00e4higkeiten zu verbessern, das Ged\u00e4chtnis und die Kommunikationsf\u00e4higkeit zu st\u00e4rken und die beruflichen Kompetenzen auszubauen. Es bereichert au\u00dferdem Ihre Reiseerlebnisse, erweitert Ihren Horizont und \u00f6ffnet Ihnen T\u00fcren in der ganzen Welt \u2013 Globalisierung, nicht wahr? Begleiten Sie UI auf dieser Reise!<\/span><\/p>\n<p>Der regul\u00e4re Unterricht findet einmal w\u00f6chentlich f\u00fcr insgesamt 75 Minuten statt. Intensivkurse finden zweimal w\u00f6chentlich f\u00fcr insgesamt 90 Minuten statt. Die Teilnahme an einem Sprachkurs setzt eine Mitgliedschaft an der UI voraus. Der Unterricht findet online und in Pr\u00e4senz statt. Scrollen Sie nach unten, um die Start- und Endtermine sowie den Veranstaltungsort Ihres Kurses einzusehen. Die Kursgeb\u00fchren sind nicht erstattungsf\u00e4hig, es sei denn, der Kurs wird von der UI abgesagt.<\/p>","protected":false},"excerpt":{"rendered":"","protected":false},"featured_media":0,"template":"","meta":{"_acf_changed":false,"_mo_disable_npp":"","wds_primary_product_brand":0,"wds_primary_product_cat":132},"product_brand":[],"product_cat":[132],"product_tag":[140],"class_list":{"0":"post-90353","1":"product","2":"type-product","3":"status-publish","5":"product_cat-language-class","6":"product_tag-french","8":"first","9":"outofstock","10":"downloadable","11":"virtual","12":"taxable","13":"purchasable","14":"product-type-simple"},"acf":[],"_links":{"self":[{"href":"https:\/\/upstateinternational.org\/de\/wp-json\/wp\/v2\/product\/90353","targetHints":{"allow":["GET"]}}],"collection":[{"href":"https:\/\/upstateinternational.org\/de\/wp-json\/wp\/v2\/product"}],"about":[{"href":"https:\/\/upstateinternational.org\/de\/wp-json\/wp\/v2\/types\/product"}],"version-history":[{"count":0,"href":"https:\/\/upstateinternational.org\/de\/wp-json\/wp\/v2\/product\/90353\/revisions"}],"wp:attachment":[{"href":"https:\/\/upstateinternational.org\/de\/wp-json\/wp\/v2\/media?parent=90353"}],"wp:term":[{"taxonomy":"product_brand","embeddable":true,"href":"https:\/\/upstateinternational.org\/de\/wp-json\/wp\/v2\/product_brand?post=90353"},{"taxonomy":"product_cat","embeddable":true,"href":"https:\/\/upstateinternational.org\/de\/wp-json\/wp\/v2\/product_cat?post=90353"},{"taxonomy":"product_tag","embeddable":true,"href":"https:\/\/upstateinternational.org\/de\/wp-json\/wp\/v2\/product_tag?post=90353"}],"curies":[{"name":"wp","href":"https:\/\/api.w.org\/{rel}","templated":true}]}}