{"id":90364,"date":"2025-03-31T14:40:43","date_gmt":"2025-03-31T18:40:43","guid":{"rendered":"https:\/\/ui-hybrid.local\/product\/africa-and-the-global-economy-2\/"},"modified":"2026-02-24T10:53:41","modified_gmt":"2026-02-24T15:53:41","slug":"africa-and-the-global-economy-2","status":"publish","type":"product","link":"https:\/\/upstateinternational.org\/de\/produkt\/africa-and-the-global-economy-2\/","title":{"rendered":"Afrikas wirtschaftliche Renaissance: Barrieren \u00fcberwinden, Zukunft gestalten"},"content":{"rendered":"<p>Themenbezogene Diskussionsfragen:<\/p>\n<p class=\"\" data-start=\"41\" data-end=\"585\"><strong>Frau Gugu Selela<\/strong> Der Vortrag beleuchtet Afrikas sich wandelnde Rolle in der Weltwirtschaft und untersucht sein wirtschaftliches Potenzial, seine strukturellen Herausforderungen und die Chancen f\u00fcr einen Wandel. Dabei werden historische und gegenw\u00e4rtige Faktoren, die die afrikanische Wirtschaftslandschaft pr\u00e4gen, wie koloniale Hinterlassenschaften, Handelsungleichgewichte und ausl\u00e4ndische Investitionen, eingehen. Frau Selela wird zudem die entscheidende Rolle afrikanischer Frauen in der wirtschaftlichen Entwicklung hervorheben und die Notwendigkeit afrikanisch gef\u00fchrter L\u00f6sungen betonen, die Gerechtigkeit, Innovation und langfristigen Wohlstand in den Vordergrund stellen.<\/p>\n<p class=\"\" data-start=\"587\" data-end=\"626\">Zu den wichtigsten Diskussionsfragen geh\u00f6ren:<\/p>\n<ul data-start=\"628\" data-end=\"1314\" data-is-last-node=\"\" data-is-only-node=\"\">\n<li class=\"\" data-start=\"628\" data-end=\"723\">\n<p class=\"\" data-start=\"630\" data-end=\"723\">Wie haben Kolonialgeschichte und Handelsungleichgewichte die aktuelle wirtschaftliche Lage Afrikas gepr\u00e4gt?<\/p>\n<\/li>\n<li class=\"\" data-start=\"724\" data-end=\"830\">\n<p class=\"\" data-start=\"726\" data-end=\"830\">Welche strukturellen Herausforderungen behindern weiterhin das Wirtschaftswachstum Afrikas, und wie k\u00f6nnen diese bew\u00e4ltigt werden?<\/p>\n<\/li>\n<li class=\"\" data-start=\"831\" data-end=\"951\">\n<p class=\"\" data-start=\"833\" data-end=\"951\">Wie wirken sich ausl\u00e4ndische Investitionen auf die Entwicklung Afrikas aus \u2013 sind sie ein Weg zum Fortschritt oder eine Form wirtschaftlicher Abh\u00e4ngigkeit?<\/p>\n<\/li>\n<li class=\"\" data-start=\"952\" data-end=\"1092\">\n<p class=\"\" data-start=\"954\" data-end=\"1092\">Welche Rolle spielen afrikanische Frauen bei der F\u00f6rderung des wirtschaftlichen Wandels, und wie k\u00f6nnen geschlechtergerechte Strategien nachhaltiges Wachstum beschleunigen?<\/p>\n<\/li>\n<li class=\"\" data-start=\"1093\" data-end=\"1221\">\n<p class=\"\" data-start=\"1095\" data-end=\"1221\">Wie k\u00f6nnen afrikanische Nationen eine Vorreiterrolle bei der Gestaltung wirtschaftspolitischer Ma\u00dfnahmen einnehmen, die Innovation, Gerechtigkeit und langfristigen Wohlstand f\u00f6rdern?<\/p>\n<\/li>\n<\/ul>\n<p>&nbsp;<\/p>\n<hr \/>\n<p><em>\u201eBeyond the Headlines\u201c ist eine Vortragsreihe mit anschlie\u00dfender Mittagspause, die faktenbasierte Informationen zu den dr\u00e4ngendsten globalen Problemen unserer Zeit pr\u00e4sentiert. F\u00fchrende Experten aus Wissenschaft und Forschung geben Einblicke in das jeweilige Thema und erl\u00e4utern es, bevor die Zuh\u00f6rer Fragen stellen und diskutieren k\u00f6nnen. Diese unpolitische Plattform f\u00fcr sensible Themen erm\u00f6glicht es den Teilnehmenden, ihren Horizont zu erweitern und Fragen zu stellen, die ihr Verst\u00e4ndnis des Themas vertiefen. Die Veranstaltungsreihe ist kostenlos (ohne Mittagessen) und f\u00fcr alle Interessierten offen.<\/em><\/p>","protected":false},"excerpt":{"rendered":"","protected":false},"featured_media":83871,"template":"","meta":{"_acf_changed":false,"_mo_disable_npp":"","wds_primary_product_brand":0,"wds_primary_product_cat":0},"product_brand":[],"product_cat":[146],"product_tag":[],"class_list":{"0":"post-90364","1":"product","2":"type-product","3":"status-publish","4":"has-post-thumbnail","6":"product_cat-events","8":"first","9":"instock","10":"taxable","11":"shipping-taxable","12":"product-type-simple"},"acf":[],"_links":{"self":[{"href":"https:\/\/upstateinternational.org\/de\/wp-json\/wp\/v2\/product\/90364","targetHints":{"allow":["GET"]}}],"collection":[{"href":"https:\/\/upstateinternational.org\/de\/wp-json\/wp\/v2\/product"}],"about":[{"href":"https:\/\/upstateinternational.org\/de\/wp-json\/wp\/v2\/types\/product"}],"version-history":[{"count":2,"href":"https:\/\/upstateinternational.org\/de\/wp-json\/wp\/v2\/product\/90364\/revisions"}],"predecessor-version":[{"id":93789,"href":"https:\/\/upstateinternational.org\/de\/wp-json\/wp\/v2\/product\/90364\/revisions\/93789"}],"wp:featuredmedia":[{"embeddable":true,"href":"https:\/\/upstateinternational.org\/de\/wp-json\/wp\/v2\/media\/83871"}],"wp:attachment":[{"href":"https:\/\/upstateinternational.org\/de\/wp-json\/wp\/v2\/media?parent=90364"}],"wp:term":[{"taxonomy":"product_brand","embeddable":true,"href":"https:\/\/upstateinternational.org\/de\/wp-json\/wp\/v2\/product_brand?post=90364"},{"taxonomy":"product_cat","embeddable":true,"href":"https:\/\/upstateinternational.org\/de\/wp-json\/wp\/v2\/product_cat?post=90364"},{"taxonomy":"product_tag","embeddable":true,"href":"https:\/\/upstateinternational.org\/de\/wp-json\/wp\/v2\/product_tag?post=90364"}],"curies":[{"name":"wp","href":"https:\/\/api.w.org\/{rel}","templated":true}]}}