{"id":90397,"date":"2025-11-07T09:18:04","date_gmt":"2025-11-07T14:18:04","guid":{"rendered":"https:\/\/ui-hybrid.local\/product\/15th-annual-german-holiday-party\/"},"modified":"2026-02-24T10:45:18","modified_gmt":"2026-02-24T15:45:18","slug":"15th-annual-german-holiday-party","status":"publish","type":"product","link":"https:\/\/upstateinternational.org\/de\/produkt\/15th-annual-german-holiday-party\/","title":{"rendered":"15. j\u00e4hrliche deutsche Weihnachtsfeier"},"content":{"rendered":"<p><span style=\"color: #ff0000;\"><strong>Feiern Sie den Beginn der Weihnachtszeit auf traditionell deutsche Art.<\/strong><\/span><\/p>\n<p>Der Christkindlesmarkt ist ein Stra\u00dfenmarkt, der in ganz Deutschland w\u00e4hrend der vier Adventswochen vor Weihnachten gefeiert wird. Auf diesen M\u00e4rkten kann man Kunsthandwerk und Weihnachtsdekoration kaufen, Weihnachtsmusik h\u00f6ren und vieles mehr. <em>Gl\u00fchwein<\/em>, Bratwurst und viele s\u00fc\u00dfe Leckereien.<\/p>\n<p><em>Gl\u00fchwein<\/em> Gl\u00fchwein ist ein \u2013 meist roter \u2013 gew\u00fcrzter Gl\u00fchwein, der dazu dient, die Menschen bei kaltem Wetter warmzuhalten.<\/p>\n<p>Wir laden Sie herzlich zu unserer deutschen Weihnachtsfeier ein! Genie\u00dfen Sie Bratwurst, Sauerkraut, Kartoffelsalat, s\u00fc\u00dfen Stollen, weitere deutsche Leckereien und traditionelle Wintergetr\u00e4nke.<\/p>\n<p><span style=\"color: #008000;\"><em>Es findet eine chinesische Tombola mit tollen Preisen statt. Lose kosten 1 TP4T1 pro St\u00fcck. 11 Lose gibt es f\u00fcr 1 TP4T10. Bitte bringen Sie Bargeld oder einen Scheck mit! Der Erl\u00f6s der Tombola wird gespendet an [Name der Organisation\/Organisation einf\u00fcgen]. <\/em><em>Folgende lokale Organisationen: Period Project\/ Safe Harbor\/ Jasmine Road.<\/em><\/span><\/p>\n<p><strong>Kosten pro Person:<\/strong> $30 f\u00fcr Mitglieder von Upstate International | $35 f\u00fcr Nicht-Mitglieder<br \/>\nBei Stornierung erfolgt keine R\u00fcckerstattung. Nur Reservierungen, Tickets werden nicht an der Abendkasse verkauft.<\/p>\n<p><strong>Einsendeschluss: Montag, 1.12.2025<\/strong><\/p>\n<p>Haben Sie Fragen? Bitte kontaktieren Sie uns unter internationalwg@upstateinternational.org<\/p>","protected":false},"excerpt":{"rendered":"","protected":false},"featured_media":90398,"template":"","meta":{"_acf_changed":false,"_mo_disable_npp":"","wds_primary_product_brand":0,"wds_primary_product_cat":0},"product_brand":[],"product_cat":[146],"product_tag":[],"class_list":{"0":"post-90397","1":"product","2":"type-product","3":"status-publish","4":"has-post-thumbnail","6":"product_cat-events","8":"first","9":"outofstock","10":"taxable","11":"shipping-taxable","12":"purchasable","13":"product-type-variable"},"acf":[],"_links":{"self":[{"href":"https:\/\/upstateinternational.org\/de\/wp-json\/wp\/v2\/product\/90397","targetHints":{"allow":["GET"]}}],"collection":[{"href":"https:\/\/upstateinternational.org\/de\/wp-json\/wp\/v2\/product"}],"about":[{"href":"https:\/\/upstateinternational.org\/de\/wp-json\/wp\/v2\/types\/product"}],"version-history":[{"count":1,"href":"https:\/\/upstateinternational.org\/de\/wp-json\/wp\/v2\/product\/90397\/revisions"}],"predecessor-version":[{"id":93786,"href":"https:\/\/upstateinternational.org\/de\/wp-json\/wp\/v2\/product\/90397\/revisions\/93786"}],"wp:featuredmedia":[{"embeddable":true,"href":"https:\/\/upstateinternational.org\/de\/wp-json\/wp\/v2\/media\/90398"}],"wp:attachment":[{"href":"https:\/\/upstateinternational.org\/de\/wp-json\/wp\/v2\/media?parent=90397"}],"wp:term":[{"taxonomy":"product_brand","embeddable":true,"href":"https:\/\/upstateinternational.org\/de\/wp-json\/wp\/v2\/product_brand?post=90397"},{"taxonomy":"product_cat","embeddable":true,"href":"https:\/\/upstateinternational.org\/de\/wp-json\/wp\/v2\/product_cat?post=90397"},{"taxonomy":"product_tag","embeddable":true,"href":"https:\/\/upstateinternational.org\/de\/wp-json\/wp\/v2\/product_tag?post=90397"}],"curies":[{"name":"wp","href":"https:\/\/api.w.org\/{rel}","templated":true}]}}