{"id":59019,"date":"2023-07-27T09:33:56","date_gmt":"2023-07-27T13:33:56","guid":{"rendered":"https:\/\/localhost:10096\/?page_id=59019"},"modified":"2025-09-28T11:50:12","modified_gmt":"2025-09-28T15:50:12","slug":"international-directory","status":"publish","type":"page","link":"https:\/\/upstateinternational.org\/es\/international-directory\/","title":{"rendered":"International Directory"},"content":{"rendered":"<div data-elementor-type=\"wp-page\" data-elementor-id=\"59019\" class=\"elementor elementor-59019\" data-elementor-post-type=\"page\">\n\t\t\t\t<div class=\"elementor-element elementor-element-50b34d3 e-flex e-con-boxed e-con e-parent\" data-id=\"50b34d3\" data-element_type=\"container\" data-e-type=\"container\" data-settings=\"{&quot;background_background&quot;:&quot;classic&quot;}\">\n\t\t\t\t\t<div class=\"e-con-inner\">\n\t\t<div class=\"elementor-element elementor-element-8d97af7 e-con-full e-flex e-con e-child\" data-id=\"8d97af7\" data-element_type=\"container\" data-e-type=\"container\">\n\t\t\t\t<div class=\"elementor-element elementor-element-08a14a9 elementor-widget elementor-widget-heading\" data-id=\"08a14a9\" data-element_type=\"widget\" data-e-type=\"widget\" data-widget_type=\"heading.default\">\n\t\t\t\t<div class=\"elementor-widget-container\">\n\t\t\t\t\t<h1 class=\"elementor-heading-title elementor-size-default\">Directorio internacional de recursos<\/h1>\t\t\t\t<\/div>\n\t\t\t\t<\/div>\n\t\t\t\t<div class=\"elementor-element elementor-element-e3e7b47 elementor-widget elementor-widget-heading\" data-id=\"e3e7b47\" data-element_type=\"widget\" data-e-type=\"widget\" data-widget_type=\"heading.default\">\n\t\t\t\t<div class=\"elementor-widget-container\">\n\t\t\t\t\t<span class=\"elementor-heading-title elementor-size-default\">Recursos para nuestra comunidad del norte del estado<\/span>\t\t\t\t<\/div>\n\t\t\t\t<\/div>\n\t\t\t\t<\/div>\n\t\t\t\t\t<\/div>\n\t\t\t\t<\/div>\n\t\t<div class=\"elementor-element elementor-element-0b536fe e-flex e-con-boxed e-con e-parent\" data-id=\"0b536fe\" data-element_type=\"container\" data-e-type=\"container\">\n\t\t\t\t\t<div class=\"e-con-inner\">\n\t\t<div class=\"elementor-element elementor-element-2fc6d71 e-con-full e-flex e-con e-child\" data-id=\"2fc6d71\" data-element_type=\"container\" data-e-type=\"container\">\n\t\t\t\t<div class=\"elementor-element elementor-element-12033e6 elementor-widget elementor-widget-heading\" data-id=\"12033e6\" data-element_type=\"widget\" data-e-type=\"widget\" data-widget_type=\"heading.default\">\n\t\t\t\t<div class=\"elementor-widget-container\">\n\t\t\t\t\t<h3 class=\"elementor-heading-title elementor-size-default\">\u00a1Bienvenido al Upstate!<\/h3>\t\t\t\t<\/div>\n\t\t\t\t<\/div>\n\t\t\t\t<div class=\"elementor-element elementor-element-e59043b elementor-widget elementor-widget-text-editor\" data-id=\"e59043b\" data-element_type=\"widget\" data-e-type=\"widget\" data-widget_type=\"text-editor.default\">\n\t\t\t\t<div class=\"elementor-widget-container\">\n\t\t\t\t\t\t\t\t\t<p>\u00a1En Upstate International nos complace darte la bienvenida a la comunidad de Upstate! Mudarse a un nuevo pa\u00eds o estado es una de las aventuras m\u00e1s emocionantes y desafiantes que jam\u00e1s hayas vivido. En Upstate International, nos esforzamos por fortalecer tu confianza para desenvolverte en la comunidad de Upstate y que puedas prosperar y encontrar tu lugar. UI ofrece recursos relacionados con aspectos esenciales de la vida diaria para ayudarte con tu adaptaci\u00f3n. \u00a1Si\u00e9ntete como en casa!<\/p>\t\t\t\t\t\t\t\t<\/div>\n\t\t\t\t<\/div>\n\t\t<div class=\"elementor-element elementor-element-0f49a5f e-con-full e-flex e-con e-child\" data-id=\"0f49a5f\" data-element_type=\"container\" data-e-type=\"container\" data-settings=\"{&quot;background_background&quot;:&quot;gradient&quot;}\">\n\t\t\t\t<div class=\"elementor-element elementor-element-19767be elementor-widget elementor-widget-text-editor\" data-id=\"19767be\" data-element_type=\"widget\" data-e-type=\"widget\" data-widget_type=\"text-editor.default\">\n\t\t\t\t<div class=\"elementor-widget-container\">\n\t\t\t\t\t\t\t\t\t<p><strong>TENGA EN CUENTA:<\/strong> Upstate International no respalda a ninguna de las entidades aqu\u00ed listadas y no se responsabiliza de los problemas derivados de transacciones privadas. Cada persona debe usar su propia discreci\u00f3n al evaluar el m\u00e9rito de los contactos aqu\u00ed listados. Si desea que su empresa se incluya a continuaci\u00f3n, por favor... <a href=\"mailto:tracie@upstateinternational.org\" rel=\"noopener noreferrer\">Comun\u00edquese con el Director Ejecutivo de Upstate International<\/a>.<\/p>\t\t\t\t\t\t\t\t<\/div>\n\t\t\t\t<\/div>\n\t\t\t\t<\/div>\n\t\t\t\t<\/div>\n\t\t<div class=\"elementor-element elementor-element-4e9212b e-con-full e-flex e-con e-child\" data-id=\"4e9212b\" data-element_type=\"container\" data-e-type=\"container\">\n\t\t\t\t<div class=\"elementor-element elementor-element-6caf027 elementor-widget elementor-widget-image\" data-id=\"6caf027\" data-element_type=\"widget\" data-e-type=\"widget\" data-widget_type=\"image.default\">\n\t\t\t\t<div class=\"elementor-widget-container\">\n\t\t\t\t\t\t\t\t\t\t\t\t\t\t\t<img fetchpriority=\"high\" decoding=\"async\" width=\"650\" height=\"400\" src=\"https:\/\/upstateinternational.org\/wp-content\/uploads\/2024\/01\/upstate-international-greenville.webp\" class=\"attachment-large size-large wp-image-69587\" alt=\"\" srcset=\"https:\/\/upstateinternational.org\/wp-content\/uploads\/2024\/01\/upstate-international-greenville.webp 650w, https:\/\/upstateinternational.org\/wp-content\/uploads\/2024\/01\/upstate-international-greenville-300x185.webp 300w, https:\/\/upstateinternational.org\/wp-content\/uploads\/2024\/01\/upstate-international-greenville-600x369.webp 600w\" sizes=\"(max-width: 650px) 100vw, 650px\" \/>\t\t\t\t\t\t\t\t\t\t\t\t\t\t\t<\/div>\n\t\t\t\t<\/div>\n\t\t\t\t<\/div>\n\t\t<div class=\"elementor-element elementor-element-172a166 e-con-full e-flex e-con e-child\" data-id=\"172a166\" data-element_type=\"container\" data-e-type=\"container\" data-settings=\"{&quot;background_background&quot;:&quot;classic&quot;}\">\n\t\t\t\t<div class=\"elementor-element elementor-element-38a3ca8 elementor-widget elementor-widget-heading\" data-id=\"38a3ca8\" data-element_type=\"widget\" data-e-type=\"widget\" data-widget_type=\"heading.default\">\n\t\t\t\t<div class=\"elementor-widget-container\">\n\t\t\t\t\t<h2 class=\"elementor-heading-title elementor-size-default\">FORMULARIO DE CONTACTO<\/h2>\t\t\t\t<\/div>\n\t\t\t\t<\/div>\n\t\t\t\t<\/div>\n\t\t\t\t\t<\/div>\n\t\t\t\t<\/div>\n\t\t\t\t<\/div>","protected":false},"excerpt":{"rendered":"","protected":false},"author":1,"featured_media":0,"parent":0,"menu_order":0,"comment_status":"closed","ping_status":"closed","template":"","meta":{"_acf_changed":false,"_mo_disable_npp":"","footnotes":""},"class_list":["post-59019","page","type-page","status-publish","hentry"],"acf":[],"_links":{"self":[{"href":"https:\/\/upstateinternational.org\/es\/wp-json\/wp\/v2\/pages\/59019","targetHints":{"allow":["GET"]}}],"collection":[{"href":"https:\/\/upstateinternational.org\/es\/wp-json\/wp\/v2\/pages"}],"about":[{"href":"https:\/\/upstateinternational.org\/es\/wp-json\/wp\/v2\/types\/page"}],"author":[{"embeddable":true,"href":"https:\/\/upstateinternational.org\/es\/wp-json\/wp\/v2\/users\/1"}],"replies":[{"embeddable":true,"href":"https:\/\/upstateinternational.org\/es\/wp-json\/wp\/v2\/comments?post=59019"}],"version-history":[{"count":0,"href":"https:\/\/upstateinternational.org\/es\/wp-json\/wp\/v2\/pages\/59019\/revisions"}],"wp:attachment":[{"href":"https:\/\/upstateinternational.org\/es\/wp-json\/wp\/v2\/media?parent=59019"}],"curies":[{"name":"wp","href":"https:\/\/api.w.org\/{rel}","templated":true}]}}