{"id":60454,"date":"2023-08-19T07:24:19","date_gmt":"2023-08-19T11:24:19","guid":{"rendered":"https:\/\/localhost:10096\/?page_id=60454"},"modified":"2023-08-19T08:16:16","modified_gmt":"2023-08-19T12:16:16","slug":"educational-materials","status":"publish","type":"page","link":"https:\/\/upstateinternational.org\/es\/educational-materials\/","title":{"rendered":"Materiales educativos"},"content":{"rendered":"<div data-elementor-type=\"wp-page\" data-elementor-id=\"60454\" class=\"elementor elementor-60454\" data-elementor-post-type=\"page\">\n\t\t\t\t<div class=\"elementor-element elementor-element-7ce3eec1 e-flex e-con-boxed e-con e-parent\" data-id=\"7ce3eec1\" data-element_type=\"container\" data-e-type=\"container\" data-settings=\"{&quot;background_background&quot;:&quot;classic&quot;}\">\n\t\t\t\t\t<div class=\"e-con-inner\">\n\t\t<div class=\"elementor-element elementor-element-6ecf38d1 e-con-full e-flex e-con e-parent\" data-id=\"6ecf38d1\" data-element_type=\"container\" data-e-type=\"container\">\n\t\t\t\t<div class=\"elementor-element elementor-element-20744d5b elementor-widget elementor-widget-heading\" data-id=\"20744d5b\" data-element_type=\"widget\" data-e-type=\"widget\" data-widget_type=\"heading.default\">\n\t\t\t\t<div class=\"elementor-widget-container\">\n\t\t\t\t\t<h2 class=\"elementor-heading-title elementor-size-default\">Aprenda a aprender m\u00e1s<\/h2>\t\t\t\t<\/div>\n\t\t\t\t<\/div>\n\t\t\t\t<\/div>\n\t\t\t\t\t<\/div>\n\t\t\t\t<\/div>\n\t\t<div class=\"elementor-element elementor-element-8d52bb2 e-flex e-con-boxed e-con e-parent\" data-id=\"8d52bb2\" data-element_type=\"container\" data-e-type=\"container\">\n\t\t\t\t\t<div class=\"e-con-inner\">\n\t\t<div class=\"elementor-element elementor-element-90d5da7 e-con-full e-flex e-con e-parent\" data-id=\"90d5da7\" data-element_type=\"container\" data-e-type=\"container\">\n\t\t\t\t<div class=\"elementor-element elementor-element-c9205ba elementor-widget elementor-widget-image\" data-id=\"c9205ba\" data-element_type=\"widget\" data-e-type=\"widget\" data-widget_type=\"image.default\">\n\t\t\t\t<div class=\"elementor-widget-container\">\n\t\t\t\t\t\t\t\t\t\t\t\t\t\t\t<img fetchpriority=\"high\" decoding=\"async\" width=\"800\" height=\"533\" src=\"https:\/\/upstateinternational.org\/wp-content\/uploads\/2023\/08\/brooke-cagle-g1Kr4Ozfoac-unsplash-scaled-1-1024x682.jpg\" class=\"attachment-large size-large wp-image-60496\" alt=\"\" srcset=\"https:\/\/upstateinternational.org\/wp-content\/uploads\/2023\/08\/brooke-cagle-g1Kr4Ozfoac-unsplash-scaled-1-1024x682.jpg 1024w, https:\/\/upstateinternational.org\/wp-content\/uploads\/2023\/08\/brooke-cagle-g1Kr4Ozfoac-unsplash-scaled-1-600x400.jpg 600w, https:\/\/upstateinternational.org\/wp-content\/uploads\/2023\/08\/brooke-cagle-g1Kr4Ozfoac-unsplash-scaled-1-300x200.jpg 300w, https:\/\/upstateinternational.org\/wp-content\/uploads\/2023\/08\/brooke-cagle-g1Kr4Ozfoac-unsplash-scaled-1-768x512.jpg 768w, https:\/\/upstateinternational.org\/wp-content\/uploads\/2023\/08\/brooke-cagle-g1Kr4Ozfoac-unsplash-scaled-1-1536x1024.jpg 1536w, https:\/\/upstateinternational.org\/wp-content\/uploads\/2023\/08\/brooke-cagle-g1Kr4Ozfoac-unsplash-scaled-1.jpg 2000w\" sizes=\"(max-width: 800px) 100vw, 800px\" \/>\t\t\t\t\t\t\t\t\t\t\t\t\t\t\t<\/div>\n\t\t\t\t<\/div>\n\t\t\t\t<\/div>\n\t\t<div class=\"elementor-element elementor-element-811761b e-con-full e-flex e-con e-parent\" data-id=\"811761b\" data-element_type=\"container\" data-e-type=\"container\">\n\t\t\t\t<div class=\"elementor-element elementor-element-7591027 elementor-widget elementor-widget-heading\" data-id=\"7591027\" data-element_type=\"widget\" data-e-type=\"widget\" data-widget_type=\"heading.default\">\n\t\t\t\t<div class=\"elementor-widget-container\">\n\t\t\t\t\t<h3 class=\"elementor-heading-title elementor-size-default\">Recursos valiosos para la educaci\u00f3n y el crecimiento<\/h3>\t\t\t\t<\/div>\n\t\t\t\t<\/div>\n\t\t\t\t<div class=\"elementor-element elementor-element-fd8a0c1 elementor-widget elementor-widget-heading\" data-id=\"fd8a0c1\" data-element_type=\"widget\" data-e-type=\"widget\" data-widget_type=\"heading.default\">\n\t\t\t\t<div class=\"elementor-widget-container\">\n\t\t\t\t\t<h3 class=\"elementor-heading-title elementor-size-default\">Educar a otros, y a nosotros mismos, sobre diferentes pa\u00edses y culturas sigue siendo uno de los objetivos principales de Upstate International.<\/h3>\t\t\t\t<\/div>\n\t\t\t\t<\/div>\n\t\t\t\t<div class=\"elementor-element elementor-element-f9fe94e elementor-widget elementor-widget-text-editor\" data-id=\"f9fe94e\" data-element_type=\"widget\" data-e-type=\"widget\" data-widget_type=\"text-editor.default\">\n\t\t\t\t<div class=\"elementor-widget-container\">\n\t\t\t\t\t\t\t\t\t<p>A continuaci\u00f3n proporcionamos una lista de valiosos recursos, referencias y material educativo para promover el aprendizaje multicultural.<\/p><p>Si\u00e9ntete libre de explorar, descargar o compartir cualquier informaci\u00f3n a continuaci\u00f3n.<\/p>\t\t\t\t\t\t\t\t<\/div>\n\t\t\t\t<\/div>\n\t\t\t\t<\/div>\n\t\t\t\t\t<\/div>\n\t\t\t\t<\/div>\n\t\t<div class=\"elementor-element elementor-element-7ace50a e-flex e-con-boxed e-con e-parent\" data-id=\"7ace50a\" data-element_type=\"container\" data-e-type=\"container\">\n\t\t\t\t\t<div class=\"e-con-inner\">\n\t\t\t\t<div class=\"elementor-element elementor-element-8c20649 elementor-widget elementor-widget-html\" data-id=\"8c20649\" data-element_type=\"widget\" data-e-type=\"widget\" data-widget_type=\"html.default\">\n\t\t\t\t<div class=\"elementor-widget-container\">\n\t\t\t\t\t<script>\n\/* Automatically close the mobile accordion from the tabs element on mobile *\/\nwindow.addEventListener('load', function() {\nsetTimeout(function(){\n    if (window.innerWidth < 768) return;\n\nlet tabsElems = document.querySelectorAll('.e-n-tabs')\ntabsElems.forEach(e => {\nlet activeTitles = e.querySelectorAll('.e-n-tab-title.e-active');\nlet activeContent = e.querySelector('.e-con.e-active')\nactiveContent.style.display = 'none';\nactiveTitles.forEach(activeTitle => activeTitle.classList.remove('e-active'));\nactiveContent.classList.remove('e-active');\nactiveContent.setAttribute('hidden', 'hidden');\nactiveTitles.forEach(activeTitle => activeTitle.setAttribute('aria-expanded', false));\nactiveTitles.forEach(activeTitle => activeTitle.setAttribute('aria-selected', false));\nactiveTitles.forEach(activeTitle => activeTitle.setAttribute('tabindex', -1));\nactiveTitles.forEach(activeTitle => {\nactiveTitle.addEventListener('click', function () {\nactiveTitles.forEach(activeTitle => activeTitle.classList.add('e-active'));\nactiveContent.classList.add('e-active');\nactiveContent.removeAttribute('hidden');\nactiveTitles.forEach(activeTitle => activeTitle.setAttribute('aria-expanded', true));\nactiveTitles.forEach(activeTitle => activeTitle.setAttribute('aria-selected', true));\nactiveTitles.forEach(activeTitle => activeTitle.setAttribute('tabindex', 0));\nactiveContent.style.display = 'flex';\n}, { once: true })\n});\n});\n},300);\n});\n\n<\/script>\n\t\t\t\t<\/div>\n\t\t\t\t<\/div>\n\t\t\t\t<div class=\"elementor-element elementor-element-082e6ca e-n-tabs-mobile elementor-widget elementor-widget-n-tabs\" data-id=\"082e6ca\" data-element_type=\"widget\" data-e-type=\"widget\" data-widget_type=\"nested-tabs.default\">\n\t\t\t\t<div class=\"elementor-widget-container\">\n\t\t\t\t\t\t\t<div class=\"e-n-tabs\" data-widget-number=\"8578762\" aria-label=\"Registerkarten. Elemente mit der Eingabetaste oder der Leertaste \u00f6ffnen, mit der Escape-Taste schlie\u00dfen und mit den Pfeiltasten navigieren.\" data-no-translation-aria-label=\"\">\n\t\t\t<div class=\"e-n-tabs-heading\" role=\"tablist\">\n\t\t\t\t\t<button id=\"e-n-tab-title-85787621\" data-tab-title-id=\"e-n-tab-title-85787621\" class=\"e-n-tab-title\" aria-selected=\"true\" data-tab-index=\"1\" role=\"tab\" tabindex=\"0\" aria-controls=\"e-n-tab-content-85787621\" style=\"--n-tabs-title-order: 1;\">\n\t\t\t\t\t\t<span class=\"e-n-tab-title-text\">\n\t\t\t\tLecturas de libros comunitarios\t\t\t<\/span>\n\t\t<\/button>\n\t\t\t\t<button id=\"e-n-tab-title-85787622\" data-tab-title-id=\"e-n-tab-title-85787622\" class=\"e-n-tab-title\" aria-selected=\"false\" data-tab-index=\"2\" role=\"tab\" tabindex=\"-1\" aria-controls=\"e-n-tab-content-85787622\" style=\"--n-tabs-title-order: 2;\">\n\t\t\t\t\t\t<span class=\"e-n-tab-title-text\">\n\t\t\t\tConcurso Regional de Arte K12\t\t\t<\/span>\n\t\t<\/button>\n\t\t\t\t<button id=\"e-n-tab-title-85787623\" data-tab-title-id=\"e-n-tab-title-85787623\" class=\"e-n-tab-title\" aria-selected=\"false\" data-tab-index=\"3\" role=\"tab\" tabindex=\"-1\" aria-controls=\"e-n-tab-content-85787623\" style=\"--n-tabs-title-order: 3;\">\n\t\t\t\t\t\t<span class=\"e-n-tab-title-text\">\n\t\t\t\tSemana Nacional de las Lenguas Extranjeras\t\t\t<\/span>\n\t\t<\/button>\n\t\t\t\t<button id=\"e-n-tab-title-85787624\" data-tab-title-id=\"e-n-tab-title-85787624\" class=\"e-n-tab-title\" aria-selected=\"false\" data-tab-index=\"4\" role=\"tab\" tabindex=\"-1\" aria-controls=\"e-n-tab-content-85787624\" style=\"--n-tabs-title-order: 4;\">\n\t\t\t\t\t\t<span class=\"e-n-tab-title-text\">\n\t\t\t\tConcurso de ensayo fotogr\u00e1fico\t\t\t<\/span>\n\t\t<\/button>\n\t\t\t\t<button id=\"e-n-tab-title-85787625\" data-tab-title-id=\"e-n-tab-title-85787625\" class=\"e-n-tab-title\" aria-selected=\"false\" data-tab-index=\"5\" role=\"tab\" tabindex=\"-1\" aria-controls=\"e-n-tab-content-85787625\" style=\"--n-tabs-title-order: 5;\">\n\t\t\t\t\t\t<span class=\"e-n-tab-title-text\">\n\t\t\t\tAprendizaje en l\u00ednea gratuito\t\t\t<\/span>\n\t\t<\/button>\n\t\t\t\t\t<\/div>\n\t\t\t<div class=\"e-n-tabs-content\">\n\t\t\t\t<div id=\"e-n-tab-content-85787621\" role=\"tabpanel\" aria-labelledby=\"e-n-tab-title-85787621\" data-tab-index=\"1\" style=\"--n-tabs-title-order: 1;\" class=\"e-active elementor-element elementor-element-3989c49 e-con-full e-flex e-con e-parent\" data-id=\"3989c49\" data-element_type=\"container\" data-e-type=\"container\">\n\t\t\t\t<div class=\"elementor-element elementor-element-ef6313b elementor-widget elementor-widget-heading\" data-id=\"ef6313b\" data-element_type=\"widget\" data-e-type=\"widget\" data-widget_type=\"heading.default\">\n\t\t\t\t<div class=\"elementor-widget-container\">\n\t\t\t\t\t<div class=\"elementor-heading-title elementor-size-default\">Anualmente, cada marzo: \u201c\u00a1Aprende un idioma extranjero; obt\u00e9n una nueva perspectiva!\u201d<\/div>\t\t\t\t<\/div>\n\t\t\t\t<\/div>\n\t\t\t\t<div class=\"elementor-element elementor-element-3dafe5d elementor-widget elementor-widget-text-editor\" data-id=\"3dafe5d\" data-element_type=\"widget\" data-e-type=\"widget\" data-widget_type=\"text-editor.default\">\n\t\t\t\t<div class=\"elementor-widget-container\">\n\t\t\t\t\t\t\t\t\t<ul><li>\u00a1Patrocina tu propio concurso de videocasts para tus estudiantes! Fomenta el estudio de idiomas extranjeros en la primaria de tu distrito.<\/li><li>Crea una cuenta de Facebook o Twitter para tu club de idioma extranjero.<\/li><li>Cree un sitio web en idioma extranjero que relate las actividades de la semana y publ\u00edquelo en el sitio web de su distrito.<\/li><li>Desaf\u00ede a sus estudiantes a tomar la\u00a0<a href=\"http:\/\/www.actfl.org\/\" target=\"_blank\" rel=\"noopener noreferrer\">\u201c\u00bfEres m\u00e1s inteligente que un profesor de idiomas?\u201d<\/a>\u00a0Cuestionario, disponible en el sitio web de ACTFL.<\/li><li>Incorpore a los estudiantes a las sociedades de honor de idiomas extranjeros patrocinadas por AATF, AATSP, AATI y AATG, y publique el evento en su peri\u00f3dico local.<\/li><li>Invita a los administradores a tu aula para que vean los proyectos y actividades actuales de los estudiantes.<\/li><li>Invitar a los administradores a evaluar las actividades en idiomas del mundo.<\/li><li>Organiza un festival de cine en lengua extranjera para tu escuela y\/o comunidad.<\/li><li>Invite a los padres de los estudiantes de su lengua materna a visitar su sal\u00f3n de clases para compartir sus experiencias y reconocerlos.<\/li><li>Anime a los estudiantes a crear calcoman\u00edas para el parachoques, camisetas, lemas, botones, etc. y usarlos durante la Semana de Idiomas Extranjeros.<\/li><li>Crea una b\u00fasqueda del tesoro en l\u00ednea para tus estudiantes.<\/li><li>Reproduzca m\u00fasica internacional durante los anuncios diarios y permita que los estudiantes y el personal la identifiquen.<\/li><li>Lleve a los estudiantes a una reuni\u00f3n de la Junta de Educaci\u00f3n y p\u00eddales que aborden el tema de la importancia del estudio de un segundo idioma.<\/li><li>Pedirle a la Junta Escolar que haga una Proclamaci\u00f3n de la Semana de las Lenguas Extranjeras.<\/li><li>Haga que sus estudiantes creen carteles para promocionar su idioma extranjero utilizando\u00a0<a href=\"http:\/\/www.glogster.com\/\" target=\"_blank\" rel=\"noopener noreferrer\">www.glogster.com<\/a><\/li><li>Pida a los estudiantes que identifiquen su idioma materno en grandes carteles en la pared o en huellas de manos y que escriban mensajes en sus idiomas heredados.<\/li><li>Organiza una competici\u00f3n de \u00eddolos con m\u00fasica y canciones internacionales.<\/li><li>Presente informaci\u00f3n clave sobre anuncios diarios en varios idiomas. Invite a hablantes nativos a leer un cuento infantil aut\u00e9ntico de la cultura meta y a debatirlo en el idioma meta.<\/li><li>Organice una Feria Profesional Internacional e invite a miembros de la comunidad y socios comerciales a participar.<\/li><li>Env\u00ede un comunicado de prensa destacando todas sus actividades de la Semana de Idiomas Extranjeros a la televisi\u00f3n, radio y peri\u00f3dicos locales.<\/li><li>Encuesta al personal sobre idiomas estudiados\/hablados, experiencias de intercambio, experiencias de viaje, herencias y resultados de publicaciones.<\/li><li>Organice un evento llamado \u201cPersonas que inspiran\u201d para destacar los logros de los miembros multiling\u00fces y multiculturales de su comunidad.<\/li><li>Organizar o ser anfitri\u00f3n de una cena\/festival\/concierto internacional.<\/li><li>Realizar una videoconferencia en vivo con una escuela de la cultura meta sobre un tema de estudio.<\/li><li>Invitar a bailarines y m\u00fasicos profesionales a actuar para los estudiantes.<\/li><li><a href=\"http:\/\/www.actfl.org\/advocacy\" target=\"_blank\" rel=\"noopener noreferrer\">Defensa de idiomas extranjeros de ACTFL<\/a>. Consejos sobre c\u00f3mo convertirse en un defensor de una lengua extranjera en su comunidad.<\/li><li><a href=\"http:\/\/www.nysaflt.org\/advocacy\/documents.shtml\" target=\"_blank\" rel=\"noopener noreferrer\">Asociaci\u00f3n de Profesores de Idiomas Extranjeros de Nueva York<\/a>. Un repositorio de materiales de apoyo, que incluye puntos de discusi\u00f3n, beneficios del estudio de un segundo idioma, ejemplos de cartas de apoyo, art\u00edculos relacionados con los negocios, el mercado laboral, la defensa nacional y otros.<\/li><li><a href=\"http:\/\/clta.net\/advocacy\/\" target=\"_blank\" rel=\"noopener noreferrer\">Asociaci\u00f3n de Profesores de Idiomas Extranjeros de California<\/a>. Enlaces a una amplia variedad de materiales, incluyendo c\u00f3mo publicitar sus eventos y ejemplos de comunicados de prensa.<\/li><li><a href=\"http:\/\/www.flageorgia.org\/advocacy.htm\" target=\"_blank\" rel=\"noopener noreferrer\">Asociaci\u00f3n de Lenguas Extranjeras de Georgia<\/a>.<\/li><li><a href=\"http:\/\/calper.la.psu.edu\/resources.php?page=langadv\" target=\"_blank\" rel=\"noopener noreferrer\">Centro de Educaci\u00f3n e Investigaci\u00f3n para la Competencia Ling\u00fc\u00edstica Avanzada de la Universidad Estatal de Pensilvania (CALPER)<\/a>. Documentos, art\u00edculos de opini\u00f3n y noticias.<\/li><\/ul>\t\t\t\t\t\t\t\t<\/div>\n\t\t\t\t<\/div>\n\t\t\t\t<\/div>\n\t\t<div id=\"e-n-tab-content-85787622\" role=\"tabpanel\" aria-labelledby=\"e-n-tab-title-85787622\" data-tab-index=\"2\" style=\"--n-tabs-title-order: 2;\" class=\"elementor-element elementor-element-3fb9d9d e-con-full e-flex e-con e-parent\" data-id=\"3fb9d9d\" data-element_type=\"container\" data-e-type=\"container\">\n\t\t\t\t<div class=\"elementor-element elementor-element-3b679de elementor-widget elementor-widget-heading\" data-id=\"3b679de\" data-element_type=\"widget\" data-e-type=\"widget\" data-widget_type=\"heading.default\">\n\t\t\t\t<div class=\"elementor-widget-container\">\n\t\t\t\t\t<div class=\"elementor-heading-title elementor-size-default\">\u201cEl mundo no es m\u00e1s que un lienzo para nuestra imaginaci\u00f3n\u201d es el tema del Concurso Internacional de Arte K12 Upstate 2018.<\/div>\t\t\t\t<\/div>\n\t\t\t\t<\/div>\n\t\t\t\t<div class=\"elementor-element elementor-element-bc249b7 elementor-widget elementor-widget-text-editor\" data-id=\"bc249b7\" data-element_type=\"widget\" data-e-type=\"widget\" data-widget_type=\"text-editor.default\">\n\t\t\t\t<div class=\"elementor-widget-container\">\n\t\t\t\t\t\t\t\t\t<p>Se invita a las escuelas de todo el norte del estado a participar en este Concurso de Arte del Norte del Estado, en los niveles de primaria, secundaria y preparatoria. Los ganadores del segundo y tercer lugar de cada divisi\u00f3n podr\u00e1n ganar premios en efectivo. Adem\u00e1s, el programa de arte de cada escuela que presente un ganador tambi\u00e9n podr\u00e1 recibir un premio en efectivo. Para obtener informaci\u00f3n completa y las bases del concurso, <a href=\"http:\/\/files.constantcontact.com\/fdaea5d5101\/9763018d-20da-4fff-8012-2d33bcff1d8d.pdf?ver=1495818168000\">haga clic aqu\u00ed.<\/a><\/p>\t\t\t\t\t\t\t\t<\/div>\n\t\t\t\t<\/div>\n\t\t\t\t<\/div>\n\t\t<div id=\"e-n-tab-content-85787623\" role=\"tabpanel\" aria-labelledby=\"e-n-tab-title-85787623\" data-tab-index=\"3\" style=\"--n-tabs-title-order: 3;\" class=\"elementor-element elementor-element-212c214 e-con-full e-flex e-con e-parent\" data-id=\"212c214\" data-element_type=\"container\" data-e-type=\"container\">\n\t\t\t\t<div class=\"elementor-element elementor-element-4e46d9a elementor-widget elementor-widget-text-editor\" data-id=\"4e46d9a\" data-element_type=\"widget\" data-e-type=\"widget\" data-widget_type=\"text-editor.default\">\n\t\t\t\t<div class=\"elementor-widget-container\">\n\t\t\t\t\t\t\t\t\t<ul><li>Organice una reuni\u00f3n con enfoque internacional, un orador, un DVD y\/o m\u00fasica.<\/li><li>Realiza una exposici\u00f3n que muestre una parte diferente del mundo.<\/li><li>P\u00eddale a alguien de otro pa\u00eds que hable sobre programas similares.<\/li><li>Pida a los empleados\/clientes de primera generaci\u00f3n que hablen sobre las similitudes y diferencias en las organizaciones y pr\u00e1cticas de su pa\u00eds de origen.<\/li><\/ul>\t\t\t\t\t\t\t\t<\/div>\n\t\t\t\t<\/div>\n\t\t\t\t<\/div>\n\t\t<div id=\"e-n-tab-content-85787624\" role=\"tabpanel\" aria-labelledby=\"e-n-tab-title-85787624\" data-tab-index=\"4\" style=\"--n-tabs-title-order: 4;\" class=\"elementor-element elementor-element-7e61ca2 e-con-full e-flex e-con e-parent\" data-id=\"7e61ca2\" data-element_type=\"container\" data-e-type=\"container\">\n\t\t\t\t<div class=\"elementor-element elementor-element-7eeb789 elementor-widget elementor-widget-text-editor\" data-id=\"7eeb789\" data-element_type=\"widget\" data-e-type=\"widget\" data-widget_type=\"text-editor.default\">\n\t\t\t\t<div class=\"elementor-widget-container\">\n\t\t\t\t\t\t\t\t\t<ul><li>100 campanadas el s\u00e1bado 1 de marzo al mediod\u00eda. Si es posible, dondequiera que se encuentre en el norte del estado, toque las campanas 100 veces por la paz y la comprensi\u00f3n internacional. (En B\u00e9rgamo, Italia, se tocan 100 campanadas cada noche a las 22:00, en honor a la tradici\u00f3n de cerrar las puertas superiores de la ciudad. Esto daba tiempo a la gente para entrar o salir por la noche).<\/li><li>Organice un evento que incluya otras religiones, ayude a crear un nuevo entendimiento, invite a un orador de esa religi\u00f3n, muestre un video, lea un libro.<\/li><li>Presente su programa de misiones u organice una reuni\u00f3n con un misionero y muestre una pel\u00edcula sobre el trabajo.<\/li><li>Organice una sesi\u00f3n de oraci\u00f3n por la paz y el entendimiento internacional.<\/li><li>Pida a los miembros que son de primera generaci\u00f3n de otro pa\u00eds que hablen sobre las similitudes y diferencias en las pr\u00e1cticas religiosas de su pa\u00eds de origen.<\/li><\/ul>\t\t\t\t\t\t\t\t<\/div>\n\t\t\t\t<\/div>\n\t\t\t\t<\/div>\n\t\t<div id=\"e-n-tab-content-85787625\" role=\"tabpanel\" aria-labelledby=\"e-n-tab-title-85787625\" data-tab-index=\"5\" style=\"--n-tabs-title-order: 5;\" class=\"elementor-element elementor-element-eb9389b e-con-full e-flex e-con e-parent\" data-id=\"eb9389b\" data-element_type=\"container\" data-e-type=\"container\">\n\t\t\t\t<div class=\"elementor-element elementor-element-9ba3c3a elementor-widget elementor-widget-text-editor\" data-id=\"9ba3c3a\" data-element_type=\"widget\" data-e-type=\"widget\" data-widget_type=\"text-editor.default\">\n\t\t\t\t<div class=\"elementor-widget-container\">\n\t\t\t\t\t\t\t\t\t<ul><li>100 campanadas el s\u00e1bado 1 de marzo al mediod\u00eda. Si es posible, dondequiera que se encuentre en el norte del estado, toque las campanas 100 veces por la paz y la comprensi\u00f3n internacional. (En B\u00e9rgamo, Italia, se tocan 100 campanadas cada noche a las 22:00, en honor a la tradici\u00f3n de cerrar las puertas superiores de la ciudad. Esto daba tiempo a la gente para entrar o salir por la noche).<\/li><li>Organice un evento que incluya otras religiones, ayude a crear un nuevo entendimiento, invite a un orador de esa religi\u00f3n, muestre un video, lea un libro.<\/li><li>Presente su programa de misiones u organice una reuni\u00f3n con un misionero y muestre una pel\u00edcula sobre el trabajo.<\/li><li>Organice una sesi\u00f3n de oraci\u00f3n por la paz y el entendimiento internacional.<\/li><li>Pida a los miembros que son de primera generaci\u00f3n de otro pa\u00eds que hablen sobre las similitudes y diferencias en las pr\u00e1cticas religiosas de su pa\u00eds de origen.<\/li><\/ul>\t\t\t\t\t\t\t\t<\/div>\n\t\t\t\t<\/div>\n\t\t\t\t<\/div>\n\t\t\t\t\t<\/div>\n\t\t<\/div>\n\t\t\t\t\t\t<\/div>\n\t\t\t\t<\/div>\n\t\t\t\t\t<\/div>\n\t\t\t\t<\/div>\n\t\t\t\t<\/div>","protected":false},"excerpt":{"rendered":"","protected":false},"author":1,"featured_media":60494,"parent":0,"menu_order":0,"comment_status":"closed","ping_status":"closed","template":"","meta":{"_acf_changed":false,"_mo_disable_npp":"","footnotes":""},"class_list":["post-60454","page","type-page","status-publish","has-post-thumbnail","hentry"],"acf":[],"_links":{"self":[{"href":"https:\/\/upstateinternational.org\/es\/wp-json\/wp\/v2\/pages\/60454","targetHints":{"allow":["GET"]}}],"collection":[{"href":"https:\/\/upstateinternational.org\/es\/wp-json\/wp\/v2\/pages"}],"about":[{"href":"https:\/\/upstateinternational.org\/es\/wp-json\/wp\/v2\/types\/page"}],"author":[{"embeddable":true,"href":"https:\/\/upstateinternational.org\/es\/wp-json\/wp\/v2\/users\/1"}],"replies":[{"embeddable":true,"href":"https:\/\/upstateinternational.org\/es\/wp-json\/wp\/v2\/comments?post=60454"}],"version-history":[{"count":0,"href":"https:\/\/upstateinternational.org\/es\/wp-json\/wp\/v2\/pages\/60454\/revisions"}],"wp:featuredmedia":[{"embeddable":true,"href":"https:\/\/upstateinternational.org\/es\/wp-json\/wp\/v2\/media\/60494"}],"wp:attachment":[{"href":"https:\/\/upstateinternational.org\/es\/wp-json\/wp\/v2\/media?parent=60454"}],"curies":[{"name":"wp","href":"https:\/\/api.w.org\/{rel}","templated":true}]}}