{"id":61143,"date":"2023-08-24T16:03:46","date_gmt":"2023-08-24T20:03:46","guid":{"rendered":"https:\/\/localhost:10096\/?page_id=61143"},"modified":"2026-01-07T14:46:27","modified_gmt":"2026-01-07T19:46:27","slug":"submit-event","status":"publish","type":"page","link":"https:\/\/upstateinternational.org\/es\/submit-event\/","title":{"rendered":"Enviar evento"},"content":{"rendered":"<div data-elementor-type=\"wp-page\" data-elementor-id=\"61143\" class=\"elementor elementor-61143\" data-elementor-post-type=\"page\">\n\t\t\t\t<div class=\"elementor-element elementor-element-444614f e-flex e-con-boxed e-con e-parent\" data-id=\"444614f\" data-element_type=\"container\" data-e-type=\"container\" data-settings=\"{&quot;background_background&quot;:&quot;classic&quot;}\">\n\t\t\t\t\t<div class=\"e-con-inner\">\n\t\t<div class=\"elementor-element elementor-element-ff29137 e-con-full e-flex e-con e-child\" data-id=\"ff29137\" data-element_type=\"container\" data-e-type=\"container\">\n\t\t\t\t<div class=\"elementor-element elementor-element-5dd2fdc elementor-widget elementor-widget-heading\" data-id=\"5dd2fdc\" data-element_type=\"widget\" data-e-type=\"widget\" data-widget_type=\"heading.default\">\n\t\t\t\t<div class=\"elementor-widget-container\">\n\t\t\t\t\t<h1 class=\"elementor-heading-title elementor-size-default\">Enviar evento<\/h1>\t\t\t\t<\/div>\n\t\t\t\t<\/div>\n\t\t\t\t<div class=\"elementor-element elementor-element-253a9f0 elementor-widget elementor-widget-heading\" data-id=\"253a9f0\" data-element_type=\"widget\" data-e-type=\"widget\" data-widget_type=\"heading.default\">\n\t\t\t\t<div class=\"elementor-widget-container\">\n\t\t\t\t\t<span class=\"elementor-heading-title elementor-size-default\">Comparte tu evento con nuestra audiencia<\/span>\t\t\t\t<\/div>\n\t\t\t\t<\/div>\n\t\t\t\t<\/div>\n\t\t\t\t\t<\/div>\n\t\t\t\t<\/div>\n\t\t<div class=\"elementor-element elementor-element-2db7bfa e-flex e-con-boxed e-con e-parent\" data-id=\"2db7bfa\" data-element_type=\"container\" data-e-type=\"container\">\n\t\t\t\t\t<div class=\"e-con-inner\">\n\t\t<div class=\"elementor-element elementor-element-a1ac153 e-con-full e-flex e-con e-child\" data-id=\"a1ac153\" data-element_type=\"container\" data-e-type=\"container\">\n\t\t\t\t<div class=\"elementor-element elementor-element-6b81b64 elementor-widget elementor-widget-heading\" data-id=\"6b81b64\" data-element_type=\"widget\" data-e-type=\"widget\" data-widget_type=\"heading.default\">\n\t\t\t\t<div class=\"elementor-widget-container\">\n\t\t\t\t\t<h3 class=\"elementor-heading-title elementor-size-default\">\u00bfEst\u00e1 organizando un evento que celebre la cultura, la diversidad o el intercambio internacional?<\/h3>\t\t\t\t<\/div>\n\t\t\t\t<\/div>\n\t\t\t\t<div class=\"elementor-element elementor-element-aef3fcc elementor-widget elementor-widget-heading\" data-id=\"aef3fcc\" data-element_type=\"widget\" data-e-type=\"widget\" data-widget_type=\"heading.default\">\n\t\t\t\t<div class=\"elementor-widget-container\">\n\t\t\t\t\t<h3 class=\"elementor-heading-title elementor-size-default\">Utilice el formulario para enviar su evento para su inclusi\u00f3n en el calendario internacional de Upstate.\n<\/h3>\t\t\t\t<\/div>\n\t\t\t\t<\/div>\n\t\t\t\t<div class=\"elementor-element elementor-element-6011154 elementor-widget elementor-widget-text-editor\" data-id=\"6011154\" data-element_type=\"widget\" data-e-type=\"widget\" data-widget_type=\"text-editor.default\">\n\t\t\t\t<div class=\"elementor-widget-container\">\n\t\t\t\t\t\t\t\t\t<p>Aceptamos propuestas para eventos que se alineen con nuestra misi\u00f3n de fomentar la comprensi\u00f3n intercultural y la participaci\u00f3n global. Esto incluye:<\/p><ul><li>Festivales o d\u00edas festivos culturales<\/li><li>Talleres o conferencias educativas<\/li><li>Clases de idiomas o de cocina<\/li><li>Eventos de arte, m\u00fasica o performance<\/li><li>Redes internacionales o reuniones c\u00edvicas<\/li><\/ul>\t\t\t\t\t\t\t\t<\/div>\n\t\t\t\t<\/div>\n\t\t\t\t<div class=\"elementor-element elementor-element-ae915e4 elementor-widget elementor-widget-text-editor\" data-id=\"ae915e4\" data-element_type=\"widget\" data-e-type=\"widget\" data-widget_type=\"text-editor.default\">\n\t\t\t\t<div class=\"elementor-widget-container\">\n\t\t\t\t\t\t\t\t\t<p><strong>Los eventos deben estar abiertos al p\u00fablico y realizarse en o cerca de la regi\u00f3n Upstate de Carolina del Sur.<\/strong><\/p><p>Env\u00eda tu evento con al menos dos semanas de anticipaci\u00f3n para mayor visibilidad. Incluye la mayor cantidad de detalles posible y sube un folleto o una imagen (\u00a1mejor en horizontal!) para ayudarnos a promocionarlo visualmente.<\/p>\t\t\t\t\t\t\t\t<\/div>\n\t\t\t\t<\/div>\n\t\t<div class=\"elementor-element elementor-element-047aed5 e-con-full e-flex e-con e-child\" data-id=\"047aed5\" data-element_type=\"container\" data-e-type=\"container\" data-settings=\"{&quot;background_background&quot;:&quot;gradient&quot;}\">\n\t\t\t\t<div class=\"elementor-element elementor-element-5ae3513 elementor-widget elementor-widget-heading\" data-id=\"5ae3513\" data-element_type=\"widget\" data-e-type=\"widget\" data-widget_type=\"heading.default\">\n\t\t\t\t<div class=\"elementor-widget-container\">\n\t\t\t\t\t<h4 class=\"elementor-heading-title elementor-size-default\">Tenga en cuenta:<\/h4>\t\t\t\t<\/div>\n\t\t\t\t<\/div>\n\t\t\t\t<div class=\"elementor-element elementor-element-9c3c3f3 elementor-widget elementor-widget-text-editor\" data-id=\"9c3c3f3\" data-element_type=\"widget\" data-e-type=\"widget\" data-widget_type=\"text-editor.default\">\n\t\t\t\t<div class=\"elementor-widget-container\">\n\t\t\t\t\t\t\t\t\t<ul><li>Revisi\u00f3n y aprobaci\u00f3n: Nuestro equipo revisa los env\u00edos en un plazo de 3 a 5 d\u00edas h\u00e1biles.<\/li><li>Ediciones: Podemos editar los env\u00edos para mayor claridad, formato o para que se ajusten al dise\u00f1o del calendario.<\/li><\/ul>\t\t\t\t\t\t\t\t<\/div>\n\t\t\t\t<\/div>\n\t\t\t\t<\/div>\n\t\t\t\t<\/div>\n\t\t<div class=\"elementor-element elementor-element-420c555 e-con-full e-flex e-con e-child\" data-id=\"420c555\" data-element_type=\"container\" data-e-type=\"container\">\n\t\t\t\t<div class=\"elementor-element elementor-element-40ee047 elementor-widget elementor-widget-shortcode\" data-id=\"40ee047\" data-element_type=\"widget\" data-e-type=\"widget\" data-widget_type=\"shortcode.default\">\n\t\t\t\t<div class=\"elementor-widget-container\">\n\t\t\t\t\t\t\t<div class=\"elementor-shortcode\"><div id=\"ui-event-form\" class=\"ui-event-form-root\"><\/div><\/div>\n\t\t\t\t\t\t<\/div>\n\t\t\t\t<\/div>\n\t\t\t\t<\/div>\n\t\t\t\t\t<\/div>\n\t\t\t\t<\/div>\n\t\t\t\t<\/div>","protected":false},"excerpt":{"rendered":"","protected":false},"author":1,"featured_media":0,"parent":0,"menu_order":0,"comment_status":"closed","ping_status":"closed","template":"","meta":{"_acf_changed":false,"_mo_disable_npp":"","footnotes":""},"class_list":["post-61143","page","type-page","status-publish","hentry"],"acf":[],"_links":{"self":[{"href":"https:\/\/upstateinternational.org\/es\/wp-json\/wp\/v2\/pages\/61143","targetHints":{"allow":["GET"]}}],"collection":[{"href":"https:\/\/upstateinternational.org\/es\/wp-json\/wp\/v2\/pages"}],"about":[{"href":"https:\/\/upstateinternational.org\/es\/wp-json\/wp\/v2\/types\/page"}],"author":[{"embeddable":true,"href":"https:\/\/upstateinternational.org\/es\/wp-json\/wp\/v2\/users\/1"}],"replies":[{"embeddable":true,"href":"https:\/\/upstateinternational.org\/es\/wp-json\/wp\/v2\/comments?post=61143"}],"version-history":[{"count":0,"href":"https:\/\/upstateinternational.org\/es\/wp-json\/wp\/v2\/pages\/61143\/revisions"}],"wp:attachment":[{"href":"https:\/\/upstateinternational.org\/es\/wp-json\/wp\/v2\/media?parent=61143"}],"curies":[{"name":"wp","href":"https:\/\/api.w.org\/{rel}","templated":true}]}}