{"id":62052,"date":"2023-09-11T06:53:40","date_gmt":"2023-09-11T10:53:40","guid":{"rendered":"https:\/\/localhost:10096\/?page_id=62052"},"modified":"2023-12-21T07:03:12","modified_gmt":"2023-12-21T12:03:12","slug":"family-registration","status":"publish","type":"page","link":"https:\/\/upstateinternational.org\/es\/family-registration\/","title":{"rendered":"Registro familiar"},"content":{"rendered":"<div data-elementor-type=\"wp-page\" data-elementor-id=\"62052\" class=\"elementor elementor-62052\" data-elementor-post-type=\"page\">\n\t\t\t\t<div class=\"elementor-element elementor-element-8d339b0 e-flex e-con-boxed e-con e-parent\" data-id=\"8d339b0\" data-element_type=\"container\" data-e-type=\"container\" data-settings=\"{&quot;background_background&quot;:&quot;classic&quot;}\">\n\t\t\t\t\t<div class=\"e-con-inner\">\n\t\t<div class=\"elementor-element elementor-element-0925cf7 e-con-full e-flex e-con e-child\" data-id=\"0925cf7\" data-element_type=\"container\" data-e-type=\"container\">\n\t\t\t\t<div class=\"elementor-element elementor-element-fe29d0e elementor-widget elementor-widget-heading\" data-id=\"fe29d0e\" data-element_type=\"widget\" data-e-type=\"widget\" data-widget_type=\"heading.default\">\n\t\t\t\t<div class=\"elementor-widget-container\">\n\t\t\t\t\t<h2 class=\"elementor-heading-title elementor-size-default\">\u00a1\u00danete a tu comunidad!<\/h2>\t\t\t\t<\/div>\n\t\t\t\t<\/div>\n\t\t\t\t<\/div>\n\t\t\t\t\t<\/div>\n\t\t\t\t<\/div>\n\t\t<div class=\"elementor-element elementor-element-bd03539 e-flex e-con-boxed e-con e-parent\" data-id=\"bd03539\" data-element_type=\"container\" data-e-type=\"container\">\n\t\t\t\t\t<div class=\"e-con-inner\">\n\t\t<div class=\"elementor-element elementor-element-12b3179 e-con-full e-flex e-con e-child\" data-id=\"12b3179\" data-element_type=\"container\" data-e-type=\"container\">\n\t\t\t\t<div class=\"elementor-element elementor-element-b77ec83 elementor-widget elementor-widget-image\" data-id=\"b77ec83\" data-element_type=\"widget\" data-e-type=\"widget\" data-widget_type=\"image.default\">\n\t\t\t\t<div class=\"elementor-widget-container\">\n\t\t\t\t\t\t\t\t\t\t\t\t\t\t\t<img fetchpriority=\"high\" decoding=\"async\" width=\"800\" height=\"492\" src=\"https:\/\/upstateinternational.org\/wp-content\/uploads\/2023\/09\/upstate-international-home-4-tall-1024x630.jpg\" class=\"attachment-large size-large wp-image-61551\" alt=\"\" srcset=\"https:\/\/upstateinternational.org\/wp-content\/uploads\/2023\/09\/upstate-international-home-4-tall-1024x630.jpg 1024w, https:\/\/upstateinternational.org\/wp-content\/uploads\/2023\/09\/upstate-international-home-4-tall-600x369.jpg 600w, https:\/\/upstateinternational.org\/wp-content\/uploads\/2023\/09\/upstate-international-home-4-tall-300x185.jpg 300w, https:\/\/upstateinternational.org\/wp-content\/uploads\/2023\/09\/upstate-international-home-4-tall-768x473.jpg 768w, https:\/\/upstateinternational.org\/wp-content\/uploads\/2023\/09\/upstate-international-home-4-tall.jpg 1300w\" sizes=\"(max-width: 800px) 100vw, 800px\" \/>\t\t\t\t\t\t\t\t\t\t\t\t\t\t\t<\/div>\n\t\t\t\t<\/div>\n\t\t\t\t<div class=\"elementor-element elementor-element-910b1be elementor-widget elementor-widget-heading\" data-id=\"910b1be\" data-element_type=\"widget\" data-e-type=\"widget\" data-widget_type=\"heading.default\">\n\t\t\t\t<div class=\"elementor-widget-container\">\n\t\t\t\t\t<h3 class=\"elementor-heading-title elementor-size-default\">Crea tu cuenta<\/h3>\t\t\t\t<\/div>\n\t\t\t\t<\/div>\n\t\t\t\t<div class=\"elementor-element elementor-element-b9d379f elementor-widget elementor-widget-heading\" data-id=\"b9d379f\" data-element_type=\"widget\" data-e-type=\"widget\" data-widget_type=\"heading.default\">\n\t\t\t\t<div class=\"elementor-widget-container\">\n\t\t\t\t\t<h3 class=\"elementor-heading-title elementor-size-default\">Conectar, interactuar y prosperar<\/h3>\t\t\t\t<\/div>\n\t\t\t\t<\/div>\n\t\t\t\t<div class=\"elementor-element elementor-element-0d75ac4 elementor-widget elementor-widget-text-editor\" data-id=\"0d75ac4\" data-element_type=\"widget\" data-e-type=\"widget\" data-widget_type=\"text-editor.default\">\n\t\t\t\t<div class=\"elementor-widget-container\">\n\t\t\t\t\t\t\t\t\t<p>Complete el formulario para unir su membres\u00eda familiar o familiar patrocinadora a Upstate International.<\/p>\t\t\t\t\t\t\t\t<\/div>\n\t\t\t\t<\/div>\n\t\t\t\t<\/div>\n\t\t<div class=\"elementor-element elementor-element-d2edf8e e-con-full jedv-enabled--yes e-flex e-con e-child\" data-id=\"d2edf8e\" data-element_type=\"container\" data-e-type=\"container\">\n\t\t\t\t<div class=\"elementor-element elementor-element-ba35fe6 elementor-widget elementor-widget-jet-form-builder-form\" data-id=\"ba35fe6\" data-element_type=\"widget\" data-e-type=\"widget\" data-widget_type=\"jet-form-builder-form.default\">\n\t\t\t\t<div class=\"elementor-widget-container\">\n\t\t\t\t\t<link rel='stylesheet' id='wp-block-library-css' href='https:\/\/upstateinternational.org\/wp-includes\/css\/dist\/block-library\/style.min.css?ver=6.9.4' media='all' \/>\n<style id=\"jet-form-builder-68821-inline-css\"><\/style><form  class=\"jet-form-builder layout-column submit-type-reload\" action=\"https:\/\/upstateinternational.org\/es\/wp-json\/wp\/v2\/pages\/62052\/?XERgal=D13xWBTNzq&#038;method=reload\" method=\"POST\" data-form-id=\"68821\" data-layout=\"column\" enctype=\"multipart\/form-data\" novalidate=\"null\" ssr_validation_method=\"rest\" data-trp-original-action=\"https:\/\/upstateinternational.org\/es\/wp-json\/wp\/v2\/pages\/62052\/?XERgal=D13xWBTNzq&amp;method=reload\"><input type=\"hidden\" id=\"_wpnonce\" name=\"_wpnonce\" value=\"e79df5457c\" \/><input type=\"hidden\" name=\"_wp_http_referer\" value=\"\/es\/wp-json\/wp\/v2\/pages\/62052\" \/>\r\n<input type=\"hidden\" name=\"_jfb_current_render_states[]\" value=\"DEFAULT.STATE\" data-jfb-sync \/><input type=\"hidden\" class=\"jet-form-builder__field hidden-field\" name=\"_jet_engine_booking_form_id\" data-field-name=\"_jet_engine_booking_form_id\" value=\"68821\">\n<input type=\"hidden\" class=\"jet-form-builder__field hidden-field\" name=\"_jet_engine_refer\" data-field-name=\"_jet_engine_refer\" value=\"https:\/\/upstateinternational.org\/es\/wp-json\/wp\/v2\/pages\/62052\/\">\n<input type=\"hidden\" class=\"jet-form-builder__field hidden-field\" name=\"__queried_post_id\" data-field-name=\"__queried_post_id\" value=\"62052\">\n\n<div class=\"wp-block-columns is-layout-flex wp-container-core-columns-is-layout-28f84493 wp-block-columns-is-layout-flex\">\n<div class=\"wp-block-column is-layout-flow wp-block-column-is-layout-flow\">\n<input type=\"hidden\" class=\"jet-form-builder__field hidden-field\" name=\"user_email\" data-field-name=\"user_email\" data-jfb-sync=\"null\">\n\n\n\n\n<input type=\"hidden\" class=\"jet-form-builder__field hidden-field\" name=\"parent_user_id\" data-field-name=\"parent_user_id\" data-jfb-sync=\"null\">\n\n\n\n\n<input type=\"hidden\" class=\"jet-form-builder__field hidden-field\" name=\"parent-user--membership-renewal-date\" data-field-name=\"parent-user--membership-renewal-date\" data-jfb-sync=\"null\">\n\n\n\n<div class=\"jet-form-builder__conditional\" data-jfb-conditional=\"[{&quot;operator&quot;:&quot;empty&quot;,&quot;value&quot;:&quot;&quot;,&quot;field&quot;:&quot;user_email&quot;,&quot;use_preset&quot;:false}]\" data-jfb-func=\"{&quot;hide&quot;:{&quot;dom&quot;:true}}\">\n<div class=\"jet-listing-dynamic-field-block wp-block-jet-engine-dynamic-field jet-sm-gb-wrapper jet-sm-gb-1d7e3487-e43d-4062-9754-c23b51e60de1\"data-is-block=\"jet-engine\/dynamic-field\"><\/div>\n\n<div class=\"jet-listing-dynamic-field-block wp-block-jet-engine-dynamic-field jet-sm-gb-wrapper jet-sm-gb-1d7e3487-e43d-4062-9754-c23b51e60de1\"data-is-block=\"jet-engine\/dynamic-field\"><\/div>\n\n<div  class=\"jet-form-builder-row field-type-text-field\" >\n<div class=\"jet-form-builder__label\">\r\n<div class=\"jet-form-builder__label-text\">Nombre de pila <span class=\"jet-form-builder__required\">*<\/span><\/div><\/div><div class=\"jet-form-builder__field-wrap\">\n\t\t\t\t<input placeholder=\"Nombre de pila\" required=\"required\" name=\"user_firstname\" id=\"user_firstname\" type=\"text\" data-field-name=\"user_firstname\" class=\"jet-form-builder__field text-field\" data-jfb-sync=\"null\" autocomplete=\"off_9LHd4NbT\">\n\t\t\t\t\t<\/div>\n<\/div>\n\n<div  class=\"jet-form-builder-row field-type-text-field\" >\n<div class=\"jet-form-builder__label\">\r\n<div class=\"jet-form-builder__label-text\">Apellido <span class=\"jet-form-builder__required\">*<\/span><\/div><\/div><div class=\"jet-form-builder__field-wrap\">\n\t\t\t\t<input placeholder=\"Apellido\" required=\"required\" name=\"user_lastname\" id=\"user_lastname\" type=\"text\" data-field-name=\"user_lastname\" class=\"jet-form-builder__field text-field\" data-jfb-sync=\"null\" autocomplete=\"off_uf7LsDFN\">\n\t\t\t\t\t<\/div>\n<\/div>\n\n<div  class=\"jet-form-builder-row field-type-text-field\" >\n<div class=\"jet-form-builder__label\">\r\n<div class=\"jet-form-builder__label-text\">Nombre de usuario <span class=\"jet-form-builder__required\">*<\/span><\/div><\/div><div class=\"jet-form-builder__field-wrap\">\n\t\t\t\t<input placeholder=\"Nombre de usuario\" required=\"required\" name=\"username\" id=\"username\" type=\"text\" data-field-name=\"username\" class=\"jet-form-builder__field text-field\" data-jfb-sync=\"null\" autocomplete=\"off_NHoVDrXR\">\n\t\t\t\t\t<\/div>\n<\/div>\n\n<div  class=\"jet-form-builder-row field-type-text-field\" >\n<div class=\"jet-form-builder__label\">\r\n<div class=\"jet-form-builder__label-text\">Contrase\u00f1a <span class=\"jet-form-builder__required\">*<\/span><\/div><\/div><div class=\"jet-form-builder__field-wrap\">\n\t\t\t\t<input placeholder=\"Contrase\u00f1a\" required=\"required\" name=\"_password\" id=\"_password\" type=\"password\" data-field-name=\"_password\" class=\"jet-form-builder__field text-field\" minlength=\"8\" data-jfb-sync=\"null\" autocomplete=\"off_5KmFcP1Y\">\n\t\t\t\t\t<\/div>\n<\/div>\n\n<div  class=\"jet-form-builder-row field-type-text-field\" >\n<div class=\"jet-form-builder__label\">\r\n<div class=\"jet-form-builder__label-text\">confirmar Contrase\u00f1a <span class=\"jet-form-builder__required\">*<\/span><\/div><\/div><div class=\"jet-form-builder__field-wrap\">\n\t\t\t\t<input placeholder=\"confirmar Contrase\u00f1a\" required=\"required\" name=\"_confirm_password\" id=\"_confirm_password\" type=\"password\" data-field-name=\"_confirm_password\" class=\"jet-form-builder__field text-field\" minlength=\"8\" data-jfb-sync=\"null\" autocomplete=\"off_EwHTaAMF\">\n\t\t\t\t\t<\/div>\n<\/div>\n\n\n<div style=\"height:50px\" aria-hidden=\"true\" class=\"wp-block-spacer\"><\/div>\n\n\n\n<p>informaci\u00f3n adicional<\/p>\n\n\n<div  class=\"jet-form-builder-row field-type-text-field\" >\n<div class=\"jet-form-builder__label\">\r\n<div class=\"jet-form-builder__label-text\">Tel\u00e9fono m\u00f3vil <span class=\"jet-form-builder__required\">*<\/span><\/div><\/div><div class=\"jet-form-builder__field-wrap\">\n\t\t\t\t<input placeholder=\"xxx-xxx-xxxx\" required=\"required\" name=\"user_phone\" id=\"user_phone\" type=\"tel\" data-field-name=\"user_phone\" class=\"jet-form-builder__field text-field\" data-jfb-sync=\"null\" autocomplete=\"off_WXIYU1e7\">\n\t\t\t\t\t<\/div>\n<\/div>\n\n<div  class=\"jet-form-builder-row field-type-text-field\" >\n<div class=\"jet-form-builder__label\">\r\n<div class=\"jet-form-builder__label-text\">Direcci\u00f3n 1 <span class=\"jet-form-builder__required\">*<\/span><\/div><\/div><div class=\"jet-form-builder__field-wrap\">\n\t\t\t\t<input placeholder=\"Direcci\u00f3n 1\" required=\"required\" name=\"user-address-1\" id=\"user-address-1\" type=\"text\" data-field-name=\"user-address-1\" class=\"jet-form-builder__field text-field\" data-jfb-sync=\"null\" autocomplete=\"off_3wo2vdAf\">\n\t\t\t\t\t<\/div>\n<\/div>\n\n<div  class=\"jet-form-builder-row field-type-text-field\" >\n<div class=\"jet-form-builder__label\">\r\n<div class=\"jet-form-builder__label-text\">Direcci\u00f3n 2<\/div><\/div><div class=\"jet-form-builder__field-wrap\">\n\t\t\t\t<input placeholder=\"Direcci\u00f3n 2\" name=\"user-address-2\" id=\"user-address-2\" type=\"text\" data-field-name=\"user-address-2\" class=\"jet-form-builder__field text-field\" data-jfb-sync=\"null\" autocomplete=\"off_9DqwhR2M\">\n\t\t\t\t\t<\/div>\n<\/div>\n\n<div  class=\"jet-form-builder-row field-type-text-field\" >\n<div class=\"jet-form-builder__label\">\r\n<div class=\"jet-form-builder__label-text\">Ciudad <span class=\"jet-form-builder__required\">*<\/span><\/div><\/div><div class=\"jet-form-builder__field-wrap\">\n\t\t\t\t<input placeholder=\"Ciudad\" required=\"required\" name=\"user-city\" id=\"user-city\" type=\"text\" data-field-name=\"user-city\" class=\"jet-form-builder__field text-field\" data-jfb-sync=\"null\" autocomplete=\"off_HsebOYC4\">\n\t\t\t\t\t<\/div>\n<\/div>\n\n<div  class=\"jet-form-builder-row field-type-select-field wp-block-jet-forms-select-field\">\n<div class=\"jet-form-builder__label\">\r\n<div class=\"jet-form-builder__label-text\">Estado <span class=\"jet-form-builder__required\">*<\/span><\/div><\/div><div class=\"jet-form-builder__field-wrap\">\n\t<select class=\"jet-form-builder__field select-field\" required=\"required\" name=\"user-state\" data-field-name=\"user-state\" id=\"user-state\" data-jfb-sync=\"null\">\n\t\t<option value=\"\"  selected>Estado<\/option><option value=\"Alabama\" >Alabama<\/option><option value=\"Alaska\" >Alaska<\/option><option value=\"Arizona\" >Arizona<\/option><option value=\"Arkansas\" >Arkansas<\/option><option value=\"California\" >California<\/option><option value=\"Colorado\" >CO<\/option><option value=\"Connecticut\" >Connecticut<\/option><option value=\"Delaware\" >Delaware<\/option><option value=\"Florida\" >Florida<\/option><option value=\"Georgia\" >Georgia<\/option><option value=\"Hawaii\" >HOLA<\/option><option value=\"Idaho\" >IDENTIFICACI\u00d3N<\/option><option value=\"Illinois\" >Illinois<\/option><option value=\"Indiana\" >EN<\/option><option value=\"Iowa\" >Iowa<\/option><option value=\"Kansas\" >Kansas<\/option><option value=\"Kentucky\" >Kentucky<\/option><option value=\"Louisiana\" >LA<\/option><option value=\"Maine\" >A M\u00cd<\/option><option value=\"Maryland\" >Maryland<\/option><option value=\"Massachusetts\" >MAM\u00c1<\/option><option value=\"Michigan\" >MI<\/option><option value=\"Minnesota\" >Minnesota<\/option><option value=\"Mississippi\" >EM<\/option><option value=\"Missouri\" >mes<\/option><option value=\"Montana\" >MONTE<\/option><option value=\"Nebraska\" >nordeste<\/option><option value=\"Nevada\" >Nevada<\/option><option value=\"New Hampshire\" >NUEVA HAMPSHIRE<\/option><option value=\"New Jersey\" >Nueva Jersey<\/option><option value=\"New Mexico\" >Nuevo M\u00e9jico<\/option><option value=\"New York\" >Nueva York<\/option><option value=\"North Carolina\" >CAROLINA DEL NORTE<\/option><option value=\"North Dakota\" >DAKOTA DEL NORTE<\/option><option value=\"Ohio\" >OH<\/option><option value=\"Oklahoma\" >DE ACUERDO<\/option><option value=\"Oregon\" >O<\/option><option value=\"Pennsylvania\" >Pensilvania<\/option><option value=\"Rhode Island\" >Rhode Island<\/option><option value=\"South Carolina\" >CAROLINA DEL SUR<\/option><option value=\"South Dakota\" >DAKOTA DEL SUR<\/option><option value=\"Tennessee\" >Tennesse<\/option><option value=\"Texas\" >Texas<\/option><option value=\"Utah\" >Utah<\/option><option value=\"Vermont\" >Vermont<\/option><option value=\"Virginia\" >Virginia<\/option><option value=\"Washington\" >Washington<\/option><option value=\"West Virginia\" >VIRGINIA OCCIDENTAL<\/option><option value=\"Wisconsin\" >Wisconsin<\/option><option value=\"Wyoming\" >Wyoming<\/option>\t<\/select>\n<\/div>\n<\/div>\n\n<div  class=\"jet-form-builder-row field-type-text-field\" >\n<div class=\"jet-form-builder__label\">\r\n<div class=\"jet-form-builder__label-text\">C\u00f3digo Postal <span class=\"jet-form-builder__required\">*<\/span><\/div><\/div><div class=\"jet-form-builder__field-wrap\">\n\t\t\t\t<input placeholder=\"C\u00f3digo Postal\" required=\"required\" name=\"user-postal-code\" id=\"user-postal-code\" type=\"text\" data-field-name=\"user-postal-code\" class=\"jet-form-builder__field text-field\" minlength=\"5\" data-jfb-sync=\"null\" autocomplete=\"off_KvmJu1ZD\">\n\t\t\t\t\t<\/div>\n<\/div>\n\n\n<div style=\"height:50px\" aria-hidden=\"true\" class=\"wp-block-spacer\"><\/div>\n\n\n<div  class=\"jet-form-builder-row field-type-text-field\" >\n<div class=\"jet-form-builder__label\">\r\n<div class=\"jet-form-builder__label-text\">\u00bfQu\u00e9 idiomas hablas? <span class=\"jet-form-builder__required\">*<\/span><\/div><\/div><div class=\"jet-form-builder__field-wrap\">\n\t\t\t\t<input placeholder=\"Ingl\u00e9s, espa\u00f1ol, ruso\" required=\"required\" name=\"user-languages\" id=\"user-languages\" type=\"text\" data-field-name=\"user-languages\" class=\"jet-form-builder__field text-field\" data-jfb-sync=\"null\" autocomplete=\"off_QjCmSfL3\">\n\t\t\t\t\t<\/div>\n<\/div>\n\n\n<div style=\"height:50px\" aria-hidden=\"true\" class=\"wp-block-spacer\"><\/div>\n\n\n\n<div style=\"height:50px\" aria-hidden=\"true\" class=\"wp-block-spacer\"><\/div>\n\n\n<div  class=\"jet-form-builder-row field-type-text-field\" >\n<div class=\"jet-form-builder__label\">\r\n<div class=\"jet-form-builder__label-text\">Por favor seleccione su pa\u00eds de origen<\/div><\/div><div class=\"jet-form-builder__field-wrap\">\n\t\t\t\t<input placeholder=\"Por ejemplo, Estados Unidos\" name=\"user-country-of-origin\" id=\"user-country-of-origin\" type=\"text\" data-field-name=\"user-country-of-origin\" class=\"jet-form-builder__field text-field\" data-jfb-sync=\"null\" autocomplete=\"off_mTWoa7hg\">\n\t\t\t\t\t<\/div><div class=\"jet-form-builder__desc\"><small>El campo es opcional<\/small><\/div>\n<\/div>\n\n<div  class=\"jet-form-builder-row field-type-text-field\" >\n<div class=\"jet-form-builder__label\">\r\n<div class=\"jet-form-builder__label-text\">\u00bfC\u00f3mo se enter\u00f3 de Upstate International?<\/div><\/div><div class=\"jet-form-builder__field-wrap\">\n\t\t\t\t<input placeholder=\"Describir la referencia\" name=\"user-referral\" id=\"user-referral\" type=\"text\" data-field-name=\"user-referral\" class=\"jet-form-builder__field text-field\" data-jfb-sync=\"null\" autocomplete=\"off_26os0nDB\">\n\t\t\t\t\t<\/div>\n<\/div>\n\n<div  class=\"jet-form-builder-row field-type-text-field\" >\n<div class=\"jet-form-builder__label\">\r\n<div class=\"jet-form-builder__label-text\">Motivo de la membres\u00eda<\/div><\/div><div class=\"jet-form-builder__field-wrap\">\n\t\t\t\t<input name=\"user-reason-for-membership\" id=\"user-reason-for-membership\" type=\"text\" data-field-name=\"user-reason-for-membership\" class=\"jet-form-builder__field text-field\" data-jfb-sync=\"null\" autocomplete=\"off_mnevUOKG\">\n\t\t\t\t\t<\/div>\n<\/div>\n\n\n<input type=\"hidden\" class=\"jet-form-builder__field hidden-field\" name=\"current_date\" data-field-name=\"current_date\" data-jfb-sync=\"null\" value=\"1777663853\">\n\n\n\n\n<input type=\"hidden\" class=\"jet-form-builder__field hidden-field\" name=\"start_date\" data-field-name=\"start_date\" data-jfb-sync=\"null\" value=\"1777663853\">\n\n\n\n<div  class=\"jet-form-builder-row field-type-submit-field\" >\n\t<div data-type=\"submit\" class=\"jet-form-builder__action-button-wrapper jet-form-builder__submit-wrap\">\n\t<button class=\"jet-form-builder__action-button jet-form-builder__submit submit-type-reload\" type=\"submit\">Registro<\/button>\n\t<\/div>\n\t\n<\/div>\n<\/div><\/div>\n<\/div>\n\n\n<div class=\"jet-form-builder__conditional\" data-jfb-conditional=\"[{&quot;operator&quot;:&quot;empty&quot;,&quot;value&quot;:&quot;&quot;,&quot;field&quot;:&quot;user_email&quot;,&quot;use_preset&quot;:false}]\" data-jfb-func=\"show\">\n\n<div style=\"height:100px\" aria-hidden=\"true\" class=\"wp-block-spacer\"><\/div>\n\n\n\n<h2 class=\"wp-block-heading\">El registro familiar est\u00e1 disponible s\u00f3lo por invitaci\u00f3n.<\/h2>\n\n\n\n<p>Por favor, considere unirse a Upstate International con un <a href=\"https:\/\/upstateinter.wpenginepowered.com\/membership\/\" data-type=\"page\" data-id=\"6\">afiliaci\u00f3n<\/a>.<\/p>\n\n\n\n<div style=\"height:100px\" aria-hidden=\"true\" class=\"wp-block-spacer\"><\/div>\n\n<\/div>\t<div class=\"jet-form-builder-messages-wrap\" data-form-id=\"68821\"><\/div>\n<input\n                    class=\"apbct_special_field apbct_email_id__elementor_form\"\n                    name=\"apbct__email_id__elementor_form\"\n                    aria-label=\"apbct__label_id__elementor_form\"\n                    type=\"text\" size=\"30\" maxlength=\"200\" autocomplete=\"off\"\n                    value=\"\"\n                \/><input type=\"hidden\" name=\"trp-form-language\" value=\"es\"\/><\/form>\n\t\t\t\t<\/div>\n\t\t\t\t<\/div>\n\t\t\t\t<\/div>\n\t\t\t\t\t<\/div>\n\t\t\t\t<\/div>\n\t\t\t\t<\/div>","protected":false},"excerpt":{"rendered":"","protected":false},"author":1,"featured_media":0,"parent":0,"menu_order":0,"comment_status":"closed","ping_status":"closed","template":"","meta":{"_acf_changed":false,"_mo_disable_npp":"","footnotes":""},"class_list":["post-62052","page","type-page","status-publish","hentry"],"acf":[],"_links":{"self":[{"href":"https:\/\/upstateinternational.org\/es\/wp-json\/wp\/v2\/pages\/62052","targetHints":{"allow":["GET"]}}],"collection":[{"href":"https:\/\/upstateinternational.org\/es\/wp-json\/wp\/v2\/pages"}],"about":[{"href":"https:\/\/upstateinternational.org\/es\/wp-json\/wp\/v2\/types\/page"}],"author":[{"embeddable":true,"href":"https:\/\/upstateinternational.org\/es\/wp-json\/wp\/v2\/users\/1"}],"replies":[{"embeddable":true,"href":"https:\/\/upstateinternational.org\/es\/wp-json\/wp\/v2\/comments?post=62052"}],"version-history":[{"count":0,"href":"https:\/\/upstateinternational.org\/es\/wp-json\/wp\/v2\/pages\/62052\/revisions"}],"wp:attachment":[{"href":"https:\/\/upstateinternational.org\/es\/wp-json\/wp\/v2\/media?parent=62052"}],"curies":[{"name":"wp","href":"https:\/\/api.w.org\/{rel}","templated":true}]}}