{"id":88102,"date":"2025-10-11T04:45:10","date_gmt":"2025-10-11T08:45:10","guid":{"rendered":"https:\/\/ui-hybrid.local\/?page_id=88102"},"modified":"2025-11-25T04:26:58","modified_gmt":"2025-11-25T09:26:58","slug":"community-resources","status":"publish","type":"page","link":"https:\/\/upstateinternational.org\/es\/community-resources\/","title":{"rendered":"Recursos comunitarios"},"content":{"rendered":"<div data-elementor-type=\"wp-page\" data-elementor-id=\"88102\" class=\"elementor elementor-88102\" data-elementor-post-type=\"page\">\n\t\t\t\t<div class=\"elementor-element elementor-element-22ac5bd e-flex e-con-boxed e-con e-parent\" data-id=\"22ac5bd\" data-element_type=\"container\" data-e-type=\"container\" data-settings=\"{&quot;background_background&quot;:&quot;classic&quot;}\">\n\t\t\t\t\t<div class=\"e-con-inner\">\n\t\t<div class=\"elementor-element elementor-element-d8d6ae0 e-con-full e-flex e-con e-child\" data-id=\"d8d6ae0\" data-element_type=\"container\" data-e-type=\"container\">\n\t\t\t\t<div class=\"elementor-element elementor-element-9fa382c elementor-widget elementor-widget-heading\" data-id=\"9fa382c\" data-element_type=\"widget\" data-e-type=\"widget\" data-widget_type=\"heading.default\">\n\t\t\t\t<div class=\"elementor-widget-container\">\n\t\t\t\t\t<h1 class=\"elementor-heading-title elementor-size-default\">Recursos comunitarios<\/h1>\t\t\t\t<\/div>\n\t\t\t\t<\/div>\n\t\t\t\t<div class=\"elementor-element elementor-element-de96e53 elementor-widget elementor-widget-heading\" data-id=\"de96e53\" data-element_type=\"widget\" data-e-type=\"widget\" data-widget_type=\"heading.default\">\n\t\t\t\t<div class=\"elementor-widget-container\">\n\t\t\t\t\t<span class=\"elementor-heading-title elementor-size-default\">Su gu\u00eda para navegar por la vida en Greenville, ya sea que reci\u00e9n llegue o haya estado aqu\u00ed durante a\u00f1os.<\/span>\t\t\t\t<\/div>\n\t\t\t\t<\/div>\n\t\t\t\t<\/div>\n\t\t\t\t\t<\/div>\n\t\t\t\t<\/div>\n\t\t<div class=\"elementor-element elementor-element-06a451e e-flex e-con-boxed e-con e-parent\" data-id=\"06a451e\" data-element_type=\"container\" data-e-type=\"container\">\n\t\t\t\t\t<div class=\"e-con-inner\">\n\t\t<div class=\"elementor-element elementor-element-cdd445c e-con-full e-flex e-con e-child\" data-id=\"cdd445c\" data-element_type=\"container\" data-e-type=\"container\">\n\t\t\t\t<div class=\"elementor-element elementor-element-8cb91e8 elementor-widget elementor-widget-heading\" data-id=\"8cb91e8\" data-element_type=\"widget\" data-e-type=\"widget\" data-widget_type=\"heading.default\">\n\t\t\t\t<div class=\"elementor-widget-container\">\n\t\t\t\t\t<h3 class=\"elementor-heading-title elementor-size-default\">Bienvenido a la comunidad de Upstate<\/h3>\t\t\t\t<\/div>\n\t\t\t\t<\/div>\n\t\t\t\t<div class=\"elementor-element elementor-element-9955edb elementor-widget elementor-widget-text-editor\" data-id=\"9955edb\" data-element_type=\"widget\" data-e-type=\"widget\" data-widget_type=\"text-editor.default\">\n\t\t\t\t<div class=\"elementor-widget-container\">\n\t\t\t\t\t\t\t\t\t<p>Ya sea que se est\u00e9 instalando en el norte del estado por primera vez o que lleve d\u00e9cadas viviendo aqu\u00ed, encontrar los recursos adecuados, desde vivienda y atenci\u00f3n m\u00e9dica hasta eventos culturales y apoyo ling\u00fc\u00edstico, puede marcar la diferencia. Upstate International est\u00e1 aqu\u00ed para ayudarle a navegar, conectar y sentirse como en casa.<\/p><p>Nuestro Directorio de Recursos es una colecci\u00f3n de organizaciones, servicios y contactos locales que sirven a nuestra diversa comunidad. Est\u00e1 dise\u00f1ado para ayudar a los reci\u00e9n llegados a adaptarse a la vida en el norte del estado y para apoyar a los residentes de larga data a descubrir nuevas maneras de interactuar a nivel global y local.\u00a0<\/p>\t\t\t\t\t\t\t\t<\/div>\n\t\t\t\t<\/div>\n\t\t<div class=\"elementor-element elementor-element-609d86e e-con-full e-flex e-con e-child\" data-id=\"609d86e\" data-element_type=\"container\" data-e-type=\"container\" data-settings=\"{&quot;background_background&quot;:&quot;gradient&quot;}\">\n\t\t\t\t<div class=\"elementor-element elementor-element-20b027b elementor-widget elementor-widget-text-editor\" data-id=\"20b027b\" data-element_type=\"widget\" data-e-type=\"widget\" data-widget_type=\"text-editor.default\">\n\t\t\t\t<div class=\"elementor-widget-container\">\n\t\t\t\t\t\t\t\t\t<p><strong>TENGA EN CUENTA:<\/strong> Upstate International no respalda a ninguna de las entidades aqu\u00ed mencionadas y no se responsabiliza de los problemas derivados de transacciones privadas. Cada persona debe evaluar la validez de los contactos aqu\u00ed mencionados a su propio criterio.<\/p><p>Si desea que su empresa se incluya a continuaci\u00f3n, por favor <a href=\"https:\/\/upstateinternational.org\/es\/contact\/\">Cont\u00e1ctanos.<\/a><\/p>\t\t\t\t\t\t\t\t<\/div>\n\t\t\t\t<\/div>\n\t\t\t\t<\/div>\n\t\t\t\t<\/div>\n\t\t<div class=\"elementor-element elementor-element-cf08db1 e-con-full e-flex e-con e-child\" data-id=\"cf08db1\" data-element_type=\"container\" data-e-type=\"container\">\n\t\t\t\t<div class=\"elementor-element elementor-element-be172aa elementor-widget elementor-widget-image\" data-id=\"be172aa\" data-element_type=\"widget\" data-e-type=\"widget\" data-widget_type=\"image.default\">\n\t\t\t\t<div class=\"elementor-widget-container\">\n\t\t\t\t\t\t\t\t\t\t\t\t\t\t\t<img fetchpriority=\"high\" decoding=\"async\" width=\"650\" height=\"400\" src=\"https:\/\/upstateinternational.org\/wp-content\/uploads\/2024\/01\/upstate-international-greenville.webp\" class=\"attachment-large size-large wp-image-69587\" alt=\"\" srcset=\"https:\/\/upstateinternational.org\/wp-content\/uploads\/2024\/01\/upstate-international-greenville.webp 650w, https:\/\/upstateinternational.org\/wp-content\/uploads\/2024\/01\/upstate-international-greenville-300x185.webp 300w, https:\/\/upstateinternational.org\/wp-content\/uploads\/2024\/01\/upstate-international-greenville-600x369.webp 600w\" sizes=\"(max-width: 650px) 100vw, 650px\" \/>\t\t\t\t\t\t\t\t\t\t\t\t\t\t\t<\/div>\n\t\t\t\t<\/div>\n\t\t\t\t<\/div>\n\t\t<div class=\"elementor-element elementor-element-9c1c1f4 e-con-full e-flex e-con e-child\" data-id=\"9c1c1f4\" data-element_type=\"container\" data-e-type=\"container\">\n\t\t\t\t<div class=\"elementor-element elementor-element-ae59670 elementor-widget elementor-widget-heading\" data-id=\"ae59670\" data-element_type=\"widget\" data-e-type=\"widget\" data-widget_type=\"heading.default\">\n\t\t\t\t<div class=\"elementor-widget-container\">\n\t\t\t\t\t<h3 class=\"elementor-heading-title elementor-size-default\">Lo que encontrar\u00e1s dentro<\/h3>\t\t\t\t<\/div>\n\t\t\t\t<\/div>\n\t\t\t\t<div class=\"elementor-element elementor-element-c14afbe elementor-widget elementor-widget-text-editor\" data-id=\"c14afbe\" data-element_type=\"widget\" data-e-type=\"widget\" data-widget_type=\"text-editor.default\">\n\t\t\t\t<div class=\"elementor-widget-container\">\n\t\t\t\t\t\t\t\t\t<p>El directorio cubre aspectos esenciales de la vida en Upstate, incluidos:<\/p><ul><li><strong>Servicios de vivienda y reubicaci\u00f3n<\/strong> \u2013 Encuentra tu lugar en la comunidad<\/li><li><strong>Salud y bienestar<\/strong> \u2013 Acceder a atenci\u00f3n m\u00e9dica, apoyo de salud mental y recursos de salud p\u00fablica<\/li><li><strong>Lengua y educaci\u00f3n<\/strong> \u2013 Programas de ESL, servicios de traducci\u00f3n y escuelas<\/li><li><strong>Apoyo legal y de inmigraci\u00f3n<\/strong> \u2013 Contactos de confianza para navegar por los sistemas legales<\/li><li><strong>Recursos de empleo y carrera profesional<\/strong> \u2013 Capacitaci\u00f3n laboral, networking y desarrollo profesional<\/li><li><strong>Organizaciones culturales y comunitarias<\/strong> \u2013 Con\u00e9ctese con grupos que celebran perspectivas globales<\/li><li><strong>Comunidades de fe<\/strong> \u2013 Explorar lugares de culto a trav\u00e9s de las tradiciones<\/li><\/ul>\t\t\t\t\t\t\t\t<\/div>\n\t\t\t\t<\/div>\n\t\t\t\t<\/div>\n\t\t<div class=\"elementor-element elementor-element-276d50a e-con-full e-flex e-con e-child\" data-id=\"276d50a\" data-element_type=\"container\" data-e-type=\"container\" data-settings=\"{&quot;background_background&quot;:&quot;gradient&quot;}\">\n\t\t\t\t<div class=\"elementor-element elementor-element-7289f31 elementor-widget elementor-widget-spacer\" data-id=\"7289f31\" data-element_type=\"widget\" data-e-type=\"widget\" data-widget_type=\"spacer.default\">\n\t\t\t\t<div class=\"elementor-widget-container\">\n\t\t\t\t\t\t\t<div class=\"elementor-spacer\">\n\t\t\t<div class=\"elementor-spacer-inner\"><\/div>\n\t\t<\/div>\n\t\t\t\t\t\t<\/div>\n\t\t\t\t<\/div>\n\t\t\t\t<div class=\"elementor-element elementor-element-89bf8a2 elementor-widget elementor-widget-heading\" data-id=\"89bf8a2\" data-element_type=\"widget\" data-e-type=\"widget\" data-widget_type=\"heading.default\">\n\t\t\t\t<div class=\"elementor-widget-container\">\n\t\t\t\t\t<h2 class=\"elementor-heading-title elementor-size-default\">Perdona nuestro progreso.<\/h2>\t\t\t\t<\/div>\n\t\t\t\t<\/div>\n\t\t\t\t<div class=\"elementor-element elementor-element-0d4491f elementor-widget elementor-widget-heading\" data-id=\"0d4491f\" data-element_type=\"widget\" data-e-type=\"widget\" data-widget_type=\"heading.default\">\n\t\t\t\t<div class=\"elementor-widget-container\">\n\t\t\t\t\t<span class=\"elementor-heading-title elementor-size-default\">\u00a1Recurso PDF disponible pr\u00f3ximamente!<\/span>\t\t\t\t<\/div>\n\t\t\t\t<\/div>\n\t\t\t\t<div class=\"elementor-element elementor-element-a8bf865 elementor-widget elementor-widget-spacer\" data-id=\"a8bf865\" data-element_type=\"widget\" data-e-type=\"widget\" data-widget_type=\"spacer.default\">\n\t\t\t\t<div class=\"elementor-widget-container\">\n\t\t\t\t\t\t\t<div class=\"elementor-spacer\">\n\t\t\t<div class=\"elementor-spacer-inner\"><\/div>\n\t\t<\/div>\n\t\t\t\t\t\t<\/div>\n\t\t\t\t<\/div>\n\t\t\t\t<\/div>\n\t\t<div class=\"elementor-element elementor-element-a5f6434 e-con-full e-flex e-con e-child\" data-id=\"a5f6434\" data-element_type=\"container\" data-e-type=\"container\">\n\t\t<div class=\"elementor-element elementor-element-9dd3e8d e-con-full e-flex e-con e-child\" data-id=\"9dd3e8d\" data-element_type=\"container\" data-e-type=\"container\" data-settings=\"{&quot;background_background&quot;:&quot;gradient&quot;}\">\n\t\t\t\t<div class=\"elementor-element elementor-element-f37db99 elementor-widget elementor-widget-heading\" data-id=\"f37db99\" data-element_type=\"widget\" data-e-type=\"widget\" data-widget_type=\"heading.default\">\n\t\t\t\t<div class=\"elementor-widget-container\">\n\t\t\t\t\t<h3 class=\"elementor-heading-title elementor-size-default\">\u00bfA\u00fan necesitas ayuda? <\/h3>\t\t\t\t<\/div>\n\t\t\t\t<\/div>\n\t\t\t\t<div class=\"elementor-element elementor-element-92fa051 elementor-widget elementor-widget-text-editor\" data-id=\"92fa051\" data-element_type=\"widget\" data-e-type=\"widget\" data-widget_type=\"text-editor.default\">\n\t\t\t\t<div class=\"elementor-widget-container\">\n\t\t\t\t\t\t\t\t\t<p>Por favor <a href=\"https:\/\/upstateinternational.org\/es\/contact\/\">Cont\u00e1ctanos<\/a> \u00a1Y nuestro equipo estar\u00e1 encantado de ayudarle!<\/p>\t\t\t\t\t\t\t\t<\/div>\n\t\t\t\t<\/div>\n\t\t\t\t<div class=\"elementor-element elementor-element-c9bbd4a elementor-widget elementor-widget-button\" data-id=\"c9bbd4a\" data-element_type=\"widget\" data-e-type=\"widget\" data-widget_type=\"button.default\">\n\t\t\t\t<div class=\"elementor-widget-container\">\n\t\t\t\t\t\t\t\t\t<div class=\"elementor-button-wrapper\">\n\t\t\t\t\t<a class=\"elementor-button elementor-button-link elementor-size-sm\" href=\"https:\/\/upstateinternational.org\/es\/contact\/\">\n\t\t\t\t\t\t<span class=\"elementor-button-content-wrapper\">\n\t\t\t\t\t\t\t\t\t<span class=\"elementor-button-text\">Formulario de contacto<\/span>\n\t\t\t\t\t<\/span>\n\t\t\t\t\t<\/a>\n\t\t\t\t<\/div>\n\t\t\t\t\t\t\t\t<\/div>\n\t\t\t\t<\/div>\n\t\t\t\t<\/div>\n\t\t\t\t<\/div>\n\t\t\t\t\t<\/div>\n\t\t\t\t<\/div>\n\t\t\t\t<\/div>","protected":false},"excerpt":{"rendered":"","protected":false},"author":1,"featured_media":0,"parent":0,"menu_order":0,"comment_status":"closed","ping_status":"closed","template":"","meta":{"_acf_changed":false,"_mo_disable_npp":"","footnotes":""},"class_list":["post-88102","page","type-page","status-publish","hentry"],"acf":[],"_links":{"self":[{"href":"https:\/\/upstateinternational.org\/es\/wp-json\/wp\/v2\/pages\/88102","targetHints":{"allow":["GET"]}}],"collection":[{"href":"https:\/\/upstateinternational.org\/es\/wp-json\/wp\/v2\/pages"}],"about":[{"href":"https:\/\/upstateinternational.org\/es\/wp-json\/wp\/v2\/types\/page"}],"author":[{"embeddable":true,"href":"https:\/\/upstateinternational.org\/es\/wp-json\/wp\/v2\/users\/1"}],"replies":[{"embeddable":true,"href":"https:\/\/upstateinternational.org\/es\/wp-json\/wp\/v2\/comments?post=88102"}],"version-history":[{"count":0,"href":"https:\/\/upstateinternational.org\/es\/wp-json\/wp\/v2\/pages\/88102\/revisions"}],"wp:attachment":[{"href":"https:\/\/upstateinternational.org\/es\/wp-json\/wp\/v2\/media?parent=88102"}],"curies":[{"name":"wp","href":"https:\/\/api.w.org\/{rel}","templated":true}]}}