{"id":88395,"date":"2025-10-11T10:37:04","date_gmt":"2025-10-11T14:37:04","guid":{"rendered":"https:\/\/ui-hybrid.local\/accessibility-statement\/"},"modified":"2025-10-11T10:37:04","modified_gmt":"2025-10-11T14:37:04","slug":"accessibility-statement","status":"publish","type":"page","link":"https:\/\/upstateinternational.org\/es\/accessibility-statement\/","title":{"rendered":"Accessibility statement"},"content":{"rendered":"<h6 class=\"wp-block-heading has-text-align-center\">Declaraci\u00f3n de accesibilidad para https:\/\/upstateinternational.org<\/h6>\n\n\n<p><strong>Upstate International<\/strong> Nos comprometemos a garantizar la accesibilidad digital para las personas con discapacidad. Mejoramos continuamente la experiencia de usuario para todos y aplicamos los est\u00e1ndares de accesibilidad pertinentes.<\/p>\n\n\n<h6 class=\"wp-block-heading\">Estado de conformidad<\/h6>\n\n\n<p>Las Pautas de Accesibilidad al Contenido Web (WCAG) definen los requisitos que deben cumplir los dise\u00f1adores y desarrolladores para mejorar la accesibilidad para las personas con discapacidad. Definen tres niveles de conformidad: Nivel A, Nivel AA y Nivel AAA.<\/p>\n\n\n<p><strong>Upstate International<\/strong> est\u00e1 realizando esfuerzos constantes para mejorar la accesibilidad de su sitio y sus servicios en la creencia de que es nuestra obligaci\u00f3n moral colectiva permitir un uso fluido, accesible y sin obst\u00e1culos para aquellos de nosotros con discapacidades.<\/p>\n\n\n<p>Nuestro objetivo es que todas las p\u00e1ginas y el contenido est\u00e9n en <strong>https:\/\/upstateinternational.org<\/strong> Accesible, pero es posible que algunos contenidos a\u00fan no cumplan plenamente con los est\u00e1ndares de accesibilidad m\u00e1s exigentes. Esto podr\u00eda deberse a dificultades para identificar la soluci\u00f3n tecnol\u00f3gica m\u00e1s adecuada.<\/p>\n\n\n<p>Podemos revisar esta Declaraci\u00f3n peri\u00f3dicamente para reflejar mejoras o cambios en nuestras pr\u00e1cticas de accesibilidad.<\/p>\n\n\n<h6 class=\"wp-block-heading\">Comentario<\/h6>\n\n\n<p>Agradecemos sus comentarios sobre la accesibilidad de <strong>Upstate International<\/strong> Sitio web. Por favor, inf\u00f3rmenos si encuentra alguna barrera de accesibilidad en nuestro sitio web:<\/p>\n\n\n<p>Correo electr\u00f3nico: <strong>info@upstateinternational.org<\/strong><\/p>\n\n\n<p>Intentamos responder a los comentarios en un plazo de 3 a 5 d\u00edas h\u00e1biles.<\/p>\n\n\n<p>Esta declaraci\u00f3n fue creada el 11\/10\/2025. <\/p>","protected":false},"excerpt":{"rendered":"","protected":false},"author":1,"featured_media":0,"parent":0,"menu_order":0,"comment_status":"closed","ping_status":"closed","template":"","meta":{"_acf_changed":false,"_mo_disable_npp":"","footnotes":""},"class_list":["post-88395","page","type-page","status-publish","hentry"],"acf":[],"_links":{"self":[{"href":"https:\/\/upstateinternational.org\/es\/wp-json\/wp\/v2\/pages\/88395","targetHints":{"allow":["GET"]}}],"collection":[{"href":"https:\/\/upstateinternational.org\/es\/wp-json\/wp\/v2\/pages"}],"about":[{"href":"https:\/\/upstateinternational.org\/es\/wp-json\/wp\/v2\/types\/page"}],"author":[{"embeddable":true,"href":"https:\/\/upstateinternational.org\/es\/wp-json\/wp\/v2\/users\/1"}],"replies":[{"embeddable":true,"href":"https:\/\/upstateinternational.org\/es\/wp-json\/wp\/v2\/comments?post=88395"}],"version-history":[{"count":0,"href":"https:\/\/upstateinternational.org\/es\/wp-json\/wp\/v2\/pages\/88395\/revisions"}],"wp:attachment":[{"href":"https:\/\/upstateinternational.org\/es\/wp-json\/wp\/v2\/media?parent=88395"}],"curies":[{"name":"wp","href":"https:\/\/api.w.org\/{rel}","templated":true}]}}