{"id":90277,"date":"2025-11-22T11:11:19","date_gmt":"2025-11-22T16:11:19","guid":{"rendered":"https:\/\/ui-hybrid.local\/?page_id=90277"},"modified":"2025-11-22T11:14:25","modified_gmt":"2025-11-22T16:14:25","slug":"scholarship","status":"publish","type":"page","link":"https:\/\/upstateinternational.org\/es\/scholarship\/","title":{"rendered":"Beca"},"content":{"rendered":"<div data-elementor-type=\"wp-page\" data-elementor-id=\"90277\" class=\"elementor elementor-90277\" data-elementor-post-type=\"page\">\n\t\t\t\t<div class=\"elementor-element elementor-element-dd86d3b e-flex e-con-boxed e-con e-parent\" data-id=\"dd86d3b\" data-element_type=\"container\" data-e-type=\"container\" data-settings=\"{&quot;background_background&quot;:&quot;classic&quot;}\">\n\t\t\t\t\t<div class=\"e-con-inner\">\n\t\t<div class=\"elementor-element elementor-element-9046114 e-con-full e-flex e-con e-child\" data-id=\"9046114\" data-element_type=\"container\" data-e-type=\"container\">\n\t\t\t\t<div class=\"elementor-element elementor-element-27f142d elementor-widget elementor-widget-heading\" data-id=\"27f142d\" data-element_type=\"widget\" data-e-type=\"widget\" data-widget_type=\"heading.default\">\n\t\t\t\t<div class=\"elementor-widget-container\">\n\t\t\t\t\t<h1 class=\"elementor-heading-title elementor-size-default\">Solicitud de beca<\/h1>\t\t\t\t<\/div>\n\t\t\t\t<\/div>\n\t\t\t\t<div class=\"elementor-element elementor-element-d2d152c elementor-widget elementor-widget-heading\" data-id=\"d2d152c\" data-element_type=\"widget\" data-e-type=\"widget\" data-widget_type=\"heading.default\">\n\t\t\t\t<div class=\"elementor-widget-container\">\n\t\t\t\t\t<span class=\"elementor-heading-title elementor-size-default\">La situaci\u00f3n financiera nunca deber\u00eda ser una barrera para el compromiso.<\/span>\t\t\t\t<\/div>\n\t\t\t\t<\/div>\n\t\t\t\t<\/div>\n\t\t\t\t\t<\/div>\n\t\t\t\t<\/div>\n\t\t<div class=\"elementor-element elementor-element-105cbe6 e-flex e-con-boxed e-con e-parent\" data-id=\"105cbe6\" data-element_type=\"container\" data-e-type=\"container\">\n\t\t\t\t\t<div class=\"e-con-inner\">\n\t\t<div class=\"elementor-element elementor-element-4c5cbf5 e-con-full e-flex e-con e-child\" data-id=\"4c5cbf5\" data-element_type=\"container\" data-e-type=\"container\">\n\t\t\t\t<div class=\"elementor-element elementor-element-8e61ffa elementor-widget elementor-widget-heading\" data-id=\"8e61ffa\" data-element_type=\"widget\" data-e-type=\"widget\" data-widget_type=\"heading.default\">\n\t\t\t\t<div class=\"elementor-widget-container\">\n\t\t\t\t\t<h2 class=\"elementor-heading-title elementor-size-default\">Enviar una solicitud<\/h2>\t\t\t\t<\/div>\n\t\t\t\t<\/div>\n\t\t\t\t<div class=\"elementor-element elementor-element-2a161dd elementor-widget elementor-widget-text-editor\" data-id=\"2a161dd\" data-element_type=\"widget\" data-e-type=\"widget\" data-widget_type=\"text-editor.default\">\n\t\t\t\t<div class=\"elementor-widget-container\">\n\t\t\t\t\t\t\t\t\t<p>Si desea solicitar una membres\u00eda con tarifa reducida o gratuita, complete nuestro sencillo formulario de solicitud. Toda la informaci\u00f3n es privada y se revisa caso por caso.<\/p>\t\t\t\t\t\t\t\t<\/div>\n\t\t\t\t<\/div>\n\t\t\t\t<div class=\"elementor-element elementor-element-1bf249e elementor-widget elementor-widget-text-editor\" data-id=\"1bf249e\" data-element_type=\"widget\" data-e-type=\"widget\" data-widget_type=\"text-editor.default\">\n\t\t\t\t<div class=\"elementor-widget-container\">\n\t\t\t\t\t\t\t\t\t<p class=\"p1\"><strong>Notas importantes<\/strong><\/p><ul><li class=\"p1\">Las membres\u00edas subsidiadas son solo para personas f\u00edsicas. Si alg\u00fan familiar tambi\u00e9n desea solicitarlas, deber\u00e1 completar su propio formulario.<\/li><li class=\"p1\">Las membres\u00edas son v\u00e1lidas por un a\u00f1o. Deber\u00e1 volver a solicitarlas el pr\u00f3ximo a\u00f1o si desea renovar una membres\u00eda subsidiada.<\/li><li class=\"p1\">Por favor espere hasta una semana para que revisemos su solicitud.<\/li><\/ul>\t\t\t\t\t\t\t\t<\/div>\n\t\t\t\t<\/div>\n\t\t\t\t<div class=\"elementor-element elementor-element-c547568 elementor-widget elementor-widget-text-editor\" data-id=\"c547568\" data-element_type=\"widget\" data-e-type=\"widget\" data-widget_type=\"text-editor.default\">\n\t\t\t\t<div class=\"elementor-widget-container\">\n\t\t\t\t\t\t\t\t\t<p><strong>\u00bfPreguntas?<\/strong><\/p><p>Env\u00edenos un correo electr\u00f3nico a <a href=\"mailto:info@upstateinternational.org\">info@upstateinternational.org<\/a><\/p>\t\t\t\t\t\t\t\t<\/div>\n\t\t\t\t<\/div>\n\t\t\t\t<\/div>\n\t\t<div class=\"elementor-element elementor-element-5b936a6 e-con-full e-flex e-con e-child\" data-id=\"5b936a6\" data-element_type=\"container\" data-e-type=\"container\">\n\t\t\t\t<div class=\"elementor-element elementor-element-14a0d98 elementor-widget elementor-widget-html\" data-id=\"14a0d98\" data-element_type=\"widget\" data-e-type=\"widget\" data-widget_type=\"html.default\">\n\t\t\t\t<div class=\"elementor-widget-container\">\n\t\t\t\t\t<script type=\"text\/javascript\" src=\"https:\/\/secure.lglforms.com\/form_engine\/s\/KyLyWnlFSM_bGgFXZkT1oQ.js\"><\/script><noscript><a href=\"https:\/\/secure.lglforms.com\/form_engine\/s\/KyLyWnlFSM_bGgFXZkT1oQ\">\u00a1Complete mi formulario LGL!<\/a><br\/><\/noscript>\t\t\t\t<\/div>\n\t\t\t\t<\/div>\n\t\t\t\t<\/div>\n\t\t\t\t\t<\/div>\n\t\t\t\t<\/div>\n\t\t\t\t<\/div>","protected":false},"excerpt":{"rendered":"","protected":false},"author":1,"featured_media":0,"parent":0,"menu_order":0,"comment_status":"closed","ping_status":"closed","template":"","meta":{"_acf_changed":false,"_mo_disable_npp":"","footnotes":""},"class_list":["post-90277","page","type-page","status-publish","hentry"],"acf":[],"_links":{"self":[{"href":"https:\/\/upstateinternational.org\/es\/wp-json\/wp\/v2\/pages\/90277","targetHints":{"allow":["GET"]}}],"collection":[{"href":"https:\/\/upstateinternational.org\/es\/wp-json\/wp\/v2\/pages"}],"about":[{"href":"https:\/\/upstateinternational.org\/es\/wp-json\/wp\/v2\/types\/page"}],"author":[{"embeddable":true,"href":"https:\/\/upstateinternational.org\/es\/wp-json\/wp\/v2\/users\/1"}],"replies":[{"embeddable":true,"href":"https:\/\/upstateinternational.org\/es\/wp-json\/wp\/v2\/comments?post=90277"}],"version-history":[{"count":0,"href":"https:\/\/upstateinternational.org\/es\/wp-json\/wp\/v2\/pages\/90277\/revisions"}],"wp:attachment":[{"href":"https:\/\/upstateinternational.org\/es\/wp-json\/wp\/v2\/media?parent=90277"}],"curies":[{"name":"wp","href":"https:\/\/api.w.org\/{rel}","templated":true}]}}