{"id":83555,"date":"2025-03-31T14:40:43","date_gmt":"2025-03-31T18:40:43","guid":{"rendered":"https:\/\/ui-hybrid.local\/?post_type=product&#038;p=83555"},"modified":"2025-11-17T07:54:13","modified_gmt":"2025-11-17T12:54:13","slug":"africa-and-the-global-economy","status":"publish","type":"product","link":"https:\/\/upstateinternational.org\/es\/producto\/africa-and-the-global-economy\/","title":{"rendered":"El renacimiento econ\u00f3mico de \u00c1frica: rompiendo barreras, construyendo futuros"},"content":{"rendered":"<p>Preguntas sobre el tema de discusi\u00f3n:<\/p>\n<p class=\"\" data-start=\"41\" data-end=\"585\"><strong>Sra. Gugu Selela<\/strong> Explorar\u00e1 el papel evolutivo de \u00c1frica en la econom\u00eda global, examinando su potencial econ\u00f3mico, desaf\u00edos estructurales y oportunidades de transformaci\u00f3n. La charla profundizar\u00e1 en los factores hist\u00f3ricos y contempor\u00e1neos que influyen en el panorama econ\u00f3mico de \u00c1frica, incluyendo los legados coloniales, los desequilibrios comerciales y la inversi\u00f3n extranjera. Adem\u00e1s, la Sra. Selela destacar\u00e1 el papel crucial de las mujeres africanas en el desarrollo econ\u00f3mico y la necesidad de soluciones lideradas por \u00c1frica que prioricen la equidad, la innovaci\u00f3n y la prosperidad a largo plazo.<\/p>\n<p class=\"\" data-start=\"587\" data-end=\"626\">Las preguntas clave para el debate incluyen:<\/p>\n<ul data-start=\"628\" data-end=\"1314\" data-is-last-node=\"\" data-is-only-node=\"\">\n<li class=\"\" data-start=\"628\" data-end=\"723\">\n<p class=\"\" data-start=\"630\" data-end=\"723\">\u00bfC\u00f3mo han influido las historias coloniales y los desequilibrios comerciales en la actual posici\u00f3n econ\u00f3mica de \u00c1frica?<\/p>\n<\/li>\n<li class=\"\" data-start=\"724\" data-end=\"830\">\n<p class=\"\" data-start=\"726\" data-end=\"830\">\u00bfQu\u00e9 desaf\u00edos estructurales siguen obstaculizando el crecimiento econ\u00f3mico de \u00c1frica y c\u00f3mo se pueden abordar?<\/p>\n<\/li>\n<li class=\"\" data-start=\"831\" data-end=\"951\">\n<p class=\"\" data-start=\"833\" data-end=\"951\">\u00bfC\u00f3mo inciden las inversiones extranjeras en el desarrollo de \u00c1frica? \u00bfSon un camino hacia el progreso o una forma de dependencia econ\u00f3mica?<\/p>\n<\/li>\n<li class=\"\" data-start=\"952\" data-end=\"1092\">\n<p class=\"\" data-start=\"954\" data-end=\"1092\">\u00bfQu\u00e9 papel desempe\u00f1an las mujeres africanas a la hora de impulsar la transformaci\u00f3n econ\u00f3mica y c\u00f3mo pueden las pol\u00edticas inclusivas de g\u00e9nero acelerar el crecimiento sostenible?<\/p>\n<\/li>\n<li class=\"\" data-start=\"1093\" data-end=\"1221\">\n<p class=\"\" data-start=\"1095\" data-end=\"1221\">\u00bfC\u00f3mo pueden las naciones africanas tomar la iniciativa en la formulaci\u00f3n de pol\u00edticas econ\u00f3micas que fomenten la innovaci\u00f3n, la equidad y la prosperidad a largo plazo?<\/p>\n<\/li>\n<\/ul>\n<p>&nbsp;<\/p>\n<hr \/>\n<p><em>M\u00e1s all\u00e1 de los titulares es una serie de conferencias que ofrece informaci\u00f3n basada en hechos sobre los problemas globales m\u00e1s urgentes de la actualidad. Los eventos contar\u00e1n con la participaci\u00f3n de l\u00edderes de opini\u00f3n de instituciones acad\u00e9micas o de investigaci\u00f3n, quienes brindar\u00e1n informaci\u00f3n y comentarios sobre el tema antes de permitir que el p\u00fablico haga preguntas y participe en el debate. Ofrecer una plataforma apol\u00edtica para temas delicados permitir\u00e1 a los participantes ampliar sus horizontes y formular preguntas que faciliten su desarrollo en el tema. La serie es gratuita, sin almuerzo, y est\u00e1 abierta a la comunidad.<\/em><\/p>","protected":false},"excerpt":{"rendered":"","protected":false},"featured_media":89676,"template":"","meta":{"_acf_changed":false,"_mo_disable_npp":"","wds_primary_product_brand":0,"wds_primary_product_cat":0},"product_brand":[],"product_cat":[146],"product_tag":[],"class_list":{"0":"post-83555","1":"product","2":"type-product","3":"status-publish","4":"has-post-thumbnail","6":"product_cat-events","8":"first","9":"instock","10":"taxable","11":"shipping-taxable","12":"purchasable","13":"product-type-variable"},"acf":[],"_links":{"self":[{"href":"https:\/\/upstateinternational.org\/es\/wp-json\/wp\/v2\/product\/83555","targetHints":{"allow":["GET"]}}],"collection":[{"href":"https:\/\/upstateinternational.org\/es\/wp-json\/wp\/v2\/product"}],"about":[{"href":"https:\/\/upstateinternational.org\/es\/wp-json\/wp\/v2\/types\/product"}],"version-history":[{"count":1,"href":"https:\/\/upstateinternational.org\/es\/wp-json\/wp\/v2\/product\/83555\/revisions"}],"predecessor-version":[{"id":93790,"href":"https:\/\/upstateinternational.org\/es\/wp-json\/wp\/v2\/product\/83555\/revisions\/93790"}],"wp:featuredmedia":[{"embeddable":true,"href":"https:\/\/upstateinternational.org\/es\/wp-json\/wp\/v2\/media\/89676"}],"wp:attachment":[{"href":"https:\/\/upstateinternational.org\/es\/wp-json\/wp\/v2\/media?parent=83555"}],"wp:term":[{"taxonomy":"product_brand","embeddable":true,"href":"https:\/\/upstateinternational.org\/es\/wp-json\/wp\/v2\/product_brand?post=83555"},{"taxonomy":"product_cat","embeddable":true,"href":"https:\/\/upstateinternational.org\/es\/wp-json\/wp\/v2\/product_cat?post=83555"},{"taxonomy":"product_tag","embeddable":true,"href":"https:\/\/upstateinternational.org\/es\/wp-json\/wp\/v2\/product_tag?post=83555"}],"curies":[{"name":"wp","href":"https:\/\/api.w.org\/{rel}","templated":true}]}}