{"id":89880,"date":"2025-11-09T07:09:41","date_gmt":"2025-11-09T12:09:41","guid":{"rendered":"https:\/\/ui-hybrid.local\/?post_type=product&#038;p=89880"},"modified":"2025-11-25T15:49:59","modified_gmt":"2025-11-25T20:49:59","slug":"gateway-member","status":"publish","type":"product","link":"https:\/\/upstateinternational.org\/es\/producto\/gateway-member\/","title":{"rendered":"Miembro de Gateway"},"content":{"rendered":"<h3>\u00danase como miembro de Gateway y comience a conectarse.<\/h3>\n<p>Dise\u00f1ado para nuevos miembros, este nivel te da acceso completo a reuniones sociales, programas culturales y un precio reducido en nuestras populares clases de idiomas. Tambi\u00e9n recibir\u00e1s nuestro bolet\u00edn mensual para miembros con las pr\u00f3ximas oportunidades, novedades y formas de participar.<\/p>\n<p><strong>Comience su viaje con una comunidad acogedora de locales con mentalidad global.<\/strong><\/p>\n<ul>\n<li>Acceso a eventos sociales, reuniones y programaci\u00f3n cultural.<\/li>\n<li>Tarifa de descuento para miembros en cursos de idiomas<\/li>\n<li>Descuento para miembros en ciertos programas de enriquecimiento cultural<\/li>\n<li>Bolet\u00edn informativo para miembros<\/li>\n<li>+$25 por cada miembro adicional de la familia<\/li>\n<li>Membres\u00edas subsidiadas disponibles seg\u00fan los ingresos.*<\/li>\n<\/ul>\n<p><em>* $0 para aquellos que ganan por debajo de la l\u00ednea de pobreza, $25 para aquellos que ganan entre 100% y 200% de la l\u00ednea de pobreza.<\/em><\/p>\n<p><a href=\"https:\/\/upstateinternational.org\/es\/scholarship\/\">Solicitar una beca<\/a><\/p>","protected":false},"excerpt":{"rendered":"","protected":false},"featured_media":89881,"template":"","meta":{"_acf_changed":false,"_mo_disable_npp":"","wds_primary_product_brand":0,"wds_primary_product_cat":0},"product_brand":[],"product_cat":[127],"product_tag":[],"class_list":{"0":"post-89880","1":"product","2":"type-product","3":"status-publish","4":"has-post-thumbnail","6":"product_cat-memberships","8":"first","9":"instock","10":"virtual","11":"sold-individually","12":"taxable","13":"purchasable","14":"product-type-simple"},"acf":[],"_links":{"self":[{"href":"https:\/\/upstateinternational.org\/es\/wp-json\/wp\/v2\/product\/89880","targetHints":{"allow":["GET"]}}],"collection":[{"href":"https:\/\/upstateinternational.org\/es\/wp-json\/wp\/v2\/product"}],"about":[{"href":"https:\/\/upstateinternational.org\/es\/wp-json\/wp\/v2\/types\/product"}],"version-history":[{"count":0,"href":"https:\/\/upstateinternational.org\/es\/wp-json\/wp\/v2\/product\/89880\/revisions"}],"wp:featuredmedia":[{"embeddable":true,"href":"https:\/\/upstateinternational.org\/es\/wp-json\/wp\/v2\/media\/89881"}],"wp:attachment":[{"href":"https:\/\/upstateinternational.org\/es\/wp-json\/wp\/v2\/media?parent=89880"}],"wp:term":[{"taxonomy":"product_brand","embeddable":true,"href":"https:\/\/upstateinternational.org\/es\/wp-json\/wp\/v2\/product_brand?post=89880"},{"taxonomy":"product_cat","embeddable":true,"href":"https:\/\/upstateinternational.org\/es\/wp-json\/wp\/v2\/product_cat?post=89880"},{"taxonomy":"product_tag","embeddable":true,"href":"https:\/\/upstateinternational.org\/es\/wp-json\/wp\/v2\/product_tag?post=89880"}],"curies":[{"name":"wp","href":"https:\/\/api.w.org\/{rel}","templated":true}]}}