{"id":89885,"date":"2025-11-09T07:14:59","date_gmt":"2025-11-09T12:14:59","guid":{"rendered":"https:\/\/ui-hybrid.local\/?post_type=product&#038;p=89885"},"modified":"2025-11-25T15:49:47","modified_gmt":"2025-11-25T20:49:47","slug":"crossroads-collective","status":"publish","type":"product","link":"https:\/\/upstateinternational.org\/es\/producto\/crossroads-collective\/","title":{"rendered":"Colectivo Crossroads"},"content":{"rendered":"<p><strong>Obtenga una membres\u00eda, regale una membres\u00eda.<\/strong><\/p>\n<p>Este nivel es ideal para los miembros que desean profundizar su compromiso con nuestra misi\u00f3n. Adem\u00e1s de todos los beneficios est\u00e1ndar para miembros, los miembros de Crossroads Collective reciben entrada gratuita a dos talleres o eventos culturales de la UI, un descuento en las entradas para nuestros eventos exclusivos de recaudaci\u00f3n de fondos y reconocimiento en nuestro informe anual.<\/p>\n<p><strong>Es nuestra forma de decirles gracias por ayudarnos a crecer.<\/strong><\/p>\n<ul>\n<li>Get One, Give One: financia una membres\u00eda subsidiada para una comunidad inclusiva<\/li>\n<li>Acceso a eventos sociales, reuniones y programaci\u00f3n cultural.<\/li>\n<li>Tarifa de descuento para miembros en cursos de idiomas<\/li>\n<li>Descuento para miembros en ciertos programas de enriquecimiento cultural<\/li>\n<li>+$25 por cada miembro adicional de la familia<\/li>\n<li>Programa cultural especial gratuito<\/li>\n<li>Reconocimiento en el informe anual<\/li>\n<\/ul>","protected":false},"excerpt":{"rendered":"","protected":false},"featured_media":89883,"template":"","meta":{"_acf_changed":false,"_mo_disable_npp":"","wds_primary_product_brand":0,"wds_primary_product_cat":0},"product_brand":[],"product_cat":[127],"product_tag":[],"class_list":{"0":"post-89885","1":"product","2":"type-product","3":"status-publish","4":"has-post-thumbnail","6":"product_cat-memberships","8":"first","9":"instock","10":"virtual","11":"sold-individually","12":"taxable","13":"purchasable","14":"product-type-simple"},"acf":[],"_links":{"self":[{"href":"https:\/\/upstateinternational.org\/es\/wp-json\/wp\/v2\/product\/89885","targetHints":{"allow":["GET"]}}],"collection":[{"href":"https:\/\/upstateinternational.org\/es\/wp-json\/wp\/v2\/product"}],"about":[{"href":"https:\/\/upstateinternational.org\/es\/wp-json\/wp\/v2\/types\/product"}],"version-history":[{"count":0,"href":"https:\/\/upstateinternational.org\/es\/wp-json\/wp\/v2\/product\/89885\/revisions"}],"wp:featuredmedia":[{"embeddable":true,"href":"https:\/\/upstateinternational.org\/es\/wp-json\/wp\/v2\/media\/89883"}],"wp:attachment":[{"href":"https:\/\/upstateinternational.org\/es\/wp-json\/wp\/v2\/media?parent=89885"}],"wp:term":[{"taxonomy":"product_brand","embeddable":true,"href":"https:\/\/upstateinternational.org\/es\/wp-json\/wp\/v2\/product_brand?post=89885"},{"taxonomy":"product_cat","embeddable":true,"href":"https:\/\/upstateinternational.org\/es\/wp-json\/wp\/v2\/product_cat?post=89885"},{"taxonomy":"product_tag","embeddable":true,"href":"https:\/\/upstateinternational.org\/es\/wp-json\/wp\/v2\/product_tag?post=89885"}],"curies":[{"name":"wp","href":"https:\/\/api.w.org\/{rel}","templated":true}]}}