{"id":89887,"date":"2025-11-09T07:16:11","date_gmt":"2025-11-09T12:16:11","guid":{"rendered":"https:\/\/ui-hybrid.local\/?post_type=product&#038;p=89887"},"modified":"2025-11-25T15:50:04","modified_gmt":"2025-11-25T20:50:04","slug":"world-horizon-patron","status":"publish","type":"product","link":"https:\/\/upstateinternational.org\/es\/producto\/world-horizon-patron\/","title":{"rendered":"Patr\u00f3n de Horizonte Mundial"},"content":{"rendered":"<h3>Convi\u00e9rtete en patrocinador de World Horizon y amplifica tu impacto.<\/h3>\n<p>Este nivel est\u00e1 dise\u00f1ado para empresas y personas que desean ser pilares de apoyo para nuestra comunidad internacional. Los patrocinadores reciben todos los beneficios de membres\u00eda que ofrecemos, incluyendo una clase de idioma gratuita al a\u00f1o para un miembro del equipo o un invitado, entrada gratuita a todos los talleres y eventos culturales, y reconocimiento p\u00fablico en nuestro informe anual, bolet\u00edn informativo y en nuestra recaudaci\u00f3n de fondos insignia.<\/p>\n<p><strong>Su contribuci\u00f3n tambi\u00e9n ayuda a subsidiar la membres\u00eda de los miembros de la comunidad que la necesitan.<\/strong><\/p>\n<ul>\n<li>Acceso a eventos sociales, reuniones y programaci\u00f3n cultural.<\/li>\n<li>Tarifa de descuento para miembros en cursos de idiomas<\/li>\n<li>Descuento para miembros en ciertos programas de enriquecimiento cultural<\/li>\n<li>Bolet\u00edn informativo para miembros<\/li>\n<li>+$25 por cada miembro adicional de la familia<\/li>\n<li>Programa cultural especial gratuito<\/li>\n<li>Reconocimiento en el informe anual<\/li>\n<li>Una clase de idioma gratuita durante el a\u00f1o de membres\u00eda actual para una persona<\/li>\n<li>Reconocimiento durante programa cultural especial gratuito<\/li>\n<li>Evento exclusivo para patrocinadores con miembros de la junta<\/li>\n<li>Reconocimiento en el sitio web<\/li>\n<\/ul>","protected":false},"excerpt":{"rendered":"","protected":false},"featured_media":89882,"template":"","meta":{"_acf_changed":false,"_mo_disable_npp":"","wds_primary_product_brand":0,"wds_primary_product_cat":0},"product_brand":[],"product_cat":[127],"product_tag":[],"class_list":{"0":"post-89887","1":"product","2":"type-product","3":"status-publish","4":"has-post-thumbnail","6":"product_cat-memberships","8":"first","9":"instock","10":"virtual","11":"sold-individually","12":"taxable","13":"purchasable","14":"product-type-simple"},"acf":[],"_links":{"self":[{"href":"https:\/\/upstateinternational.org\/es\/wp-json\/wp\/v2\/product\/89887","targetHints":{"allow":["GET"]}}],"collection":[{"href":"https:\/\/upstateinternational.org\/es\/wp-json\/wp\/v2\/product"}],"about":[{"href":"https:\/\/upstateinternational.org\/es\/wp-json\/wp\/v2\/types\/product"}],"version-history":[{"count":0,"href":"https:\/\/upstateinternational.org\/es\/wp-json\/wp\/v2\/product\/89887\/revisions"}],"wp:featuredmedia":[{"embeddable":true,"href":"https:\/\/upstateinternational.org\/es\/wp-json\/wp\/v2\/media\/89882"}],"wp:attachment":[{"href":"https:\/\/upstateinternational.org\/es\/wp-json\/wp\/v2\/media?parent=89887"}],"wp:term":[{"taxonomy":"product_brand","embeddable":true,"href":"https:\/\/upstateinternational.org\/es\/wp-json\/wp\/v2\/product_brand?post=89887"},{"taxonomy":"product_cat","embeddable":true,"href":"https:\/\/upstateinternational.org\/es\/wp-json\/wp\/v2\/product_cat?post=89887"},{"taxonomy":"product_tag","embeddable":true,"href":"https:\/\/upstateinternational.org\/es\/wp-json\/wp\/v2\/product_tag?post=89887"}],"curies":[{"name":"wp","href":"https:\/\/api.w.org\/{rel}","templated":true}]}}