{"id":89889,"date":"2025-11-09T07:18:34","date_gmt":"2025-11-09T12:18:34","guid":{"rendered":"https:\/\/ui-hybrid.local\/?post_type=product&#038;p=89889"},"modified":"2025-11-26T06:11:04","modified_gmt":"2025-11-26T11:11:04","slug":"family-member","status":"publish","type":"product","link":"https:\/\/upstateinternational.org\/es\/producto\/family-member\/","title":{"rendered":"Miembro de la familia"},"content":{"rendered":"<h3>\u00a1Hazlo un asunto familiar!<\/h3>\n<p>Este complemento te permite ampliar los beneficios de tu membres\u00eda a otros miembros de tu hogar. Cada compra de $25 a\u00f1ade un miembro m\u00e1s a tu cuenta, brind\u00e1ndoles acceso a los mismos beneficios: eventos sociales, programas culturales, clases de idiomas con descuento y mucho m\u00e1s.<\/p>","protected":false},"excerpt":{"rendered":"","protected":false},"featured_media":89890,"template":"","meta":{"_acf_changed":false,"_mo_disable_npp":"","wds_primary_product_brand":0,"wds_primary_product_cat":0},"product_brand":[],"product_cat":[127],"product_tag":[],"class_list":{"0":"post-89889","1":"product","2":"type-product","3":"status-publish","4":"has-post-thumbnail","6":"product_cat-memberships","8":"first","9":"instock","10":"virtual","11":"taxable","12":"purchasable","13":"product-type-simple"},"acf":[],"_links":{"self":[{"href":"https:\/\/upstateinternational.org\/es\/wp-json\/wp\/v2\/product\/89889","targetHints":{"allow":["GET"]}}],"collection":[{"href":"https:\/\/upstateinternational.org\/es\/wp-json\/wp\/v2\/product"}],"about":[{"href":"https:\/\/upstateinternational.org\/es\/wp-json\/wp\/v2\/types\/product"}],"version-history":[{"count":0,"href":"https:\/\/upstateinternational.org\/es\/wp-json\/wp\/v2\/product\/89889\/revisions"}],"wp:featuredmedia":[{"embeddable":true,"href":"https:\/\/upstateinternational.org\/es\/wp-json\/wp\/v2\/media\/89890"}],"wp:attachment":[{"href":"https:\/\/upstateinternational.org\/es\/wp-json\/wp\/v2\/media?parent=89889"}],"wp:term":[{"taxonomy":"product_brand","embeddable":true,"href":"https:\/\/upstateinternational.org\/es\/wp-json\/wp\/v2\/product_brand?post=89889"},{"taxonomy":"product_cat","embeddable":true,"href":"https:\/\/upstateinternational.org\/es\/wp-json\/wp\/v2\/product_cat?post=89889"},{"taxonomy":"product_tag","embeddable":true,"href":"https:\/\/upstateinternational.org\/es\/wp-json\/wp\/v2\/product_tag?post=89889"}],"curies":[{"name":"wp","href":"https:\/\/api.w.org\/{rel}","templated":true}]}}