{"id":90344,"date":"2023-12-11T06:18:32","date_gmt":"2023-12-11T11:18:32","guid":{"rendered":"https:\/\/ui-hybrid.local\/product\/membership-2\/"},"modified":"2025-11-24T09:02:49","modified_gmt":"2025-11-24T14:02:49","slug":"membership-2","status":"publish","type":"product","link":"https:\/\/upstateinternational.org\/es\/producto\/membership-2\/","title":{"rendered":"Afiliaci\u00f3n"},"content":{"rendered":"<h3 style=\"color: #68c5d3;\"><strong>El apoyo de los miembros proporciona un centro de recursos y conexiones que ayudan a nuestra regi\u00f3n a prosperar.<\/strong><\/h3>\n<p>Apoyo al desarrollo econ\u00f3mico y a las habilidades laborales (capacitaci\u00f3n en fluidez global, clases de idiomas, listas de recursos para empresas entrantes)<\/p>\n<p>Educaci\u00f3n (ense\u00f1anza a estudiantes desfavorecidos sobre carreras globales, ayuda a universidades para preparar a sus estudiantes para entrevistas de visas, ponencias en universidades)<\/p>\n<p>Vivir una misi\u00f3n de Diversidad e Inclusi\u00f3n (eliminar barreras a la programaci\u00f3n, celebrar la diversidad cultural, ofrecer capacitaci\u00f3n intercultural, apoyo de interpretaci\u00f3n y traducci\u00f3n, asegurarnos de que nuestra Junta Directiva de UI refleje la diversidad de edad, g\u00e9nero, raza, religi\u00f3n, econom\u00eda y cultura)<\/p>\n<p>Apoyar los esfuerzos de otras organizaciones sin fines de lucro con marketing y promociones gratuitas de todos los eventos e iniciativas relacionados a nivel internacional en Upstate.<\/p>","protected":false},"excerpt":{"rendered":"","protected":false},"featured_media":58734,"template":"","meta":{"_acf_changed":false,"_mo_disable_npp":"","wds_primary_product_brand":0,"wds_primary_product_cat":0},"product_brand":[],"product_cat":[127],"product_tag":[],"class_list":{"0":"post-90344","1":"product","2":"type-product","3":"status-publish","4":"has-post-thumbnail","6":"product_cat-memberships","8":"first","9":"instock","10":"featured","11":"taxable","12":"shipping-taxable","13":"product-type-simple"},"acf":[],"_links":{"self":[{"href":"https:\/\/upstateinternational.org\/es\/wp-json\/wp\/v2\/product\/90344","targetHints":{"allow":["GET"]}}],"collection":[{"href":"https:\/\/upstateinternational.org\/es\/wp-json\/wp\/v2\/product"}],"about":[{"href":"https:\/\/upstateinternational.org\/es\/wp-json\/wp\/v2\/types\/product"}],"version-history":[{"count":0,"href":"https:\/\/upstateinternational.org\/es\/wp-json\/wp\/v2\/product\/90344\/revisions"}],"wp:featuredmedia":[{"embeddable":true,"href":"https:\/\/upstateinternational.org\/es\/wp-json\/wp\/v2\/media\/58734"}],"wp:attachment":[{"href":"https:\/\/upstateinternational.org\/es\/wp-json\/wp\/v2\/media?parent=90344"}],"wp:term":[{"taxonomy":"product_brand","embeddable":true,"href":"https:\/\/upstateinternational.org\/es\/wp-json\/wp\/v2\/product_brand?post=90344"},{"taxonomy":"product_cat","embeddable":true,"href":"https:\/\/upstateinternational.org\/es\/wp-json\/wp\/v2\/product_cat?post=90344"},{"taxonomy":"product_tag","embeddable":true,"href":"https:\/\/upstateinternational.org\/es\/wp-json\/wp\/v2\/product_tag?post=90344"}],"curies":[{"name":"wp","href":"https:\/\/api.w.org\/{rel}","templated":true}]}}