{"id":90352,"date":"2024-08-06T15:05:48","date_gmt":"2024-08-06T19:05:48","guid":{"rendered":"https:\/\/ui-hybrid.local\/product\/english-a1-regular\/"},"modified":"2025-11-24T09:02:51","modified_gmt":"2025-11-24T14:02:51","slug":"english-a1-regular","status":"publish","type":"product","link":"https:\/\/upstateinternational.org\/es\/producto\/english-a1-regular\/","title":{"rendered":"Ingl\u00e9s A1 Regular: Mi\u00e9rcoles"},"content":{"rendered":"<p><span data-sheets-root=\"1\" data-sheets-value=\"{&quot;1&quot;:2,&quot;2&quot;:&quot;Stimulate your brain by learning a new language or building on your current foreign language skills at Upstate International! Learning a new language is a known way to enhance your ability to multitask, improve memory and communication skills, and upgrade your professional skills. It is also a way to enhance your travel experiences, broaden your global perspective, and open doors to you all around the world \u2013 globalization, right? Join UI on this journey! nnRegular classes meet once a week for a total of 75 minutes. Intensive classes meet twice a week for a total of 90 minutes. Students MUST BE members of UI in order to take a language class. Classes are online and in-person. Scroll down to see the start and end dates for your class, and location. Fees are NON-REFUNDABLE unless cancelled by UI.&quot;}\" data-sheets-userformat=\"{&quot;2&quot;:6529,&quot;3&quot;:{&quot;1&quot;:0,&quot;3&quot;:1},&quot;10&quot;:0,&quot;11&quot;:4,&quot;14&quot;:{&quot;1&quot;:3,&quot;3&quot;:1},&quot;15&quot;:&quot;Arial&quot;}\">Estimula tu mente aprendiendo un nuevo idioma o perfeccionando tus conocimientos de idiomas en Upstate International. Aprender un nuevo idioma es una forma reconocida de mejorar tu capacidad para realizar m\u00faltiples tareas, mejorar tu memoria y tus habilidades de comunicaci\u00f3n, y mejorar tus habilidades profesionales. Tambi\u00e9n es una forma de enriquecer tus experiencias de viaje, ampliar tu perspectiva global y abrirte puertas a todo el mundo. \u00bfGlobalizaci\u00f3n, no? \u00a1\u00danete a UI en este viaje!<\/span><\/p>\n<p>Las clases regulares se imparten una vez por semana con una duraci\u00f3n total de 75 minutos. Las clases intensivas se imparten dos veces por semana con una duraci\u00f3n total de 90 minutos. Los estudiantes DEBEN ser miembros de la UI para poder tomar una clase de idiomas. Las clases son en l\u00ednea y presenciales. Despl\u00e1cese hacia abajo para ver las fechas de inicio y fin de su clase, as\u00ed como la ubicaci\u00f3n. Las tarifas NO SON REEMBOLSABLES a menos que la UI las cancele.<\/p>","protected":false},"excerpt":{"rendered":"","protected":false},"featured_media":0,"template":"","meta":{"_acf_changed":false,"_mo_disable_npp":"","wds_primary_product_brand":0,"wds_primary_product_cat":0},"product_brand":[],"product_cat":[132],"product_tag":[136],"class_list":{"0":"post-90352","1":"product","2":"type-product","3":"status-publish","5":"product_cat-language-class","6":"product_tag-english","8":"first","9":"instock","10":"downloadable","11":"virtual","12":"taxable","13":"purchasable","14":"product-type-simple"},"acf":[],"_links":{"self":[{"href":"https:\/\/upstateinternational.org\/es\/wp-json\/wp\/v2\/product\/90352","targetHints":{"allow":["GET"]}}],"collection":[{"href":"https:\/\/upstateinternational.org\/es\/wp-json\/wp\/v2\/product"}],"about":[{"href":"https:\/\/upstateinternational.org\/es\/wp-json\/wp\/v2\/types\/product"}],"version-history":[{"count":0,"href":"https:\/\/upstateinternational.org\/es\/wp-json\/wp\/v2\/product\/90352\/revisions"}],"wp:attachment":[{"href":"https:\/\/upstateinternational.org\/es\/wp-json\/wp\/v2\/media?parent=90352"}],"wp:term":[{"taxonomy":"product_brand","embeddable":true,"href":"https:\/\/upstateinternational.org\/es\/wp-json\/wp\/v2\/product_brand?post=90352"},{"taxonomy":"product_cat","embeddable":true,"href":"https:\/\/upstateinternational.org\/es\/wp-json\/wp\/v2\/product_cat?post=90352"},{"taxonomy":"product_tag","embeddable":true,"href":"https:\/\/upstateinternational.org\/es\/wp-json\/wp\/v2\/product_tag?post=90352"}],"curies":[{"name":"wp","href":"https:\/\/api.w.org\/{rel}","templated":true}]}}