{"id":90363,"date":"2025-01-23T11:49:24","date_gmt":"2025-01-23T16:49:24","guid":{"rendered":"https:\/\/ui-hybrid.local\/product\/spanish-for-the-workplace-b1-wednesdays__trashed-2\/"},"modified":"2025-11-24T09:02:52","modified_gmt":"2025-11-24T14:02:52","slug":"spanish-for-the-workplace-b1-wednesdays__trashed-2","status":"publish","type":"product","link":"https:\/\/upstateinternational.org\/es\/producto\/spanish-for-the-workplace-b1-wednesdays__trashed-2\/","title":{"rendered":"Espa\u00f1ol para el Trabajo B1+: Mi\u00e9rcoles"},"content":{"rendered":"<p><strong>Acerca de<\/strong><\/p>\n<p><span style=\"font-weight: 400;\">Destaca en el trabajo diferenci\u00e1ndote de tus compa\u00f1eros. Las empresas prosperan al atender a sus clientes, y saber un segundo idioma puede ayudar a tu empresa a llegar a m\u00e1s personas y a acceder a mercados hasta ahora inexplorados.<\/span><\/p>\n<p><span style=\"font-weight: 400;\">Este curso est\u00e1 dise\u00f1ado para personas que trabajan con empleados o clientes de habla hispana y desean mejorar su confianza, comodidad y fluidez en el espa\u00f1ol conversacional para las interacciones cotidianas.<\/span><\/p>\n<p><span style=\"font-weight: 400;\">Estas clases eliminar\u00e1n las tediosas lecciones de gram\u00e1tica de otros programas de idiomas. Cada sesi\u00f3n incluir\u00e1 perspectivas culturales y el taller se adaptar\u00e1 a las necesidades y profesiones espec\u00edficas de los participantes.<\/span><\/p>\n<p>&nbsp;<\/p>\n<p><b>Objetivos del curso<\/b><\/p>\n<p><span style=\"font-weight: 400;\">\u2013 Desenvolverse eficazmente en espa\u00f1ol dentro de su lugar de trabajo.<\/span><\/p>\n<p><span style=\"font-weight: 400;\">\u2013 Ampl\u00ede su vocabulario activo practicando conversaciones utilizando materiales aut\u00e9nticos y simulados.<\/span><\/p>\n<p><span style=\"font-weight: 400;\">\u2013 Practicar diversos escenarios relevantes para el lugar de trabajo.<\/span><\/p>\n<p><span style=\"font-weight: 400;\">\u2013 Aprenda a solicitar la informaci\u00f3n necesaria para completar formularios y documentos.<\/span><\/p>\n<p><span style=\"font-weight: 400;\">\u2013 Traducir frases, textos cortos y preguntas entre ingl\u00e9s y espa\u00f1ol.<\/span><\/p>\n<p><span style=\"font-weight: 400;\">\u2013 Mejora tus habilidades de comunicaci\u00f3n cultural.<\/span><\/p>","protected":false},"excerpt":{"rendered":"","protected":false},"featured_media":0,"template":"","meta":{"_acf_changed":false,"_mo_disable_npp":"","wds_primary_product_brand":0,"wds_primary_product_cat":0},"product_brand":[],"product_cat":[132],"product_tag":[134],"class_list":{"0":"post-90363","1":"product","2":"type-product","3":"status-publish","5":"product_cat-language-class","6":"product_tag-spanish","8":"first","9":"instock","10":"downloadable","11":"virtual","12":"taxable","13":"purchasable","14":"product-type-simple"},"acf":[],"_links":{"self":[{"href":"https:\/\/upstateinternational.org\/es\/wp-json\/wp\/v2\/product\/90363","targetHints":{"allow":["GET"]}}],"collection":[{"href":"https:\/\/upstateinternational.org\/es\/wp-json\/wp\/v2\/product"}],"about":[{"href":"https:\/\/upstateinternational.org\/es\/wp-json\/wp\/v2\/types\/product"}],"version-history":[{"count":0,"href":"https:\/\/upstateinternational.org\/es\/wp-json\/wp\/v2\/product\/90363\/revisions"}],"wp:attachment":[{"href":"https:\/\/upstateinternational.org\/es\/wp-json\/wp\/v2\/media?parent=90363"}],"wp:term":[{"taxonomy":"product_brand","embeddable":true,"href":"https:\/\/upstateinternational.org\/es\/wp-json\/wp\/v2\/product_brand?post=90363"},{"taxonomy":"product_cat","embeddable":true,"href":"https:\/\/upstateinternational.org\/es\/wp-json\/wp\/v2\/product_cat?post=90363"},{"taxonomy":"product_tag","embeddable":true,"href":"https:\/\/upstateinternational.org\/es\/wp-json\/wp\/v2\/product_tag?post=90363"}],"curies":[{"name":"wp","href":"https:\/\/api.w.org\/{rel}","templated":true}]}}