{"id":90382,"date":"2025-05-06T13:26:41","date_gmt":"2025-05-06T17:26:41","guid":{"rendered":"https:\/\/ui-hybrid.local\/product\/spanish-b2-therapeutic-autobiographical-writing-workshop-2\/"},"modified":"2025-11-24T09:02:54","modified_gmt":"2025-11-24T14:02:54","slug":"spanish-b2-therapeutic-autobiographical-writing-workshop-2","status":"publish","type":"product","link":"https:\/\/upstateinternational.org\/es\/producto\/spanish-b2-therapeutic-autobiographical-writing-workshop-2\/","title":{"rendered":"Taller de Escritura Terap\u00e9utica en Espa\u00f1ol B2+: Lunes"},"content":{"rendered":"<p>Esta clase es un Taller Terap\u00e9utico de Escritura Autobiogr\u00e1fica, una experiencia pr\u00e1ctica y vivencial. Durante las sesiones, realizaremos ejercicios de escritura que te ayudar\u00e1n a narrar tus experiencias personales y a darles un nuevo significado. Al mismo tiempo, tendr\u00e1s la oportunidad de practicar tu escritura en espa\u00f1ol, ampliar tu vocabulario y mejorar tu composici\u00f3n. Es una experiencia \u00fanica que te invita a explorar tus propias historias y experiencias de vida, y sin duda, vale la pena.<br \/>\n\u00a1Esperamos verte!<\/p>\n<p>&nbsp;<\/p>\n<table>\n<tbody>\n<tr>\n<td>Objetivo:<\/td>\n<td>\n<ul>\n<li style=\"font-weight: 400;\" aria-level=\"1\"><span style=\"font-weight: 400;\">Guiar a los participantes en el uso de la escritura autobiogr\u00e1fica como herramienta terap\u00e9utica para narrar, explorar y replantear momentos o etapas significativas de sus vidas.<\/span><\/li>\n<\/ul>\n<\/td>\n<\/tr>\n<tr>\n<td>Requisito:<\/td>\n<td>\n<ul>\n<li style=\"font-weight: 400;\" aria-level=\"1\"><span style=\"font-weight: 400;\">Espa\u00f1ol nivel B2 o superior<\/span><\/li>\n<\/ul>\n<\/td>\n<\/tr>\n<tr>\n<td>Descripci\u00f3n del plan de estudios:<\/td>\n<td>\n<ul>\n<li style=\"font-weight: 400;\" aria-level=\"1\">\u00a0Breve introducci\u00f3n te\u00f3rica: <span style=\"font-weight: 400;\">Conceptos clave para contextualizar cada tema.<\/span><\/li>\n<\/ul>\n<ul>\n<li style=\"font-weight: 400;\" aria-level=\"1\">Ejercicios de escritura guiada: <span style=\"font-weight: 400;\">Actividades para explorar emociones, experiencias y replanteamientos.<\/span><\/li>\n<\/ul>\n<ul>\n<li style=\"font-weight: 400;\" aria-level=\"1\">Din\u00e1mica de introspecci\u00f3n: <span style=\"font-weight: 400;\">T\u00e9cnicas como meditaciones guiadas y visualizaciones para conectar con experiencias personales.<\/span><\/li>\n<\/ul>\n<ul>\n<li style=\"font-weight: 400;\" aria-level=\"1\">C\u00edrculos de escritura y reflexi\u00f3n: <span style=\"font-weight: 400;\">Espacios grupales donde los participantes pueden compartir sus textos y recibir retroalimentaci\u00f3n y escucha activa.<\/span><\/li>\n<\/ul>\n<\/td>\n<\/tr>\n<tr>\n<td>Contenido tem\u00e1tico:<\/td>\n<td>\n<ol>\n<li style=\"font-weight: 400;\" aria-level=\"1\">Introducci\u00f3n a la escritura terap\u00e9utica\n<ul>\n<li style=\"font-weight: 400;\" aria-level=\"2\"><span style=\"font-weight: 400;\">\u00bfQu\u00e9 es la escritura terap\u00e9utica y sus beneficios emocionales?<\/span><\/li>\n<li style=\"font-weight: 400;\" aria-level=\"2\"><span style=\"font-weight: 400;\">La diferencia entre escribir para narrar y escribir para sanar.<\/span><\/li>\n<li style=\"font-weight: 400;\" aria-level=\"2\"><span style=\"font-weight: 400;\">Ejercicios iniciales: liberaci\u00f3n emocional a trav\u00e9s de las palabras.<\/span><\/li>\n<\/ul>\n<\/li>\n<\/ol>\n<ol>\n<li style=\"font-weight: 400;\" aria-level=\"1\">T\u00e9cnicas de escritura autobiogr\u00e1fica\n<ul>\n<li style=\"font-weight: 400;\" aria-level=\"2\"><span style=\"font-weight: 400;\">C\u00f3mo estructurar una narrativa personal: inicio, desarrollo y conclusi\u00f3n.<\/span><\/li>\n<li style=\"font-weight: 400;\" aria-level=\"2\"><span style=\"font-weight: 400;\">La importancia de la honestidad y la vulnerabilidad en la escritura.<\/span><\/li>\n<li style=\"font-weight: 400;\" aria-level=\"2\"><span style=\"font-weight: 400;\">Usando met\u00e1foras y s\u00edmbolos para expresar emociones profundas.<\/span><\/li>\n<li style=\"font-weight: 400;\" aria-level=\"2\">Ejercicio pr\u00e1ctico:<span style=\"font-weight: 400;\"> \u201cEl Mapa de Mi Historia\u201d (visualizaci\u00f3n y escritura de una l\u00ednea de tiempo de vida).<\/span><\/li>\n<\/ul>\n<\/li>\n<\/ol>\n<ol>\n<li style=\"font-weight: 400;\" aria-level=\"1\">Explorando la experiencia personal\n<ul>\n<li style=\"font-weight: 400;\" aria-level=\"2\"><span style=\"font-weight: 400;\">Identificar momentos clave: maternidad, crianza o etapas transformadoras.<\/span><\/li>\n<li style=\"font-weight: 400;\" aria-level=\"2\"><span style=\"font-weight: 400;\">Reflexionando sobre las emociones asociadas a estas experiencias.<\/span><\/li>\n<li style=\"font-weight: 400;\" aria-level=\"2\">Ejercicio pr\u00e1ctico:<span style=\"font-weight: 400;\"> \u201cCartas a mi yo pasado\u201d o \u201cCartas a mi hijo\u201d.\u201d<\/span><\/li>\n<\/ul>\n<\/li>\n<\/ol>\n<ol>\n<li style=\"font-weight: 400;\" aria-level=\"1\">Reformulando la historia personal\n<ul>\n<li style=\"font-weight: 400;\" aria-level=\"2\"><span style=\"font-weight: 400;\">C\u00f3mo dar un nuevo significado a las experiencias desafiantes.<\/span><\/li>\n<li style=\"font-weight: 400;\" aria-level=\"2\"><span style=\"font-weight: 400;\">Identificar lecciones aprendidas, crecimiento y fortalezas.<\/span><\/li>\n<li style=\"font-weight: 400;\" aria-level=\"2\">Ejercicio pr\u00e1ctico:<span style=\"font-weight: 400;\"> \u201cAntes y despu\u00e9s\u201d (revisitando una experiencia con una nueva perspectiva).<\/span><\/li>\n<\/ul>\n<\/li>\n<\/ol>\n<ol>\n<li style=\"font-weight: 400;\" aria-level=\"1\">Compartiendo la narrativa: del \u2018yo\u2019 al \u2018nosotros\u2019\n<ul>\n<li style=\"font-weight: 400;\" aria-level=\"2\"><span style=\"font-weight: 400;\">Beneficios de compartir historias personales en un espacio seguro.<\/span><\/li>\n<li style=\"font-weight: 400;\" aria-level=\"2\"><span style=\"font-weight: 400;\">Construyendo comunidad a trav\u00e9s de las palabras.<\/span><\/li>\n<li style=\"font-weight: 400;\" aria-level=\"2\"><span style=\"font-weight: 400;\">Ejercicio pr\u00e1ctico: Lectura voluntaria de escritos y retroalimentaci\u00f3n respetuosa.<\/span><\/li>\n<\/ul>\n<\/li>\n<\/ol>\n<\/td>\n<\/tr>\n<\/tbody>\n<\/table>","protected":false},"excerpt":{"rendered":"","protected":false},"featured_media":0,"template":"","meta":{"_acf_changed":false,"_mo_disable_npp":"","wds_primary_product_brand":0,"wds_primary_product_cat":132},"product_brand":[],"product_cat":[146,132],"product_tag":[134],"class_list":{"0":"post-90382","1":"product","2":"type-product","3":"status-publish","5":"product_cat-events","6":"product_cat-language-class","7":"product_tag-spanish","9":"first","10":"instock","11":"downloadable","12":"virtual","13":"taxable","14":"purchasable","15":"product-type-simple"},"acf":[],"_links":{"self":[{"href":"https:\/\/upstateinternational.org\/es\/wp-json\/wp\/v2\/product\/90382","targetHints":{"allow":["GET"]}}],"collection":[{"href":"https:\/\/upstateinternational.org\/es\/wp-json\/wp\/v2\/product"}],"about":[{"href":"https:\/\/upstateinternational.org\/es\/wp-json\/wp\/v2\/types\/product"}],"version-history":[{"count":0,"href":"https:\/\/upstateinternational.org\/es\/wp-json\/wp\/v2\/product\/90382\/revisions"}],"wp:attachment":[{"href":"https:\/\/upstateinternational.org\/es\/wp-json\/wp\/v2\/media?parent=90382"}],"wp:term":[{"taxonomy":"product_brand","embeddable":true,"href":"https:\/\/upstateinternational.org\/es\/wp-json\/wp\/v2\/product_brand?post=90382"},{"taxonomy":"product_cat","embeddable":true,"href":"https:\/\/upstateinternational.org\/es\/wp-json\/wp\/v2\/product_cat?post=90382"},{"taxonomy":"product_tag","embeddable":true,"href":"https:\/\/upstateinternational.org\/es\/wp-json\/wp\/v2\/product_tag?post=90382"}],"curies":[{"name":"wp","href":"https:\/\/api.w.org\/{rel}","templated":true}]}}