{"id":90397,"date":"2025-11-07T09:18:04","date_gmt":"2025-11-07T14:18:04","guid":{"rendered":"https:\/\/ui-hybrid.local\/product\/15th-annual-german-holiday-party\/"},"modified":"2026-02-24T10:45:18","modified_gmt":"2026-02-24T15:45:18","slug":"15th-annual-german-holiday-party","status":"publish","type":"product","link":"https:\/\/upstateinternational.org\/es\/producto\/15th-annual-german-holiday-party\/","title":{"rendered":"15\u00aa Fiesta Anual de Navidad Alemana"},"content":{"rendered":"<p><span style=\"color: #ff0000;\"><strong>Celebre el comienzo de la temporada navide\u00f1a al estilo tradicional alem\u00e1n.<\/strong><\/span><\/p>\n<p>El Christkindlesmarkt (Mercado de Navidad) es un mercado callejero que se celebra en toda Alemania durante las cuatro semanas de Adviento, antes de la Navidad. En estos mercados, se puede comprar artesan\u00eda, adornos navide\u00f1os, escuchar m\u00fasica navide\u00f1a y disfrutar... <em>Vino caliente<\/em>, Bratwurst y muchos dulces.<\/p>\n<p><em>Vino caliente<\/em> Es un vino tinto caliente con especias, generalmente, destinado a mantener a la gente caliente cuando hace fr\u00edo.<\/p>\n<p>\u00a1Les invitamos cordialmente a unirse a nuestra Fiesta Navide\u00f1a Alemana! Disfruten de bratwurst, chucrut, ensalada de papa, stollen dulce (pan navide\u00f1o), otras delicias alemanas y bebidas tradicionales especiales para el fr\u00edo.<\/p>\n<p><span style=\"color: #008000;\"><em>Habr\u00e1 una rifa china con art\u00edculos incre\u00edbles. Los boletos cuestan $1 cada uno. 11 por $10. \u00a1Por favor, aseg\u00farese de traer efectivo o cheque! Las ganancias de la rifa se donar\u00e1n a... <\/em><em>siguientes organizaciones locales: Period Project\/ Safe Harbor\/ Jasmine Road.<\/em><\/span><\/p>\n<p><strong>Costos por persona:<\/strong> $30 para miembros internacionales de Upstate | $35 para no miembros<br \/>\nNo se realizan reembolsos por cancelaciones. Solo se aceptan reservas. No se vender\u00e1n entradas en taquilla.<\/p>\n<p><strong>Fecha l\u00edmite: lunes, 1\/12\/2025<\/strong><\/p>\n<p>\u00bfTiene alguna pregunta? Por favor, escriba a internationalwg@upstateinternational.org<\/p>","protected":false},"excerpt":{"rendered":"","protected":false},"featured_media":90398,"template":"","meta":{"_acf_changed":false,"_mo_disable_npp":"","wds_primary_product_brand":0,"wds_primary_product_cat":0},"product_brand":[],"product_cat":[146],"product_tag":[],"class_list":{"0":"post-90397","1":"product","2":"type-product","3":"status-publish","4":"has-post-thumbnail","6":"product_cat-events","8":"first","9":"outofstock","10":"taxable","11":"shipping-taxable","12":"purchasable","13":"product-type-variable"},"acf":[],"_links":{"self":[{"href":"https:\/\/upstateinternational.org\/es\/wp-json\/wp\/v2\/product\/90397","targetHints":{"allow":["GET"]}}],"collection":[{"href":"https:\/\/upstateinternational.org\/es\/wp-json\/wp\/v2\/product"}],"about":[{"href":"https:\/\/upstateinternational.org\/es\/wp-json\/wp\/v2\/types\/product"}],"version-history":[{"count":1,"href":"https:\/\/upstateinternational.org\/es\/wp-json\/wp\/v2\/product\/90397\/revisions"}],"predecessor-version":[{"id":93786,"href":"https:\/\/upstateinternational.org\/es\/wp-json\/wp\/v2\/product\/90397\/revisions\/93786"}],"wp:featuredmedia":[{"embeddable":true,"href":"https:\/\/upstateinternational.org\/es\/wp-json\/wp\/v2\/media\/90398"}],"wp:attachment":[{"href":"https:\/\/upstateinternational.org\/es\/wp-json\/wp\/v2\/media?parent=90397"}],"wp:term":[{"taxonomy":"product_brand","embeddable":true,"href":"https:\/\/upstateinternational.org\/es\/wp-json\/wp\/v2\/product_brand?post=90397"},{"taxonomy":"product_cat","embeddable":true,"href":"https:\/\/upstateinternational.org\/es\/wp-json\/wp\/v2\/product_cat?post=90397"},{"taxonomy":"product_tag","embeddable":true,"href":"https:\/\/upstateinternational.org\/es\/wp-json\/wp\/v2\/product_tag?post=90397"}],"curies":[{"name":"wp","href":"https:\/\/api.w.org\/{rel}","templated":true}]}}