{"id":58210,"date":"2023-05-18T13:45:00","date_gmt":"2023-05-18T17:45:00","guid":{"rendered":"https:\/\/localhost:10043\/?page_id=58210"},"modified":"2025-10-11T10:08:30","modified_gmt":"2025-10-11T14:08:30","slug":"clubs","status":"publish","type":"page","link":"https:\/\/upstateinternational.org\/fi\/clubs\/","title":{"rendered":"Klubit"},"content":{"rendered":"<div data-elementor-type=\"wp-page\" data-elementor-id=\"58210\" class=\"elementor elementor-58210\" data-elementor-post-type=\"page\">\n\t\t\t\t<div class=\"elementor-element elementor-element-bafd76f e-flex e-con-boxed e-con e-parent\" data-id=\"bafd76f\" data-element_type=\"container\" data-e-type=\"container\" data-settings=\"{&quot;background_background&quot;:&quot;classic&quot;}\">\n\t\t\t\t\t<div class=\"e-con-inner\">\n\t\t<div class=\"elementor-element elementor-element-1663409 e-con-full e-flex e-con e-child\" data-id=\"1663409\" data-element_type=\"container\" data-e-type=\"container\">\n\t\t\t\t<div class=\"elementor-element elementor-element-24b1bb1 elementor-widget elementor-widget-heading\" data-id=\"24b1bb1\" data-element_type=\"widget\" data-e-type=\"widget\" data-widget_type=\"heading.default\">\n\t\t\t\t<div class=\"elementor-widget-container\">\n\t\t\t\t\t<h1 class=\"elementor-heading-title elementor-size-default\">Ryhm\u00e4t ja kerhot<\/h1>\t\t\t\t<\/div>\n\t\t\t\t<\/div>\n\t\t\t\t<div class=\"elementor-element elementor-element-990c775 elementor-widget elementor-widget-heading\" data-id=\"990c775\" data-element_type=\"widget\" data-e-type=\"widget\" data-widget_type=\"heading.default\">\n\t\t\t\t<div class=\"elementor-widget-container\">\n\t\t\t\t\t<span class=\"elementor-heading-title elementor-size-default\">Yhteyksi\u00e4 toiminnassa ilmaiseksi j\u00e4senyyden kanssa<\/span>\t\t\t\t<\/div>\n\t\t\t\t<\/div>\n\t\t\t\t<\/div>\n\t\t\t\t\t<\/div>\n\t\t\t\t<\/div>\n\t\t<div class=\"elementor-element elementor-element-6ba1faa e-flex e-con-boxed e-con e-child\" data-id=\"6ba1faa\" data-element_type=\"container\" data-e-type=\"container\">\n\t\t\t\t\t<div class=\"e-con-inner\">\n\t\t<a class=\"elementor-element elementor-element-4e54ea1 e-con-full e-flex e-con e-child\" data-id=\"4e54ea1\" data-element_type=\"container\" data-e-type=\"container\" data-settings=\"{&quot;background_background&quot;:&quot;classic&quot;}\" href=\"https:\/\/upstateinternational.org\/fi\/womens-group\/\">\n\t\t<div class=\"elementor-element elementor-element-72aa24a e-con-full e-flex e-con e-child\" data-id=\"72aa24a\" data-element_type=\"container\" data-e-type=\"container\">\n\t\t\t\t<div class=\"elementor-element elementor-element-5ae11ac elementor-widget elementor-widget-heading\" data-id=\"5ae11ac\" data-element_type=\"widget\" data-e-type=\"widget\" data-widget_type=\"heading.default\">\n\t\t\t\t<div class=\"elementor-widget-container\">\n\t\t\t\t\t<h3 class=\"elementor-heading-title elementor-size-default\">Kansainv\u00e4linen naisryhm\u00e4<\/h3>\t\t\t\t<\/div>\n\t\t\t\t<\/div>\n\t\t\t\t<div class=\"elementor-element elementor-element-ea0cb18 elementor-widget elementor-widget-heading\" data-id=\"ea0cb18\" data-element_type=\"widget\" data-e-type=\"widget\" data-widget_type=\"heading.default\">\n\t\t\t\t<div class=\"elementor-widget-container\">\n\t\t\t\t\t<span class=\"elementor-heading-title elementor-size-default\">Yhdist\u00e4\u00e4 Upstatessa asuvia naisia kaikista kansallisuuksista<\/span>\t\t\t\t<\/div>\n\t\t\t\t<\/div>\n\t\t\t\t<div class=\"elementor-element elementor-element-57fdf5c elementor-widget elementor-widget-heading\" data-id=\"57fdf5c\" data-element_type=\"widget\" data-e-type=\"widget\" data-widget_type=\"heading.default\">\n\t\t\t\t<div class=\"elementor-widget-container\">\n\t\t\t\t\t<div class=\"elementor-heading-title elementor-size-default\">N\u00e4yt\u00e4 naisryhm\u00e4 \u2192<\/div>\t\t\t\t<\/div>\n\t\t\t\t<\/div>\n\t\t\t\t<\/div>\n\t\t\t\t<\/a>\n\t\t<a class=\"elementor-element elementor-element-a23391d e-con-full e-flex e-con e-child\" data-id=\"a23391d\" data-element_type=\"container\" data-e-type=\"container\" data-settings=\"{&quot;background_background&quot;:&quot;classic&quot;}\" href=\"https:\/\/upstateinternational.org\/fi\/expats-group\/\">\n\t\t<div class=\"elementor-element elementor-element-dc1fcfa e-con-full e-flex e-con e-child\" data-id=\"dc1fcfa\" data-element_type=\"container\" data-e-type=\"container\">\n\t\t\t\t<div class=\"elementor-element elementor-element-2d0f5ca elementor-widget elementor-widget-heading\" data-id=\"2d0f5ca\" data-element_type=\"widget\" data-e-type=\"widget\" data-widget_type=\"heading.default\">\n\t\t\t\t<div class=\"elementor-widget-container\">\n\t\t\t\t\t<h3 class=\"elementor-heading-title elementor-size-default\">Ulkomaalaisten ryhm\u00e4<\/h3>\t\t\t\t<\/div>\n\t\t\t\t<\/div>\n\t\t\t\t<div class=\"elementor-element elementor-element-6c74b73 elementor-widget elementor-widget-heading\" data-id=\"6c74b73\" data-element_type=\"widget\" data-e-type=\"widget\" data-widget_type=\"heading.default\">\n\t\t\t\t<div class=\"elementor-widget-container\">\n\t\t\t\t\t<span class=\"elementor-heading-title elementor-size-default\">Yhdist\u00e4\u00e4 el\u00e4kel\u00e4isi\u00e4 ja osittain el\u00e4kel\u00e4isi\u00e4, jotka ovat asuneet ja ty\u00f6skennelleet ulkomailla<\/span>\t\t\t\t<\/div>\n\t\t\t\t<\/div>\n\t\t\t\t<div class=\"elementor-element elementor-element-47cfb20 elementor-widget elementor-widget-heading\" data-id=\"47cfb20\" data-element_type=\"widget\" data-e-type=\"widget\" data-widget_type=\"heading.default\">\n\t\t\t\t<div class=\"elementor-widget-container\">\n\t\t\t\t\t<div class=\"elementor-heading-title elementor-size-default\">N\u00e4yt\u00e4 ulkomaalaisten ryhm\u00e4 \u2192<\/div>\t\t\t\t<\/div>\n\t\t\t\t<\/div>\n\t\t\t\t<\/div>\n\t\t\t\t<\/a>\n\t\t<a class=\"elementor-element elementor-element-c6bbd0f e-con-full e-flex e-con e-child\" data-id=\"c6bbd0f\" data-element_type=\"container\" data-e-type=\"container\" data-settings=\"{&quot;background_background&quot;:&quot;classic&quot;}\" href=\"https:\/\/upstateinternational.org\/fi\/book-club\/\">\n\t\t<div class=\"elementor-element elementor-element-435fb1a e-con-full e-flex e-con e-child\" data-id=\"435fb1a\" data-element_type=\"container\" data-e-type=\"container\">\n\t\t\t\t<div class=\"elementor-element elementor-element-643f6fc elementor-widget elementor-widget-heading\" data-id=\"643f6fc\" data-element_type=\"widget\" data-e-type=\"widget\" data-widget_type=\"heading.default\">\n\t\t\t\t<div class=\"elementor-widget-container\">\n\t\t\t\t\t<h4 class=\"elementor-heading-title elementor-size-default\">Kirjakerho<\/h4>\t\t\t\t<\/div>\n\t\t\t\t<\/div>\n\t\t\t\t<div class=\"elementor-element elementor-element-df4a43f elementor-widget elementor-widget-heading\" data-id=\"df4a43f\" data-element_type=\"widget\" data-e-type=\"widget\" data-widget_type=\"heading.default\">\n\t\t\t\t<div class=\"elementor-widget-container\">\n\t\t\t\t\t<span class=\"elementor-heading-title elementor-size-default\">Kuljeta kirjallisuuden kautta erilaisiin maailmoihin ja el\u00e4miin<\/span>\t\t\t\t<\/div>\n\t\t\t\t<\/div>\n\t\t\t\t<div class=\"elementor-element elementor-element-acba542 elementor-widget elementor-widget-heading\" data-id=\"acba542\" data-element_type=\"widget\" data-e-type=\"widget\" data-widget_type=\"heading.default\">\n\t\t\t\t<div class=\"elementor-widget-container\">\n\t\t\t\t\t<div class=\"elementor-heading-title elementor-size-default\">N\u00e4yt\u00e4 lukupiiri \u2192<\/div>\t\t\t\t<\/div>\n\t\t\t\t<\/div>\n\t\t\t\t<\/div>\n\t\t\t\t<\/a>\n\t\t<a class=\"elementor-element elementor-element-7eff4c1 e-con-full e-flex e-con e-child\" data-id=\"7eff4c1\" data-element_type=\"container\" data-e-type=\"container\" data-settings=\"{&quot;background_background&quot;:&quot;classic&quot;}\" href=\"https:\/\/upstateinternational.org\/fi\/conversation-clubs\/\">\n\t\t<div class=\"elementor-element elementor-element-44a19d2 e-con-full e-flex e-con e-child\" data-id=\"44a19d2\" data-element_type=\"container\" data-e-type=\"container\">\n\t\t\t\t<div class=\"elementor-element elementor-element-c6b033f elementor-widget elementor-widget-heading\" data-id=\"c6b033f\" data-element_type=\"widget\" data-e-type=\"widget\" data-widget_type=\"heading.default\">\n\t\t\t\t<div class=\"elementor-widget-container\">\n\t\t\t\t\t<h4 class=\"elementor-heading-title elementor-size-default\">Keskustelukerhot<\/h4>\t\t\t\t<\/div>\n\t\t\t\t<\/div>\n\t\t\t\t<div class=\"elementor-element elementor-element-0855011 elementor-widget elementor-widget-heading\" data-id=\"0855011\" data-element_type=\"widget\" data-e-type=\"widget\" data-widget_type=\"heading.default\">\n\t\t\t\t<div class=\"elementor-widget-container\">\n\t\t\t\t\t<span class=\"elementor-heading-title elementor-size-default\">Harjoittele kieli\u00e4 vieraanvaraisessa ja paineettomassa ymp\u00e4rist\u00f6ss\u00e4 muiden oppijoiden kanssa ymp\u00e4ri maailmaa<\/span>\t\t\t\t<\/div>\n\t\t\t\t<\/div>\n\t\t\t\t<div class=\"elementor-element elementor-element-28ecc3c elementor-widget elementor-widget-heading\" data-id=\"28ecc3c\" data-element_type=\"widget\" data-e-type=\"widget\" data-widget_type=\"heading.default\">\n\t\t\t\t<div class=\"elementor-widget-container\">\n\t\t\t\t\t<div class=\"elementor-heading-title elementor-size-default\">N\u00e4yt\u00e4 ryhm\u00e4t ja kerhot \u2192<\/div>\t\t\t\t<\/div>\n\t\t\t\t<\/div>\n\t\t\t\t<\/div>\n\t\t\t\t<\/a>\n\t\t\t\t\t<\/div>\n\t\t\t\t<\/div>\n\t\t<div class=\"elementor-element elementor-element-f537893 e-con-full e-flex e-con e-parent\" data-id=\"f537893\" data-element_type=\"container\" data-e-type=\"container\">\n\t\t\t\t<div class=\"elementor-element elementor-element-1698283 elementor-widget elementor-widget-template\" data-id=\"1698283\" data-element_type=\"widget\" data-e-type=\"widget\" data-widget_type=\"template.default\">\n\t\t\t\t<div class=\"elementor-widget-container\">\n\t\t\t\t\t\t\t<div class=\"elementor-template\">\n\t\t\t\t\t<div data-elementor-type=\"container\" data-elementor-id=\"58793\" class=\"elementor elementor-58793\" data-elementor-post-type=\"elementor_library\">\n\t\t\t\t<div class=\"elementor-element elementor-element-4d67b58 e-con-full e-flex e-con e-parent\" data-id=\"4d67b58\" data-element_type=\"container\" data-e-type=\"container\">\n\t\t<a class=\"elementor-element elementor-element-3a05cb46 e-con-full e-flex e-con e-child\" data-id=\"3a05cb46\" data-element_type=\"container\" data-e-type=\"container\" data-settings=\"{&quot;background_background&quot;:&quot;classic&quot;}\" href=\"https:\/\/upstateinternational.org\/fi\/volunteer\/\">\n\t\t<div class=\"elementor-element elementor-element-79ae0870 e-con-full e-flex e-con e-child\" data-id=\"79ae0870\" data-element_type=\"container\" data-e-type=\"container\">\n\t\t\t\t<div class=\"elementor-element elementor-element-2a1a61a0 elementor-widget elementor-widget-heading\" data-id=\"2a1a61a0\" data-element_type=\"widget\" data-e-type=\"widget\" data-widget_type=\"heading.default\">\n\t\t\t\t<div class=\"elementor-widget-container\">\n\t\t\t\t\t<h3 class=\"elementor-heading-title elementor-size-default\">Vapaaehtoisty\u00f6<\/h3>\t\t\t\t<\/div>\n\t\t\t\t<\/div>\n\t\t\t\t<div class=\"elementor-element elementor-element-653f661a elementor-widget elementor-widget-heading\" data-id=\"653f661a\" data-element_type=\"widget\" data-e-type=\"widget\" data-widget_type=\"heading.default\">\n\t\t\t\t<div class=\"elementor-widget-container\">\n\t\t\t\t\t<div class=\"elementor-heading-title elementor-size-default\">Vaikuta paikallisesti ja luo yhteyksi\u00e4 maailmanlaajuisesti.<\/div>\t\t\t\t<\/div>\n\t\t\t\t<\/div>\n\t\t\t\t<div class=\"elementor-element elementor-element-e82ef10 elementor-widget elementor-widget-heading\" data-id=\"e82ef10\" data-element_type=\"widget\" data-e-type=\"widget\" data-widget_type=\"heading.default\">\n\t\t\t\t<div class=\"elementor-widget-container\">\n\t\t\t\t\t<span class=\"elementor-heading-title elementor-size-default\">Osallistu \u2192<\/span>\t\t\t\t<\/div>\n\t\t\t\t<\/div>\n\t\t\t\t<\/div>\n\t\t\t\t<\/a>\n\t\t<a class=\"elementor-element elementor-element-2a06c273 e-con-full e-flex e-con e-child\" data-id=\"2a06c273\" data-element_type=\"container\" data-e-type=\"container\" data-settings=\"{&quot;background_background&quot;:&quot;classic&quot;}\" href=\"https:\/\/upstateinternational.org\/fi\/donate\/\">\n\t\t<div class=\"elementor-element elementor-element-3f1995c3 e-con-full e-flex e-con e-child\" data-id=\"3f1995c3\" data-element_type=\"container\" data-e-type=\"container\">\n\t\t\t\t<div class=\"elementor-element elementor-element-7766cfe2 elementor-widget elementor-widget-heading\" data-id=\"7766cfe2\" data-element_type=\"widget\" data-e-type=\"widget\" data-widget_type=\"heading.default\">\n\t\t\t\t<div class=\"elementor-widget-container\">\n\t\t\t\t\t<h4 class=\"elementor-heading-title elementor-size-default\">Lahjoittaa<\/h4>\t\t\t\t<\/div>\n\t\t\t\t<\/div>\n\t\t\t\t<div class=\"elementor-element elementor-element-306bee1 elementor-widget elementor-widget-heading\" data-id=\"306bee1\" data-element_type=\"widget\" data-e-type=\"widget\" data-widget_type=\"heading.default\">\n\t\t\t\t<div class=\"elementor-widget-container\">\n\t\t\t\t\t<div class=\"elementor-heading-title elementor-size-default\">Tukeasi auttaa meit\u00e4 voimaannuttamaan maahanmuuttajia ja laajentamaan ohjelmiamme!<\/div>\t\t\t\t<\/div>\n\t\t\t\t<\/div>\n\t\t\t\t<div class=\"elementor-element elementor-element-3f7cd0b elementor-widget elementor-widget-heading\" data-id=\"3f7cd0b\" data-element_type=\"widget\" data-e-type=\"widget\" data-widget_type=\"heading.default\">\n\t\t\t\t<div class=\"elementor-widget-container\">\n\t\t\t\t\t<span class=\"elementor-heading-title elementor-size-default\">Lahjoita \u2192<\/span>\t\t\t\t<\/div>\n\t\t\t\t<\/div>\n\t\t\t\t<\/div>\n\t\t\t\t<\/a>\n\t\t<a class=\"elementor-element elementor-element-36915cc e-con-full e-flex e-con e-child\" data-id=\"36915cc\" data-element_type=\"container\" data-e-type=\"container\" data-settings=\"{&quot;background_background&quot;:&quot;classic&quot;}\" href=\"https:\/\/upstateinternational.org\/fi\/membership\/\">\n\t\t<div class=\"elementor-element elementor-element-67c3d0a e-con-full e-flex e-con e-child\" data-id=\"67c3d0a\" data-element_type=\"container\" data-e-type=\"container\">\n\t\t\t\t<div class=\"elementor-element elementor-element-84acbba elementor-widget elementor-widget-heading\" data-id=\"84acbba\" data-element_type=\"widget\" data-e-type=\"widget\" data-widget_type=\"heading.default\">\n\t\t\t\t<div class=\"elementor-widget-container\">\n\t\t\t\t\t<h4 class=\"elementor-heading-title elementor-size-default\">J\u00e4senyys<\/h4>\t\t\t\t<\/div>\n\t\t\t\t<\/div>\n\t\t\t\t<div class=\"elementor-element elementor-element-f3bb762 elementor-widget elementor-widget-heading\" data-id=\"f3bb762\" data-element_type=\"widget\" data-e-type=\"widget\" data-widget_type=\"heading.default\">\n\t\t\t\t<div class=\"elementor-widget-container\">\n\t\t\t\t\t<div class=\"elementor-heading-title elementor-size-default\">Tue missiotamme ja nauti j\u00e4seneduista.<\/div>\t\t\t\t<\/div>\n\t\t\t\t<\/div>\n\t\t\t\t<div class=\"elementor-element elementor-element-8308726 elementor-widget elementor-widget-heading\" data-id=\"8308726\" data-element_type=\"widget\" data-e-type=\"widget\" data-widget_type=\"heading.default\">\n\t\t\t\t<div class=\"elementor-widget-container\">\n\t\t\t\t\t<span class=\"elementor-heading-title elementor-size-default\">J\u00e4senyydet \u2192<\/span>\t\t\t\t<\/div>\n\t\t\t\t<\/div>\n\t\t\t\t<\/div>\n\t\t\t\t<\/a>\n\t\t\t\t<\/div>\n\t\t\t\t<\/div>\n\t\t\t\t<\/div>\n\t\t\t\t\t\t<\/div>\n\t\t\t\t<\/div>\n\t\t\t\t<\/div>\n\t\t\t\t<\/div>","protected":false},"excerpt":{"rendered":"","protected":false},"author":1,"featured_media":0,"parent":0,"menu_order":0,"comment_status":"closed","ping_status":"closed","template":"","meta":{"_acf_changed":false,"_mo_disable_npp":"","footnotes":""},"class_list":["post-58210","page","type-page","status-publish","hentry"],"acf":[],"_links":{"self":[{"href":"https:\/\/upstateinternational.org\/fi\/wp-json\/wp\/v2\/pages\/58210","targetHints":{"allow":["GET"]}}],"collection":[{"href":"https:\/\/upstateinternational.org\/fi\/wp-json\/wp\/v2\/pages"}],"about":[{"href":"https:\/\/upstateinternational.org\/fi\/wp-json\/wp\/v2\/types\/page"}],"author":[{"embeddable":true,"href":"https:\/\/upstateinternational.org\/fi\/wp-json\/wp\/v2\/users\/1"}],"replies":[{"embeddable":true,"href":"https:\/\/upstateinternational.org\/fi\/wp-json\/wp\/v2\/comments?post=58210"}],"version-history":[{"count":0,"href":"https:\/\/upstateinternational.org\/fi\/wp-json\/wp\/v2\/pages\/58210\/revisions"}],"wp:attachment":[{"href":"https:\/\/upstateinternational.org\/fi\/wp-json\/wp\/v2\/media?parent=58210"}],"curies":[{"name":"wp","href":"https:\/\/api.w.org\/{rel}","templated":true}]}}