{"id":60454,"date":"2023-08-19T07:24:19","date_gmt":"2023-08-19T11:24:19","guid":{"rendered":"https:\/\/localhost:10096\/?page_id=60454"},"modified":"2023-08-19T08:16:16","modified_gmt":"2023-08-19T12:16:16","slug":"educational-materials","status":"publish","type":"page","link":"https:\/\/upstateinternational.org\/fi\/educational-materials\/","title":{"rendered":"Koulutusmateriaalit"},"content":{"rendered":"<div data-elementor-type=\"wp-page\" data-elementor-id=\"60454\" class=\"elementor elementor-60454\" data-elementor-post-type=\"page\">\n\t\t\t\t<div class=\"elementor-element elementor-element-7ce3eec1 e-flex e-con-boxed e-con e-parent\" data-id=\"7ce3eec1\" data-element_type=\"container\" data-e-type=\"container\" data-settings=\"{&quot;background_background&quot;:&quot;classic&quot;}\">\n\t\t\t\t\t<div class=\"e-con-inner\">\n\t\t<div class=\"elementor-element elementor-element-6ecf38d1 e-con-full e-flex e-con e-parent\" data-id=\"6ecf38d1\" data-element_type=\"container\" data-e-type=\"container\">\n\t\t\t\t<div class=\"elementor-element elementor-element-20744d5b elementor-widget elementor-widget-heading\" data-id=\"20744d5b\" data-element_type=\"widget\" data-e-type=\"widget\" data-widget_type=\"heading.default\">\n\t\t\t\t<div class=\"elementor-widget-container\">\n\t\t\t\t\t<h2 class=\"elementor-heading-title elementor-size-default\">Opi lis\u00e4\u00e4<\/h2>\t\t\t\t<\/div>\n\t\t\t\t<\/div>\n\t\t\t\t<\/div>\n\t\t\t\t\t<\/div>\n\t\t\t\t<\/div>\n\t\t<div class=\"elementor-element elementor-element-8d52bb2 e-flex e-con-boxed e-con e-parent\" data-id=\"8d52bb2\" data-element_type=\"container\" data-e-type=\"container\">\n\t\t\t\t\t<div class=\"e-con-inner\">\n\t\t<div class=\"elementor-element elementor-element-90d5da7 e-con-full e-flex e-con e-parent\" data-id=\"90d5da7\" data-element_type=\"container\" data-e-type=\"container\">\n\t\t\t\t<div class=\"elementor-element elementor-element-c9205ba elementor-widget elementor-widget-image\" data-id=\"c9205ba\" data-element_type=\"widget\" data-e-type=\"widget\" data-widget_type=\"image.default\">\n\t\t\t\t<div class=\"elementor-widget-container\">\n\t\t\t\t\t\t\t\t\t\t\t\t\t\t\t<img fetchpriority=\"high\" decoding=\"async\" width=\"800\" height=\"533\" src=\"https:\/\/upstateinternational.org\/wp-content\/uploads\/2023\/08\/brooke-cagle-g1Kr4Ozfoac-unsplash-scaled-1-1024x682.jpg\" class=\"attachment-large size-large wp-image-60496\" alt=\"\" srcset=\"https:\/\/upstateinternational.org\/wp-content\/uploads\/2023\/08\/brooke-cagle-g1Kr4Ozfoac-unsplash-scaled-1-1024x682.jpg 1024w, https:\/\/upstateinternational.org\/wp-content\/uploads\/2023\/08\/brooke-cagle-g1Kr4Ozfoac-unsplash-scaled-1-600x400.jpg 600w, https:\/\/upstateinternational.org\/wp-content\/uploads\/2023\/08\/brooke-cagle-g1Kr4Ozfoac-unsplash-scaled-1-300x200.jpg 300w, https:\/\/upstateinternational.org\/wp-content\/uploads\/2023\/08\/brooke-cagle-g1Kr4Ozfoac-unsplash-scaled-1-768x512.jpg 768w, https:\/\/upstateinternational.org\/wp-content\/uploads\/2023\/08\/brooke-cagle-g1Kr4Ozfoac-unsplash-scaled-1-1536x1024.jpg 1536w, https:\/\/upstateinternational.org\/wp-content\/uploads\/2023\/08\/brooke-cagle-g1Kr4Ozfoac-unsplash-scaled-1.jpg 2000w\" sizes=\"(max-width: 800px) 100vw, 800px\" \/>\t\t\t\t\t\t\t\t\t\t\t\t\t\t\t<\/div>\n\t\t\t\t<\/div>\n\t\t\t\t<\/div>\n\t\t<div class=\"elementor-element elementor-element-811761b e-con-full e-flex e-con e-parent\" data-id=\"811761b\" data-element_type=\"container\" data-e-type=\"container\">\n\t\t\t\t<div class=\"elementor-element elementor-element-7591027 elementor-widget elementor-widget-heading\" data-id=\"7591027\" data-element_type=\"widget\" data-e-type=\"widget\" data-widget_type=\"heading.default\">\n\t\t\t\t<div class=\"elementor-widget-container\">\n\t\t\t\t\t<h3 class=\"elementor-heading-title elementor-size-default\">Arvokkaita resursseja koulutukseen ja kasvuun<\/h3>\t\t\t\t<\/div>\n\t\t\t\t<\/div>\n\t\t\t\t<div class=\"elementor-element elementor-element-fd8a0c1 elementor-widget elementor-widget-heading\" data-id=\"fd8a0c1\" data-element_type=\"widget\" data-e-type=\"widget\" data-widget_type=\"heading.default\">\n\t\t\t\t<div class=\"elementor-widget-container\">\n\t\t\t\t\t<h3 class=\"elementor-heading-title elementor-size-default\">Yksi Upstate Internationalin keskeisist\u00e4 tavoitteista on kouluttaa muita ja itse\u00e4mme eri maista ja kulttuureista.<\/h3>\t\t\t\t<\/div>\n\t\t\t\t<\/div>\n\t\t\t\t<div class=\"elementor-element elementor-element-f9fe94e elementor-widget elementor-widget-text-editor\" data-id=\"f9fe94e\" data-element_type=\"widget\" data-e-type=\"widget\" data-widget_type=\"text-editor.default\">\n\t\t\t\t<div class=\"elementor-widget-container\">\n\t\t\t\t\t\t\t\t\t<p>Olemme koonneet alle luettelon arvokkaista resursseista, viitteist\u00e4 ja opetusmateriaaleista monikulttuurisen oppimisen edist\u00e4miseksi.<\/p><p>Voit vapaasti selata, ladata tai jakaa mit\u00e4 tahansa alla olevista tiedoista.<\/p>\t\t\t\t\t\t\t\t<\/div>\n\t\t\t\t<\/div>\n\t\t\t\t<\/div>\n\t\t\t\t\t<\/div>\n\t\t\t\t<\/div>\n\t\t<div class=\"elementor-element elementor-element-7ace50a e-flex e-con-boxed e-con e-parent\" data-id=\"7ace50a\" data-element_type=\"container\" data-e-type=\"container\">\n\t\t\t\t\t<div class=\"e-con-inner\">\n\t\t\t\t<div class=\"elementor-element elementor-element-8c20649 elementor-widget elementor-widget-html\" data-id=\"8c20649\" data-element_type=\"widget\" data-e-type=\"widget\" data-widget_type=\"html.default\">\n\t\t\t\t<div class=\"elementor-widget-container\">\n\t\t\t\t\t<script>\n\/* Automatically close the mobile accordion from the tabs element on mobile *\/\nwindow.addEventListener('load', function() {\nsetTimeout(function(){\n    if (window.innerWidth < 768) return;\n\nlet tabsElems = document.querySelectorAll('.e-n-tabs')\ntabsElems.forEach(e => {\nlet activeTitles = e.querySelectorAll('.e-n-tab-title.e-active');\nlet activeContent = e.querySelector('.e-con.e-active')\nactiveContent.style.display = 'none';\nactiveTitles.forEach(activeTitle => activeTitle.classList.remove('e-active'));\nactiveContent.classList.remove('e-active');\nactiveContent.setAttribute('hidden', 'hidden');\nactiveTitles.forEach(activeTitle => activeTitle.setAttribute('aria-expanded', false));\nactiveTitles.forEach(activeTitle => activeTitle.setAttribute('aria-selected', false));\nactiveTitles.forEach(activeTitle => activeTitle.setAttribute('tabindex', -1));\nactiveTitles.forEach(activeTitle => {\nactiveTitle.addEventListener('click', function () {\nactiveTitles.forEach(activeTitle => activeTitle.classList.add('e-active'));\nactiveContent.classList.add('e-active');\nactiveContent.removeAttribute('hidden');\nactiveTitles.forEach(activeTitle => activeTitle.setAttribute('aria-expanded', true));\nactiveTitles.forEach(activeTitle => activeTitle.setAttribute('aria-selected', true));\nactiveTitles.forEach(activeTitle => activeTitle.setAttribute('tabindex', 0));\nactiveContent.style.display = 'flex';\n}, { once: true })\n});\n});\n},300);\n});\n\n<\/script>\n\t\t\t\t<\/div>\n\t\t\t\t<\/div>\n\t\t\t\t<div class=\"elementor-element elementor-element-082e6ca e-n-tabs-mobile elementor-widget elementor-widget-n-tabs\" data-id=\"082e6ca\" data-element_type=\"widget\" data-e-type=\"widget\" data-widget_type=\"nested-tabs.default\">\n\t\t\t\t<div class=\"elementor-widget-container\">\n\t\t\t\t\t\t\t<div class=\"e-n-tabs\" data-widget-number=\"8578762\" aria-label=\"Onglets. Ouvrez des \u00e9l\u00e9ments avec Entrer ou Espace, fermez-les avec Echape et naviguez \u00e0 l&#039;aide des touches fl\u00e9ch\u00e9es.\" data-no-translation-aria-label=\"\">\n\t\t\t<div class=\"e-n-tabs-heading\" role=\"tablist\">\n\t\t\t\t\t<button id=\"e-n-tab-title-85787621\" data-tab-title-id=\"e-n-tab-title-85787621\" class=\"e-n-tab-title\" aria-selected=\"true\" data-tab-index=\"1\" role=\"tab\" tabindex=\"0\" aria-controls=\"e-n-tab-content-85787621\" style=\"--n-tabs-title-order: 1;\">\n\t\t\t\t\t\t<span class=\"e-n-tab-title-text\">\n\t\t\t\tYhteis\u00f6n kirjalukemiset\t\t\t<\/span>\n\t\t<\/button>\n\t\t\t\t<button id=\"e-n-tab-title-85787622\" data-tab-title-id=\"e-n-tab-title-85787622\" class=\"e-n-tab-title\" aria-selected=\"false\" data-tab-index=\"2\" role=\"tab\" tabindex=\"-1\" aria-controls=\"e-n-tab-content-85787622\" style=\"--n-tabs-title-order: 2;\">\n\t\t\t\t\t\t<span class=\"e-n-tab-title-text\">\n\t\t\t\tAlueellinen K12-taidekilpailu\t\t\t<\/span>\n\t\t<\/button>\n\t\t\t\t<button id=\"e-n-tab-title-85787623\" data-tab-title-id=\"e-n-tab-title-85787623\" class=\"e-n-tab-title\" aria-selected=\"false\" data-tab-index=\"3\" role=\"tab\" tabindex=\"-1\" aria-controls=\"e-n-tab-content-85787623\" style=\"--n-tabs-title-order: 3;\">\n\t\t\t\t\t\t<span class=\"e-n-tab-title-text\">\n\t\t\t\tKansallinen vieraiden kielten viikko\t\t\t<\/span>\n\t\t<\/button>\n\t\t\t\t<button id=\"e-n-tab-title-85787624\" data-tab-title-id=\"e-n-tab-title-85787624\" class=\"e-n-tab-title\" aria-selected=\"false\" data-tab-index=\"4\" role=\"tab\" tabindex=\"-1\" aria-controls=\"e-n-tab-content-85787624\" style=\"--n-tabs-title-order: 4;\">\n\t\t\t\t\t\t<span class=\"e-n-tab-title-text\">\n\t\t\t\tValokuvaessee-kilpailu\t\t\t<\/span>\n\t\t<\/button>\n\t\t\t\t<button id=\"e-n-tab-title-85787625\" data-tab-title-id=\"e-n-tab-title-85787625\" class=\"e-n-tab-title\" aria-selected=\"false\" data-tab-index=\"5\" role=\"tab\" tabindex=\"-1\" aria-controls=\"e-n-tab-content-85787625\" style=\"--n-tabs-title-order: 5;\">\n\t\t\t\t\t\t<span class=\"e-n-tab-title-text\">\n\t\t\t\tIlmainen verkko-oppiminen\t\t\t<\/span>\n\t\t<\/button>\n\t\t\t\t\t<\/div>\n\t\t\t<div class=\"e-n-tabs-content\">\n\t\t\t\t<div id=\"e-n-tab-content-85787621\" role=\"tabpanel\" aria-labelledby=\"e-n-tab-title-85787621\" data-tab-index=\"1\" style=\"--n-tabs-title-order: 1;\" class=\"e-active elementor-element elementor-element-3989c49 e-con-full e-flex e-con e-parent\" data-id=\"3989c49\" data-element_type=\"container\" data-e-type=\"container\">\n\t\t\t\t<div class=\"elementor-element elementor-element-ef6313b elementor-widget elementor-widget-heading\" data-id=\"ef6313b\" data-element_type=\"widget\" data-e-type=\"widget\" data-widget_type=\"heading.default\">\n\t\t\t\t<div class=\"elementor-widget-container\">\n\t\t\t\t\t<div class=\"elementor-heading-title elementor-size-default\">Joka vuosi maaliskuussa: \u201cOpi vieras kieli; Hanki uusi n\u00e4k\u00f6kulma!\u201d<\/div>\t\t\t\t<\/div>\n\t\t\t\t<\/div>\n\t\t\t\t<div class=\"elementor-element elementor-element-3dafe5d elementor-widget elementor-widget-text-editor\" data-id=\"3dafe5d\" data-element_type=\"widget\" data-e-type=\"widget\" data-widget_type=\"text-editor.default\">\n\t\t\t\t<div class=\"elementor-widget-container\">\n\t\t\t\t\t\t\t\t\t<ul><li>Sponsoroi omaa videokilpailuasi oppilaillesi! Edist\u00e4 maailman kielten opiskelua alakoulutasolla piirikunnassasi.<\/li><li>Perusta Facebook- tai Twitter-tili vieraskielten kerhollesi.<\/li><li>Laadi vieraskielinen verkkosivusto, jossa kerrotaan viikon toiminnoista, ja julkaise se piirisi verkkosivuilla.<\/li><li>Haasta oppilaasi ottamaan\u00a0<a href=\"http:\/\/www.actfl.org\/\" target=\"_blank\" rel=\"noopener noreferrer\">\u201c&quot;Oletko fiksumpi kuin kieltenopettaja?&quot;\u201d<\/a>\u00a0tietokilpailu, saatavilla ACTFL:n verkkosivuilla.<\/li><li>Ota oppilaat mukaan AATF:n, AATSP:n, AATI:n ja AATG:n sponsoroimiin vieraiden kielten kunniayhdistyksiin ja mainosta tapahtumaa paikallislehdess\u00e4si.<\/li><li>Kutsu hallinnon j\u00e4seni\u00e4 luokkahuoneeseesi katsomaan opiskelijoiden meneill\u00e4\u00e4n olevia projekteja ja aktiviteetteja.<\/li><li>Kutsu yll\u00e4pit\u00e4j\u00e4t arvioimaan maailmankielten aktiviteetteja.<\/li><li>J\u00e4rjest\u00e4k\u00e4\u00e4 koulullenne ja\/tai yhteis\u00f6llenne vieraskielisten elokuvien festivaali.<\/li><li>Kutsu \u00e4idinkielesi oppijoiden vanhemmat luokkahuoneeseesi jakamaan kokemuksiaan ja antamaan heille tunnustusta.<\/li><li>Kannusta oppilaita tekem\u00e4\u00e4n puskuritarroja, t-paitoja, iskulauseita, nappeja jne. ja k\u00e4ytt\u00e4m\u00e4\u00e4n niit\u00e4 vieraiden kielten viikolla.<\/li><li>Luo oppilaillesi verkkoon aarteenetsint\u00e4.<\/li><li>Soita kansainv\u00e4list\u00e4 musiikkia p\u00e4ivitt\u00e4isten kuulutusten aikana ja anna oppilaiden ja henkil\u00f6kunnan tunnistaa se.<\/li><li>Tuo oppilaat koululautakunnan kokoukseen ja pyyd\u00e4 heit\u00e4 k\u00e4sittelem\u00e4\u00e4n toisen kielen opiskelun t\u00e4rkeytt\u00e4.<\/li><li>Pyyd\u00e4 koululautakuntaa laatimaan vieraiden kielten viikon julistus.<\/li><li>Pyyd\u00e4 oppilaitasi tekem\u00e4\u00e4n julisteita vieraan kielen mainostamiseksi k\u00e4ytt\u00e4m\u00e4ll\u00e4\u00a0<a href=\"http:\/\/www.glogster.com\/\" target=\"_blank\" rel=\"noopener noreferrer\">www.glogster.com<\/a><\/li><li>Pyyd\u00e4 oppilaita merkitsem\u00e4\u00e4n kotikielens\u00e4 suurille sein\u00e4tauluille tai k\u00e4denj\u00e4ljille ja kirjoittamaan viestej\u00e4 \u00e4idinkielell\u00e4\u00e4n.<\/li><li>J\u00e4rjest\u00e4 idolikilpailu kansainv\u00e4lisell\u00e4 musiikilla ja lauluilla.<\/li><li>Esit\u00e4 p\u00e4ivitt\u00e4isten kuulutusten keskeiset tiedot useilla kielill\u00e4. Kutsu \u00e4idinkielen\u00e4\u00e4n puhuvia lukemaan aito kohdekulttuuriin liittyv\u00e4 lapsuudentarina ja keskustelemaan siit\u00e4 kohdekielell\u00e4.<\/li><li>J\u00e4rjest\u00e4 kansainv\u00e4liset ura- ja rekrytointimessut ja kutsu yhteis\u00f6n j\u00e4seni\u00e4 ja liikekumppaneita osallistumaan.<\/li><li>L\u00e4het\u00e4 lehdist\u00f6tiedote, jossa esittelet kaikki vieraiden kielten viikon aktiviteettisi paikalliselle televisiolle, radiolle ja sanomalehdille.<\/li><li>Kysele henkil\u00f6kunnalta opiskelluista\/puhutuista kielist\u00e4, vaihda kokemuksia, matkakokemuksia, perint\u00f6j\u00e4 ja julkaise tuloksia.<\/li><li>J\u00e4rjest\u00e4 \u201cIhmiset jotka inspiroivat\u201d -tapahtuma nostaaksesi esiin yhteis\u00f6si monikielisten\/monikulttuuristen j\u00e4senten saavutuksia.<\/li><li>J\u00e4rjest\u00e4 tai is\u00e4nn\u00f6i kansainv\u00e4list\u00e4 illallista\/festivaalia\/konserttia.<\/li><li>J\u00e4rjest\u00e4 live-videoneuvottelu kohdekulttuurin koulun kanssa opiskeluaiheesta.<\/li><li>Kutsu ammattitanssijoita\/muusikoita esiintym\u00e4\u00e4n oppilaille.<\/li><li><a href=\"http:\/\/www.actfl.org\/advocacy\" target=\"_blank\" rel=\"noopener noreferrer\">ACTFL:n vieraiden kielten edunvalvonta<\/a>. Vinkkej\u00e4 vieraiden kielten puolestapuhujaksi yhteis\u00f6ss\u00e4si.<\/li><li><a href=\"http:\/\/www.nysaflt.org\/advocacy\/documents.shtml\" target=\"_blank\" rel=\"noopener noreferrer\">New Yorkin vieraiden kielten opettajien yhdistys<\/a>. Edunvalvontamateriaalien arkisto, joka sis\u00e4lt\u00e4\u00e4 keskustelunaiheita, toisen kielen opiskelun etuja, esimerkkikirjeit\u00e4 sek\u00e4 artikkeleita, jotka liittyv\u00e4t liiketoimintaan, ty\u00f6markkinoihin, maanpuolustukseen ja muihin aiheisiin.<\/li><li><a href=\"http:\/\/clta.net\/advocacy\/\" target=\"_blank\" rel=\"noopener noreferrer\">Kalifornian vieraiden kielten opettajien yhdistys<\/a>. Linkkej\u00e4 monenlaisiin materiaaleihin, mukaan lukien tapahtumien julkistamisohjeet ja esimerkkilehdist\u00f6tiedotteita \u2013<\/li><li><a href=\"http:\/\/www.flageorgia.org\/advocacy.htm\" target=\"_blank\" rel=\"noopener noreferrer\">Georgian vieraiden kielten yhdistys<\/a>.<\/li><li><a href=\"http:\/\/calper.la.psu.edu\/resources.php?page=langadv\" target=\"_blank\" rel=\"noopener noreferrer\">Pennsylvanian osavaltionyliopiston (CALPER) edistyneen kielitaidon koulutuksen ja tutkimuksen keskus<\/a>. Asiakirjoja, mielipidekirjoituksia ja uutisia.<\/li><\/ul>\t\t\t\t\t\t\t\t<\/div>\n\t\t\t\t<\/div>\n\t\t\t\t<\/div>\n\t\t<div id=\"e-n-tab-content-85787622\" role=\"tabpanel\" aria-labelledby=\"e-n-tab-title-85787622\" data-tab-index=\"2\" style=\"--n-tabs-title-order: 2;\" class=\"elementor-element elementor-element-3fb9d9d e-con-full e-flex e-con e-parent\" data-id=\"3fb9d9d\" data-element_type=\"container\" data-e-type=\"container\">\n\t\t\t\t<div class=\"elementor-element elementor-element-3b679de elementor-widget elementor-widget-heading\" data-id=\"3b679de\" data-element_type=\"widget\" data-e-type=\"widget\" data-widget_type=\"heading.default\">\n\t\t\t\t<div class=\"elementor-widget-container\">\n\t\t\t\t\t<div class=\"elementor-heading-title elementor-size-default\">\u201cMaailma on vain kangas mielikuvituksellemme\u201d on vuoden 2018 Upstate International K12 -taidekilpailun teema.<\/div>\t\t\t\t<\/div>\n\t\t\t\t<\/div>\n\t\t\t\t<div class=\"elementor-element elementor-element-bc249b7 elementor-widget elementor-widget-text-editor\" data-id=\"bc249b7\" data-element_type=\"widget\" data-e-type=\"widget\" data-widget_type=\"text-editor.default\">\n\t\t\t\t<div class=\"elementor-widget-container\">\n\t\t\t\t\t\t\t\t\t<p>Upstaten koulut kaikkialta ovat tervetulleita osallistumaan t\u00e4h\u00e4n Upstaten taidekilpailuun ala-, yl\u00e4- ja lukiotasolla. Kunkin luokan 1., 2. ja 3. sijan voittajat voivat voittaa rahapalkintoja. Lis\u00e4ksi jokaisen koulun taideohjelma, josta tulee voittaja, voi my\u00f6s saada rahapalkinnon. T\u00e4ydelliset kilpailutiedot ja s\u00e4\u00e4nn\u00f6t l\u00f6ytyv\u00e4t osoitteesta, <a href=\"http:\/\/files.constantcontact.com\/fdaea5d5101\/9763018d-20da-4fff-8012-2d33bcff1d8d.pdf?ver=1495818168000\">klikkaa t\u00e4st\u00e4.<\/a><\/p>\t\t\t\t\t\t\t\t<\/div>\n\t\t\t\t<\/div>\n\t\t\t\t<\/div>\n\t\t<div id=\"e-n-tab-content-85787623\" role=\"tabpanel\" aria-labelledby=\"e-n-tab-title-85787623\" data-tab-index=\"3\" style=\"--n-tabs-title-order: 3;\" class=\"elementor-element elementor-element-212c214 e-con-full e-flex e-con e-parent\" data-id=\"212c214\" data-element_type=\"container\" data-e-type=\"container\">\n\t\t\t\t<div class=\"elementor-element elementor-element-4e46d9a elementor-widget elementor-widget-text-editor\" data-id=\"4e46d9a\" data-element_type=\"widget\" data-e-type=\"widget\" data-widget_type=\"text-editor.default\">\n\t\t\t\t<div class=\"elementor-widget-container\">\n\t\t\t\t\t\t\t\t\t<ul><li>J\u00e4rjest\u00e4 kansainv\u00e4lisesti suuntautunut kokous, tarjoa puhuja, DVD ja\/tai musiikkia.<\/li><li>Pystyt\u00e4 n\u00e4yttely, joka esittelee eri p\u00e4in maailmaa.<\/li><li>Pyyd\u00e4 jotakuta toisesta maasta kertomaan vastaavista ohjelmista.<\/li><li>Pyyd\u00e4 ensimm\u00e4isen sukupolven ty\u00f6ntekij\u00f6it\u00e4\/asiakkaita kertomaan kotimaansa organisaatioiden ja k\u00e4yt\u00e4nt\u00f6jen yht\u00e4l\u00e4isyyksist\u00e4 ja eroista.<\/li><\/ul>\t\t\t\t\t\t\t\t<\/div>\n\t\t\t\t<\/div>\n\t\t\t\t<\/div>\n\t\t<div id=\"e-n-tab-content-85787624\" role=\"tabpanel\" aria-labelledby=\"e-n-tab-title-85787624\" data-tab-index=\"4\" style=\"--n-tabs-title-order: 4;\" class=\"elementor-element elementor-element-7e61ca2 e-con-full e-flex e-con e-parent\" data-id=\"7e61ca2\" data-element_type=\"container\" data-e-type=\"container\">\n\t\t\t\t<div class=\"elementor-element elementor-element-7eeb789 elementor-widget elementor-widget-text-editor\" data-id=\"7eeb789\" data-element_type=\"widget\" data-e-type=\"widget\" data-widget_type=\"text-editor.default\">\n\t\t\t\t<div class=\"elementor-widget-container\">\n\t\t\t\t\t\t\t\t\t<ul><li>100 kelloa lauantaina 1. maaliskuuta keskip\u00e4iv\u00e4ll\u00e4. Jos mahdollista, miss\u00e4 tahansa Upstatessa oletkin, soita kelloja 100 kertaa kansainv\u00e4lisen rauhan ja ymm\u00e4rryksen puolesta. (Bergamo, Italia, soi 100 kelloa joka ilta klo 22 kunnioittaen Bergamon ylempien kaupunginporttien sulkeutumisen perinnett\u00e4. Se antoi ihmisille aikaa tulla sis\u00e4\u00e4n tai l\u00e4hte\u00e4 y\u00f6ksi.)<\/li><li>J\u00e4rjest\u00e4 tapahtuma, jossa on esill\u00e4 muita uskontoja, auta luomaan uutta ymm\u00e4rryst\u00e4; is\u00e4nn\u00f6i puhujaa kyseisest\u00e4 uskonnosta, n\u00e4yt\u00e4 video, lue kirja.<\/li><li>Esittele l\u00e4hetysty\u00f6ohjelmaasi tai is\u00e4nn\u00f6i l\u00e4hetyssaarnaajaa ja n\u00e4yt\u00e4 elokuva ty\u00f6st\u00e4si.<\/li><li>J\u00e4rjest\u00e4 rukoushetki kansainv\u00e4lisen rauhan ja ymm\u00e4rryksen puolesta.<\/li><li>Pyyd\u00e4 toisen maan ensimm\u00e4isen sukupolven j\u00e4seni\u00e4 kertomaan kotimaansa uskonnollisten k\u00e4yt\u00e4nt\u00f6jen yht\u00e4l\u00e4isyyksist\u00e4 ja eroista.<\/li><\/ul>\t\t\t\t\t\t\t\t<\/div>\n\t\t\t\t<\/div>\n\t\t\t\t<\/div>\n\t\t<div id=\"e-n-tab-content-85787625\" role=\"tabpanel\" aria-labelledby=\"e-n-tab-title-85787625\" data-tab-index=\"5\" style=\"--n-tabs-title-order: 5;\" class=\"elementor-element elementor-element-eb9389b e-con-full e-flex e-con e-parent\" data-id=\"eb9389b\" data-element_type=\"container\" data-e-type=\"container\">\n\t\t\t\t<div class=\"elementor-element elementor-element-9ba3c3a elementor-widget elementor-widget-text-editor\" data-id=\"9ba3c3a\" data-element_type=\"widget\" data-e-type=\"widget\" data-widget_type=\"text-editor.default\">\n\t\t\t\t<div class=\"elementor-widget-container\">\n\t\t\t\t\t\t\t\t\t<ul><li>100 kelloa lauantaina 1. maaliskuuta keskip\u00e4iv\u00e4ll\u00e4. Jos mahdollista, miss\u00e4 tahansa Upstatessa oletkin, soita kelloja 100 kertaa kansainv\u00e4lisen rauhan ja ymm\u00e4rryksen puolesta. (Bergamo, Italia, soi 100 kelloa joka ilta klo 22 kunnioittaen Bergamon ylempien kaupunginporttien sulkeutumisen perinnett\u00e4. Se antoi ihmisille aikaa tulla sis\u00e4\u00e4n tai l\u00e4hte\u00e4 y\u00f6ksi.)<\/li><li>J\u00e4rjest\u00e4 tapahtuma, jossa on esill\u00e4 muita uskontoja, auta luomaan uutta ymm\u00e4rryst\u00e4; is\u00e4nn\u00f6i puhujaa kyseisest\u00e4 uskonnosta, n\u00e4yt\u00e4 video, lue kirja.<\/li><li>Esittele l\u00e4hetysty\u00f6ohjelmaasi tai is\u00e4nn\u00f6i l\u00e4hetyssaarnaajaa ja n\u00e4yt\u00e4 elokuva ty\u00f6st\u00e4si.<\/li><li>J\u00e4rjest\u00e4 rukoushetki kansainv\u00e4lisen rauhan ja ymm\u00e4rryksen puolesta.<\/li><li>Pyyd\u00e4 toisen maan ensimm\u00e4isen sukupolven j\u00e4seni\u00e4 kertomaan kotimaansa uskonnollisten k\u00e4yt\u00e4nt\u00f6jen yht\u00e4l\u00e4isyyksist\u00e4 ja eroista.<\/li><\/ul>\t\t\t\t\t\t\t\t<\/div>\n\t\t\t\t<\/div>\n\t\t\t\t<\/div>\n\t\t\t\t\t<\/div>\n\t\t<\/div>\n\t\t\t\t\t\t<\/div>\n\t\t\t\t<\/div>\n\t\t\t\t\t<\/div>\n\t\t\t\t<\/div>\n\t\t\t\t<\/div>","protected":false},"excerpt":{"rendered":"","protected":false},"author":1,"featured_media":60494,"parent":0,"menu_order":0,"comment_status":"closed","ping_status":"closed","template":"","meta":{"_acf_changed":false,"_mo_disable_npp":"","footnotes":""},"class_list":["post-60454","page","type-page","status-publish","has-post-thumbnail","hentry"],"acf":[],"_links":{"self":[{"href":"https:\/\/upstateinternational.org\/fi\/wp-json\/wp\/v2\/pages\/60454","targetHints":{"allow":["GET"]}}],"collection":[{"href":"https:\/\/upstateinternational.org\/fi\/wp-json\/wp\/v2\/pages"}],"about":[{"href":"https:\/\/upstateinternational.org\/fi\/wp-json\/wp\/v2\/types\/page"}],"author":[{"embeddable":true,"href":"https:\/\/upstateinternational.org\/fi\/wp-json\/wp\/v2\/users\/1"}],"replies":[{"embeddable":true,"href":"https:\/\/upstateinternational.org\/fi\/wp-json\/wp\/v2\/comments?post=60454"}],"version-history":[{"count":0,"href":"https:\/\/upstateinternational.org\/fi\/wp-json\/wp\/v2\/pages\/60454\/revisions"}],"wp:featuredmedia":[{"embeddable":true,"href":"https:\/\/upstateinternational.org\/fi\/wp-json\/wp\/v2\/media\/60494"}],"wp:attachment":[{"href":"https:\/\/upstateinternational.org\/fi\/wp-json\/wp\/v2\/media?parent=60454"}],"curies":[{"name":"wp","href":"https:\/\/api.w.org\/{rel}","templated":true}]}}