{"id":61143,"date":"2023-08-24T16:03:46","date_gmt":"2023-08-24T20:03:46","guid":{"rendered":"https:\/\/localhost:10096\/?page_id=61143"},"modified":"2026-01-07T14:46:27","modified_gmt":"2026-01-07T19:46:27","slug":"submit-event","status":"publish","type":"page","link":"https:\/\/upstateinternational.org\/fi\/submit-event\/","title":{"rendered":"L\u00e4het\u00e4 tapahtuma"},"content":{"rendered":"<div data-elementor-type=\"wp-page\" data-elementor-id=\"61143\" class=\"elementor elementor-61143\" data-elementor-post-type=\"page\">\n\t\t\t\t<div class=\"elementor-element elementor-element-444614f e-flex e-con-boxed e-con e-parent\" data-id=\"444614f\" data-element_type=\"container\" data-e-type=\"container\" data-settings=\"{&quot;background_background&quot;:&quot;classic&quot;}\">\n\t\t\t\t\t<div class=\"e-con-inner\">\n\t\t<div class=\"elementor-element elementor-element-ff29137 e-con-full e-flex e-con e-child\" data-id=\"ff29137\" data-element_type=\"container\" data-e-type=\"container\">\n\t\t\t\t<div class=\"elementor-element elementor-element-5dd2fdc elementor-widget elementor-widget-heading\" data-id=\"5dd2fdc\" data-element_type=\"widget\" data-e-type=\"widget\" data-widget_type=\"heading.default\">\n\t\t\t\t<div class=\"elementor-widget-container\">\n\t\t\t\t\t<h1 class=\"elementor-heading-title elementor-size-default\">L\u00e4het\u00e4 tapahtuma<\/h1>\t\t\t\t<\/div>\n\t\t\t\t<\/div>\n\t\t\t\t<div class=\"elementor-element elementor-element-253a9f0 elementor-widget elementor-widget-heading\" data-id=\"253a9f0\" data-element_type=\"widget\" data-e-type=\"widget\" data-widget_type=\"heading.default\">\n\t\t\t\t<div class=\"elementor-widget-container\">\n\t\t\t\t\t<span class=\"elementor-heading-title elementor-size-default\">Jaa tapahtumasi yleis\u00f6mme kanssa<\/span>\t\t\t\t<\/div>\n\t\t\t\t<\/div>\n\t\t\t\t<\/div>\n\t\t\t\t\t<\/div>\n\t\t\t\t<\/div>\n\t\t<div class=\"elementor-element elementor-element-2db7bfa e-flex e-con-boxed e-con e-parent\" data-id=\"2db7bfa\" data-element_type=\"container\" data-e-type=\"container\">\n\t\t\t\t\t<div class=\"e-con-inner\">\n\t\t<div class=\"elementor-element elementor-element-a1ac153 e-con-full e-flex e-con e-child\" data-id=\"a1ac153\" data-element_type=\"container\" data-e-type=\"container\">\n\t\t\t\t<div class=\"elementor-element elementor-element-6b81b64 elementor-widget elementor-widget-heading\" data-id=\"6b81b64\" data-element_type=\"widget\" data-e-type=\"widget\" data-widget_type=\"heading.default\">\n\t\t\t\t<div class=\"elementor-widget-container\">\n\t\t\t\t\t<h3 class=\"elementor-heading-title elementor-size-default\">J\u00e4rjest\u00e4tk\u00f6 tapahtumaa, joka juhlistaa kulttuuria, monimuotoisuutta tai kansainv\u00e4list\u00e4 vaihtoa?<\/h3>\t\t\t\t<\/div>\n\t\t\t\t<\/div>\n\t\t\t\t<div class=\"elementor-element elementor-element-aef3fcc elementor-widget elementor-widget-heading\" data-id=\"aef3fcc\" data-element_type=\"widget\" data-e-type=\"widget\" data-widget_type=\"heading.default\">\n\t\t\t\t<div class=\"elementor-widget-container\">\n\t\t\t\t\t<h3 class=\"elementor-heading-title elementor-size-default\">L\u00e4het\u00e4 tapahtumasi Upstate Internationalin kalenteriin lomakkeella.\n<\/h3>\t\t\t\t<\/div>\n\t\t\t\t<\/div>\n\t\t\t\t<div class=\"elementor-element elementor-element-6011154 elementor-widget elementor-widget-text-editor\" data-id=\"6011154\" data-element_type=\"widget\" data-e-type=\"widget\" data-widget_type=\"text-editor.default\">\n\t\t\t\t<div class=\"elementor-widget-container\">\n\t\t\t\t\t\t\t\t\t<p>Otamme mielell\u00e4mme vastaan tapahtumaehdotuksia, jotka ovat linjassa kulttuurienv\u00e4lisen ymm\u00e4rryksen ja globaalin vuorovaikutuksen edist\u00e4misen tavoitteemme kanssa. N\u00e4ihin kuuluvat:<\/p><ul><li>Kulttuurifestivaalit tai -lomat<\/li><li>Koulutusty\u00f6pajat tai luennot<\/li><li>Kieli- tai ruoanlaittokurssit<\/li><li>Taide-, musiikki- tai esitystapahtumat<\/li><li>Kansainv\u00e4linen verkostoituminen tai kansalaistapaamiset<\/li><\/ul>\t\t\t\t\t\t\t\t<\/div>\n\t\t\t\t<\/div>\n\t\t\t\t<div class=\"elementor-element elementor-element-ae915e4 elementor-widget elementor-widget-text-editor\" data-id=\"ae915e4\" data-element_type=\"widget\" data-e-type=\"widget\" data-widget_type=\"text-editor.default\">\n\t\t\t\t<div class=\"elementor-widget-container\">\n\t\t\t\t\t\t\t\t\t<p><strong>Tapahtumien on oltava avoimia yleis\u00f6lle ja niiden on tapahduttava Etel\u00e4-Carolinan Upstate-alueella tai sen l\u00e4hell\u00e4.<\/strong><\/p><p>L\u00e4het\u00e4 tapahtumasi ilmoitus v\u00e4hint\u00e4\u00e4n kaksi viikkoa etuk\u00e4teen saadaksesi parhaan n\u00e4kyvyyden. Sis\u00e4llyt\u00e4 mahdollisimman paljon tietoja ja lataa flaijeri tai kuva (vaakasuunta on paras!) auttaaksesi meit\u00e4 mainostamaan tapahtumaasi visuaalisesti.<\/p>\t\t\t\t\t\t\t\t<\/div>\n\t\t\t\t<\/div>\n\t\t<div class=\"elementor-element elementor-element-047aed5 e-con-full e-flex e-con e-child\" data-id=\"047aed5\" data-element_type=\"container\" data-e-type=\"container\" data-settings=\"{&quot;background_background&quot;:&quot;gradient&quot;}\">\n\t\t\t\t<div class=\"elementor-element elementor-element-5ae3513 elementor-widget elementor-widget-heading\" data-id=\"5ae3513\" data-element_type=\"widget\" data-e-type=\"widget\" data-widget_type=\"heading.default\">\n\t\t\t\t<div class=\"elementor-widget-container\">\n\t\t\t\t\t<h4 class=\"elementor-heading-title elementor-size-default\">Huomaa:<\/h4>\t\t\t\t<\/div>\n\t\t\t\t<\/div>\n\t\t\t\t<div class=\"elementor-element elementor-element-9c3c3f3 elementor-widget elementor-widget-text-editor\" data-id=\"9c3c3f3\" data-element_type=\"widget\" data-e-type=\"widget\" data-widget_type=\"text-editor.default\">\n\t\t\t\t<div class=\"elementor-widget-container\">\n\t\t\t\t\t\t\t\t\t<ul><li>Tarkistus ja hyv\u00e4ksynt\u00e4: Tiimimme tarkistaa l\u00e4hetykset 3\u20135 arkip\u00e4iv\u00e4n kuluessa.<\/li><li>Muokkaukset: Saatamme muokata l\u00e4hetyksi\u00e4 selkeyden, muotoilun tai kalenterin ulkoasun sopivuuden parantamiseksi.<\/li><\/ul>\t\t\t\t\t\t\t\t<\/div>\n\t\t\t\t<\/div>\n\t\t\t\t<\/div>\n\t\t\t\t<\/div>\n\t\t<div class=\"elementor-element elementor-element-420c555 e-con-full e-flex e-con e-child\" data-id=\"420c555\" data-element_type=\"container\" data-e-type=\"container\">\n\t\t\t\t<div class=\"elementor-element elementor-element-40ee047 elementor-widget elementor-widget-shortcode\" data-id=\"40ee047\" data-element_type=\"widget\" data-e-type=\"widget\" data-widget_type=\"shortcode.default\">\n\t\t\t\t<div class=\"elementor-widget-container\">\n\t\t\t\t\t\t\t<div class=\"elementor-shortcode\"><div id=\"ui-event-form\" class=\"ui-event-form-root\"><\/div><\/div>\n\t\t\t\t\t\t<\/div>\n\t\t\t\t<\/div>\n\t\t\t\t<\/div>\n\t\t\t\t\t<\/div>\n\t\t\t\t<\/div>\n\t\t\t\t<\/div>","protected":false},"excerpt":{"rendered":"","protected":false},"author":1,"featured_media":0,"parent":0,"menu_order":0,"comment_status":"closed","ping_status":"closed","template":"","meta":{"_acf_changed":false,"_mo_disable_npp":"","footnotes":""},"class_list":["post-61143","page","type-page","status-publish","hentry"],"acf":[],"_links":{"self":[{"href":"https:\/\/upstateinternational.org\/fi\/wp-json\/wp\/v2\/pages\/61143","targetHints":{"allow":["GET"]}}],"collection":[{"href":"https:\/\/upstateinternational.org\/fi\/wp-json\/wp\/v2\/pages"}],"about":[{"href":"https:\/\/upstateinternational.org\/fi\/wp-json\/wp\/v2\/types\/page"}],"author":[{"embeddable":true,"href":"https:\/\/upstateinternational.org\/fi\/wp-json\/wp\/v2\/users\/1"}],"replies":[{"embeddable":true,"href":"https:\/\/upstateinternational.org\/fi\/wp-json\/wp\/v2\/comments?post=61143"}],"version-history":[{"count":0,"href":"https:\/\/upstateinternational.org\/fi\/wp-json\/wp\/v2\/pages\/61143\/revisions"}],"wp:attachment":[{"href":"https:\/\/upstateinternational.org\/fi\/wp-json\/wp\/v2\/media?parent=61143"}],"curies":[{"name":"wp","href":"https:\/\/api.w.org\/{rel}","templated":true}]}}