{"id":69959,"date":"2024-02-13T11:52:58","date_gmt":"2024-02-13T16:52:58","guid":{"rendered":"https:\/\/localhost:10096\/?page_id=69959"},"modified":"2024-02-13T15:11:24","modified_gmt":"2024-02-13T20:11:24","slug":"ui-month-2","status":"publish","type":"page","link":"https:\/\/upstateinternational.org\/fi\/ui-month-2\/","title":{"rendered":"K\u00e4ytt\u00f6liittym\u00e4kuukausi (luonnos)"},"content":{"rendered":"<div data-elementor-type=\"wp-page\" data-elementor-id=\"69959\" class=\"elementor elementor-69959\" data-elementor-post-type=\"page\">\n\t\t\t\t<div class=\"elementor-element elementor-element-20f31eea e-flex e-con-boxed e-con e-parent\" data-id=\"20f31eea\" data-element_type=\"container\" data-e-type=\"container\" data-settings=\"{&quot;background_background&quot;:&quot;classic&quot;}\">\n\t\t\t\t\t<div class=\"e-con-inner\">\n\t\t<div class=\"elementor-element elementor-element-47fe97d6 e-con-full e-flex e-con e-child\" data-id=\"47fe97d6\" data-element_type=\"container\" data-e-type=\"container\">\n\t\t\t\t<div class=\"elementor-element elementor-element-7d5b5945 elementor-widget elementor-widget-heading\" data-id=\"7d5b5945\" data-element_type=\"widget\" data-e-type=\"widget\" data-widget_type=\"heading.default\">\n\t\t\t\t<div class=\"elementor-widget-container\">\n\t\t\t\t\t<h1 class=\"elementor-heading-title elementor-size-default\">Upstate International -kuukausi<\/h1>\t\t\t\t<\/div>\n\t\t\t\t<\/div>\n\t\t\t\t<div class=\"elementor-element elementor-element-1f48c353 elementor-widget elementor-widget-heading\" data-id=\"1f48c353\" data-element_type=\"widget\" data-e-type=\"widget\" data-widget_type=\"heading.default\">\n\t\t\t\t<div class=\"elementor-widget-container\">\n\t\t\t\t\t<h2 class=\"elementor-heading-title elementor-size-default\">Monikulttuurinen hauskanpitoa maailmanlaajuisesti<\/h2>\t\t\t\t<\/div>\n\t\t\t\t<\/div>\n\t\t\t\t<\/div>\n\t\t\t\t\t<\/div>\n\t\t\t\t<\/div>\n\t\t<div class=\"elementor-element elementor-element-dba359e e-flex e-con-boxed e-con e-parent\" data-id=\"dba359e\" data-element_type=\"container\" data-e-type=\"container\">\n\t\t\t\t\t<div class=\"e-con-inner\">\n\t\t<div class=\"elementor-element elementor-element-3392669 e-con-full e-flex e-con e-child\" data-id=\"3392669\" data-element_type=\"container\" data-e-type=\"container\">\n\t\t\t\t<div class=\"elementor-element elementor-element-6bcef33 elementor-widget elementor-widget-heading\" data-id=\"6bcef33\" data-element_type=\"widget\" data-e-type=\"widget\" data-widget_type=\"heading.default\">\n\t\t\t\t<div class=\"elementor-widget-container\">\n\t\t\t\t\t<h3 class=\"elementor-heading-title elementor-size-default\">Usean maan yhteisty\u00f6<\/h3>\t\t\t\t<\/div>\n\t\t\t\t<\/div>\n\t\t\t\t<div class=\"elementor-element elementor-element-ca0e84a elementor-widget elementor-widget-heading\" data-id=\"ca0e84a\" data-element_type=\"widget\" data-e-type=\"widget\" data-widget_type=\"heading.default\">\n\t\t\t\t<div class=\"elementor-widget-container\">\n\t\t\t\t\t<h3 class=\"elementor-heading-title elementor-size-default\">Organisaatioista, kumppaneista ja yhteis\u00f6ist\u00e4<\/h3>\t\t\t\t<\/div>\n\t\t\t\t<\/div>\n\t\t\t\t<div class=\"elementor-element elementor-element-b55439d elementor-widget elementor-widget-text-editor\" data-id=\"b55439d\" data-element_type=\"widget\" data-e-type=\"widget\" data-widget_type=\"text-editor.default\">\n\t\t\t\t<div class=\"elementor-widget-container\">\n\t\t\t\t\t\t\t\t\t<p>Upstate International Month toivottaa tervetulleeksi, tukee, juhlistaa ja kouluttaa erilaisten kansainv\u00e4lisesti teemoitettujen tapahtumien kautta ja edist\u00e4\u00e4 rikasta kulttuurista monimuotoisuuttamme, perint\u00f6\u00e4mme ja globaaleja yhteyksi\u00e4mme.<\/p><p><span style=\"text-align: var(--text-align); color: var( --e-global-color-secondary );\">Vuodesta 2013 l\u00e4htien olemme j\u00e4rjest\u00e4neet yli 100 kansainv\u00e4lisesti teemaista tapahtumaa eri puolilla Upstatea joka maaliskuu tarjoten sadoille ja taas sadoille ihmisille tilaisuuksia tutustua erilaisiin kulttuurikokemuksiin. Upstate International on katalysaattori, joka kannustaa ja liima pit\u00e4\u00e4 yhteen kaikki maaliskuussa j\u00e4rjestett\u00e4v\u00e4t kansainv\u00e4liset tapahtumat pyrkimyksen\u00e4\u00e4n kouluttaa ja innostaa yleis\u00f6\u00e4 sek\u00e4 juhlistaa Upstaten kansainv\u00e4list\u00e4 monimuotoisuutta ja yhteyksi\u00e4.<\/span><\/p>\t\t\t\t\t\t\t\t<\/div>\n\t\t\t\t<\/div>\n\t\t\t\t<div class=\"elementor-element elementor-element-2c63f2d elementor-align-left elementor-widget elementor-widget-button\" data-id=\"2c63f2d\" data-element_type=\"widget\" data-e-type=\"widget\" data-widget_type=\"button.default\">\n\t\t\t\t<div class=\"elementor-widget-container\">\n\t\t\t\t\t\t\t\t\t<div class=\"elementor-button-wrapper\">\n\t\t\t\t\t<a class=\"elementor-button elementor-button-link elementor-size-xl\" href=\"#registration\">\n\t\t\t\t\t\t<span class=\"elementor-button-content-wrapper\">\n\t\t\t\t\t\t<span class=\"elementor-button-icon\">\n\t\t\t\t<svg aria-hidden=\"true\" class=\"e-font-icon-svg e-far-calendar-check\" viewbox=\"0 0 448 512\" xmlns=\"http:\/\/www.w3.org\/2000\/svg\"><path d=\"M400 64h-48V12c0-6.627-5.373-12-12-12h-40c-6.627 0-12 5.373-12 12v52H160V12c0-6.627-5.373-12-12-12h-40c-6.627 0-12 5.373-12 12v52H48C21.49 64 0 85.49 0 112v352c0 26.51 21.49 48 48 48h352c26.51 0 48-21.49 48-48V112c0-26.51-21.49-48-48-48zm-6 400H54a6 6 0 0 1-6-6V160h352v298a6 6 0 0 1-6 6zm-52.849-200.65L198.842 404.519c-4.705 4.667-12.303 4.637-16.971-.068l-75.091-75.699c-4.667-4.705-4.637-12.303.068-16.971l22.719-22.536c4.705-4.667 12.303-4.637 16.97.069l44.104 44.461 111.072-110.181c4.705-4.667 12.303-4.637 16.971.068l22.536 22.718c4.667 4.705 4.636 12.303-.069 16.97z\"><\/path><\/svg>\t\t\t<\/span>\n\t\t\t\t\t\t\t\t\t<span class=\"elementor-button-text\">Lataa Upstate International Month -sovellus ja osallistu kaikkiin tapoihin pit\u00e4\u00e4 hauskaa maailmanlaajuisesti <\/span>\n\t\t\t\t\t<\/span>\n\t\t\t\t\t<\/a>\n\t\t\t\t<\/div>\n\t\t\t\t\t\t\t\t<\/div>\n\t\t\t\t<\/div>\n\t\t\t\t<\/div>\n\t\t<div class=\"elementor-element elementor-element-e194b4e e-con-full e-flex e-con e-child\" data-id=\"e194b4e\" data-element_type=\"container\" data-e-type=\"container\">\n\t\t\t\t<div class=\"elementor-element elementor-element-b9805f3 elementor-widget elementor-widget-image\" data-id=\"b9805f3\" data-element_type=\"widget\" data-e-type=\"widget\" data-widget_type=\"image.default\">\n\t\t\t\t<div class=\"elementor-widget-container\">\n\t\t\t\t\t\t\t\t\t\t\t\t\t\t\t<img fetchpriority=\"high\" decoding=\"async\" width=\"800\" height=\"492\" src=\"https:\/\/upstateinternational.org\/wp-content\/uploads\/2023\/07\/upstate-international-flag-people-1024x630.jpg\" class=\"attachment-large size-large wp-image-58861\" alt=\"\" srcset=\"https:\/\/upstateinternational.org\/wp-content\/uploads\/2023\/07\/upstate-international-flag-people-1024x630.jpg 1024w, https:\/\/upstateinternational.org\/wp-content\/uploads\/2023\/07\/upstate-international-flag-people-600x369.jpg 600w, https:\/\/upstateinternational.org\/wp-content\/uploads\/2023\/07\/upstate-international-flag-people-300x185.jpg 300w, https:\/\/upstateinternational.org\/wp-content\/uploads\/2023\/07\/upstate-international-flag-people-768x473.jpg 768w, https:\/\/upstateinternational.org\/wp-content\/uploads\/2023\/07\/upstate-international-flag-people.jpg 1300w\" sizes=\"(max-width: 800px) 100vw, 800px\" \/>\t\t\t\t\t\t\t\t\t\t\t\t\t\t\t<\/div>\n\t\t\t\t<\/div>\n\t\t\t\t<\/div>\n\t\t<div class=\"elementor-element elementor-element-3dd4913 e-con-full e-flex e-con e-child\" data-id=\"3dd4913\" data-element_type=\"container\" data-e-type=\"container\">\n\t\t<div class=\"elementor-element elementor-element-478522c e-flex e-con-boxed e-con e-child\" data-id=\"478522c\" data-element_type=\"container\" data-e-type=\"container\" data-settings=\"{&quot;background_background&quot;:&quot;classic&quot;}\">\n\t\t\t\t\t<div class=\"e-con-inner\">\n\t\t\t\t<div class=\"elementor-element elementor-element-03c28f8 elementor-widget elementor-widget-heading\" data-id=\"03c28f8\" data-element_type=\"widget\" data-e-type=\"widget\" data-widget_type=\"heading.default\">\n\t\t\t\t<div class=\"elementor-widget-container\">\n\t\t\t\t\t<div class=\"elementor-heading-title elementor-size-default\">1. Osallistu ja tue tapahtumia!<\/div>\t\t\t\t<\/div>\n\t\t\t\t<\/div>\n\t\t\t\t<div class=\"elementor-element elementor-element-c985076 elementor-widget elementor-widget-text-editor\" data-id=\"c985076\" data-element_type=\"widget\" data-e-type=\"widget\" data-widget_type=\"text-editor.default\">\n\t\t\t\t<div class=\"elementor-widget-container\">\n\t\t\t\t\t\t\t\t\t<p>N\u00e4e maailman v\u00e4rit pukujen, lippujen, perinteisen tanssin ja n\u00e4yt\u00f6sten kautta. Kuule kaukaisten maiden \u00e4\u00e4ni\u00e4 ja musiikkia. Maista aivan uuden maailman makuja kansainv\u00e4listen ruoanlaitton\u00e4yt\u00f6sten, gaalojen ja festivaalien avulla. Opi monimuotoisen Upstate-alueemme tavoista ja kielist\u00e4.<\/p>\t\t\t\t\t\t\t\t<\/div>\n\t\t\t\t<\/div>\n\t\t\t\t<div class=\"elementor-element elementor-element-4cbb039 elementor-widget elementor-widget-button\" data-id=\"4cbb039\" data-element_type=\"widget\" data-e-type=\"widget\" data-widget_type=\"button.default\">\n\t\t\t\t<div class=\"elementor-widget-container\">\n\t\t\t\t\t\t\t\t\t<div class=\"elementor-button-wrapper\">\n\t\t\t\t\t<a class=\"elementor-button elementor-button-link elementor-size-sm\" href=\"#events\">\n\t\t\t\t\t\t<span class=\"elementor-button-content-wrapper\">\n\t\t\t\t\t\t\t\t\t<span class=\"elementor-button-text\">N\u00e4yt\u00e4 tapahtumat \u2192<\/span>\n\t\t\t\t\t<\/span>\n\t\t\t\t\t<\/a>\n\t\t\t\t<\/div>\n\t\t\t\t\t\t\t\t<\/div>\n\t\t\t\t<\/div>\n\t\t\t\t\t<\/div>\n\t\t\t\t<\/div>\n\t\t<div class=\"elementor-element elementor-element-9649e4c e-flex e-con-boxed e-con e-child\" data-id=\"9649e4c\" data-element_type=\"container\" data-e-type=\"container\" data-settings=\"{&quot;background_background&quot;:&quot;classic&quot;}\">\n\t\t\t\t\t<div class=\"e-con-inner\">\n\t\t\t\t<div class=\"elementor-element elementor-element-1778e54 elementor-widget elementor-widget-heading\" data-id=\"1778e54\" data-element_type=\"widget\" data-e-type=\"widget\" data-widget_type=\"heading.default\">\n\t\t\t\t<div class=\"elementor-widget-container\">\n\t\t\t\t\t<div class=\"elementor-heading-title elementor-size-default\">2. J\u00e4rjest\u00e4 tapahtuma!<\/div>\t\t\t\t<\/div>\n\t\t\t\t<\/div>\n\t\t\t\t<div class=\"elementor-element elementor-element-1069d12 elementor-widget elementor-widget-text-editor\" data-id=\"1069d12\" data-element_type=\"widget\" data-e-type=\"widget\" data-widget_type=\"text-editor.default\">\n\t\t\t\t<div class=\"elementor-widget-container\">\n\t\t\t\t\t\t\t\t\tHaluatko jakaa perinteen, ruokakulttuurin, kokemuksen tai taidon Upstate-yhteis\u00f6n kanssa? J\u00e4rjest\u00e4 UIM-tapahtuma! Ainoa rajoitus, mielikuvituksesi lis\u00e4ksi, on se, ett\u00e4 jokaisella tapahtumalla on oltava kulttuurinen tai kansainv\u00e4linen painotus. Jos haluat ideoida tai keskustella ideoistasi, ota meihin yhteytt\u00e4 osoitteessa <a style=\"color: #ffffff;\" href=\"mailto:uim@upstateinternational.org\">uim@upstateinternational.org<\/a> tai soita <a style=\"color: #ffffff;\" href=\"tel:+18646312188\">864-631-2188<\/a>.\t\t\t\t\t\t\t\t<\/div>\n\t\t\t\t<\/div>\n\t\t\t\t<div class=\"elementor-element elementor-element-f0f5697 elementor-widget elementor-widget-button\" data-id=\"f0f5697\" data-element_type=\"widget\" data-e-type=\"widget\" data-widget_type=\"button.default\">\n\t\t\t\t<div class=\"elementor-widget-container\">\n\t\t\t\t\t\t\t\t\t<div class=\"elementor-button-wrapper\">\n\t\t\t\t\t<a class=\"elementor-button elementor-button-link elementor-size-sm\" href=\"https:\/\/docs.google.com\/forms\/d\/e\/1FAIpQLScwwTpAUTDCEOlzN1E9LQ82S_X2THUyBBhYergu4OZ-EAq6ow\/viewform\" target=\"_blank\">\n\t\t\t\t\t\t<span class=\"elementor-button-content-wrapper\">\n\t\t\t\t\t\t\t\t\t<span class=\"elementor-button-text\">L\u00e4het\u00e4 tapahtuma<\/span>\n\t\t\t\t\t<\/span>\n\t\t\t\t\t<\/a>\n\t\t\t\t<\/div>\n\t\t\t\t\t\t\t\t<\/div>\n\t\t\t\t<\/div>\n\t\t\t\t\t<\/div>\n\t\t\t\t<\/div>\n\t\t<div class=\"elementor-element elementor-element-5eecdcb e-flex e-con-boxed e-con e-child\" data-id=\"5eecdcb\" data-element_type=\"container\" data-e-type=\"container\" data-settings=\"{&quot;background_background&quot;:&quot;classic&quot;}\">\n\t\t\t\t\t<div class=\"e-con-inner\">\n\t\t\t\t<div class=\"elementor-element elementor-element-0fd291b elementor-widget elementor-widget-heading\" data-id=\"0fd291b\" data-element_type=\"widget\" data-e-type=\"widget\" data-widget_type=\"heading.default\">\n\t\t\t\t<div class=\"elementor-widget-container\">\n\t\t\t\t\t<div class=\"elementor-heading-title elementor-size-default\">3. Ryhdy sponsoriksi!<\/div>\t\t\t\t<\/div>\n\t\t\t\t<\/div>\n\t\t\t\t<div class=\"elementor-element elementor-element-27e4bae elementor-widget elementor-widget-text-editor\" data-id=\"27e4bae\" data-element_type=\"widget\" data-e-type=\"widget\" data-widget_type=\"text-editor.default\">\n\t\t\t\t<div class=\"elementor-widget-container\">\n\t\t\t\t\t\t\t\t\tKaikki sponsorointitasomme on suunniteltu paitsi juhlistamaan Upstaten kulttuuria, my\u00f6s tunnustamaan ja edist\u00e4m\u00e4\u00e4n siihen osallistuvia yksil\u00f6it\u00e4 ja yrityksi\u00e4. Sponsorointia on saatavilla useilla tasoilla, ja paketteja voidaan mukauttaa yrityksesi tai organisaatiosi tavoitteiden mukaan.\t\t\t\t\t\t\t\t<\/div>\n\t\t\t\t<\/div>\n\t\t\t\t\t<\/div>\n\t\t\t\t<\/div>\n\t\t\t\t<\/div>\n\t\t<div class=\"elementor-element elementor-element-0810ec4 e-con-full e-flex e-con e-child\" data-id=\"0810ec4\" data-element_type=\"container\" data-e-type=\"container\">\n\t\t<div class=\"elementor-element elementor-element-7411949 e-flex e-con-boxed e-con e-child\" data-id=\"7411949\" data-element_type=\"container\" data-e-type=\"container\">\n\t\t\t\t\t<div class=\"e-con-inner\">\n\t\t\t\t<div class=\"elementor-element elementor-element-0501aec elementor-widget elementor-widget-image\" data-id=\"0501aec\" data-element_type=\"widget\" data-e-type=\"widget\" data-widget_type=\"image.default\">\n\t\t\t\t<div class=\"elementor-widget-container\">\n\t\t\t\t\t\t\t\t\t\t\t\t\t\t\t<img decoding=\"async\" width=\"800\" height=\"534\" src=\"https:\/\/upstateinternational.org\/wp-content\/uploads\/2023\/08\/slider-background-1-1024x683.jpg\" class=\"attachment-large size-large wp-image-60494\" alt=\"\" srcset=\"https:\/\/upstateinternational.org\/wp-content\/uploads\/2023\/08\/slider-background-1-1024x683.jpg 1024w, https:\/\/upstateinternational.org\/wp-content\/uploads\/2023\/08\/slider-background-1-scaled-600x400.jpg 600w, https:\/\/upstateinternational.org\/wp-content\/uploads\/2023\/08\/slider-background-1-300x200.jpg 300w, https:\/\/upstateinternational.org\/wp-content\/uploads\/2023\/08\/slider-background-1-768x512.jpg 768w, https:\/\/upstateinternational.org\/wp-content\/uploads\/2023\/08\/slider-background-1-1536x1024.jpg 1536w, https:\/\/upstateinternational.org\/wp-content\/uploads\/2023\/08\/slider-background-1-2048x1365.jpg 2048w\" sizes=\"(max-width: 800px) 100vw, 800px\" \/>\t\t\t\t\t\t\t\t\t\t\t\t\t\t\t<\/div>\n\t\t\t\t<\/div>\n\t\t\t\t<div class=\"elementor-element elementor-element-08b3166 elementor-widget elementor-widget-heading\" data-id=\"08b3166\" data-element_type=\"widget\" data-e-type=\"widget\" data-widget_type=\"heading.default\">\n\t\t\t\t<div class=\"elementor-widget-container\">\n\t\t\t\t\t<h3 class=\"elementor-heading-title elementor-size-default\">Upstate-alueen kansainv\u00e4lisen monimuotoisuuden juhlinta<\/h3>\t\t\t\t<\/div>\n\t\t\t\t<\/div>\n\t\t\t\t<div class=\"elementor-element elementor-element-d57ddda elementor-widget elementor-widget-heading\" data-id=\"d57ddda\" data-element_type=\"widget\" data-e-type=\"widget\" data-widget_type=\"heading.default\">\n\t\t\t\t<div class=\"elementor-widget-container\">\n\t\t\t\t\t<h3 class=\"elementor-heading-title elementor-size-default\">Tule mukaan monikulttuuriseen juhlaan!<\/h3>\t\t\t\t<\/div>\n\t\t\t\t<\/div>\n\t\t\t\t<div class=\"elementor-element elementor-element-1963658 elementor-widget elementor-widget-text-editor\" data-id=\"1963658\" data-element_type=\"widget\" data-e-type=\"widget\" data-widget_type=\"text-editor.default\">\n\t\t\t\t<div class=\"elementor-widget-container\">\n\t\t\t\t\t\t\t\t\t<p>Yli 50 tapahtumais\u00e4nn\u00e4n ansiosta olemme pystyneet tarjoamaan kaikkea kansainv\u00e4lisist\u00e4 kahvi- ja ruokamaistiaisista taiden\u00e4yttelyihin ja oivaltaviin luentoihin globaaleista kysymyksist\u00e4. Yhteisty\u00f6kumppanimme ovat j\u00e4rjest\u00e4neet erilaisia kansainv\u00e4lisesti teemoitettuja musiikkiesityksi\u00e4, kansainv\u00e4lisi\u00e4 tietokilpailuiltoja, viininmaistajaisia ja paljon muuta!<\/p>\t\t\t\t\t\t\t\t<\/div>\n\t\t\t\t<\/div>\n\t\t\t\t\t<\/div>\n\t\t\t\t<\/div>\n\t\t\t\t<\/div>\n\t\t\t\t\t<\/div>\n\t\t\t\t<\/div>\n\t\t<div class=\"elementor-element elementor-element-add486a e-flex e-con-boxed e-con e-parent\" data-id=\"add486a\" data-element_type=\"container\" data-e-type=\"container\" id=\"registration\">\n\t\t\t\t\t<div class=\"e-con-inner\">\n\t\t\t\t<div class=\"elementor-element elementor-element-2c36447 elementor-widget__width-initial elementor-widget elementor-widget-text-editor\" data-id=\"2c36447\" data-element_type=\"widget\" data-e-type=\"widget\" data-widget_type=\"text-editor.default\">\n\t\t\t\t<div class=\"elementor-widget-container\">\n\t\t\t\t\t\t\t\t\t<p>Rekister\u00f6idy UI Month -tapahtumaan ja lataa Whova-sovellus alta. Upstate International on tehnyt yhteisty\u00f6t\u00e4 Whovan kanssa tarjotakseen parhaan mahdollisen kokemuksen UI Month -tapahtumien katseluun, rekister\u00f6itymiseen ja keskusteluun. Sovelluksessa voit tarkastella tapahtumien koko aikataulua ja rekister\u00f6ity\u00e4 niihin. Voit my\u00f6s osallistua keskusteluihin ja luoda omia tapaamisia muiden osallistujien kanssa.&nbsp;<\/p>\t\t\t\t\t\t\t\t<\/div>\n\t\t\t\t<\/div>\n\t\t\t\t<div class=\"elementor-element elementor-element-590bc31 elementor-widget elementor-widget-html\" data-id=\"590bc31\" data-element_type=\"widget\" data-e-type=\"widget\" data-widget_type=\"html.default\">\n\t\t\t\t<div class=\"elementor-widget-container\">\n\t\t\t\t\t<div id=\"whova-regform-widget\" data-reactroot=\"\"><\/div><script src=\"https:\/\/whova.com\/static\/frontend\/xems\/js\/whova-regform-widget.js?eid=upsta1_202403&amp;host=https:\/\/whova.com&amp;registration=attendee&amp;regpagetoken=\" type=\"text\/javascript\" id=\"whova-embeded-regform-script\" data-reactroot=\"\"><\/script>\n\n<p style=\"text-align: center\";> Oletko jo rekister\u00f6itynyt? <a href=\"https:\/\/whova.com\/portal\/upsta1_202403\/\" target=\"_blank\">Lataa sovellus<\/p>\t\t\t\t<\/div>\n\t\t\t\t<\/div>\n\t\t\t\t<div class=\"elementor-element elementor-element-0c7a9c7 elementor-widget elementor-widget-html\" data-id=\"0c7a9c7\" data-element_type=\"widget\" data-e-type=\"widget\" id=\"events\" data-widget_type=\"html.default\">\n\t\t\t\t<div class=\"elementor-widget-container\">\n\t\t\t\t\t <div>\n        <div title=\"Whova-tapahtuma- ja konferenssisovellus\" id=\"whova-agendawidget\">\n            <p id=\"whova-loading\">Ladataan...<\/p>\n        <\/div>\n        <script src=\"https:\/\/whova.com\/static\/frontend\/xems\/js\/embed\/embedagenda.js?eid=65bXJFVmstlEq9LTqekSgmVsflS6eJb8s-hr%40WlSFsw%3D&host=https:\/\/whova.com\" type=\"text\/javascript\"  id=\"embeded-agenda-script\">\n        <\/script>\n        <div id=\"whova-wrap\" class=\"whova-wrap-class\">\n            Powered By\n            <a class=\"brandlink\" target=\"_blank\" href=\"https:\/\/whova.com\">\n                <b>Kuka<\/b>\n            <\/a>\n            <br\/>\n            <a class=\"whova-emslink brandanchorlink\" target=\"_blank\" href=\"https:\/\/whova.com\/blog\/free-event-planning-software-make-you-rockstar\/\">\n                tapahtumien hallintaohjelmisto\n            <\/a>\n        <\/div>\n    <\/div>\n\t\t\t\t<\/div>\n\t\t\t\t<\/div>\n\t\t\t\t\t<\/div>\n\t\t\t\t<\/div>\n\t\t\t\t<\/div>","protected":false},"excerpt":{"rendered":"","protected":false},"author":358,"featured_media":58864,"parent":0,"menu_order":0,"comment_status":"closed","ping_status":"closed","template":"","meta":{"_acf_changed":false,"_mo_disable_npp":"","footnotes":""},"class_list":["post-69959","page","type-page","status-publish","has-post-thumbnail","hentry"],"acf":[],"_links":{"self":[{"href":"https:\/\/upstateinternational.org\/fi\/wp-json\/wp\/v2\/pages\/69959","targetHints":{"allow":["GET"]}}],"collection":[{"href":"https:\/\/upstateinternational.org\/fi\/wp-json\/wp\/v2\/pages"}],"about":[{"href":"https:\/\/upstateinternational.org\/fi\/wp-json\/wp\/v2\/types\/page"}],"author":[{"embeddable":true,"href":"https:\/\/upstateinternational.org\/fi\/wp-json\/wp\/v2\/users\/358"}],"replies":[{"embeddable":true,"href":"https:\/\/upstateinternational.org\/fi\/wp-json\/wp\/v2\/comments?post=69959"}],"version-history":[{"count":0,"href":"https:\/\/upstateinternational.org\/fi\/wp-json\/wp\/v2\/pages\/69959\/revisions"}],"wp:featuredmedia":[{"embeddable":true,"href":"https:\/\/upstateinternational.org\/fi\/wp-json\/wp\/v2\/media\/58864"}],"wp:attachment":[{"href":"https:\/\/upstateinternational.org\/fi\/wp-json\/wp\/v2\/media?parent=69959"}],"curies":[{"name":"wp","href":"https:\/\/api.w.org\/{rel}","templated":true}]}}