{"id":88102,"date":"2025-10-11T04:45:10","date_gmt":"2025-10-11T08:45:10","guid":{"rendered":"https:\/\/ui-hybrid.local\/?page_id=88102"},"modified":"2025-11-25T04:26:58","modified_gmt":"2025-11-25T09:26:58","slug":"community-resources","status":"publish","type":"page","link":"https:\/\/upstateinternational.org\/fi\/community-resources\/","title":{"rendered":"Yhteis\u00f6n resurssit"},"content":{"rendered":"<div data-elementor-type=\"wp-page\" data-elementor-id=\"88102\" class=\"elementor elementor-88102\" data-elementor-post-type=\"page\">\n\t\t\t\t<div class=\"elementor-element elementor-element-22ac5bd e-flex e-con-boxed e-con e-parent\" data-id=\"22ac5bd\" data-element_type=\"container\" data-e-type=\"container\" data-settings=\"{&quot;background_background&quot;:&quot;classic&quot;}\">\n\t\t\t\t\t<div class=\"e-con-inner\">\n\t\t<div class=\"elementor-element elementor-element-d8d6ae0 e-con-full e-flex e-con e-child\" data-id=\"d8d6ae0\" data-element_type=\"container\" data-e-type=\"container\">\n\t\t\t\t<div class=\"elementor-element elementor-element-9fa382c elementor-widget elementor-widget-heading\" data-id=\"9fa382c\" data-element_type=\"widget\" data-e-type=\"widget\" data-widget_type=\"heading.default\">\n\t\t\t\t<div class=\"elementor-widget-container\">\n\t\t\t\t\t<h1 class=\"elementor-heading-title elementor-size-default\">Yhteis\u00f6n resurssit<\/h1>\t\t\t\t<\/div>\n\t\t\t\t<\/div>\n\t\t\t\t<div class=\"elementor-element elementor-element-de96e53 elementor-widget elementor-widget-heading\" data-id=\"de96e53\" data-element_type=\"widget\" data-e-type=\"widget\" data-widget_type=\"heading.default\">\n\t\t\t\t<div class=\"elementor-widget-container\">\n\t\t\t\t\t<span class=\"elementor-heading-title elementor-size-default\">Oppaasi Greenvillen el\u00e4m\u00e4\u00e4n \u2013 olitpa sitten juuri saapunut tai asunut t\u00e4\u00e4ll\u00e4 jo vuosia.<\/span>\t\t\t\t<\/div>\n\t\t\t\t<\/div>\n\t\t\t\t<\/div>\n\t\t\t\t\t<\/div>\n\t\t\t\t<\/div>\n\t\t<div class=\"elementor-element elementor-element-06a451e e-flex e-con-boxed e-con e-parent\" data-id=\"06a451e\" data-element_type=\"container\" data-e-type=\"container\">\n\t\t\t\t\t<div class=\"e-con-inner\">\n\t\t<div class=\"elementor-element elementor-element-cdd445c e-con-full e-flex e-con e-child\" data-id=\"cdd445c\" data-element_type=\"container\" data-e-type=\"container\">\n\t\t\t\t<div class=\"elementor-element elementor-element-8cb91e8 elementor-widget elementor-widget-heading\" data-id=\"8cb91e8\" data-element_type=\"widget\" data-e-type=\"widget\" data-widget_type=\"heading.default\">\n\t\t\t\t<div class=\"elementor-widget-container\">\n\t\t\t\t\t<h3 class=\"elementor-heading-title elementor-size-default\">Tervetuloa Upstate-yhteis\u00f6\u00f6n<\/h3>\t\t\t\t<\/div>\n\t\t\t\t<\/div>\n\t\t\t\t<div class=\"elementor-element elementor-element-9955edb elementor-widget elementor-widget-text-editor\" data-id=\"9955edb\" data-element_type=\"widget\" data-e-type=\"widget\" data-widget_type=\"text-editor.default\">\n\t\t\t\t<div class=\"elementor-widget-container\">\n\t\t\t\t\t\t\t\t\t<p>Olitpa sitten asettumassa Upstateen ensimm\u00e4ist\u00e4 kertaa tai olet asunut t\u00e4\u00e4ll\u00e4 vuosikymmeni\u00e4, oikeiden resurssien l\u00f6yt\u00e4minen \u2013 asumisesta ja terveydenhuollosta kulttuuritapahtumiin ja kielitukeen \u2013 voi olla ratkaisevan t\u00e4rke\u00e4\u00e4. Upstate International on t\u00e4\u00e4ll\u00e4 auttaakseen sinua navigoimaan, luomaan yhteyksi\u00e4 ja tuntemaan olosi kotoisaksi.<\/p><p>Resurssihakemistomme on kokoelma paikallisia organisaatioita, palveluita ja yhteystietoja, jotka palvelevat monimuotoista yhteis\u00f6\u00e4mme. Se on suunniteltu auttamaan tulokkaita sopeutumaan el\u00e4m\u00e4\u00e4n Upstatessa ja tukemaan pitk\u00e4aikaisia asukkaita l\u00f6yt\u00e4m\u00e4\u00e4n uusia tapoja osallistua globaalisti ja paikallisesti.\u00a0<\/p>\t\t\t\t\t\t\t\t<\/div>\n\t\t\t\t<\/div>\n\t\t<div class=\"elementor-element elementor-element-609d86e e-con-full e-flex e-con e-child\" data-id=\"609d86e\" data-element_type=\"container\" data-e-type=\"container\" data-settings=\"{&quot;background_background&quot;:&quot;gradient&quot;}\">\n\t\t\t\t<div class=\"elementor-element elementor-element-20b027b elementor-widget elementor-widget-text-editor\" data-id=\"20b027b\" data-element_type=\"widget\" data-e-type=\"widget\" data-widget_type=\"text-editor.default\">\n\t\t\t\t<div class=\"elementor-widget-container\">\n\t\t\t\t\t\t\t\t\t<p><strong>HUOMAA:<\/strong> Upstate International ei tue mit\u00e4\u00e4n t\u00e4ss\u00e4 luetelluista tahoista eik\u00e4 ole vastuussa yksityisist\u00e4 liiketoimista johtuvista ongelmista. Yksil\u00f6iden tulisi k\u00e4ytt\u00e4\u00e4 omaa harkintaansa arvioidessaan t\u00e4ss\u00e4 lueteltujen yhteystietojen ansioita.<\/p><p>Jos haluat yrityksesi n\u00e4kyv\u00e4n alla, ole hyv\u00e4 ja <a href=\"https:\/\/upstateinternational.org\/fi\/contact\/\">Ota meihin yhteytt\u00e4.<\/a><\/p>\t\t\t\t\t\t\t\t<\/div>\n\t\t\t\t<\/div>\n\t\t\t\t<\/div>\n\t\t\t\t<\/div>\n\t\t<div class=\"elementor-element elementor-element-cf08db1 e-con-full e-flex e-con e-child\" data-id=\"cf08db1\" data-element_type=\"container\" data-e-type=\"container\">\n\t\t\t\t<div class=\"elementor-element elementor-element-be172aa elementor-widget elementor-widget-image\" data-id=\"be172aa\" data-element_type=\"widget\" data-e-type=\"widget\" data-widget_type=\"image.default\">\n\t\t\t\t<div class=\"elementor-widget-container\">\n\t\t\t\t\t\t\t\t\t\t\t\t\t\t\t<img fetchpriority=\"high\" decoding=\"async\" width=\"650\" height=\"400\" src=\"https:\/\/upstateinternational.org\/wp-content\/uploads\/2024\/01\/upstate-international-greenville.webp\" class=\"attachment-large size-large wp-image-69587\" alt=\"\" srcset=\"https:\/\/upstateinternational.org\/wp-content\/uploads\/2024\/01\/upstate-international-greenville.webp 650w, https:\/\/upstateinternational.org\/wp-content\/uploads\/2024\/01\/upstate-international-greenville-300x185.webp 300w, https:\/\/upstateinternational.org\/wp-content\/uploads\/2024\/01\/upstate-international-greenville-600x369.webp 600w\" sizes=\"(max-width: 650px) 100vw, 650px\" \/>\t\t\t\t\t\t\t\t\t\t\t\t\t\t\t<\/div>\n\t\t\t\t<\/div>\n\t\t\t\t<\/div>\n\t\t<div class=\"elementor-element elementor-element-9c1c1f4 e-con-full e-flex e-con e-child\" data-id=\"9c1c1f4\" data-element_type=\"container\" data-e-type=\"container\">\n\t\t\t\t<div class=\"elementor-element elementor-element-ae59670 elementor-widget elementor-widget-heading\" data-id=\"ae59670\" data-element_type=\"widget\" data-e-type=\"widget\" data-widget_type=\"heading.default\">\n\t\t\t\t<div class=\"elementor-widget-container\">\n\t\t\t\t\t<h3 class=\"elementor-heading-title elementor-size-default\">Mit\u00e4 l\u00f6yd\u00e4t sis\u00e4lt\u00e4<\/h3>\t\t\t\t<\/div>\n\t\t\t\t<\/div>\n\t\t\t\t<div class=\"elementor-element elementor-element-c14afbe elementor-widget elementor-widget-text-editor\" data-id=\"c14afbe\" data-element_type=\"widget\" data-e-type=\"widget\" data-widget_type=\"text-editor.default\">\n\t\t\t\t<div class=\"elementor-widget-container\">\n\t\t\t\t\t\t\t\t\t<p>Hakemisto kattaa Upstaten el\u00e4m\u00e4n olennaisia n\u00e4k\u00f6kohtia, mukaan lukien:<\/p><ul><li><strong>Asunto- ja muuttopalvelut<\/strong> \u2013 L\u00f6yd\u00e4 paikkasi yhteis\u00f6ss\u00e4<\/li><li><strong>Terveys ja hyvinvointi<\/strong> \u2013 P\u00e4\u00e4sy l\u00e4\u00e4ketieteelliseen hoitoon, mielenterveystukeen ja julkisiin terveysresursseihin<\/li><li><strong>Kieli ja koulutus<\/strong> \u2013 ESL-ohjelmat, k\u00e4\u00e4nn\u00f6spalvelut ja koulut<\/li><li><strong>Oikeudellinen ja maahanmuuttotuki<\/strong> \u2013 Luotettavat yhteyshenkil\u00f6t oikeusj\u00e4rjestelmiss\u00e4 navigointiin<\/li><li><strong>Ty\u00f6llisyys- ja uraresurssit<\/strong> \u2013 Ty\u00f6harjoittelu, verkostoituminen ja ammatillinen kehitys<\/li><li><strong>Kulttuuri- ja yhteis\u00f6j\u00e4rjest\u00f6t<\/strong> \u2013 Yhdist\u00e4 ryhmiin, jotka juhlistavat globaaleja n\u00e4k\u00f6kulmia<\/li><li><strong>Uskonnolliset yhteis\u00f6t<\/strong> \u2013 Tutustu eri perinteiden palvontapaikkoihin<\/li><\/ul>\t\t\t\t\t\t\t\t<\/div>\n\t\t\t\t<\/div>\n\t\t\t\t<\/div>\n\t\t<div class=\"elementor-element elementor-element-276d50a e-con-full e-flex e-con e-child\" data-id=\"276d50a\" data-element_type=\"container\" data-e-type=\"container\" data-settings=\"{&quot;background_background&quot;:&quot;gradient&quot;}\">\n\t\t\t\t<div class=\"elementor-element elementor-element-7289f31 elementor-widget elementor-widget-spacer\" data-id=\"7289f31\" data-element_type=\"widget\" data-e-type=\"widget\" data-widget_type=\"spacer.default\">\n\t\t\t\t<div class=\"elementor-widget-container\">\n\t\t\t\t\t\t\t<div class=\"elementor-spacer\">\n\t\t\t<div class=\"elementor-spacer-inner\"><\/div>\n\t\t<\/div>\n\t\t\t\t\t\t<\/div>\n\t\t\t\t<\/div>\n\t\t\t\t<div class=\"elementor-element elementor-element-89bf8a2 elementor-widget elementor-widget-heading\" data-id=\"89bf8a2\" data-element_type=\"widget\" data-e-type=\"widget\" data-widget_type=\"heading.default\">\n\t\t\t\t<div class=\"elementor-widget-container\">\n\t\t\t\t\t<h2 class=\"elementor-heading-title elementor-size-default\">Anteeksi edistyksemme.<\/h2>\t\t\t\t<\/div>\n\t\t\t\t<\/div>\n\t\t\t\t<div class=\"elementor-element elementor-element-0d4491f elementor-widget elementor-widget-heading\" data-id=\"0d4491f\" data-element_type=\"widget\" data-e-type=\"widget\" data-widget_type=\"heading.default\">\n\t\t\t\t<div class=\"elementor-widget-container\">\n\t\t\t\t\t<span class=\"elementor-heading-title elementor-size-default\">Resurssi PDF tulossa pian!<\/span>\t\t\t\t<\/div>\n\t\t\t\t<\/div>\n\t\t\t\t<div class=\"elementor-element elementor-element-a8bf865 elementor-widget elementor-widget-spacer\" data-id=\"a8bf865\" data-element_type=\"widget\" data-e-type=\"widget\" data-widget_type=\"spacer.default\">\n\t\t\t\t<div class=\"elementor-widget-container\">\n\t\t\t\t\t\t\t<div class=\"elementor-spacer\">\n\t\t\t<div class=\"elementor-spacer-inner\"><\/div>\n\t\t<\/div>\n\t\t\t\t\t\t<\/div>\n\t\t\t\t<\/div>\n\t\t\t\t<\/div>\n\t\t<div class=\"elementor-element elementor-element-a5f6434 e-con-full e-flex e-con e-child\" data-id=\"a5f6434\" data-element_type=\"container\" data-e-type=\"container\">\n\t\t<div class=\"elementor-element elementor-element-9dd3e8d e-con-full e-flex e-con e-child\" data-id=\"9dd3e8d\" data-element_type=\"container\" data-e-type=\"container\" data-settings=\"{&quot;background_background&quot;:&quot;gradient&quot;}\">\n\t\t\t\t<div class=\"elementor-element elementor-element-f37db99 elementor-widget elementor-widget-heading\" data-id=\"f37db99\" data-element_type=\"widget\" data-e-type=\"widget\" data-widget_type=\"heading.default\">\n\t\t\t\t<div class=\"elementor-widget-container\">\n\t\t\t\t\t<h3 class=\"elementor-heading-title elementor-size-default\">Tarvitsetko viel\u00e4 apua? <\/h3>\t\t\t\t<\/div>\n\t\t\t\t<\/div>\n\t\t\t\t<div class=\"elementor-element elementor-element-92fa051 elementor-widget elementor-widget-text-editor\" data-id=\"92fa051\" data-element_type=\"widget\" data-e-type=\"widget\" data-widget_type=\"text-editor.default\">\n\t\t\t\t<div class=\"elementor-widget-container\">\n\t\t\t\t\t\t\t\t\t<p>Ole hyv\u00e4 <a href=\"https:\/\/upstateinternational.org\/fi\/contact\/\">ota meihin yhteytt\u00e4<\/a> ja tiimimme auttaa sinua mielell\u00e4\u00e4n!<\/p>\t\t\t\t\t\t\t\t<\/div>\n\t\t\t\t<\/div>\n\t\t\t\t<div class=\"elementor-element elementor-element-c9bbd4a elementor-widget elementor-widget-button\" data-id=\"c9bbd4a\" data-element_type=\"widget\" data-e-type=\"widget\" data-widget_type=\"button.default\">\n\t\t\t\t<div class=\"elementor-widget-container\">\n\t\t\t\t\t\t\t\t\t<div class=\"elementor-button-wrapper\">\n\t\t\t\t\t<a class=\"elementor-button elementor-button-link elementor-size-sm\" href=\"https:\/\/upstateinternational.org\/fi\/contact\/\">\n\t\t\t\t\t\t<span class=\"elementor-button-content-wrapper\">\n\t\t\t\t\t\t\t\t\t<span class=\"elementor-button-text\">Yhteydenottolomake<\/span>\n\t\t\t\t\t<\/span>\n\t\t\t\t\t<\/a>\n\t\t\t\t<\/div>\n\t\t\t\t\t\t\t\t<\/div>\n\t\t\t\t<\/div>\n\t\t\t\t<\/div>\n\t\t\t\t<\/div>\n\t\t\t\t\t<\/div>\n\t\t\t\t<\/div>\n\t\t\t\t<\/div>","protected":false},"excerpt":{"rendered":"","protected":false},"author":1,"featured_media":0,"parent":0,"menu_order":0,"comment_status":"closed","ping_status":"closed","template":"","meta":{"_acf_changed":false,"_mo_disable_npp":"","footnotes":""},"class_list":["post-88102","page","type-page","status-publish","hentry"],"acf":[],"_links":{"self":[{"href":"https:\/\/upstateinternational.org\/fi\/wp-json\/wp\/v2\/pages\/88102","targetHints":{"allow":["GET"]}}],"collection":[{"href":"https:\/\/upstateinternational.org\/fi\/wp-json\/wp\/v2\/pages"}],"about":[{"href":"https:\/\/upstateinternational.org\/fi\/wp-json\/wp\/v2\/types\/page"}],"author":[{"embeddable":true,"href":"https:\/\/upstateinternational.org\/fi\/wp-json\/wp\/v2\/users\/1"}],"replies":[{"embeddable":true,"href":"https:\/\/upstateinternational.org\/fi\/wp-json\/wp\/v2\/comments?post=88102"}],"version-history":[{"count":0,"href":"https:\/\/upstateinternational.org\/fi\/wp-json\/wp\/v2\/pages\/88102\/revisions"}],"wp:attachment":[{"href":"https:\/\/upstateinternational.org\/fi\/wp-json\/wp\/v2\/media?parent=88102"}],"curies":[{"name":"wp","href":"https:\/\/api.w.org\/{rel}","templated":true}]}}