{"id":88395,"date":"2025-10-11T10:37:04","date_gmt":"2025-10-11T14:37:04","guid":{"rendered":"https:\/\/ui-hybrid.local\/accessibility-statement\/"},"modified":"2025-10-11T10:37:04","modified_gmt":"2025-10-11T14:37:04","slug":"accessibility-statement","status":"publish","type":"page","link":"https:\/\/upstateinternational.org\/fi\/accessibility-statement\/","title":{"rendered":"Accessibility statement"},"content":{"rendered":"<h6 class=\"wp-block-heading has-text-align-center\">Saavutettavuusseloste osoitteelle https:\/\/upstateinternational.org<\/h6>\n\n\n<p><strong>Upstate International<\/strong> on sitoutunut varmistamaan digitaalisen esteett\u00f6myyden vammaisille henkil\u00f6ille. Parannamme jatkuvasti kaikkien k\u00e4ytt\u00f6kokemusta ja sovellamme asiaankuuluvia esteett\u00f6myysstandardeja.<\/p>\n\n\n<h6 class=\"wp-block-heading\">Vaatimustenmukaisuuden tila<\/h6>\n\n\n<p>Verkkosis\u00e4ll\u00f6n saavutettavuusohjeet (WCAG) m\u00e4\u00e4rittelev\u00e4t vaatimukset suunnittelijoille ja kehitt\u00e4jille vammaisten henkil\u00f6iden saavutettavuuden parantamiseksi. Se m\u00e4\u00e4rittelee kolme vaatimustenmukaisuustasoa: taso A, taso AA ja taso AAA.<\/p>\n\n\n<p><strong>Upstate International<\/strong> pyrkii jatkuvasti parantamaan sivustonsa ja palveluidensa saavutettavuutta uskoen, ett\u00e4 on yhteinen moraalinen velvollisuutemme mahdollistaa saumaton, saavutettava ja esteet\u00f6n k\u00e4ytt\u00f6 meille vammaisille.<\/p>\n\n\n<p>Tavoitteenamme on tehd\u00e4 kaikista sivuista ja sis\u00e4ll\u00f6st\u00e4 <strong>https:\/\/upstateinternational.org<\/strong> saavutettavaa, mutta osa sis\u00e4ll\u00f6st\u00e4 ei v\u00e4ltt\u00e4m\u00e4tt\u00e4 viel\u00e4 t\u00e4ysin t\u00e4yt\u00e4 korkeimpia saavutettavuusstandardeja. T\u00e4m\u00e4 voi johtua haasteista sopivimman teknologisen ratkaisun l\u00f6yt\u00e4misess\u00e4.<\/p>\n\n\n<p>Saatamme tarkistaa t\u00e4t\u00e4 selostetta ajoittain vastaamaan saavutettavuusk\u00e4yt\u00e4nt\u00f6jemme parannuksia tai muutoksia.<\/p>\n\n\n<h6 class=\"wp-block-heading\">Palaute<\/h6>\n\n\n<p>Otamme mielell\u00e4mme vastaan palautettasi esteett\u00f6myydest\u00e4 <strong>Upstate International<\/strong> verkkosivusto. Kerro meille, jos kohtaat verkkosivustollamme esteett\u00f6myysongelmia:<\/p>\n\n\n<p>S\u00e4hk\u00f6posti: <strong>info@upstateinternational.org<\/strong><\/p>\n\n\n<p>Pyrimme vastaamaan palautteeseen 3\u20135 arkip\u00e4iv\u00e4n kuluessa.<\/p>\n\n\n<p>T\u00e4m\u00e4 lausunto on luotu 10.11.2025. <\/p>","protected":false},"excerpt":{"rendered":"","protected":false},"author":1,"featured_media":0,"parent":0,"menu_order":0,"comment_status":"closed","ping_status":"closed","template":"","meta":{"_acf_changed":false,"_mo_disable_npp":"","footnotes":""},"class_list":["post-88395","page","type-page","status-publish","hentry"],"acf":[],"_links":{"self":[{"href":"https:\/\/upstateinternational.org\/fi\/wp-json\/wp\/v2\/pages\/88395","targetHints":{"allow":["GET"]}}],"collection":[{"href":"https:\/\/upstateinternational.org\/fi\/wp-json\/wp\/v2\/pages"}],"about":[{"href":"https:\/\/upstateinternational.org\/fi\/wp-json\/wp\/v2\/types\/page"}],"author":[{"embeddable":true,"href":"https:\/\/upstateinternational.org\/fi\/wp-json\/wp\/v2\/users\/1"}],"replies":[{"embeddable":true,"href":"https:\/\/upstateinternational.org\/fi\/wp-json\/wp\/v2\/comments?post=88395"}],"version-history":[{"count":0,"href":"https:\/\/upstateinternational.org\/fi\/wp-json\/wp\/v2\/pages\/88395\/revisions"}],"wp:attachment":[{"href":"https:\/\/upstateinternational.org\/fi\/wp-json\/wp\/v2\/media?parent=88395"}],"curies":[{"name":"wp","href":"https:\/\/api.w.org\/{rel}","templated":true}]}}