{"id":92994,"date":"2025-12-01T09:49:48","date_gmt":"2025-12-01T14:49:48","guid":{"rendered":"https:\/\/upstateinternational.org\/?page_id=92994"},"modified":"2025-12-01T09:50:50","modified_gmt":"2025-12-01T14:50:50","slug":"newsletter","status":"publish","type":"page","link":"https:\/\/upstateinternational.org\/fi\/newsletter\/","title":{"rendered":"Uutiskirje"},"content":{"rendered":"<div data-elementor-type=\"wp-page\" data-elementor-id=\"92994\" class=\"elementor elementor-92994\" data-elementor-post-type=\"page\">\n\t\t\t\t<div class=\"elementor-element elementor-element-97151df e-flex e-con-boxed e-con e-child\" data-id=\"97151df\" data-element_type=\"container\" data-e-type=\"container\">\n\t\t\t\t\t<div class=\"e-con-inner\">\n\t\t<div class=\"elementor-element elementor-element-cdd2fa3 e-flex e-con-boxed e-con e-child\" data-id=\"cdd2fa3\" data-element_type=\"container\" data-e-type=\"container\">\n\t\t\t\t\t<div class=\"e-con-inner\">\n\t\t\t\t<div class=\"elementor-element elementor-element-0fe12d7 elementor-widget elementor-widget-heading\" data-id=\"0fe12d7\" data-element_type=\"widget\" data-e-type=\"widget\" data-widget_type=\"heading.default\">\n\t\t\t\t<div class=\"elementor-widget-container\">\n\t\t\t\t\t<h1 class=\"elementor-heading-title elementor-size-default\">Tilaa Upstate Internationalin uutiskirje!<\/h1>\t\t\t\t<\/div>\n\t\t\t\t<\/div>\n\t\t\t\t<div class=\"elementor-element elementor-element-ba38dc4 elementor-widget elementor-widget-heading\" data-id=\"ba38dc4\" data-element_type=\"widget\" data-e-type=\"widget\" data-widget_type=\"heading.default\">\n\t\t\t\t<div class=\"elementor-widget-container\">\n\t\t\t\t\t<span class=\"elementor-heading-title elementor-size-default\">Kiitos kiinnostuksestasi liitty\u00e4 postituslistallemme. T\u00e4yt\u00e4 alla olevat tiedot.\n<\/span>\t\t\t\t<\/div>\n\t\t\t\t<\/div>\n\t\t\t\t<div class=\"elementor-element elementor-element-513a05c elementor-widget elementor-widget-jet-form-builder-form\" data-id=\"513a05c\" data-element_type=\"widget\" data-e-type=\"widget\" data-widget_type=\"jet-form-builder-form.default\">\n\t\t\t\t<div class=\"elementor-widget-container\">\n\t\t\t\t\t<link rel='stylesheet' id='wp-block-library-css' href='https:\/\/upstateinternational.org\/wp-includes\/css\/dist\/block-library\/style.min.css?ver=6.9.4' media='all' \/>\n<style id=\"jet-form-builder-88697-inline-css\"><\/style><form  class=\"jet-form-builder layout-column submit-type-ajax\" action=\"https:\/\/upstateinternational.org\/fi\/wp-json\/wp\/v2\/pages\/92994\/?XERgal=D13xWBTNzq&#038;method=reload\" method=\"POST\" data-form-id=\"88697\" data-layout=\"column\" enctype=\"multipart\/form-data\" novalidate=\"null\" ssr_validation_method=\"rest\" data-trp-original-action=\"https:\/\/upstateinternational.org\/fi\/wp-json\/wp\/v2\/pages\/92994\/?XERgal=D13xWBTNzq&amp;method=reload\"><input type=\"hidden\" id=\"_wpnonce\" name=\"_wpnonce\" value=\"b044c4d34c\" \/><input type=\"hidden\" name=\"_wp_http_referer\" value=\"\/fi\/wp-json\/wp\/v2\/pages\/92994\" \/>\r\n<input type=\"hidden\" name=\"_jfb_current_render_states[]\" value=\"DEFAULT.STATE\" data-jfb-sync \/><input type=\"hidden\" class=\"jet-form-builder__field hidden-field\" name=\"_jet_engine_booking_form_id\" data-field-name=\"_jet_engine_booking_form_id\" value=\"88697\">\n<input type=\"hidden\" class=\"jet-form-builder__field hidden-field\" name=\"_jet_engine_refer\" data-field-name=\"_jet_engine_refer\" value=\"https:\/\/upstateinternational.org\/fi\/wp-json\/wp\/v2\/pages\/92994\/\">\n<input type=\"hidden\" class=\"jet-form-builder__field hidden-field\" name=\"__queried_post_id\" data-field-name=\"__queried_post_id\" value=\"92994\">\n\n<div class=\"wp-block-columns is-layout-flex wp-container-core-columns-is-layout-28f84493 wp-block-columns-is-layout-flex\">\n<div class=\"wp-block-column is-layout-flow wp-block-column-is-layout-flow\"><div  class=\"jet-form-builder-row field-type-text-field\" >\n<div class=\"jet-form-builder__field-wrap\">\n\t\t\t\t<input placeholder=\"Etunimi\" name=\"first_name\" id=\"first_name\" type=\"text\" data-field-name=\"first_name\" class=\"jet-form-builder__field text-field\" data-jfb-sync=\"null\" autocomplete=\"off_GftbyMYB\">\n\t\t\t\t\t<\/div>\n<\/div><\/div>\n\n\n\n<div class=\"wp-block-column is-layout-flow wp-block-column-is-layout-flow\"><div  class=\"jet-form-builder-row field-type-text-field\" >\n<div class=\"jet-form-builder__field-wrap\">\n\t\t\t\t<input placeholder=\"Sukunimi\" name=\"last_name\" id=\"last_name\" type=\"text\" data-field-name=\"last_name\" class=\"jet-form-builder__field text-field\" data-jfb-sync=\"null\" autocomplete=\"off_mIbkVjWx\">\n\t\t\t\t\t<\/div>\n<\/div><\/div>\n<\/div>\n\n\n<div  data-validation-type=\"advanced\" class=\"jet-form-builder-row field-type-text-field\" >\n<div class=\"jet-form-builder__field-wrap\">\n\t\t\t\t<input placeholder=\"s\u00e4hk\u00f6postiosoitteesi@osoite.com (pakollinen)\" required=\"required\" name=\"email\" id=\"email\" type=\"email\" data-field-name=\"email\" class=\"jet-form-builder__field text-field\" data-jfb-sync=\"null\" autocomplete=\"off_kSbv2VrU\">\n\t\t\t\t\t<\/div>\n<\/div>\n\n<div class=\"jet-form-builder-row captcha-token-container\" data-validation-type=\"inherit\">\n\t<input type=\"hidden\" class=\"captcha-token\" name=\"_captcha_token\" value=\"\" data-jfb-sync required=\"required\">\n<\/div><div  class=\"jet-form-builder-row field-type-submit-field\" >\n\t<div data-type=\"submit\" class=\"jet-form-builder__action-button-wrapper jet-form-builder__submit-wrap\">\n\t<button class=\"jet-form-builder__action-button jet-form-builder__submit submit-type-ajax\" type=\"submit\">L\u00e4het\u00e4<\/button>\n\t<\/div>\n\t\n<\/div>\t<div class=\"jet-form-builder-messages-wrap\" data-form-id=\"88697\"><\/div>\n<input\n                    class=\"apbct_special_field apbct_email_id__elementor_form\"\n                    name=\"apbct__email_id__elementor_form\"\n                    aria-label=\"apbct__label_id__elementti tai_lomake\"\n                    type=\"text\" size=\"30\" maxlength=\"200\" autocomplete=\"off\"\n                    value=\"\"\n                \/><input type=\"hidden\" name=\"trp-form-language\" value=\"fi\"\/><\/form>\n\t\t\t\t<\/div>\n\t\t\t\t<\/div>\n\t\t\t\t\t<\/div>\n\t\t\t\t<\/div>\n\t\t\t\t\t<\/div>\n\t\t\t\t<\/div>\n\t\t\t\t<\/div>","protected":false},"excerpt":{"rendered":"","protected":false},"author":1,"featured_media":0,"parent":0,"menu_order":0,"comment_status":"closed","ping_status":"closed","template":"","meta":{"_acf_changed":false,"_mo_disable_npp":"","footnotes":""},"class_list":["post-92994","page","type-page","status-publish","hentry"],"acf":[],"_links":{"self":[{"href":"https:\/\/upstateinternational.org\/fi\/wp-json\/wp\/v2\/pages\/92994","targetHints":{"allow":["GET"]}}],"collection":[{"href":"https:\/\/upstateinternational.org\/fi\/wp-json\/wp\/v2\/pages"}],"about":[{"href":"https:\/\/upstateinternational.org\/fi\/wp-json\/wp\/v2\/types\/page"}],"author":[{"embeddable":true,"href":"https:\/\/upstateinternational.org\/fi\/wp-json\/wp\/v2\/users\/1"}],"replies":[{"embeddable":true,"href":"https:\/\/upstateinternational.org\/fi\/wp-json\/wp\/v2\/comments?post=92994"}],"version-history":[{"count":0,"href":"https:\/\/upstateinternational.org\/fi\/wp-json\/wp\/v2\/pages\/92994\/revisions"}],"wp:attachment":[{"href":"https:\/\/upstateinternational.org\/fi\/wp-json\/wp\/v2\/media?parent=92994"}],"curies":[{"name":"wp","href":"https:\/\/api.w.org\/{rel}","templated":true}]}}