{"id":70832,"date":"2023-03-16T10:03:15","date_gmt":"2023-03-16T14:03:15","guid":{"rendered":"https:\/\/upstateinter.wpenginepowered.com\/?post_type=product&#038;p=70832"},"modified":"2025-11-09T05:58:17","modified_gmt":"2025-11-09T10:58:17","slug":"daily","status":"publish","type":"product","link":"https:\/\/upstateinternational.org\/fi\/product\/daily\/","title":{"rendered":"P\u00e4ivitt\u00e4inen j\u00e4senyys"},"content":{"rendered":"<h3 style=\"color: #68c5d3;\"><strong>J\u00e4senyyden tuki tarjoaa resurssien ja yhteyksien keskuksen, joka auttaa aluettamme menestym\u00e4\u00e4n.<\/strong><\/h3>\n<p>Taloudellisen kehityksen ja ty\u00f6el\u00e4m\u00e4taitojen tukeminen (globaali sujuvuuskoulutus, kielikurssit, resurssilistaukset tuleville yrityksille)<\/p>\n<p>Koulutus (alipalveltujen opiskelijoiden opettaminen globaaleista uramahdollisuuksista ja yliopistojen auttaminen valmistamaan opiskelijoitaan viisumihaastatteluihin, puhujina yliopistoissa)<\/p>\n<p>Monimuotoisuuden ja osallisuuden mission el\u00e4minen (ohjelmoinnin esteiden poistaminen, kulttuurisen monimuotoisuuden juhlistaminen, kulttuurienv\u00e4lisen koulutuksen, tulkkaus- ja k\u00e4\u00e4nn\u00f6stuen tarjoaminen sek\u00e4 sen varmistaminen, ett\u00e4 UI:n hallitus heijastaa i\u00e4n, sukupuolen, rodun, uskonnon, talouden ja kulttuurin monimuotoisuutta)<\/p>\n<p>Tukea muiden voittoa tavoittelemattomien j\u00e4rjest\u00f6jen toimintaa markkinoimalla ja mainostamalla ilmaiseksi kaikkia kansainv\u00e4lisesti liittyvi\u00e4 tapahtumia ja aloitteita Upstatessa<\/p>","protected":false},"excerpt":{"rendered":"","protected":false},"featured_media":89668,"template":"","meta":{"_acf_changed":false,"_mo_disable_npp":"","wds_primary_product_brand":0,"wds_primary_product_cat":0},"product_brand":[],"product_cat":[127],"product_tag":[156],"class_list":{"0":"post-70832","1":"product","2":"type-product","3":"status-publish","4":"has-post-thumbnail","6":"product_cat-memberships","7":"product_tag-no-shop","9":"first","10":"instock","11":"sold-individually","12":"taxable","13":"shipping-taxable","14":"purchasable","15":"product-type-variable-subscription","16":"has-default-attributes"},"acf":[],"_links":{"self":[{"href":"https:\/\/upstateinternational.org\/fi\/wp-json\/wp\/v2\/product\/70832","targetHints":{"allow":["GET"]}}],"collection":[{"href":"https:\/\/upstateinternational.org\/fi\/wp-json\/wp\/v2\/product"}],"about":[{"href":"https:\/\/upstateinternational.org\/fi\/wp-json\/wp\/v2\/types\/product"}],"version-history":[{"count":0,"href":"https:\/\/upstateinternational.org\/fi\/wp-json\/wp\/v2\/product\/70832\/revisions"}],"wp:featuredmedia":[{"embeddable":true,"href":"https:\/\/upstateinternational.org\/fi\/wp-json\/wp\/v2\/media\/89668"}],"wp:attachment":[{"href":"https:\/\/upstateinternational.org\/fi\/wp-json\/wp\/v2\/media?parent=70832"}],"wp:term":[{"taxonomy":"product_brand","embeddable":true,"href":"https:\/\/upstateinternational.org\/fi\/wp-json\/wp\/v2\/product_brand?post=70832"},{"taxonomy":"product_cat","embeddable":true,"href":"https:\/\/upstateinternational.org\/fi\/wp-json\/wp\/v2\/product_cat?post=70832"},{"taxonomy":"product_tag","embeddable":true,"href":"https:\/\/upstateinternational.org\/fi\/wp-json\/wp\/v2\/product_tag?post=70832"}],"curies":[{"name":"wp","href":"https:\/\/api.w.org\/{rel}","templated":true}]}}