{"id":80964,"date":"2025-01-23T11:49:24","date_gmt":"2025-01-23T16:49:24","guid":{"rendered":"https:\/\/ui-hybrid.local\/?post_type=product&#038;p=80964"},"modified":"2025-10-31T08:35:09","modified_gmt":"2025-10-31T12:35:09","slug":"spanish-for-the-workplace-b1-wednesdays__trashed","status":"publish","type":"product","link":"https:\/\/upstateinternational.org\/fi\/product\/spanish-for-the-workplace-b1-wednesdays__trashed\/","title":{"rendered":"Espanjan kielikurssi ty\u00f6paikalla B1+: keskiviikkoisin"},"content":{"rendered":"<p><strong>Noin<\/strong><\/p>\n<p><span style=\"font-weight: 400;\">Erotu ty\u00f6ss\u00e4 erottumalla kollegoistasi. Yritykset menestyv\u00e4t palvelemalla asiakkaita, ja toisen kielen osaaminen voi auttaa yrityst\u00e4si tavoittamaan enemm\u00e4n ihmisi\u00e4 ja hy\u00f6dynt\u00e4m\u00e4\u00e4n aiemmin hy\u00f6dynt\u00e4m\u00e4tt\u00f6mi\u00e4 markkinoita.<\/span><\/p>\n<p><span style=\"font-weight: 400;\">T\u00e4m\u00e4 kurssi on tarkoitettu henkil\u00f6ille, jotka ty\u00f6skentelev\u00e4t espanjankielisten ty\u00f6ntekij\u00f6iden tai asiakkaiden kanssa ja haluavat parantaa itseluottamustaan, mukavuuttaan ja sujuvuuttaan espanjankielen keskustelussa jokap\u00e4iv\u00e4isiss\u00e4 vuorovaikutustilanteissa.<\/span><\/p>\n<p><span style=\"font-weight: 400;\">N\u00e4ill\u00e4 kursseilla karsitaan muiden kieliohjelmien tyls\u00e4t kielioppitunnit. Jokainen sessio sis\u00e4lt\u00e4\u00e4 kulttuurin\u00e4kemyksi\u00e4, ja ty\u00f6paja r\u00e4\u00e4t\u00e4l\u00f6id\u00e4\u00e4n osallistujien erityistarpeiden ja ammattien mukaan.<\/span><\/p>\n<p>&nbsp;<\/p>\n<p><b>Kurssin tavoitteet<\/b><\/p>\n<p><span style=\"font-weight: 400;\">\u2013 K\u00e4yt\u00e4 tehokkaasti espanjaa ty\u00f6paikallasi.<\/span><\/p>\n<p><span style=\"font-weight: 400;\">\u2013 Laajenna aktiivista sanavarastoasi harjoittelemalla keskusteluja k\u00e4ytt\u00e4en aitoja ja simuloituja materiaaleja.<\/span><\/p>\n<p><span style=\"font-weight: 400;\">\u2013 Harjoittele erilaisia ty\u00f6paikkaan liittyvi\u00e4 skenaarioita.<\/span><\/p>\n<p><span style=\"font-weight: 400;\">\u2013 Opi pyyt\u00e4m\u00e4\u00e4n lomakkeiden ja asiakirjojen t\u00e4ytt\u00e4miseen tarvittavia tietoja.<\/span><\/p>\n<p><span style=\"font-weight: 400;\">\u2013 K\u00e4\u00e4nn\u00e4 lauseita, lyhyit\u00e4 tekstej\u00e4 ja kysymyksi\u00e4 englannista espanjaan ja p\u00e4invastoin.<\/span><\/p>\n<p><span style=\"font-weight: 400;\">\u2013 Paranna kulttuurikommunikaatiotaitojasi.<\/span><\/p>","protected":false},"excerpt":{"rendered":"","protected":false},"featured_media":0,"template":"","meta":{"_acf_changed":false,"_mo_disable_npp":"","wds_primary_product_brand":0,"wds_primary_product_cat":0},"product_brand":[],"product_cat":[132],"product_tag":[134],"class_list":{"0":"post-80964","1":"product","2":"type-product","3":"status-publish","5":"product_cat-language-class","6":"product_tag-spanish","8":"first","9":"instock","10":"downloadable","11":"virtual","12":"taxable","13":"purchasable","14":"product-type-simple"},"acf":[],"_links":{"self":[{"href":"https:\/\/upstateinternational.org\/fi\/wp-json\/wp\/v2\/product\/80964","targetHints":{"allow":["GET"]}}],"collection":[{"href":"https:\/\/upstateinternational.org\/fi\/wp-json\/wp\/v2\/product"}],"about":[{"href":"https:\/\/upstateinternational.org\/fi\/wp-json\/wp\/v2\/types\/product"}],"version-history":[{"count":0,"href":"https:\/\/upstateinternational.org\/fi\/wp-json\/wp\/v2\/product\/80964\/revisions"}],"wp:attachment":[{"href":"https:\/\/upstateinternational.org\/fi\/wp-json\/wp\/v2\/media?parent=80964"}],"wp:term":[{"taxonomy":"product_brand","embeddable":true,"href":"https:\/\/upstateinternational.org\/fi\/wp-json\/wp\/v2\/product_brand?post=80964"},{"taxonomy":"product_cat","embeddable":true,"href":"https:\/\/upstateinternational.org\/fi\/wp-json\/wp\/v2\/product_cat?post=80964"},{"taxonomy":"product_tag","embeddable":true,"href":"https:\/\/upstateinternational.org\/fi\/wp-json\/wp\/v2\/product_tag?post=80964"}],"curies":[{"name":"wp","href":"https:\/\/api.w.org\/{rel}","templated":true}]}}