{"id":83555,"date":"2025-03-31T14:40:43","date_gmt":"2025-03-31T18:40:43","guid":{"rendered":"https:\/\/ui-hybrid.local\/?post_type=product&#038;p=83555"},"modified":"2025-11-17T07:54:13","modified_gmt":"2025-11-17T12:54:13","slug":"africa-and-the-global-economy","status":"publish","type":"product","link":"https:\/\/upstateinternational.org\/fi\/product\/africa-and-the-global-economy\/","title":{"rendered":"Afrikan taloudellinen renessanssi: Esteiden murtaminen, tulevaisuuden rakentaminen"},"content":{"rendered":"<p>Keskustelua koskevat aihekysymykset:<\/p>\n<p class=\"\" data-start=\"41\" data-end=\"585\"><strong>Rouva Gugu Selela<\/strong> tutkii Afrikan kehittyv\u00e4\u00e4 roolia maailmantaloudessa, tarkastellen sen taloudellista potentiaalia, rakenteellisia haasteita ja muutosmahdollisuuksia. Esityksess\u00e4 syvennyt\u00e4\u00e4n Afrikan talousmaisemaan vaikuttaviin historiallisiin ja nykyaikaisiin tekij\u00f6ihin, kuten siirtomaavallan perint\u00f6\u00f6n, kaupan ep\u00e4tasapainoon ja ulkomaisiin investointeihin. Lis\u00e4ksi Selela korostaa afrikkalaisten naisten kriittist\u00e4 roolia talouskehityksess\u00e4 ja tarvetta afrikkalaisten johtamille ratkaisuille, joissa etusijalla ovat oikeudenmukaisuus, innovaatiot ja pitk\u00e4n aikav\u00e4lin vauraus.<\/p>\n<p class=\"\" data-start=\"587\" data-end=\"626\">Keskeisi\u00e4 keskustelukysymyksi\u00e4 ovat:<\/p>\n<ul data-start=\"628\" data-end=\"1314\" data-is-last-node=\"\" data-is-only-node=\"\">\n<li class=\"\" data-start=\"628\" data-end=\"723\">\n<p class=\"\" data-start=\"630\" data-end=\"723\">Miten siirtomaahistoria ja kaupan ep\u00e4tasapaino ovat muokanneet Afrikan nykyist\u00e4 taloudellista asemaa?<\/p>\n<\/li>\n<li class=\"\" data-start=\"724\" data-end=\"830\">\n<p class=\"\" data-start=\"726\" data-end=\"830\">Mitk\u00e4 rakenteelliset haasteet edelleen hidastavat Afrikan talouskasvua, ja miten niihin voidaan puuttua?<\/p>\n<\/li>\n<li class=\"\" data-start=\"831\" data-end=\"951\">\n<p class=\"\" data-start=\"833\" data-end=\"951\">Miten ulkomaiset investoinnit vaikuttavat Afrikan kehitykseen \u2013 ovatko ne tie edistykseen vai er\u00e4\u00e4nlainen taloudellinen riippuvuus?<\/p>\n<\/li>\n<li class=\"\" data-start=\"952\" data-end=\"1092\">\n<p class=\"\" data-start=\"954\" data-end=\"1092\">Mik\u00e4 on afrikkalaisten naisten rooli taloudellisen muutoksen edist\u00e4misess\u00e4, ja miten sukupuolin\u00e4k\u00f6kulmaa huomioiva politiikka voi nopeuttaa kest\u00e4v\u00e4\u00e4 kasvua?<\/p>\n<\/li>\n<li class=\"\" data-start=\"1093\" data-end=\"1221\">\n<p class=\"\" data-start=\"1095\" data-end=\"1221\">Kuinka Afrikan maat voivat ottaa johtoaseman sellaisten talouspolitiikkojen muokkaamisessa, jotka edist\u00e4v\u00e4t innovaatioita, oikeudenmukaisuutta ja pitk\u00e4n aikav\u00e4lin vaurautta?<\/p>\n<\/li>\n<\/ul>\n<p>&nbsp;<\/p>\n<hr \/>\n<p><em>Beyond the Headlines on lounas- ja oppimispuhujasarja, joka tarjoaa faktoihin perustuvaa tietoa t\u00e4m\u00e4n p\u00e4iv\u00e4n polttavimmista globaaleista kysymyksist\u00e4. Tapahtumissa akateemisten tai tutkimuslaitosten ajatusjohtajia toimivat puhujina, jotka antavat taustatietoa ja kommentteja aiheesta ennen kuin yleis\u00f6ll\u00e4 on mahdollisuus esitt\u00e4\u00e4 kysymyksi\u00e4 ja osallistua keskusteluun. Poliittisesti sitoutumattoman keskustelufoorumin tarjoaminen arkaluonteisille aiheille antaa ihmisille mahdollisuuden laajentaa n\u00e4k\u00f6alojaan ja esitt\u00e4\u00e4 kysymyksi\u00e4, jotka edist\u00e4v\u00e4t aiheen tuntemusta. Sarja on ilmainen (ilman lounasta) ja avoin yhteis\u00f6lle.<\/em><\/p>","protected":false},"excerpt":{"rendered":"","protected":false},"featured_media":89676,"template":"","meta":{"_acf_changed":false,"_mo_disable_npp":"","wds_primary_product_brand":0,"wds_primary_product_cat":0},"product_brand":[],"product_cat":[146],"product_tag":[],"class_list":{"0":"post-83555","1":"product","2":"type-product","3":"status-publish","4":"has-post-thumbnail","6":"product_cat-events","8":"first","9":"instock","10":"taxable","11":"shipping-taxable","12":"purchasable","13":"product-type-variable"},"acf":[],"_links":{"self":[{"href":"https:\/\/upstateinternational.org\/fi\/wp-json\/wp\/v2\/product\/83555","targetHints":{"allow":["GET"]}}],"collection":[{"href":"https:\/\/upstateinternational.org\/fi\/wp-json\/wp\/v2\/product"}],"about":[{"href":"https:\/\/upstateinternational.org\/fi\/wp-json\/wp\/v2\/types\/product"}],"version-history":[{"count":1,"href":"https:\/\/upstateinternational.org\/fi\/wp-json\/wp\/v2\/product\/83555\/revisions"}],"predecessor-version":[{"id":93790,"href":"https:\/\/upstateinternational.org\/fi\/wp-json\/wp\/v2\/product\/83555\/revisions\/93790"}],"wp:featuredmedia":[{"embeddable":true,"href":"https:\/\/upstateinternational.org\/fi\/wp-json\/wp\/v2\/media\/89676"}],"wp:attachment":[{"href":"https:\/\/upstateinternational.org\/fi\/wp-json\/wp\/v2\/media?parent=83555"}],"wp:term":[{"taxonomy":"product_brand","embeddable":true,"href":"https:\/\/upstateinternational.org\/fi\/wp-json\/wp\/v2\/product_brand?post=83555"},{"taxonomy":"product_cat","embeddable":true,"href":"https:\/\/upstateinternational.org\/fi\/wp-json\/wp\/v2\/product_cat?post=83555"},{"taxonomy":"product_tag","embeddable":true,"href":"https:\/\/upstateinternational.org\/fi\/wp-json\/wp\/v2\/product_tag?post=83555"}],"curies":[{"name":"wp","href":"https:\/\/api.w.org\/{rel}","templated":true}]}}