{"id":88446,"date":"2025-10-07T11:59:21","date_gmt":"2025-10-07T15:59:21","guid":{"rendered":"https:\/\/ui-hybrid.local\/?post_type=product&#038;p=88446"},"modified":"2025-11-17T11:36:04","modified_gmt":"2025-11-17T16:36:04","slug":"flip-the-seasons-craft-your-own-reversible-holiday-sign","status":"publish","type":"product","link":"https:\/\/upstateinternational.org\/fi\/product\/flip-the-seasons-craft-your-own-reversible-holiday-sign\/","title":{"rendered":"UIWG:n jouluaskarteluty\u00f6paja \u2013 Tee ja ota"},"content":{"rendered":"<h4 class=\"product_title entry-title\">K\u00e4\u00e4nn\u00e4 vuodenajat! Askartele oma k\u00e4\u00e4nnett\u00e4v\u00e4 lomakylttisi<\/h4>\n<p data-start=\"233\" data-end=\"535\">T\u00e4m\u00e4 Maria Bradyn opastuksella j\u00e4rjestett\u00e4v\u00e4 ty\u00f6paja tarjoaa muutakin kuin askartelua, se on mahdollisuus hidastaa tahtia, olla yhteydess\u00e4 muihin ja omaksua vuodenajan tunnelma. Opit yksinkertaisia mutta palkitsevia tee-se-itse-tekniikoita samalla kun luot vieh\u00e4tt\u00e4v\u00e4n k\u00e4\u00e4nnett\u00e4v\u00e4n puisen kyltin, joka sopii t\u00e4ydellisesti kotiisi tai lahjaksi.<\/p>\n<p data-start=\"537\" data-end=\"885\">Osallistujat nauttivat rennosta ja k\u00e4yt\u00e4nn\u00f6nl\u00e4heisest\u00e4 kokemuksesta kaikkien tarjottujen materiaalien avulla, mik\u00e4 helpottaa keskittymist\u00e4 luovuuteen logistiikan sijaan. Osallistumalla saat paitsi ainutlaatuisen sesonginmukaisen koristeen, my\u00f6s ilon tehd\u00e4 jotain merkityksellist\u00e4 omin k\u00e4sin sek\u00e4 yhteyden tunteen muiden k\u00e4sity\u00f6harrastajien kanssa.<\/p>\n<p data-start=\"887\" data-end=\"974\">Paikkoja on rajoitetusti laadukkaan kokemuksen varmistamiseksi, joten nopea ilmoittautuminen on suositeltavaa.<\/p>","protected":false},"excerpt":{"rendered":"","protected":false},"featured_media":89681,"template":"","meta":{"_acf_changed":false,"_mo_disable_npp":"","wds_primary_product_brand":0,"wds_primary_product_cat":0},"product_brand":[],"product_cat":[146],"product_tag":[],"class_list":{"0":"post-88446","1":"product","2":"type-product","3":"status-publish","4":"has-post-thumbnail","6":"product_cat-events","8":"first","9":"instock","10":"taxable","11":"shipping-taxable","12":"purchasable","13":"product-type-variable"},"acf":[],"_links":{"self":[{"href":"https:\/\/upstateinternational.org\/fi\/wp-json\/wp\/v2\/product\/88446","targetHints":{"allow":["GET"]}}],"collection":[{"href":"https:\/\/upstateinternational.org\/fi\/wp-json\/wp\/v2\/product"}],"about":[{"href":"https:\/\/upstateinternational.org\/fi\/wp-json\/wp\/v2\/types\/product"}],"version-history":[{"count":0,"href":"https:\/\/upstateinternational.org\/fi\/wp-json\/wp\/v2\/product\/88446\/revisions"}],"wp:featuredmedia":[{"embeddable":true,"href":"https:\/\/upstateinternational.org\/fi\/wp-json\/wp\/v2\/media\/89681"}],"wp:attachment":[{"href":"https:\/\/upstateinternational.org\/fi\/wp-json\/wp\/v2\/media?parent=88446"}],"wp:term":[{"taxonomy":"product_brand","embeddable":true,"href":"https:\/\/upstateinternational.org\/fi\/wp-json\/wp\/v2\/product_brand?post=88446"},{"taxonomy":"product_cat","embeddable":true,"href":"https:\/\/upstateinternational.org\/fi\/wp-json\/wp\/v2\/product_cat?post=88446"},{"taxonomy":"product_tag","embeddable":true,"href":"https:\/\/upstateinternational.org\/fi\/wp-json\/wp\/v2\/product_tag?post=88446"}],"curies":[{"name":"wp","href":"https:\/\/api.w.org\/{rel}","templated":true}]}}