{"id":89880,"date":"2025-11-09T07:09:41","date_gmt":"2025-11-09T12:09:41","guid":{"rendered":"https:\/\/ui-hybrid.local\/?post_type=product&#038;p=89880"},"modified":"2025-11-25T15:49:59","modified_gmt":"2025-11-25T20:49:59","slug":"gateway-member","status":"publish","type":"product","link":"https:\/\/upstateinternational.org\/fi\/product\/gateway-member\/","title":{"rendered":"Gateway-j\u00e4sen"},"content":{"rendered":"<h3>Liity Gateway-j\u00e4seneksi ja aloita yhteydenpito.<\/h3>\n<p>T\u00e4m\u00e4 ensikertalaisille j\u00e4senille suunniteltu taso antaa sinulle t\u00e4yden p\u00e4\u00e4syn sosiaalisiin tapahtumiin, kulttuuriohjelmiin ja alennetun hinnan suosituille kielikursseillemme. Saat my\u00f6s kuukausittaisen j\u00e4senuutiskirjeemme, jossa kerrotaan tulevista tilaisuuksista, esittelyist\u00e4 ja osallistumismahdollisuuksista.<\/p>\n<p><strong>Aloita matkasi globaalisti ajattelevien paikallisten yhteis\u00f6ss\u00e4, joka on vieraanvarainen.<\/strong><\/p>\n<ul>\n<li>P\u00e4\u00e4sy sosiaalisiin tapahtumiin, tapaamisiin ja kulttuuriohjelmiin<\/li>\n<li>J\u00e4senalennus kielikursseista<\/li>\n<li>J\u00e4senalennus tietyist\u00e4 kulttuuririkastusohjelmista<\/li>\n<li>J\u00e4senuutiskirje<\/li>\n<li>+$25 jokaista lis\u00e4perheenj\u00e4sent\u00e4 kohden<\/li>\n<li>Tuettuja j\u00e4senyyksi\u00e4 saatavilla tulojen perusteella.*<\/li>\n<\/ul>\n<p><em>* $0 k\u00f6yhyysrajan alapuolella ansaitseville, $25 k\u00f6yhyysrajan 100%\u2013200% ansaitseville.<\/em><\/p>\n<p><a href=\"https:\/\/upstateinternational.org\/fi\/scholarship\/\">Pyyd\u00e4 apurahaa<\/a><\/p>","protected":false},"excerpt":{"rendered":"","protected":false},"featured_media":89881,"template":"","meta":{"_acf_changed":false,"_mo_disable_npp":"","wds_primary_product_brand":0,"wds_primary_product_cat":0},"product_brand":[],"product_cat":[127],"product_tag":[],"class_list":{"0":"post-89880","1":"product","2":"type-product","3":"status-publish","4":"has-post-thumbnail","6":"product_cat-memberships","8":"first","9":"instock","10":"virtual","11":"sold-individually","12":"taxable","13":"purchasable","14":"product-type-simple"},"acf":[],"_links":{"self":[{"href":"https:\/\/upstateinternational.org\/fi\/wp-json\/wp\/v2\/product\/89880","targetHints":{"allow":["GET"]}}],"collection":[{"href":"https:\/\/upstateinternational.org\/fi\/wp-json\/wp\/v2\/product"}],"about":[{"href":"https:\/\/upstateinternational.org\/fi\/wp-json\/wp\/v2\/types\/product"}],"version-history":[{"count":0,"href":"https:\/\/upstateinternational.org\/fi\/wp-json\/wp\/v2\/product\/89880\/revisions"}],"wp:featuredmedia":[{"embeddable":true,"href":"https:\/\/upstateinternational.org\/fi\/wp-json\/wp\/v2\/media\/89881"}],"wp:attachment":[{"href":"https:\/\/upstateinternational.org\/fi\/wp-json\/wp\/v2\/media?parent=89880"}],"wp:term":[{"taxonomy":"product_brand","embeddable":true,"href":"https:\/\/upstateinternational.org\/fi\/wp-json\/wp\/v2\/product_brand?post=89880"},{"taxonomy":"product_cat","embeddable":true,"href":"https:\/\/upstateinternational.org\/fi\/wp-json\/wp\/v2\/product_cat?post=89880"},{"taxonomy":"product_tag","embeddable":true,"href":"https:\/\/upstateinternational.org\/fi\/wp-json\/wp\/v2\/product_tag?post=89880"}],"curies":[{"name":"wp","href":"https:\/\/api.w.org\/{rel}","templated":true}]}}