{"id":89885,"date":"2025-11-09T07:14:59","date_gmt":"2025-11-09T12:14:59","guid":{"rendered":"https:\/\/ui-hybrid.local\/?post_type=product&#038;p=89885"},"modified":"2025-11-25T15:49:47","modified_gmt":"2025-11-25T20:49:47","slug":"crossroads-collective","status":"publish","type":"product","link":"https:\/\/upstateinternational.org\/fi\/product\/crossroads-collective\/","title":{"rendered":"Crossroads Collective"},"content":{"rendered":"<p><strong>Hanki j\u00e4senyys, anna j\u00e4senyys.<\/strong><\/p>\n<p>T\u00e4m\u00e4 taso sopii t\u00e4ydellisesti j\u00e4senille, jotka haluavat syvent\u00e4\u00e4 sitoutumistaan missioomme. Kaikkien normaalien j\u00e4senetujen lis\u00e4ksi Crossroads Collectiven j\u00e4senet saavat ilmaisen sis\u00e4\u00e4np\u00e4\u00e4syn kahteen UI:n kulttuurity\u00f6pajaan tai tapahtumaan, alennuksen nimikkovarainkeruulipuistamme ja nimen maininnan vuosikertomuksessamme.<\/p>\n<p><strong>Se on meid\u00e4n tapamme kiitt\u00e4\u00e4 sinua siit\u00e4, ett\u00e4 autat meit\u00e4 kasvamaan.<\/strong><\/p>\n<ul>\n<li>Hanki yksi, anna yksi \u2013 rahoittaa tuettua j\u00e4senyytt\u00e4 osallistavalle yhteis\u00f6lle<\/li>\n<li>P\u00e4\u00e4sy sosiaalisiin tapahtumiin, tapaamisiin ja kulttuuriohjelmiin<\/li>\n<li>J\u00e4senalennus kielikursseista<\/li>\n<li>J\u00e4senalennus tietyist\u00e4 kulttuuririkastusohjelmista<\/li>\n<li>+$25 jokaista lis\u00e4perheenj\u00e4sent\u00e4 kohden<\/li>\n<li>Ilmainen erityinen kulttuuriohjelma<\/li>\n<li>Tunnustus vuosikertomuksessa<\/li>\n<\/ul>","protected":false},"excerpt":{"rendered":"","protected":false},"featured_media":89883,"template":"","meta":{"_acf_changed":false,"_mo_disable_npp":"","wds_primary_product_brand":0,"wds_primary_product_cat":0},"product_brand":[],"product_cat":[127],"product_tag":[],"class_list":{"0":"post-89885","1":"product","2":"type-product","3":"status-publish","4":"has-post-thumbnail","6":"product_cat-memberships","8":"first","9":"instock","10":"virtual","11":"sold-individually","12":"taxable","13":"purchasable","14":"product-type-simple"},"acf":[],"_links":{"self":[{"href":"https:\/\/upstateinternational.org\/fi\/wp-json\/wp\/v2\/product\/89885","targetHints":{"allow":["GET"]}}],"collection":[{"href":"https:\/\/upstateinternational.org\/fi\/wp-json\/wp\/v2\/product"}],"about":[{"href":"https:\/\/upstateinternational.org\/fi\/wp-json\/wp\/v2\/types\/product"}],"version-history":[{"count":0,"href":"https:\/\/upstateinternational.org\/fi\/wp-json\/wp\/v2\/product\/89885\/revisions"}],"wp:featuredmedia":[{"embeddable":true,"href":"https:\/\/upstateinternational.org\/fi\/wp-json\/wp\/v2\/media\/89883"}],"wp:attachment":[{"href":"https:\/\/upstateinternational.org\/fi\/wp-json\/wp\/v2\/media?parent=89885"}],"wp:term":[{"taxonomy":"product_brand","embeddable":true,"href":"https:\/\/upstateinternational.org\/fi\/wp-json\/wp\/v2\/product_brand?post=89885"},{"taxonomy":"product_cat","embeddable":true,"href":"https:\/\/upstateinternational.org\/fi\/wp-json\/wp\/v2\/product_cat?post=89885"},{"taxonomy":"product_tag","embeddable":true,"href":"https:\/\/upstateinternational.org\/fi\/wp-json\/wp\/v2\/product_tag?post=89885"}],"curies":[{"name":"wp","href":"https:\/\/api.w.org\/{rel}","templated":true}]}}