{"id":89887,"date":"2025-11-09T07:16:11","date_gmt":"2025-11-09T12:16:11","guid":{"rendered":"https:\/\/ui-hybrid.local\/?post_type=product&#038;p=89887"},"modified":"2025-11-25T15:50:04","modified_gmt":"2025-11-25T20:50:04","slug":"world-horizon-patron","status":"publish","type":"product","link":"https:\/\/upstateinternational.org\/fi\/product\/world-horizon-patron\/","title":{"rendered":"World Horizonin suojelija"},"content":{"rendered":"<h3>Ryhdy World Horizon -suojelijaksi ja vahvista vaikutustasi.<\/h3>\n<p>T\u00e4m\u00e4 taso on suunniteltu yrityksille ja yksityishenkil\u00f6ille, jotka haluavat tukea kansainv\u00e4list\u00e4 yhteis\u00f6\u00e4mme. J\u00e4senyytemme edut ovat kaikki edut, kuten yksi ilmainen kielikurssi vuodessa tiimin j\u00e4senelle tai vieraalle, ilmainen sis\u00e4\u00e4np\u00e4\u00e4sy kaikkiin kulttuurity\u00f6pajoihin ja -tapahtumiin sek\u00e4 julkinen tunnustus vuosikertomuksessamme, uutiskirjeess\u00e4mme ja nimekk\u00e4\u00e4ss\u00e4 varainkeruutapahtumassamme.<\/p>\n<p><strong>Lahjoituksesi auttaa my\u00f6s tukemaan apua tarvitsevien yhteis\u00f6n j\u00e4senten j\u00e4senyytt\u00e4.<\/strong><\/p>\n<ul>\n<li>P\u00e4\u00e4sy sosiaalisiin tapahtumiin, tapaamisiin ja kulttuuriohjelmiin<\/li>\n<li>J\u00e4senalennus kielikursseista<\/li>\n<li>J\u00e4senalennus tietyist\u00e4 kulttuuririkastusohjelmista<\/li>\n<li>J\u00e4senuutiskirje<\/li>\n<li>+$25 jokaista lis\u00e4perheenj\u00e4sent\u00e4 kohden<\/li>\n<li>Ilmainen erityinen kulttuuriohjelma<\/li>\n<li>Tunnustus vuosikertomuksessa<\/li>\n<li>Yksi ilmainen kielikurssi kuluvan j\u00e4senyysvuoden aikana yhdelle henkil\u00f6lle<\/li>\n<li>Tunnustus ilmaisen kulttuuriohjelman aikana<\/li>\n<li>Vain asiakkaille tarkoitettu tapahtuma hallituksen j\u00e4senten kanssa<\/li>\n<li>Tunnustus verkkosivustolla<\/li>\n<\/ul>","protected":false},"excerpt":{"rendered":"","protected":false},"featured_media":89882,"template":"","meta":{"_acf_changed":false,"_mo_disable_npp":"","wds_primary_product_brand":0,"wds_primary_product_cat":0},"product_brand":[],"product_cat":[127],"product_tag":[],"class_list":{"0":"post-89887","1":"product","2":"type-product","3":"status-publish","4":"has-post-thumbnail","6":"product_cat-memberships","8":"first","9":"instock","10":"virtual","11":"sold-individually","12":"taxable","13":"purchasable","14":"product-type-simple"},"acf":[],"_links":{"self":[{"href":"https:\/\/upstateinternational.org\/fi\/wp-json\/wp\/v2\/product\/89887","targetHints":{"allow":["GET"]}}],"collection":[{"href":"https:\/\/upstateinternational.org\/fi\/wp-json\/wp\/v2\/product"}],"about":[{"href":"https:\/\/upstateinternational.org\/fi\/wp-json\/wp\/v2\/types\/product"}],"version-history":[{"count":0,"href":"https:\/\/upstateinternational.org\/fi\/wp-json\/wp\/v2\/product\/89887\/revisions"}],"wp:featuredmedia":[{"embeddable":true,"href":"https:\/\/upstateinternational.org\/fi\/wp-json\/wp\/v2\/media\/89882"}],"wp:attachment":[{"href":"https:\/\/upstateinternational.org\/fi\/wp-json\/wp\/v2\/media?parent=89887"}],"wp:term":[{"taxonomy":"product_brand","embeddable":true,"href":"https:\/\/upstateinternational.org\/fi\/wp-json\/wp\/v2\/product_brand?post=89887"},{"taxonomy":"product_cat","embeddable":true,"href":"https:\/\/upstateinternational.org\/fi\/wp-json\/wp\/v2\/product_cat?post=89887"},{"taxonomy":"product_tag","embeddable":true,"href":"https:\/\/upstateinternational.org\/fi\/wp-json\/wp\/v2\/product_tag?post=89887"}],"curies":[{"name":"wp","href":"https:\/\/api.w.org\/{rel}","templated":true}]}}