{"id":90352,"date":"2024-08-06T15:05:48","date_gmt":"2024-08-06T19:05:48","guid":{"rendered":"https:\/\/ui-hybrid.local\/product\/english-a1-regular\/"},"modified":"2025-11-24T09:02:51","modified_gmt":"2025-11-24T14:02:51","slug":"english-a1-regular","status":"publish","type":"product","link":"https:\/\/upstateinternational.org\/fi\/product\/english-a1-regular\/","title":{"rendered":"Englanti A1 Normaali: keskiviikkoisin"},"content":{"rendered":"<p><span data-sheets-root=\"1\" data-sheets-value=\"{&quot;1&quot;:2,&quot;2&quot;:&quot;Stimulate your brain by learning a new language or building on your current foreign language skills at Upstate International! Learning a new language is a known way to enhance your ability to multitask, improve memory and communication skills, and upgrade your professional skills. It is also a way to enhance your travel experiences, broaden your global perspective, and open doors to you all around the world \u2013 globalization, right? Join UI on this journey! nnRegular classes meet once a week for a total of 75 minutes. Intensive classes meet twice a week for a total of 90 minutes. Students MUST BE members of UI in order to take a language class. Classes are online and in-person. Scroll down to see the start and end dates for your class, and location. Fees are NON-REFUNDABLE unless cancelled by UI.&quot;}\" data-sheets-userformat=\"{&quot;2&quot;:6529,&quot;3&quot;:{&quot;1&quot;:0,&quot;3&quot;:1},&quot;10&quot;:0,&quot;11&quot;:4,&quot;14&quot;:{&quot;1&quot;:3,&quot;3&quot;:1},&quot;15&quot;:&quot;Arial&quot;}\">Stimuloi aivojasi oppimalla uusi kieli tai kehitt\u00e4m\u00e4ll\u00e4 nykyisi\u00e4 kielitaitojasi Upstate Internationalissa! Uuden kielen oppiminen on tunnettu tapa parantaa kyky\u00e4si tehd\u00e4 useita asioita samanaikaisesti, parantaa muistia ja kommunikointitaitoja sek\u00e4 p\u00e4ivitt\u00e4\u00e4 ammatillisia taitojasi. Se on my\u00f6s tapa parantaa matkakokemuksiasi, laajentaa globaalia n\u00e4k\u00f6kulmaasi ja avata ovia sinulle kaikkialle maailmaan \u2013 globalisaatio, eik\u00f6 niin? Liity UI:n matkalle!<\/span><\/p>\n<p>Tavalliset tunnit kokoontuvat kerran viikossa, yhteens\u00e4 75 minuuttia. Intensiivitunnit kokoontuvat kaksi kertaa viikossa, yhteens\u00e4 90 minuuttia. Opiskelijoiden ON OLEVA UI:n j\u00e4seni\u00e4 voidakseen osallistua kielikurssille. Tunnit ovat verkossa ja l\u00e4hiopetusta. Vierit\u00e4 alas n\u00e4hd\u00e4ksesi kurssin alkamis- ja p\u00e4\u00e4ttymisp\u00e4iv\u00e4t sek\u00e4 sijainnin. Maksuja EI HYVITET\u00c4, ellei UI peruuta niit\u00e4.<\/p>","protected":false},"excerpt":{"rendered":"","protected":false},"featured_media":0,"template":"","meta":{"_acf_changed":false,"_mo_disable_npp":"","wds_primary_product_brand":0,"wds_primary_product_cat":0},"product_brand":[],"product_cat":[132],"product_tag":[136],"class_list":{"0":"post-90352","1":"product","2":"type-product","3":"status-publish","5":"product_cat-language-class","6":"product_tag-english","8":"first","9":"instock","10":"downloadable","11":"virtual","12":"taxable","13":"purchasable","14":"product-type-simple"},"acf":[],"_links":{"self":[{"href":"https:\/\/upstateinternational.org\/fi\/wp-json\/wp\/v2\/product\/90352","targetHints":{"allow":["GET"]}}],"collection":[{"href":"https:\/\/upstateinternational.org\/fi\/wp-json\/wp\/v2\/product"}],"about":[{"href":"https:\/\/upstateinternational.org\/fi\/wp-json\/wp\/v2\/types\/product"}],"version-history":[{"count":0,"href":"https:\/\/upstateinternational.org\/fi\/wp-json\/wp\/v2\/product\/90352\/revisions"}],"wp:attachment":[{"href":"https:\/\/upstateinternational.org\/fi\/wp-json\/wp\/v2\/media?parent=90352"}],"wp:term":[{"taxonomy":"product_brand","embeddable":true,"href":"https:\/\/upstateinternational.org\/fi\/wp-json\/wp\/v2\/product_brand?post=90352"},{"taxonomy":"product_cat","embeddable":true,"href":"https:\/\/upstateinternational.org\/fi\/wp-json\/wp\/v2\/product_cat?post=90352"},{"taxonomy":"product_tag","embeddable":true,"href":"https:\/\/upstateinternational.org\/fi\/wp-json\/wp\/v2\/product_tag?post=90352"}],"curies":[{"name":"wp","href":"https:\/\/api.w.org\/{rel}","templated":true}]}}