{"id":90397,"date":"2025-11-07T09:18:04","date_gmt":"2025-11-07T14:18:04","guid":{"rendered":"https:\/\/ui-hybrid.local\/product\/15th-annual-german-holiday-party\/"},"modified":"2026-02-24T10:45:18","modified_gmt":"2026-02-24T15:45:18","slug":"15th-annual-german-holiday-party","status":"publish","type":"product","link":"https:\/\/upstateinternational.org\/fi\/product\/15th-annual-german-holiday-party\/","title":{"rendered":"15. vuosittainen saksalainen lomajuhla"},"content":{"rendered":"<p><span style=\"color: #ff0000;\"><strong>Juhlista lomakauden alkua perinteiseen saksalaiseen tyyliin.<\/strong><\/span><\/p>\n<p>Christkindlesmarkt (joulumarkkinat) ovat katumarkkinat, joita vietet\u00e4\u00e4n kaikkialla Saksassa nelj\u00e4n adventtiviikon ajan ennen joulua. N\u00e4ill\u00e4 markkinoilla voit ostaa k\u00e4sit\u00f6it\u00e4, joulukoristeita, kuunnella joulumusiikkia, nauttia <em>Gl\u00fchwein<\/em>, Bratwurstia ja monia makeita herkkuja.<\/p>\n<p><em>Gl\u00fchwein<\/em> on \u2013 yleens\u00e4 \u2013 mausteilla maustettu punainen gl\u00f6gi \u2013 tarkoitettu pit\u00e4m\u00e4\u00e4n ihmiset l\u00e4mpim\u00e4n\u00e4 kylm\u00e4ll\u00e4 s\u00e4\u00e4ll\u00e4.<\/p>\n<p>L\u00e4mpim\u00e4sti tervetuloa saksalaiseen joulujuhlaan! Nauti bratwursteista, hapankaalista, perunasalaatista, makeasta stollenista (joululeiv\u00e4st\u00e4), muista saksalaisista herkuista ja erityisist\u00e4 perinteisist\u00e4 kylm\u00e4n s\u00e4\u00e4n juomista.<\/p>\n<p><span style=\"color: #008000;\"><em>Luvassa on kiinalainen arpajaiset upeine esineineen. Arpajaislippujen hinta on $1 kappale. 11 lippua hintaan $10. Muistathan ottaa mukaasi k\u00e4teist\u00e4 tai shekin! Arpajaisten tuotto lahjoitetaan... <\/em><em>seuraavat paikalliset organisaatiot: Period Project\/ Safe Harbor\/ Jasmine Road.<\/em><\/span><\/p>\n<p><strong>Kustannukset per henkil\u00f6:<\/strong> $30 Upstate Internationalin j\u00e4senille | $35 ei-j\u00e4senille<br \/>\nPeruutuksista ei palauteta maksuja. Vain varaukset, lippuja ei myyd\u00e4 ovelta.<\/p>\n<p><strong>M\u00e4\u00e4r\u00e4aika: maanantai, 1.12.2025<\/strong><\/p>\n<p>Kysymyksi\u00e4? Ota yhteytt\u00e4 osoitteeseen internationalwg@upstateinternational.org<\/p>","protected":false},"excerpt":{"rendered":"","protected":false},"featured_media":90398,"template":"","meta":{"_acf_changed":false,"_mo_disable_npp":"","wds_primary_product_brand":0,"wds_primary_product_cat":0},"product_brand":[],"product_cat":[146],"product_tag":[],"class_list":{"0":"post-90397","1":"product","2":"type-product","3":"status-publish","4":"has-post-thumbnail","6":"product_cat-events","8":"first","9":"outofstock","10":"taxable","11":"shipping-taxable","12":"purchasable","13":"product-type-variable"},"acf":[],"_links":{"self":[{"href":"https:\/\/upstateinternational.org\/fi\/wp-json\/wp\/v2\/product\/90397","targetHints":{"allow":["GET"]}}],"collection":[{"href":"https:\/\/upstateinternational.org\/fi\/wp-json\/wp\/v2\/product"}],"about":[{"href":"https:\/\/upstateinternational.org\/fi\/wp-json\/wp\/v2\/types\/product"}],"version-history":[{"count":0,"href":"https:\/\/upstateinternational.org\/fi\/wp-json\/wp\/v2\/product\/90397\/revisions"}],"wp:featuredmedia":[{"embeddable":true,"href":"https:\/\/upstateinternational.org\/fi\/wp-json\/wp\/v2\/media\/90398"}],"wp:attachment":[{"href":"https:\/\/upstateinternational.org\/fi\/wp-json\/wp\/v2\/media?parent=90397"}],"wp:term":[{"taxonomy":"product_brand","embeddable":true,"href":"https:\/\/upstateinternational.org\/fi\/wp-json\/wp\/v2\/product_brand?post=90397"},{"taxonomy":"product_cat","embeddable":true,"href":"https:\/\/upstateinternational.org\/fi\/wp-json\/wp\/v2\/product_cat?post=90397"},{"taxonomy":"product_tag","embeddable":true,"href":"https:\/\/upstateinternational.org\/fi\/wp-json\/wp\/v2\/product_tag?post=90397"}],"curies":[{"name":"wp","href":"https:\/\/api.w.org\/{rel}","templated":true}]}}