{"id":109,"date":"2023-02-01T08:45:28","date_gmt":"2023-02-01T13:45:28","guid":{"rendered":"https:\/\/localhost:10096\/?page_id=109"},"modified":"2024-02-08T19:43:11","modified_gmt":"2024-02-09T00:43:11","slug":"registration","status":"publish","type":"page","link":"https:\/\/upstateinternational.org\/fr\/registration\/","title":{"rendered":"Inscription"},"content":{"rendered":"<div data-elementor-type=\"wp-page\" data-elementor-id=\"109\" class=\"elementor elementor-109\" data-elementor-post-type=\"page\">\n\t\t\t\t<div class=\"elementor-element elementor-element-4c0a918c e-flex e-con-boxed e-con e-parent\" data-id=\"4c0a918c\" data-element_type=\"container\" data-e-type=\"container\" data-settings=\"{&quot;background_background&quot;:&quot;classic&quot;}\">\n\t\t\t\t\t<div class=\"e-con-inner\">\n\t\t<div class=\"elementor-element elementor-element-283c0a29 e-con-full e-flex e-con e-child\" data-id=\"283c0a29\" data-element_type=\"container\" data-e-type=\"container\">\n\t\t\t\t<div class=\"elementor-element elementor-element-b844168 elementor-widget elementor-widget-heading\" data-id=\"b844168\" data-element_type=\"widget\" data-e-type=\"widget\" data-widget_type=\"heading.default\">\n\t\t\t\t<div class=\"elementor-widget-container\">\n\t\t\t\t\t<h2 class=\"elementor-heading-title elementor-size-default\">Liens et amiti\u00e9s en action<\/h2>\t\t\t\t<\/div>\n\t\t\t\t<\/div>\n\t\t\t\t<\/div>\n\t\t\t\t\t<\/div>\n\t\t\t\t<\/div>\n\t\t<div class=\"elementor-element elementor-element-b525e31 e-flex e-con-boxed e-con e-parent\" data-id=\"b525e31\" data-element_type=\"container\" data-e-type=\"container\">\n\t\t\t\t\t<div class=\"e-con-inner\">\n\t\t<div class=\"elementor-element elementor-element-bffc6f0 e-con-full e-flex e-con e-child\" data-id=\"bffc6f0\" data-element_type=\"container\" data-e-type=\"container\">\n\t\t\t\t<div class=\"elementor-element elementor-element-91b39b3 jedv-enabled--yes elementor-widget elementor-widget-image\" data-id=\"91b39b3\" data-element_type=\"widget\" data-e-type=\"widget\" data-widget_type=\"image.default\">\n\t\t\t\t<div class=\"elementor-widget-container\">\n\t\t\t\t\t\t\t\t\t\t\t\t\t\t\t<img fetchpriority=\"high\" decoding=\"async\" width=\"800\" height=\"492\" src=\"https:\/\/upstateinternational.org\/wp-content\/uploads\/2023\/07\/upstate-international-friendgroup-1024x630.jpg\" class=\"attachment-large size-large wp-image-58734\" alt=\"\" srcset=\"https:\/\/upstateinternational.org\/wp-content\/uploads\/2023\/07\/upstate-international-friendgroup-1024x630.jpg 1024w, https:\/\/upstateinternational.org\/wp-content\/uploads\/2023\/07\/upstate-international-friendgroup-300x185.jpg 300w, https:\/\/upstateinternational.org\/wp-content\/uploads\/2023\/07\/upstate-international-friendgroup-768x473.jpg 768w, https:\/\/upstateinternational.org\/wp-content\/uploads\/2023\/07\/upstate-international-friendgroup-60x37.jpg 60w, https:\/\/upstateinternational.org\/wp-content\/uploads\/2023\/07\/upstate-international-friendgroup-600x369.jpg 600w, https:\/\/upstateinternational.org\/wp-content\/uploads\/2023\/07\/upstate-international-friendgroup.jpg 1300w\" sizes=\"(max-width: 800px) 100vw, 800px\" \/>\t\t\t\t\t\t\t\t\t\t\t\t\t\t\t<\/div>\n\t\t\t\t<\/div>\n\t\t\t\t<div class=\"elementor-element elementor-element-cabbab5 jedv-enabled--yes elementor-widget elementor-widget-jet-price-list\" data-id=\"cabbab5\" data-element_type=\"widget\" data-e-type=\"widget\" data-widget_type=\"jet-price-list.default\">\n\t\t\t\t<div class=\"elementor-widget-container\">\n\t\t\t\t\t<div class=\"elementor-jet-price-list jet-elements\">\n<ul class=\"jet-price-list\"><li class=\"price-list__item\"><div class=\"price-list__item-inner\"><div class=\"price-list__item-img-wrap\"><img decoding=\"async\" src=\"https:\/\/upstateinternational.org\/wp-content\/uploads\/2023\/02\/UI-icon.svg\" alt=\"UI-icon\" class=\"price-list__item-img\" loading=\"lazy\"><\/div><div class=\"price-list__item-content\"><div class=\"price-list__item-title__wrapper\"><h5 class=\"price-list__item-title\">Adh\u00e9sion individuelle<\/h5><div class=\"price-list__item-separator\"><\/div><div class=\"price-list__item-price\">$75<\/div><\/div><\/div><\/div><\/li><li class=\"price-list__item\"><div class=\"price-list__item-inner\"><div class=\"price-list__item-img-wrap\"><img decoding=\"async\" src=\"https:\/\/upstateinternational.org\/wp-content\/uploads\/2023\/02\/UI-icon.svg\" alt=\"UI-icon\" class=\"price-list__item-img\" loading=\"lazy\"><\/div><div class=\"price-list__item-content\"><div class=\"price-list__item-title__wrapper\"><h5 class=\"price-list__item-title\">Adh\u00e9sion familiale<\/h5><div class=\"price-list__item-separator\"><\/div><div class=\"price-list__item-price\">$100<\/div><\/div><\/div><\/div><\/li><li class=\"price-list__item\"><div class=\"price-list__item-inner\"><div class=\"price-list__item-img-wrap\"><img decoding=\"async\" src=\"https:\/\/upstateinternational.org\/wp-content\/uploads\/2023\/02\/UI-icon.svg\" alt=\"UI-icon\" class=\"price-list__item-img\" loading=\"lazy\"><\/div><div class=\"price-list__item-content\"><div class=\"price-list__item-title__wrapper\"><h5 class=\"price-list__item-title\">Adh\u00e9sion de m\u00e9c\u00e8ne<\/h5><div class=\"price-list__item-separator\"><\/div><div class=\"price-list__item-price\">$200<\/div><\/div><\/div><\/div><\/li><li class=\"price-list__item\"><div class=\"price-list__item-inner\"><div class=\"price-list__item-img-wrap\"><img decoding=\"async\" src=\"https:\/\/upstateinternational.org\/wp-content\/uploads\/2023\/02\/UI-icon.svg\" alt=\"UI-icon\" class=\"price-list__item-img\" loading=\"lazy\"><\/div><div class=\"price-list__item-content\"><div class=\"price-list__item-title__wrapper\"><h5 class=\"price-list__item-title\">Adh\u00e9sion familiale de m\u00e9c\u00e8ne<\/h5><div class=\"price-list__item-separator\"><\/div><div class=\"price-list__item-price\">$250<\/div><\/div><\/div><\/div><\/li><\/ul><\/div>\t\t\t\t<\/div>\n\t\t\t\t<\/div>\n\t\t\t\t<\/div>\n\t\t\t\t\t<\/div>\n\t\t\t\t<\/div>\n\t\t\t\t<\/div>","protected":false},"excerpt":{"rendered":"","protected":false},"author":1,"featured_media":0,"parent":0,"menu_order":0,"comment_status":"closed","ping_status":"closed","template":"","meta":{"_acf_changed":false,"_mo_disable_npp":"","footnotes":""},"class_list":["post-109","page","type-page","status-publish","hentry"],"acf":[],"_links":{"self":[{"href":"https:\/\/upstateinternational.org\/fr\/wp-json\/wp\/v2\/pages\/109","targetHints":{"allow":["GET"]}}],"collection":[{"href":"https:\/\/upstateinternational.org\/fr\/wp-json\/wp\/v2\/pages"}],"about":[{"href":"https:\/\/upstateinternational.org\/fr\/wp-json\/wp\/v2\/types\/page"}],"author":[{"embeddable":true,"href":"https:\/\/upstateinternational.org\/fr\/wp-json\/wp\/v2\/users\/1"}],"replies":[{"embeddable":true,"href":"https:\/\/upstateinternational.org\/fr\/wp-json\/wp\/v2\/comments?post=109"}],"version-history":[{"count":0,"href":"https:\/\/upstateinternational.org\/fr\/wp-json\/wp\/v2\/pages\/109\/revisions"}],"wp:attachment":[{"href":"https:\/\/upstateinternational.org\/fr\/wp-json\/wp\/v2\/media?parent=109"}],"curies":[{"name":"wp","href":"https:\/\/api.w.org\/{rel}","templated":true}]}}