{"id":60454,"date":"2023-08-19T07:24:19","date_gmt":"2023-08-19T11:24:19","guid":{"rendered":"https:\/\/localhost:10096\/?page_id=60454"},"modified":"2023-08-19T08:16:16","modified_gmt":"2023-08-19T12:16:16","slug":"educational-materials","status":"publish","type":"page","link":"https:\/\/upstateinternational.org\/fr\/educational-materials\/","title":{"rendered":"Mat\u00e9riel p\u00e9dagogique"},"content":{"rendered":"<div data-elementor-type=\"wp-page\" data-elementor-id=\"60454\" class=\"elementor elementor-60454\" data-elementor-post-type=\"page\">\n\t\t\t\t<div class=\"elementor-element elementor-element-7ce3eec1 e-flex e-con-boxed e-con e-parent\" data-id=\"7ce3eec1\" data-element_type=\"container\" data-e-type=\"container\" data-settings=\"{&quot;background_background&quot;:&quot;classic&quot;}\">\n\t\t\t\t\t<div class=\"e-con-inner\">\n\t\t<div class=\"elementor-element elementor-element-6ecf38d1 e-con-full e-flex e-con e-parent\" data-id=\"6ecf38d1\" data-element_type=\"container\" data-e-type=\"container\">\n\t\t\t\t<div class=\"elementor-element elementor-element-20744d5b elementor-widget elementor-widget-heading\" data-id=\"20744d5b\" data-element_type=\"widget\" data-e-type=\"widget\" data-widget_type=\"heading.default\">\n\t\t\t\t<div class=\"elementor-widget-container\">\n\t\t\t\t\t<h2 class=\"elementor-heading-title elementor-size-default\">Apprenez comment en apprendre davantage<\/h2>\t\t\t\t<\/div>\n\t\t\t\t<\/div>\n\t\t\t\t<\/div>\n\t\t\t\t\t<\/div>\n\t\t\t\t<\/div>\n\t\t<div class=\"elementor-element elementor-element-8d52bb2 e-flex e-con-boxed e-con e-parent\" data-id=\"8d52bb2\" data-element_type=\"container\" data-e-type=\"container\">\n\t\t\t\t\t<div class=\"e-con-inner\">\n\t\t<div class=\"elementor-element elementor-element-90d5da7 e-con-full e-flex e-con e-parent\" data-id=\"90d5da7\" data-element_type=\"container\" data-e-type=\"container\">\n\t\t\t\t<div class=\"elementor-element elementor-element-c9205ba elementor-widget elementor-widget-image\" data-id=\"c9205ba\" data-element_type=\"widget\" data-e-type=\"widget\" data-widget_type=\"image.default\">\n\t\t\t\t<div class=\"elementor-widget-container\">\n\t\t\t\t\t\t\t\t\t\t\t\t\t\t\t<img fetchpriority=\"high\" decoding=\"async\" width=\"800\" height=\"533\" src=\"https:\/\/upstateinternational.org\/wp-content\/uploads\/2023\/08\/brooke-cagle-g1Kr4Ozfoac-unsplash-scaled-1-1024x682.jpg\" class=\"attachment-large size-large wp-image-60496\" alt=\"\" srcset=\"https:\/\/upstateinternational.org\/wp-content\/uploads\/2023\/08\/brooke-cagle-g1Kr4Ozfoac-unsplash-scaled-1-1024x682.jpg 1024w, https:\/\/upstateinternational.org\/wp-content\/uploads\/2023\/08\/brooke-cagle-g1Kr4Ozfoac-unsplash-scaled-1-600x400.jpg 600w, https:\/\/upstateinternational.org\/wp-content\/uploads\/2023\/08\/brooke-cagle-g1Kr4Ozfoac-unsplash-scaled-1-300x200.jpg 300w, https:\/\/upstateinternational.org\/wp-content\/uploads\/2023\/08\/brooke-cagle-g1Kr4Ozfoac-unsplash-scaled-1-768x512.jpg 768w, https:\/\/upstateinternational.org\/wp-content\/uploads\/2023\/08\/brooke-cagle-g1Kr4Ozfoac-unsplash-scaled-1-1536x1024.jpg 1536w, https:\/\/upstateinternational.org\/wp-content\/uploads\/2023\/08\/brooke-cagle-g1Kr4Ozfoac-unsplash-scaled-1.jpg 2000w\" sizes=\"(max-width: 800px) 100vw, 800px\" \/>\t\t\t\t\t\t\t\t\t\t\t\t\t\t\t<\/div>\n\t\t\t\t<\/div>\n\t\t\t\t<\/div>\n\t\t<div class=\"elementor-element elementor-element-811761b e-con-full e-flex e-con e-parent\" data-id=\"811761b\" data-element_type=\"container\" data-e-type=\"container\">\n\t\t\t\t<div class=\"elementor-element elementor-element-7591027 elementor-widget elementor-widget-heading\" data-id=\"7591027\" data-element_type=\"widget\" data-e-type=\"widget\" data-widget_type=\"heading.default\">\n\t\t\t\t<div class=\"elementor-widget-container\">\n\t\t\t\t\t<h3 class=\"elementor-heading-title elementor-size-default\">Ressources pr\u00e9cieuses pour l&#039;\u00e9ducation et le d\u00e9veloppement<\/h3>\t\t\t\t<\/div>\n\t\t\t\t<\/div>\n\t\t\t\t<div class=\"elementor-element elementor-element-fd8a0c1 elementor-widget elementor-widget-heading\" data-id=\"fd8a0c1\" data-element_type=\"widget\" data-e-type=\"widget\" data-widget_type=\"heading.default\">\n\t\t\t\t<div class=\"elementor-widget-container\">\n\t\t\t\t\t<h3 class=\"elementor-heading-title elementor-size-default\">Sensibiliser les autres, et nous-m\u00eames, aux diff\u00e9rents pays et cultures demeure l&#039;un des objectifs fondamentaux d&#039;Upstate International.<\/h3>\t\t\t\t<\/div>\n\t\t\t\t<\/div>\n\t\t\t\t<div class=\"elementor-element elementor-element-f9fe94e elementor-widget elementor-widget-text-editor\" data-id=\"f9fe94e\" data-element_type=\"widget\" data-e-type=\"widget\" data-widget_type=\"text-editor.default\">\n\t\t\t\t<div class=\"elementor-widget-container\">\n\t\t\t\t\t\t\t\t\t<p>Vous trouverez ci-dessous une liste de ressources, de r\u00e9f\u00e9rences et de mat\u00e9riel p\u00e9dagogique pr\u00e9cieux visant \u00e0 promouvoir l&#039;apprentissage multiculturel.<\/p><p>N&#039;h\u00e9sitez pas \u00e0 consulter, t\u00e9l\u00e9charger ou partager les informations ci-dessous.<\/p>\t\t\t\t\t\t\t\t<\/div>\n\t\t\t\t<\/div>\n\t\t\t\t<\/div>\n\t\t\t\t\t<\/div>\n\t\t\t\t<\/div>\n\t\t<div class=\"elementor-element elementor-element-7ace50a e-flex e-con-boxed e-con e-parent\" data-id=\"7ace50a\" data-element_type=\"container\" data-e-type=\"container\">\n\t\t\t\t\t<div class=\"e-con-inner\">\n\t\t\t\t<div class=\"elementor-element elementor-element-8c20649 elementor-widget elementor-widget-html\" data-id=\"8c20649\" data-element_type=\"widget\" data-e-type=\"widget\" data-widget_type=\"html.default\">\n\t\t\t\t<div class=\"elementor-widget-container\">\n\t\t\t\t\t<script>\n\/* Automatically close the mobile accordion from the tabs element on mobile *\/\nwindow.addEventListener('load', function() {\nsetTimeout(function(){\n    if (window.innerWidth < 768) return;\n\nlet tabsElems = document.querySelectorAll('.e-n-tabs')\ntabsElems.forEach(e => {\nlet activeTitles = e.querySelectorAll('.e-n-tab-title.e-active');\nlet activeContent = e.querySelector('.e-con.e-active')\nactiveContent.style.display = 'none';\nactiveTitles.forEach(activeTitle => activeTitle.classList.remove('e-active'));\nactiveContent.classList.remove('e-active');\nactiveContent.setAttribute('hidden', 'hidden');\nactiveTitles.forEach(activeTitle => activeTitle.setAttribute('aria-expanded', false));\nactiveTitles.forEach(activeTitle => activeTitle.setAttribute('aria-selected', false));\nactiveTitles.forEach(activeTitle => activeTitle.setAttribute('tabindex', -1));\nactiveTitles.forEach(activeTitle => {\nactiveTitle.addEventListener('click', function () {\nactiveTitles.forEach(activeTitle => activeTitle.classList.add('e-active'));\nactiveContent.classList.add('e-active');\nactiveContent.removeAttribute('hidden');\nactiveTitles.forEach(activeTitle => activeTitle.setAttribute('aria-expanded', true));\nactiveTitles.forEach(activeTitle => activeTitle.setAttribute('aria-selected', true));\nactiveTitles.forEach(activeTitle => activeTitle.setAttribute('tabindex', 0));\nactiveContent.style.display = 'flex';\n}, { once: true })\n});\n});\n},300);\n});\n\n<\/script>\n\t\t\t\t<\/div>\n\t\t\t\t<\/div>\n\t\t\t\t<div class=\"elementor-element elementor-element-082e6ca e-n-tabs-mobile elementor-widget elementor-widget-n-tabs\" data-id=\"082e6ca\" data-element_type=\"widget\" data-e-type=\"widget\" data-widget_type=\"nested-tabs.default\">\n\t\t\t\t<div class=\"elementor-widget-container\">\n\t\t\t\t\t\t\t<div class=\"e-n-tabs\" data-widget-number=\"8578762\" aria-label=\"Onglets. Ouvrez des \u00e9l\u00e9ments avec Entrer ou Espace, fermez-les avec Echape et naviguez \u00e0 l&#039;aide des touches fl\u00e9ch\u00e9es.\" data-no-translation-aria-label=\"\">\n\t\t\t<div class=\"e-n-tabs-heading\" role=\"tablist\">\n\t\t\t\t\t<button id=\"e-n-tab-title-85787621\" data-tab-title-id=\"e-n-tab-title-85787621\" class=\"e-n-tab-title\" aria-selected=\"true\" data-tab-index=\"1\" role=\"tab\" tabindex=\"0\" aria-controls=\"e-n-tab-content-85787621\" style=\"--n-tabs-title-order: 1;\">\n\t\t\t\t\t\t<span class=\"e-n-tab-title-text\">\n\t\t\t\tLectures communautaires\t\t\t<\/span>\n\t\t<\/button>\n\t\t\t\t<button id=\"e-n-tab-title-85787622\" data-tab-title-id=\"e-n-tab-title-85787622\" class=\"e-n-tab-title\" aria-selected=\"false\" data-tab-index=\"2\" role=\"tab\" tabindex=\"-1\" aria-controls=\"e-n-tab-content-85787622\" style=\"--n-tabs-title-order: 2;\">\n\t\t\t\t\t\t<span class=\"e-n-tab-title-text\">\n\t\t\t\tConcours artistique r\u00e9gional K-12\t\t\t<\/span>\n\t\t<\/button>\n\t\t\t\t<button id=\"e-n-tab-title-85787623\" data-tab-title-id=\"e-n-tab-title-85787623\" class=\"e-n-tab-title\" aria-selected=\"false\" data-tab-index=\"3\" role=\"tab\" tabindex=\"-1\" aria-controls=\"e-n-tab-content-85787623\" style=\"--n-tabs-title-order: 3;\">\n\t\t\t\t\t\t<span class=\"e-n-tab-title-text\">\n\t\t\t\tSemaine nationale des langues \u00e9trang\u00e8res\t\t\t<\/span>\n\t\t<\/button>\n\t\t\t\t<button id=\"e-n-tab-title-85787624\" data-tab-title-id=\"e-n-tab-title-85787624\" class=\"e-n-tab-title\" aria-selected=\"false\" data-tab-index=\"4\" role=\"tab\" tabindex=\"-1\" aria-controls=\"e-n-tab-content-85787624\" style=\"--n-tabs-title-order: 4;\">\n\t\t\t\t\t\t<span class=\"e-n-tab-title-text\">\n\t\t\t\tConcours de reportage photo\t\t\t<\/span>\n\t\t<\/button>\n\t\t\t\t<button id=\"e-n-tab-title-85787625\" data-tab-title-id=\"e-n-tab-title-85787625\" class=\"e-n-tab-title\" aria-selected=\"false\" data-tab-index=\"5\" role=\"tab\" tabindex=\"-1\" aria-controls=\"e-n-tab-content-85787625\" style=\"--n-tabs-title-order: 5;\">\n\t\t\t\t\t\t<span class=\"e-n-tab-title-text\">\n\t\t\t\tApprentissage en ligne gratuit\t\t\t<\/span>\n\t\t<\/button>\n\t\t\t\t\t<\/div>\n\t\t\t<div class=\"e-n-tabs-content\">\n\t\t\t\t<div id=\"e-n-tab-content-85787621\" role=\"tabpanel\" aria-labelledby=\"e-n-tab-title-85787621\" data-tab-index=\"1\" style=\"--n-tabs-title-order: 1;\" class=\"e-active elementor-element elementor-element-3989c49 e-con-full e-flex e-con e-parent\" data-id=\"3989c49\" data-element_type=\"container\" data-e-type=\"container\">\n\t\t\t\t<div class=\"elementor-element elementor-element-ef6313b elementor-widget elementor-widget-heading\" data-id=\"ef6313b\" data-element_type=\"widget\" data-e-type=\"widget\" data-widget_type=\"heading.default\">\n\t\t\t\t<div class=\"elementor-widget-container\">\n\t\t\t\t\t<div class=\"elementor-heading-title elementor-size-default\">Chaque ann\u00e9e en mars : \u201c Apprenez une langue \u00e9trang\u00e8re ; acqu\u00e9rez une nouvelle perspective ! \u201d<\/div>\t\t\t\t<\/div>\n\t\t\t\t<\/div>\n\t\t\t\t<div class=\"elementor-element elementor-element-3dafe5d elementor-widget elementor-widget-text-editor\" data-id=\"3dafe5d\" data-element_type=\"widget\" data-e-type=\"widget\" data-widget_type=\"text-editor.default\">\n\t\t\t\t<div class=\"elementor-widget-container\">\n\t\t\t\t\t\t\t\t\t<ul><li>Organisez votre propre concours de vid\u00e9ocast pour vos \u00e9l\u00e8ves ! Encouragez l&#039;apprentissage des langues \u00e9trang\u00e8res au niveau primaire dans votre circonscription.<\/li><li>Cr\u00e9ez un compte Facebook ou Twitter pour votre club de langue \u00e9trang\u00e8re.<\/li><li>Cr\u00e9ez un site web en langue \u00e9trang\u00e8re relatant les activit\u00e9s de la semaine\u00a0; publiez-le sur le site web de votre district.<\/li><li>Mettez vos \u00e9l\u00e8ves au d\u00e9fi de prendre le\u00a0<a href=\"http:\/\/www.actfl.org\/\" target=\"_blank\" rel=\"noopener noreferrer\">\u201c \u00cates-vous plus intelligent qu&#039;un professeur de langues ? \u201d<\/a>\u00a0questionnaire, disponible sur le site web de l&#039;ACTFL.<\/li><li>Int\u00e9grez les \u00e9tudiants dans les soci\u00e9t\u00e9s honorifiques de langues \u00e9trang\u00e8res parrain\u00e9es par l&#039;AATF, l&#039;AATSP, l&#039;AATI et l&#039;AATG, et faites conna\u00eetre l&#039;\u00e9v\u00e9nement dans votre journal local.<\/li><li>Invitez les administrateurs dans votre classe pour leur montrer les projets et activit\u00e9s en cours des \u00e9l\u00e8ves.<\/li><li>Inviter les administrateurs \u00e0 \u00e9valuer les activit\u00e9s en langues \u00e9trang\u00e8res.<\/li><li>Organisez un festival de films en langue \u00e9trang\u00e8re pour votre \u00e9cole et\/ou votre communaut\u00e9.<\/li><li>Invitez les parents de vos \u00e9l\u00e8ves apprenant une langue d&#039;origine \u00e0 visiter votre classe pour partager leurs exp\u00e9riences et leur t\u00e9moigner votre reconnaissance.<\/li><li>Encouragez les \u00e9l\u00e8ves \u00e0 cr\u00e9er des autocollants, des t-shirts, des slogans, des badges, etc. et \u00e0 les utiliser pendant la Semaine des langues \u00e9trang\u00e8res.<\/li><li>Cr\u00e9ez une chasse au tr\u00e9sor en ligne pour vos \u00e9l\u00e8ves.<\/li><li>Diffuser de la musique internationale lors des annonces quotidiennes et laisser les \u00e9l\u00e8ves et le personnel l&#039;identifier.<\/li><li>Amenez des \u00e9l\u00e8ves \u00e0 une r\u00e9union du conseil scolaire et demandez-leur d&#039;aborder le sujet de l&#039;importance de l&#039;apprentissage d&#039;une deuxi\u00e8me langue.<\/li><li>Demandez au conseil scolaire de proclamer la Semaine des langues \u00e9trang\u00e8res.<\/li><li>Demandez \u00e0 vos \u00e9l\u00e8ves de cr\u00e9er des affiches pour promouvoir leur langue \u00e9trang\u00e8re en utilisant\u00a0<a href=\"http:\/\/www.glogster.com\/\" target=\"_blank\" rel=\"noopener noreferrer\">www.glogster.com<\/a><\/li><li>Demandez aux \u00e9l\u00e8ves d&#039;indiquer leur langue maternelle sur de grands panneaux muraux ou par des empreintes de mains, et d&#039;\u00e9crire des messages dans leurs langues d&#039;origine.<\/li><li>Organisez un concours d&#039;idoles avec des musiques et des chansons internationales.<\/li><li>Pr\u00e9senter les informations cl\u00e9s des annonces quotidiennes en plusieurs langues. Inviter des locuteurs natifs \u00e0 lire un conte authentique sur l&#039;enfance issu de la culture cible et \u00e0 en discuter dans la langue cible.<\/li><li>Organisez un salon international de l&#039;emploi et invitez les membres de la communaut\u00e9 et les partenaires commerciaux \u00e0 y participer.<\/li><li>Envoyez un communiqu\u00e9 de presse mettant en avant toutes vos activit\u00e9s de la Semaine des langues \u00e9trang\u00e8res aux cha\u00eenes de t\u00e9l\u00e9vision, stations de radio et journaux locaux.<\/li><li>R\u00e9aliser un sondage aupr\u00e8s du personnel sur les langues \u00e9tudi\u00e9es\/parl\u00e9es, \u00e9changer des exp\u00e9riences, des r\u00e9cits de voyage et des informations sur le patrimoine, et publier les r\u00e9sultats.<\/li><li>Organisez un \u00e9v\u00e9nement \u201c Personnes inspirantes \u201d pour mettre en lumi\u00e8re les r\u00e9alisations des membres multilingues et multiculturels de votre communaut\u00e9.<\/li><li>Organiser ou accueillir un d\u00eener\/festival\/concert international.<\/li><li>Organisez une vid\u00e9oconf\u00e9rence en direct avec une \u00e9cole de la culture cible sur un sujet d&#039;\u00e9tude.<\/li><li>Inviter des danseurs\/musiciens professionnels \u00e0 se produire pour les \u00e9tudiants.<\/li><li><a href=\"http:\/\/www.actfl.org\/advocacy\" target=\"_blank\" rel=\"noopener noreferrer\">Plaidoyer pour l&#039;apprentissage des langues \u00e9trang\u00e8res de l&#039;ACTFL<\/a>. Conseils pour devenir un ambassadeur des langues \u00e9trang\u00e8res dans votre communaut\u00e9.<\/li><li><a href=\"http:\/\/www.nysaflt.org\/advocacy\/documents.shtml\" target=\"_blank\" rel=\"noopener noreferrer\">Association des professeurs de langues \u00e9trang\u00e8res de New York<\/a>. Un r\u00e9pertoire de documents de plaidoyer, comprenant des arguments cl\u00e9s, les avantages de l&#039;apprentissage d&#039;une langue seconde, des exemples de lettres de soutien, des articles relatifs aux affaires, au march\u00e9 du travail, \u00e0 la d\u00e9fense nationale, et autres.<\/li><li><a href=\"http:\/\/clta.net\/advocacy\/\" target=\"_blank\" rel=\"noopener noreferrer\">Association des professeurs de langues \u00e9trang\u00e8res de Californie<\/a>. Des liens vers une grande vari\u00e9t\u00e9 de ressources, notamment des conseils pour promouvoir vos \u00e9v\u00e9nements et des exemples de communiqu\u00e9s de presse \u2013<\/li><li><a href=\"http:\/\/www.flageorgia.org\/advocacy.htm\" target=\"_blank\" rel=\"noopener noreferrer\">Association des langues \u00e9trang\u00e8res de G\u00e9orgie<\/a>.<\/li><li><a href=\"http:\/\/calper.la.psu.edu\/resources.php?page=langadv\" target=\"_blank\" rel=\"noopener noreferrer\">Centre pour l&#039;\u00e9ducation et la recherche en comp\u00e9tences linguistiques avanc\u00e9es de l&#039;Universit\u00e9 d&#039;\u00c9tat de Pennsylvanie (CALPER)<\/a>. Documents, articles d&#039;opinion et reportages.<\/li><\/ul>\t\t\t\t\t\t\t\t<\/div>\n\t\t\t\t<\/div>\n\t\t\t\t<\/div>\n\t\t<div id=\"e-n-tab-content-85787622\" role=\"tabpanel\" aria-labelledby=\"e-n-tab-title-85787622\" data-tab-index=\"2\" style=\"--n-tabs-title-order: 2;\" class=\"elementor-element elementor-element-3fb9d9d e-con-full e-flex e-con e-parent\" data-id=\"3fb9d9d\" data-element_type=\"container\" data-e-type=\"container\">\n\t\t\t\t<div class=\"elementor-element elementor-element-3b679de elementor-widget elementor-widget-heading\" data-id=\"3b679de\" data-element_type=\"widget\" data-e-type=\"widget\" data-widget_type=\"heading.default\">\n\t\t\t\t<div class=\"elementor-widget-container\">\n\t\t\t\t\t<div class=\"elementor-heading-title elementor-size-default\">\u201c Le monde n\u2019est qu\u2019une toile pour notre imagination \u201d est le th\u00e8me du concours artistique international K-12 de l\u2019Upstate 2018.<\/div>\t\t\t\t<\/div>\n\t\t\t\t<\/div>\n\t\t\t\t<div class=\"elementor-element elementor-element-bc249b7 elementor-widget elementor-widget-text-editor\" data-id=\"bc249b7\" data-element_type=\"widget\" data-e-type=\"widget\" data-widget_type=\"text-editor.default\">\n\t\t\t\t<div class=\"elementor-widget-container\">\n\t\t\t\t\t\t\t\t\t<p>Les \u00e9coles de toute la r\u00e9gion d&#039;Upstate sont invit\u00e9es \u00e0 participer \u00e0 ce concours artistique, ouvert aux \u00e9l\u00e8ves du primaire, du coll\u00e8ge et du lyc\u00e9e. Les deuxi\u00e8me et troisi\u00e8me prix de chaque cat\u00e9gorie pourront remporter des prix en argent. De plus, le programme artistique de chaque \u00e9cole ayant un laur\u00e9at pourra \u00e9galement recevoir un prix en argent. Pour plus d&#039;informations et le r\u00e8glement complet du concours, <a href=\"http:\/\/files.constantcontact.com\/fdaea5d5101\/9763018d-20da-4fff-8012-2d33bcff1d8d.pdf?ver=1495818168000\">Cliquez ici.<\/a><\/p>\t\t\t\t\t\t\t\t<\/div>\n\t\t\t\t<\/div>\n\t\t\t\t<\/div>\n\t\t<div id=\"e-n-tab-content-85787623\" role=\"tabpanel\" aria-labelledby=\"e-n-tab-title-85787623\" data-tab-index=\"3\" style=\"--n-tabs-title-order: 3;\" class=\"elementor-element elementor-element-212c214 e-con-full e-flex e-con e-parent\" data-id=\"212c214\" data-element_type=\"container\" data-e-type=\"container\">\n\t\t\t\t<div class=\"elementor-element elementor-element-4e46d9a elementor-widget elementor-widget-text-editor\" data-id=\"4e46d9a\" data-element_type=\"widget\" data-e-type=\"widget\" data-widget_type=\"text-editor.default\">\n\t\t\t\t<div class=\"elementor-widget-container\">\n\t\t\t\t\t\t\t\t\t<ul><li>Organisez une r\u00e9union \u00e0 vocation internationale, avec un conf\u00e9rencier, un DVD et\/ou de la musique.<\/li><li>Installez une exposition pr\u00e9sentant une autre partie du monde.<\/li><li>Demandez \u00e0 quelqu&#039;un d&#039;un autre pays de parler de programmes similaires.<\/li><li>Demandez aux employ\u00e9s\/clients de premi\u00e8re g\u00e9n\u00e9ration de parler des similitudes et des diff\u00e9rences entre les organisations et les pratiques de leur pays d&#039;origine.<\/li><\/ul>\t\t\t\t\t\t\t\t<\/div>\n\t\t\t\t<\/div>\n\t\t\t\t<\/div>\n\t\t<div id=\"e-n-tab-content-85787624\" role=\"tabpanel\" aria-labelledby=\"e-n-tab-title-85787624\" data-tab-index=\"4\" style=\"--n-tabs-title-order: 4;\" class=\"elementor-element elementor-element-7e61ca2 e-con-full e-flex e-con e-parent\" data-id=\"7e61ca2\" data-element_type=\"container\" data-e-type=\"container\">\n\t\t\t\t<div class=\"elementor-element elementor-element-7eeb789 elementor-widget elementor-widget-text-editor\" data-id=\"7eeb789\" data-element_type=\"widget\" data-e-type=\"widget\" data-widget_type=\"text-editor.default\">\n\t\t\t\t<div class=\"elementor-widget-container\">\n\t\t\t\t\t\t\t\t\t<ul><li>Samedi 1er mars \u00e0 midi, faites sonner 100 cloches. Si possible, o\u00f9 que vous soyez dans la r\u00e9gion, faites sonner les cloches 100 fois pour la paix et la compr\u00e9hension internationales. (\u00c0 Bergame, en Italie, on fait sonner 100 cloches chaque soir \u00e0 22 h, perp\u00e9tuant ainsi la tradition de la fermeture des portes hautes de la ville. Cela permettait aux habitants d&#039;entrer ou de sortir pour la nuit.)<\/li><li>Organisez un \u00e9v\u00e9nement mettant en avant d&#039;autres religions, contribuez \u00e0 une meilleure compr\u00e9hension mutuelle\u00a0; invitez un conf\u00e9rencier de cette religion, projetez une vid\u00e9o, lisez un livre.<\/li><li>Mettez en avant votre programme de missions ou accueillez un missionnaire et projetez un film sur son travail.<\/li><li>Organisez une s\u00e9ance de pri\u00e8re pour la paix et la compr\u00e9hension internationales.<\/li><li>Invitez les membres de premi\u00e8re g\u00e9n\u00e9ration originaires d&#039;un autre pays \u00e0 parler des similitudes et des diff\u00e9rences entre les pratiques religieuses de leur pays d&#039;origine.<\/li><\/ul>\t\t\t\t\t\t\t\t<\/div>\n\t\t\t\t<\/div>\n\t\t\t\t<\/div>\n\t\t<div id=\"e-n-tab-content-85787625\" role=\"tabpanel\" aria-labelledby=\"e-n-tab-title-85787625\" data-tab-index=\"5\" style=\"--n-tabs-title-order: 5;\" class=\"elementor-element elementor-element-eb9389b e-con-full e-flex e-con e-parent\" data-id=\"eb9389b\" data-element_type=\"container\" data-e-type=\"container\">\n\t\t\t\t<div class=\"elementor-element elementor-element-9ba3c3a elementor-widget elementor-widget-text-editor\" data-id=\"9ba3c3a\" data-element_type=\"widget\" data-e-type=\"widget\" data-widget_type=\"text-editor.default\">\n\t\t\t\t<div class=\"elementor-widget-container\">\n\t\t\t\t\t\t\t\t\t<ul><li>Samedi 1er mars \u00e0 midi, faites sonner 100 cloches. Si possible, o\u00f9 que vous soyez dans la r\u00e9gion, faites sonner les cloches 100 fois pour la paix et la compr\u00e9hension internationales. (\u00c0 Bergame, en Italie, on fait sonner 100 cloches chaque soir \u00e0 22 h, perp\u00e9tuant ainsi la tradition de la fermeture des portes hautes de la ville. Cela permettait aux habitants d&#039;entrer ou de sortir pour la nuit.)<\/li><li>Organisez un \u00e9v\u00e9nement mettant en avant d&#039;autres religions, contribuez \u00e0 une meilleure compr\u00e9hension mutuelle\u00a0; invitez un conf\u00e9rencier de cette religion, projetez une vid\u00e9o, lisez un livre.<\/li><li>Mettez en avant votre programme de missions ou accueillez un missionnaire et projetez un film sur son travail.<\/li><li>Organisez une s\u00e9ance de pri\u00e8re pour la paix et la compr\u00e9hension internationales.<\/li><li>Invitez les membres de premi\u00e8re g\u00e9n\u00e9ration originaires d&#039;un autre pays \u00e0 parler des similitudes et des diff\u00e9rences entre les pratiques religieuses de leur pays d&#039;origine.<\/li><\/ul>\t\t\t\t\t\t\t\t<\/div>\n\t\t\t\t<\/div>\n\t\t\t\t<\/div>\n\t\t\t\t\t<\/div>\n\t\t<\/div>\n\t\t\t\t\t\t<\/div>\n\t\t\t\t<\/div>\n\t\t\t\t\t<\/div>\n\t\t\t\t<\/div>\n\t\t\t\t<\/div>","protected":false},"excerpt":{"rendered":"","protected":false},"author":1,"featured_media":60494,"parent":0,"menu_order":0,"comment_status":"closed","ping_status":"closed","template":"","meta":{"_acf_changed":false,"_mo_disable_npp":"","footnotes":""},"class_list":["post-60454","page","type-page","status-publish","has-post-thumbnail","hentry"],"acf":[],"_links":{"self":[{"href":"https:\/\/upstateinternational.org\/fr\/wp-json\/wp\/v2\/pages\/60454","targetHints":{"allow":["GET"]}}],"collection":[{"href":"https:\/\/upstateinternational.org\/fr\/wp-json\/wp\/v2\/pages"}],"about":[{"href":"https:\/\/upstateinternational.org\/fr\/wp-json\/wp\/v2\/types\/page"}],"author":[{"embeddable":true,"href":"https:\/\/upstateinternational.org\/fr\/wp-json\/wp\/v2\/users\/1"}],"replies":[{"embeddable":true,"href":"https:\/\/upstateinternational.org\/fr\/wp-json\/wp\/v2\/comments?post=60454"}],"version-history":[{"count":0,"href":"https:\/\/upstateinternational.org\/fr\/wp-json\/wp\/v2\/pages\/60454\/revisions"}],"wp:featuredmedia":[{"embeddable":true,"href":"https:\/\/upstateinternational.org\/fr\/wp-json\/wp\/v2\/media\/60494"}],"wp:attachment":[{"href":"https:\/\/upstateinternational.org\/fr\/wp-json\/wp\/v2\/media?parent=60454"}],"curies":[{"name":"wp","href":"https:\/\/api.w.org\/{rel}","templated":true}]}}