{"id":60729,"date":"2023-08-19T13:31:24","date_gmt":"2023-08-19T17:31:24","guid":{"rendered":"https:\/\/localhost:10096\/?page_id=60729"},"modified":"2025-09-28T11:40:51","modified_gmt":"2025-09-28T15:40:51","slug":"volunteer","status":"publish","type":"page","link":"https:\/\/upstateinternational.org\/fr\/volunteer\/","title":{"rendered":"B\u00e9n\u00e9vole"},"content":{"rendered":"<div data-elementor-type=\"wp-page\" data-elementor-id=\"60729\" class=\"elementor elementor-60729\" data-elementor-post-type=\"page\">\n\t\t\t\t<div class=\"elementor-element elementor-element-aeebc4f e-flex e-con-boxed e-con e-parent\" data-id=\"aeebc4f\" data-element_type=\"container\" data-e-type=\"container\" data-settings=\"{&quot;background_background&quot;:&quot;classic&quot;}\">\n\t\t\t\t\t<div class=\"e-con-inner\">\n\t\t<div class=\"elementor-element elementor-element-10661ff e-con-full e-flex e-con e-child\" data-id=\"10661ff\" data-element_type=\"container\" data-e-type=\"container\">\n\t\t\t\t<div class=\"elementor-element elementor-element-f7f33ea elementor-widget elementor-widget-heading\" data-id=\"f7f33ea\" data-element_type=\"widget\" data-e-type=\"widget\" data-widget_type=\"heading.default\">\n\t\t\t\t<div class=\"elementor-widget-container\">\n\t\t\t\t\t<span class=\"elementor-heading-title elementor-size-default\">Faites-vous un monde de nouveaux amis<\/span>\t\t\t\t<\/div>\n\t\t\t\t<\/div>\n\t\t\t\t<\/div>\n\t\t\t\t\t<\/div>\n\t\t\t\t<\/div>\n\t\t<div class=\"elementor-element elementor-element-4f63525 e-flex e-con-boxed e-con e-parent\" data-id=\"4f63525\" data-element_type=\"container\" data-e-type=\"container\">\n\t\t\t\t\t<div class=\"e-con-inner\">\n\t\t<div class=\"elementor-element elementor-element-c8a2f0d e-con-full e-flex e-con e-child\" data-id=\"c8a2f0d\" data-element_type=\"container\" data-e-type=\"container\">\n\t\t\t\t<div class=\"elementor-element elementor-element-97dee02 elementor-widget elementor-widget-heading\" data-id=\"97dee02\" data-element_type=\"widget\" data-e-type=\"widget\" data-widget_type=\"heading.default\">\n\t\t\t\t<div class=\"elementor-widget-container\">\n\t\t\t\t\t<h2 class=\"elementor-heading-title elementor-size-default\">Faire du b\u00e9n\u00e9volat avec Upstate International, c&#039;est bien plus que donner de son temps : c&#039;est tisser des liens qui enrichissent \u00e0 la fois votre vie et notre communaut\u00e9 mondiale.<\/h2>\t\t\t\t<\/div>\n\t\t\t\t<\/div>\n\t\t\t\t<\/div>\n\t\t<div class=\"elementor-element elementor-element-3a44d3f e-con-full e-flex e-con e-child\" data-id=\"3a44d3f\" data-element_type=\"container\" data-e-type=\"container\">\n\t\t<div class=\"elementor-element elementor-element-653e489 e-con-full e-flex e-con e-child\" data-id=\"653e489\" data-element_type=\"container\" data-e-type=\"container\" data-settings=\"{&quot;background_background&quot;:&quot;gradient&quot;}\">\n\t\t\t\t<div class=\"elementor-element elementor-element-e4f9528 elementor-widget elementor-widget-heading\" data-id=\"e4f9528\" data-element_type=\"widget\" data-e-type=\"widget\" data-widget_type=\"heading.default\">\n\t\t\t\t<div class=\"elementor-widget-container\">\n\t\t\t\t\t<h2 class=\"elementor-heading-title elementor-size-default\">Connexions mondiales<\/h2>\t\t\t\t<\/div>\n\t\t\t\t<\/div>\n\t\t\t\t<div class=\"elementor-element elementor-element-bc862c7 elementor-widget elementor-widget-heading\" data-id=\"bc862c7\" data-element_type=\"widget\" data-e-type=\"widget\" data-widget_type=\"heading.default\">\n\t\t\t\t<div class=\"elementor-widget-container\">\n\t\t\t\t\t<p class=\"elementor-heading-title elementor-size-default\">Rencontrez des personnes originaires de dizaines de pays et d\u00e9couvrez leurs cultures de premi\u00e8re main tout en aidant les nouveaux arrivants \u00e0 se sentir chez eux dans la r\u00e9gion d&#039;Upstate.<\/p>\t\t\t\t<\/div>\n\t\t\t\t<\/div>\n\t\t\t\t<\/div>\n\t\t<div class=\"elementor-element elementor-element-460c963 e-con-full e-flex e-con e-child\" data-id=\"460c963\" data-element_type=\"container\" data-e-type=\"container\" data-settings=\"{&quot;background_background&quot;:&quot;gradient&quot;}\">\n\t\t\t\t<div class=\"elementor-element elementor-element-d2d1b3b elementor-widget elementor-widget-heading\" data-id=\"d2d1b3b\" data-element_type=\"widget\" data-e-type=\"widget\" data-widget_type=\"heading.default\">\n\t\t\t\t<div class=\"elementor-widget-container\">\n\t\t\t\t\t<h2 class=\"elementor-heading-title elementor-size-default\">Impact significatif<\/h2>\t\t\t\t<\/div>\n\t\t\t\t<\/div>\n\t\t\t\t<div class=\"elementor-element elementor-element-7e6379d elementor-widget elementor-widget-heading\" data-id=\"7e6379d\" data-element_type=\"widget\" data-e-type=\"widget\" data-widget_type=\"heading.default\">\n\t\t\t\t<div class=\"elementor-widget-container\">\n\t\t\t\t\t<p class=\"elementor-heading-title elementor-size-default\">Votre temps contribue directement \u00e0 l&#039;int\u00e9gration des immigrants, \u00e0 l&#039;apprentissage des \u00e9l\u00e8ves et \u00e0 la disparition des barri\u00e8res culturelles au sein de notre communaut\u00e9.<\/p>\t\t\t\t<\/div>\n\t\t\t\t<\/div>\n\t\t\t\t<\/div>\n\t\t<div class=\"elementor-element elementor-element-a6a13fb e-con-full e-flex e-con e-child\" data-id=\"a6a13fb\" data-element_type=\"container\" data-e-type=\"container\" data-settings=\"{&quot;background_background&quot;:&quot;gradient&quot;}\">\n\t\t\t\t<div class=\"elementor-element elementor-element-c41d7ac elementor-widget elementor-widget-heading\" data-id=\"c41d7ac\" data-element_type=\"widget\" data-e-type=\"widget\" data-widget_type=\"heading.default\">\n\t\t\t\t<div class=\"elementor-widget-container\">\n\t\t\t\t\t<h2 class=\"elementor-heading-title elementor-size-default\">Amiti\u00e9s \u00e0 vie<\/h2>\t\t\t\t<\/div>\n\t\t\t\t<\/div>\n\t\t\t\t<div class=\"elementor-element elementor-element-168b32e elementor-widget elementor-widget-heading\" data-id=\"168b32e\" data-element_type=\"widget\" data-e-type=\"widget\" data-widget_type=\"heading.default\">\n\t\t\t\t<div class=\"elementor-widget-container\">\n\t\t\t\t\t<p class=\"elementor-heading-title elementor-size-default\">Rejoignez une communaut\u00e9 de b\u00e9n\u00e9voles accueillante o\u00f9 des valeurs partag\u00e9es cr\u00e9ent des relations durables par-del\u00e0 les cultures et les origines.<\/p>\t\t\t\t<\/div>\n\t\t\t\t<\/div>\n\t\t\t\t<\/div>\n\t\t<div class=\"elementor-element elementor-element-4fbff0e e-con-full e-flex e-con e-child\" data-id=\"4fbff0e\" data-element_type=\"container\" data-e-type=\"container\" data-settings=\"{&quot;background_background&quot;:&quot;gradient&quot;}\">\n\t\t\t\t<div class=\"elementor-element elementor-element-5983fbc elementor-widget elementor-widget-heading\" data-id=\"5983fbc\" data-element_type=\"widget\" data-e-type=\"widget\" data-widget_type=\"heading.default\">\n\t\t\t\t<div class=\"elementor-widget-container\">\n\t\t\t\t\t<h2 class=\"elementor-heading-title elementor-size-default\">D\u00e9veloppement des comp\u00e9tences<\/h2>\t\t\t\t<\/div>\n\t\t\t\t<\/div>\n\t\t\t\t<div class=\"elementor-element elementor-element-a095b56 elementor-widget elementor-widget-heading\" data-id=\"a095b56\" data-element_type=\"widget\" data-e-type=\"widget\" data-widget_type=\"heading.default\">\n\t\t\t\t<div class=\"elementor-widget-container\">\n\t\t\t\t\t<p class=\"elementor-heading-title elementor-size-default\">D\u00e9veloppez vos comp\u00e9tences en communication interculturelle, votre exp\u00e9rience en gestion d&#039;\u00e9v\u00e9nements et profitez d&#039;opportunit\u00e9s de pratique linguistique.<\/p>\t\t\t\t<\/div>\n\t\t\t\t<\/div>\n\t\t\t\t<\/div>\n\t\t\t\t<\/div>\n\t\t<div class=\"elementor-element elementor-element-4a401ed e-flex e-con-boxed e-con e-child\" data-id=\"4a401ed\" data-element_type=\"container\" data-e-type=\"container\">\n\t\t\t\t\t<div class=\"e-con-inner\">\n\t\t\t\t<div class=\"elementor-element elementor-element-e2ecb72 elementor-widget elementor-widget-heading\" data-id=\"e2ecb72\" data-element_type=\"widget\" data-e-type=\"widget\" data-widget_type=\"heading.default\">\n\t\t\t\t<div class=\"elementor-widget-container\">\n\t\t\t\t\t<h2 class=\"elementor-heading-title elementor-size-default\">Trouvez le r\u00f4le de b\u00e9n\u00e9vole id\u00e9al pour vous.<\/h2>\t\t\t\t<\/div>\n\t\t\t\t<\/div>\n\t\t\t\t<div class=\"elementor-element elementor-element-f630beb elementor-widget elementor-widget-heading\" data-id=\"f630beb\" data-element_type=\"widget\" data-e-type=\"widget\" data-widget_type=\"heading.default\">\n\t\t\t\t<div class=\"elementor-widget-container\">\n\t\t\t\t\t<span class=\"elementor-heading-title elementor-size-default\">Des \u00e9v\u00e9nements ponctuels aux engagements r\u00e9guliers, d\u00e9couvrez des opportunit\u00e9s qui correspondent \u00e0 vos int\u00e9r\u00eats et \u00e0 votre emploi du temps.<\/span>\t\t\t\t<\/div>\n\t\t\t\t<\/div>\n\t\t\t\t<div class=\"elementor-element elementor-element-262247a elementor-widget elementor-widget-html\" data-id=\"262247a\" data-element_type=\"widget\" data-e-type=\"widget\" data-widget_type=\"html.default\">\n\t\t\t\t<div class=\"elementor-widget-container\">\n\t\t\t\t\t<script type=\"text\/javascript\" src=\"https:\/\/secure.lglforms.com\/form_engine\/s\/enfxRRvjTLYoyq0U7pFV9g.js\"><\/script><noscript><a href=\"https:\/\/secure.lglforms.com\/form_engine\/s\/enfxRRvjTLYoyq0U7pFV9g\">Remplissez mon formulaire LGL !<\/a><br\/><\/noscript>\t\t\t\t<\/div>\n\t\t\t\t<\/div>\n\t\t\t\t\t<\/div>\n\t\t\t\t<\/div>\n\t\t\t\t\t<\/div>\n\t\t\t\t<\/div>\n\t\t\t\t<\/div>","protected":false},"excerpt":{"rendered":"","protected":false},"author":1,"featured_media":58729,"parent":0,"menu_order":0,"comment_status":"closed","ping_status":"closed","template":"","meta":{"_acf_changed":false,"_mo_disable_npp":"","footnotes":""},"class_list":["post-60729","page","type-page","status-publish","has-post-thumbnail","hentry"],"acf":[],"_links":{"self":[{"href":"https:\/\/upstateinternational.org\/fr\/wp-json\/wp\/v2\/pages\/60729","targetHints":{"allow":["GET"]}}],"collection":[{"href":"https:\/\/upstateinternational.org\/fr\/wp-json\/wp\/v2\/pages"}],"about":[{"href":"https:\/\/upstateinternational.org\/fr\/wp-json\/wp\/v2\/types\/page"}],"author":[{"embeddable":true,"href":"https:\/\/upstateinternational.org\/fr\/wp-json\/wp\/v2\/users\/1"}],"replies":[{"embeddable":true,"href":"https:\/\/upstateinternational.org\/fr\/wp-json\/wp\/v2\/comments?post=60729"}],"version-history":[{"count":0,"href":"https:\/\/upstateinternational.org\/fr\/wp-json\/wp\/v2\/pages\/60729\/revisions"}],"wp:featuredmedia":[{"embeddable":true,"href":"https:\/\/upstateinternational.org\/fr\/wp-json\/wp\/v2\/media\/58729"}],"wp:attachment":[{"href":"https:\/\/upstateinternational.org\/fr\/wp-json\/wp\/v2\/media?parent=60729"}],"curies":[{"name":"wp","href":"https:\/\/api.w.org\/{rel}","templated":true}]}}