{"id":61143,"date":"2023-08-24T16:03:46","date_gmt":"2023-08-24T20:03:46","guid":{"rendered":"https:\/\/localhost:10096\/?page_id=61143"},"modified":"2026-01-07T14:46:27","modified_gmt":"2026-01-07T19:46:27","slug":"submit-event","status":"publish","type":"page","link":"https:\/\/upstateinternational.org\/fr\/submit-event\/","title":{"rendered":"Soumettre un \u00e9v\u00e9nement"},"content":{"rendered":"<div data-elementor-type=\"wp-page\" data-elementor-id=\"61143\" class=\"elementor elementor-61143\" data-elementor-post-type=\"page\">\n\t\t\t\t<div class=\"elementor-element elementor-element-444614f e-flex e-con-boxed e-con e-parent\" data-id=\"444614f\" data-element_type=\"container\" data-e-type=\"container\" data-settings=\"{&quot;background_background&quot;:&quot;classic&quot;}\">\n\t\t\t\t\t<div class=\"e-con-inner\">\n\t\t<div class=\"elementor-element elementor-element-ff29137 e-con-full e-flex e-con e-child\" data-id=\"ff29137\" data-element_type=\"container\" data-e-type=\"container\">\n\t\t\t\t<div class=\"elementor-element elementor-element-5dd2fdc elementor-widget elementor-widget-heading\" data-id=\"5dd2fdc\" data-element_type=\"widget\" data-e-type=\"widget\" data-widget_type=\"heading.default\">\n\t\t\t\t<div class=\"elementor-widget-container\">\n\t\t\t\t\t<h1 class=\"elementor-heading-title elementor-size-default\">Soumettre un \u00e9v\u00e9nement<\/h1>\t\t\t\t<\/div>\n\t\t\t\t<\/div>\n\t\t\t\t<div class=\"elementor-element elementor-element-253a9f0 elementor-widget elementor-widget-heading\" data-id=\"253a9f0\" data-element_type=\"widget\" data-e-type=\"widget\" data-widget_type=\"heading.default\">\n\t\t\t\t<div class=\"elementor-widget-container\">\n\t\t\t\t\t<span class=\"elementor-heading-title elementor-size-default\">Partagez votre \u00e9v\u00e9nement avec notre public<\/span>\t\t\t\t<\/div>\n\t\t\t\t<\/div>\n\t\t\t\t<\/div>\n\t\t\t\t\t<\/div>\n\t\t\t\t<\/div>\n\t\t<div class=\"elementor-element elementor-element-2db7bfa e-flex e-con-boxed e-con e-parent\" data-id=\"2db7bfa\" data-element_type=\"container\" data-e-type=\"container\">\n\t\t\t\t\t<div class=\"e-con-inner\">\n\t\t<div class=\"elementor-element elementor-element-a1ac153 e-con-full e-flex e-con e-child\" data-id=\"a1ac153\" data-element_type=\"container\" data-e-type=\"container\">\n\t\t\t\t<div class=\"elementor-element elementor-element-6b81b64 elementor-widget elementor-widget-heading\" data-id=\"6b81b64\" data-element_type=\"widget\" data-e-type=\"widget\" data-widget_type=\"heading.default\">\n\t\t\t\t<div class=\"elementor-widget-container\">\n\t\t\t\t\t<h3 class=\"elementor-heading-title elementor-size-default\">Vous organisez un \u00e9v\u00e9nement qui c\u00e9l\u00e8bre la culture, la diversit\u00e9 ou les \u00e9changes internationaux ?<\/h3>\t\t\t\t<\/div>\n\t\t\t\t<\/div>\n\t\t\t\t<div class=\"elementor-element elementor-element-aef3fcc elementor-widget elementor-widget-heading\" data-id=\"aef3fcc\" data-element_type=\"widget\" data-e-type=\"widget\" data-widget_type=\"heading.default\">\n\t\t\t\t<div class=\"elementor-widget-container\">\n\t\t\t\t\t<h3 class=\"elementor-heading-title elementor-size-default\">Utilisez ce formulaire pour soumettre votre \u00e9v\u00e9nement afin qu&#039;il soit inclus dans le calendrier d&#039;Upstate International.\n<\/h3>\t\t\t\t<\/div>\n\t\t\t\t<\/div>\n\t\t\t\t<div class=\"elementor-element elementor-element-6011154 elementor-widget elementor-widget-text-editor\" data-id=\"6011154\" data-element_type=\"widget\" data-e-type=\"widget\" data-widget_type=\"text-editor.default\">\n\t\t\t\t<div class=\"elementor-widget-container\">\n\t\t\t\t\t\t\t\t\t<p>Nous acceptons les propositions d&#039;\u00e9v\u00e9nements qui correspondent \u00e0 notre mission de promouvoir la compr\u00e9hension interculturelle et l&#039;engagement mondial. Cela inclut\u00a0:<\/p><ul><li>festivals ou jours f\u00e9ri\u00e9s culturels<\/li><li>Ateliers ou conf\u00e9rences \u00e9ducatifs<\/li><li>cours de langue ou de cuisine<\/li><li>\u00c9v\u00e9nements artistiques, musicaux ou de spectacle<\/li><li>R\u00e9seautage international ou rassemblements civiques<\/li><\/ul>\t\t\t\t\t\t\t\t<\/div>\n\t\t\t\t<\/div>\n\t\t\t\t<div class=\"elementor-element elementor-element-ae915e4 elementor-widget elementor-widget-text-editor\" data-id=\"ae915e4\" data-element_type=\"widget\" data-e-type=\"widget\" data-widget_type=\"text-editor.default\">\n\t\t\t\t<div class=\"elementor-widget-container\">\n\t\t\t\t\t\t\t\t\t<p><strong>Les \u00e9v\u00e9nements doivent \u00eatre ouverts au public et se d\u00e9rouler dans ou \u00e0 proximit\u00e9 de la r\u00e9gion d&#039;Upstate en Caroline du Sud.<\/strong><\/p><p>Pour une visibilit\u00e9 optimale, soumettez votre \u00e9v\u00e9nement au moins deux semaines \u00e0 l&#039;avance. Fournissez un maximum de d\u00e9tails et t\u00e9l\u00e9chargez une affiche ou une image (format paysage de pr\u00e9f\u00e9rence\u00a0!) pour nous aider \u00e0 promouvoir visuellement votre \u00e9v\u00e9nement.<\/p>\t\t\t\t\t\t\t\t<\/div>\n\t\t\t\t<\/div>\n\t\t<div class=\"elementor-element elementor-element-047aed5 e-con-full e-flex e-con e-child\" data-id=\"047aed5\" data-element_type=\"container\" data-e-type=\"container\" data-settings=\"{&quot;background_background&quot;:&quot;gradient&quot;}\">\n\t\t\t\t<div class=\"elementor-element elementor-element-5ae3513 elementor-widget elementor-widget-heading\" data-id=\"5ae3513\" data-element_type=\"widget\" data-e-type=\"widget\" data-widget_type=\"heading.default\">\n\t\t\t\t<div class=\"elementor-widget-container\">\n\t\t\t\t\t<h4 class=\"elementor-heading-title elementor-size-default\">Veuillez noter:<\/h4>\t\t\t\t<\/div>\n\t\t\t\t<\/div>\n\t\t\t\t<div class=\"elementor-element elementor-element-9c3c3f3 elementor-widget elementor-widget-text-editor\" data-id=\"9c3c3f3\" data-element_type=\"widget\" data-e-type=\"widget\" data-widget_type=\"text-editor.default\">\n\t\t\t\t<div class=\"elementor-widget-container\">\n\t\t\t\t\t\t\t\t\t<ul><li>Examen et approbation\u00a0: Les candidatures sont examin\u00e9es par notre \u00e9quipe dans un d\u00e9lai de 3 \u00e0 5 jours ouvrables.<\/li><li>Modifications : Nous pouvons modifier les soumissions pour des raisons de clart\u00e9, de mise en forme ou pour les adapter \u00e0 la mise en page du calendrier.<\/li><\/ul>\t\t\t\t\t\t\t\t<\/div>\n\t\t\t\t<\/div>\n\t\t\t\t<\/div>\n\t\t\t\t<\/div>\n\t\t<div class=\"elementor-element elementor-element-420c555 e-con-full e-flex e-con e-child\" data-id=\"420c555\" data-element_type=\"container\" data-e-type=\"container\">\n\t\t\t\t<div class=\"elementor-element elementor-element-40ee047 elementor-widget elementor-widget-shortcode\" data-id=\"40ee047\" data-element_type=\"widget\" data-e-type=\"widget\" data-widget_type=\"shortcode.default\">\n\t\t\t\t<div class=\"elementor-widget-container\">\n\t\t\t\t\t\t\t<div class=\"elementor-shortcode\"><div id=\"ui-event-form\" class=\"ui-event-form-root\"><\/div><\/div>\n\t\t\t\t\t\t<\/div>\n\t\t\t\t<\/div>\n\t\t\t\t<\/div>\n\t\t\t\t\t<\/div>\n\t\t\t\t<\/div>\n\t\t\t\t<\/div>","protected":false},"excerpt":{"rendered":"","protected":false},"author":1,"featured_media":0,"parent":0,"menu_order":0,"comment_status":"closed","ping_status":"closed","template":"","meta":{"_acf_changed":false,"_mo_disable_npp":"","footnotes":""},"class_list":["post-61143","page","type-page","status-publish","hentry"],"acf":[],"_links":{"self":[{"href":"https:\/\/upstateinternational.org\/fr\/wp-json\/wp\/v2\/pages\/61143","targetHints":{"allow":["GET"]}}],"collection":[{"href":"https:\/\/upstateinternational.org\/fr\/wp-json\/wp\/v2\/pages"}],"about":[{"href":"https:\/\/upstateinternational.org\/fr\/wp-json\/wp\/v2\/types\/page"}],"author":[{"embeddable":true,"href":"https:\/\/upstateinternational.org\/fr\/wp-json\/wp\/v2\/users\/1"}],"replies":[{"embeddable":true,"href":"https:\/\/upstateinternational.org\/fr\/wp-json\/wp\/v2\/comments?post=61143"}],"version-history":[{"count":0,"href":"https:\/\/upstateinternational.org\/fr\/wp-json\/wp\/v2\/pages\/61143\/revisions"}],"wp:attachment":[{"href":"https:\/\/upstateinternational.org\/fr\/wp-json\/wp\/v2\/media?parent=61143"}],"curies":[{"name":"wp","href":"https:\/\/api.w.org\/{rel}","templated":true}]}}